{"id":140,"date":"2022-12-17T21:03:05","date_gmt":"2022-12-17T20:03:05","guid":{"rendered":"https:\/\/praguesbarrel.eu\/?page_id=140"},"modified":"2024-12-20T12:38:54","modified_gmt":"2024-12-20T11:38:54","slug":"articoli","status":"publish","type":"page","link":"https:\/\/praguesbarrel.eu\/it\/articoli\/","title":{"rendered":"Articoli"},"content":{"rendered":"<p>Volete sapere di pi\u00f9 dei nostri tornei? Com&#8217;\u00e8 l&#8217;atmosfera, le nostre esperienze e anche delle curiosit\u00e0 dietro le quinte? Immergetevi nelle interviste con i nostri organizzatori, hostess e altri articoli che abbiamo preparato per voi.<\/p>\n<p>Inoltre vorremmo ringraziare per bei articoli usciti in Belgio (<a href=\"http:\/\/praguesbarrel.eu\/y0OH9L\/uploads\/2021\/09\/20210903_La-Derniere-Heure-Liege_p-27.pdf\">Liege<\/a>, <a href=\"http:\/\/praguesbarrel.eu\/y0OH9L\/uploads\/2021\/09\/20210831_Sud-Presse_p-26.pdf\">Sud Presse<\/a>), <a href=\"https:\/\/www.lechodemaskinonge.com\/infolettre\/une-experience-inoubliable-pour-des-hockeyeurs-de-saint-boniface\/\">Canada<\/a>, <a href=\"https:\/\/mypovazska.sme.sk\/c\/20791133\/suboj-s-rusmi-ukoncil-utok-na-rozhodcu.html\">Slovacchia<\/a> e l&#8217;Italia (<a href=\"https:\/\/www.hockeytime.net\/2014\/11\/18\/il-barile-praghese-fa-poker-al-via-il-primo-round\/\">Hockeytime 2014<\/a>, <a href=\"https:\/\/www.hockeytime.net\/2015\/11\/22\/trionfo-russo-nel-primo-round-del-barile-praghese-2016\/\">2015<\/a>, <a href=\"https:\/\/www.fanoinforma.it\/calcio-e-birra-i-fanesi-della-top-argento-secondi-al-pragues-barrel-di-praga\/\">Fano in Forma<\/a>).<\/p>\n<p><img loading=\"lazy\" decoding=\"async\" class=\"alignnone size-large wp-image-464\" src=\"http:\/\/praguesbarrel.eu\/y0OH9L\/uploads\/2023\/01\/PBT2_ceremony-103-1-1024x683.jpeg\" alt=\"\" width=\"640\" height=\"427\" srcset=\"https:\/\/praguesbarrel.eu\/y0OH9L\/uploads\/2023\/01\/PBT2_ceremony-103-1-1024x683.jpeg 1024w, https:\/\/praguesbarrel.eu\/y0OH9L\/uploads\/2023\/01\/PBT2_ceremony-103-1-300x200.jpeg 300w, https:\/\/praguesbarrel.eu\/y0OH9L\/uploads\/2023\/01\/PBT2_ceremony-103-1-768x512.jpeg 768w, https:\/\/praguesbarrel.eu\/y0OH9L\/uploads\/2023\/01\/PBT2_ceremony-103-1-1536x1024.jpeg 1536w, https:\/\/praguesbarrel.eu\/y0OH9L\/uploads\/2023\/01\/PBT2_ceremony-103-1.jpeg 1698w\" sizes=\"(max-width: 640px) 100vw, 640px\" \/><\/p>\n","protected":false},"excerpt":{"rendered":"<p>Volete sapere di pi\u00f9 dei nostri tornei? Com&#8217;\u00e8 l&#8217;atmosfera, le nostre esperienze e anche delle curiosit\u00e0 dietro le quinte? Immergetevi nelle interviste con i nostri organizzatori, hostess e altri articoli che abbiamo preparato per voi. Inoltre vorremmo ringraziare per bei articoli usciti in Belgio (Liege, Sud Presse), Canada, Slovacchia e l&#8217;Italia (Hockeytime 2014, 2015, Fano&#8230;<\/p>\n","protected":false},"author":3,"featured_media":289,"parent":0,"menu_order":0,"comment_status":"closed","ping_status":"closed","template":"templates\/with-sidebar.php","meta":{"footnotes":""},"yoast_head":"<!-- This site is optimized with the Yoast SEO plugin v22.5 - https:\/\/yoast.com\/wordpress\/plugins\/seo\/ -->\n<title>Articoli - Prague&#039;s Barrel<\/title>\n<meta name=\"description\" content=\"Volete sapere di pi\u00f9 dei nostri tornei? Immergetevi nelle interviste con i nostri organizzatori, hostess e altri articoli che abbiamo preparato per voi.\" \/>\n<meta name=\"robots\" content=\"index, follow, max-snippet:-1, max-image-preview:large, max-video-preview:-1\" \/>\n<link rel=\"canonical\" href=\"https:\/\/praguesbarrel.eu\/it\/articoli\/\" \/>\n<meta property=\"og:locale\" content=\"it_IT\" \/>\n<meta property=\"og:type\" content=\"article\" \/>\n<meta property=\"og:title\" content=\"Articoli - Prague&#039;s Barrel\" \/>\n<meta property=\"og:description\" content=\"Volete sapere di pi\u00f9 dei nostri tornei? Immergetevi nelle interviste con i nostri organizzatori, hostess e altri articoli che abbiamo preparato per voi.\" \/>\n<meta property=\"og:url\" content=\"https:\/\/praguesbarrel.eu\/it\/articoli\/\" \/>\n<meta property=\"og:site_name\" content=\"Prague&#039;s Barrel\" \/>\n<meta property=\"article:modified_time\" content=\"2024-12-20T11:38:54+00:00\" \/>\n<meta property=\"og:image\" content=\"http:\/\/praguesbarrel.eu\/y0OH9L\/uploads\/2022\/12\/MG_3597-300x200-1.jpg\" \/>\n\t<meta property=\"og:image:width\" content=\"300\" \/>\n\t<meta property=\"og:image:height\" content=\"200\" \/>\n\t<meta property=\"og:image:type\" content=\"image\/jpeg\" \/>\n<meta name=\"twitter:card\" content=\"summary_large_image\" \/>\n<meta name=\"twitter:label1\" content=\"Tempo di lettura stimato\" \/>\n\t<meta name=\"twitter:data1\" content=\"1 minuto\" \/>\n<script type=\"application\/ld+json\" class=\"yoast-schema-graph\">{\"@context\":\"https:\/\/schema.org\",\"@graph\":[{\"@type\":\"WebPage\",\"@id\":\"https:\/\/praguesbarrel.eu\/it\/articoli\/\",\"url\":\"https:\/\/praguesbarrel.eu\/it\/articoli\/\",\"name\":\"Articoli - Prague&#039;s Barrel\",\"isPartOf\":{\"@id\":\"https:\/\/praguesbarrel.eu\/#website\"},\"primaryImageOfPage\":{\"@id\":\"https:\/\/praguesbarrel.eu\/it\/articoli\/#primaryimage\"},\"image\":{\"@id\":\"https:\/\/praguesbarrel.eu\/it\/articoli\/#primaryimage\"},\"thumbnailUrl\":\"https:\/\/praguesbarrel.eu\/y0OH9L\/uploads\/2022\/12\/MG_3597-300x200-1.jpg\",\"datePublished\":\"2022-12-17T20:03:05+00:00\",\"dateModified\":\"2024-12-20T11:38:54+00:00\",\"description\":\"Volete sapere di pi\u00f9 dei nostri tornei? Immergetevi nelle interviste con i nostri organizzatori, hostess e altri articoli che abbiamo preparato per voi.\",\"breadcrumb\":{\"@id\":\"https:\/\/praguesbarrel.eu\/it\/articoli\/#breadcrumb\"},\"inLanguage\":\"it-IT\",\"potentialAction\":[{\"@type\":\"ReadAction\",\"target\":[\"https:\/\/praguesbarrel.eu\/it\/articoli\/\"]}]},{\"@type\":\"ImageObject\",\"inLanguage\":\"it-IT\",\"@id\":\"https:\/\/praguesbarrel.eu\/it\/articoli\/#primaryimage\",\"url\":\"https:\/\/praguesbarrel.eu\/y0OH9L\/uploads\/2022\/12\/MG_3597-300x200-1.jpg\",\"contentUrl\":\"https:\/\/praguesbarrel.eu\/y0OH9L\/uploads\/2022\/12\/MG_3597-300x200-1.jpg\",\"width\":300,\"height\":200},{\"@type\":\"BreadcrumbList\",\"@id\":\"https:\/\/praguesbarrel.eu\/it\/articoli\/#breadcrumb\",\"itemListElement\":[{\"@type\":\"ListItem\",\"position\":1,\"name\":\"Home\",\"item\":\"https:\/\/praguesbarrel.eu\/it\/\"},{\"@type\":\"ListItem\",\"position\":2,\"name\":\"Articoli\"}]},{\"@type\":\"WebSite\",\"@id\":\"https:\/\/praguesbarrel.eu\/#website\",\"url\":\"https:\/\/praguesbarrel.eu\/\",\"name\":\"Prague&#039;s Barrel\",\"description\":\"Tournaments\",\"potentialAction\":[{\"@type\":\"SearchAction\",\"target\":{\"@type\":\"EntryPoint\",\"urlTemplate\":\"https:\/\/praguesbarrel.eu\/?s={search_term_string}\"},\"query-input\":\"required name=search_term_string\"}],\"inLanguage\":\"it-IT\"}]}<\/script>\n<!-- \/ Yoast SEO plugin. -->","yoast_head_json":{"title":"Articoli - Prague&#039;s Barrel","description":"Volete sapere di pi\u00f9 dei nostri tornei? Immergetevi nelle interviste con i nostri organizzatori, hostess e altri articoli che abbiamo preparato per voi.","robots":{"index":"index","follow":"follow","max-snippet":"max-snippet:-1","max-image-preview":"max-image-preview:large","max-video-preview":"max-video-preview:-1"},"canonical":"https:\/\/praguesbarrel.eu\/it\/articoli\/","og_locale":"it_IT","og_type":"article","og_title":"Articoli - Prague&#039;s Barrel","og_description":"Volete sapere di pi\u00f9 dei nostri tornei? Immergetevi nelle interviste con i nostri organizzatori, hostess e altri articoli che abbiamo preparato per voi.","og_url":"https:\/\/praguesbarrel.eu\/it\/articoli\/","og_site_name":"Prague&#039;s Barrel","article_modified_time":"2024-12-20T11:38:54+00:00","og_image":[{"width":300,"height":200,"url":"http:\/\/praguesbarrel.eu\/y0OH9L\/uploads\/2022\/12\/MG_3597-300x200-1.jpg","type":"image\/jpeg"}],"twitter_card":"summary_large_image","twitter_misc":{"Tempo di lettura stimato":"1 minuto"},"schema":{"@context":"https:\/\/schema.org","@graph":[{"@type":"WebPage","@id":"https:\/\/praguesbarrel.eu\/it\/articoli\/","url":"https:\/\/praguesbarrel.eu\/it\/articoli\/","name":"Articoli - Prague&#039;s Barrel","isPartOf":{"@id":"https:\/\/praguesbarrel.eu\/#website"},"primaryImageOfPage":{"@id":"https:\/\/praguesbarrel.eu\/it\/articoli\/#primaryimage"},"image":{"@id":"https:\/\/praguesbarrel.eu\/it\/articoli\/#primaryimage"},"thumbnailUrl":"https:\/\/praguesbarrel.eu\/y0OH9L\/uploads\/2022\/12\/MG_3597-300x200-1.jpg","datePublished":"2022-12-17T20:03:05+00:00","dateModified":"2024-12-20T11:38:54+00:00","description":"Volete sapere di pi\u00f9 dei nostri tornei? Immergetevi nelle interviste con i nostri organizzatori, hostess e altri articoli che abbiamo preparato per voi.","breadcrumb":{"@id":"https:\/\/praguesbarrel.eu\/it\/articoli\/#breadcrumb"},"inLanguage":"it-IT","potentialAction":[{"@type":"ReadAction","target":["https:\/\/praguesbarrel.eu\/it\/articoli\/"]}]},{"@type":"ImageObject","inLanguage":"it-IT","@id":"https:\/\/praguesbarrel.eu\/it\/articoli\/#primaryimage","url":"https:\/\/praguesbarrel.eu\/y0OH9L\/uploads\/2022\/12\/MG_3597-300x200-1.jpg","contentUrl":"https:\/\/praguesbarrel.eu\/y0OH9L\/uploads\/2022\/12\/MG_3597-300x200-1.jpg","width":300,"height":200},{"@type":"BreadcrumbList","@id":"https:\/\/praguesbarrel.eu\/it\/articoli\/#breadcrumb","itemListElement":[{"@type":"ListItem","position":1,"name":"Home","item":"https:\/\/praguesbarrel.eu\/it\/"},{"@type":"ListItem","position":2,"name":"Articoli"}]},{"@type":"WebSite","@id":"https:\/\/praguesbarrel.eu\/#website","url":"https:\/\/praguesbarrel.eu\/","name":"Prague&#039;s Barrel","description":"Tournaments","potentialAction":[{"@type":"SearchAction","target":{"@type":"EntryPoint","urlTemplate":"https:\/\/praguesbarrel.eu\/?s={search_term_string}"},"query-input":"required name=search_term_string"}],"inLanguage":"it-IT"}]}},"_links":{"self":[{"href":"https:\/\/praguesbarrel.eu\/it\/wp-json\/wp\/v2\/pages\/140"}],"collection":[{"href":"https:\/\/praguesbarrel.eu\/it\/wp-json\/wp\/v2\/pages"}],"about":[{"href":"https:\/\/praguesbarrel.eu\/it\/wp-json\/wp\/v2\/types\/page"}],"author":[{"embeddable":true,"href":"https:\/\/praguesbarrel.eu\/it\/wp-json\/wp\/v2\/users\/3"}],"replies":[{"embeddable":true,"href":"https:\/\/praguesbarrel.eu\/it\/wp-json\/wp\/v2\/comments?post=140"}],"version-history":[{"count":5,"href":"https:\/\/praguesbarrel.eu\/it\/wp-json\/wp\/v2\/pages\/140\/revisions"}],"predecessor-version":[{"id":1038,"href":"https:\/\/praguesbarrel.eu\/it\/wp-json\/wp\/v2\/pages\/140\/revisions\/1038"}],"wp:featuredmedia":[{"embeddable":true,"href":"https:\/\/praguesbarrel.eu\/it\/wp-json\/wp\/v2\/media\/289"}],"wp:attachment":[{"href":"https:\/\/praguesbarrel.eu\/it\/wp-json\/wp\/v2\/media?parent=140"}],"curies":[{"name":"wp","href":"https:\/\/api.w.org\/{rel}","templated":true}]}}