{"id":71,"date":"2022-10-09T22:25:01","date_gmt":"2022-10-09T21:25:01","guid":{"rendered":"https:\/\/praguesbarell.test:8890\/?page_id=71"},"modified":"2025-06-06T18:17:59","modified_gmt":"2025-06-06T17:17:59","slug":"recommandation","status":"publish","type":"page","link":"https:\/\/praguesbarrel.eu\/fr\/recommandation\/","title":{"rendered":"Recommandation"},"content":{"rendered":"<p>Connaissez-vous que nous organisons des tournois Tonneau Pragois <strong>depuis plus de 30 ans<\/strong>? Et pendant ce temps, nous avons eu la chance d&rsquo;accueillir plus de 300 \u00e9quipes \u00e0 Prague (certaines \u00e9quipes \u00e0 plusieurs reprises). Lisez aussi les recommandation sur <a href=\"https:\/\/www.google.com\/maps\/place\/Prague's+Barrel+Tournaments\/@50.0599929,14.1352434,59789m\/data=!3m1!1e3!4m8!3m7!1s0x470b954c8e3c67bb:0xcb787256b6110d90!8m2!3d50.0596696!4d14.4656239!9m1!1b1!16s%2Fg%2F11svbzp9dw?entry=ttu&amp;g_ep=EgoyMDI1MDQwMi4xIKXMDSoASAFQAw%3D%3D\">Google<\/a>.<\/p>\n<h2>Recommandation<\/h2>\n<p><strong>Res Cadavres (Belgium) \u2013 football<\/strong><\/p>\n<blockquote><p>Dans l&rsquo;ensemble nous avons pass\u00e9 un agr\u00e9able s\u00e9jour. Tout \u00e9tait tr\u00e8s bien organis\u00e9. La nourriture \u00e9tait bonne, pas facile d&rsquo;organis\u00e9 un tel \u00e9v\u00e9nement avec autant de monde tous aussi fou les uns que les autres.<br \/>\nJe vous f\u00e9licit\u00e9s pour l organisation et te remercie pour ta disponibilit\u00e9.<\/p><\/blockquote>\n<p><strong>FC Apicoles Tillfois (Belgium) \u2013 football<\/strong><\/p>\n<blockquote><p>Nous avons autant appr\u00e9ci\u00e9 l&rsquo;organisation de l&rsquo;ensemble du tournoi que les bi\u00e8res que nous avons pu engloutir. Nous avons \u00e9t\u00e9 re\u00e7us comme des Princes, guid\u00e9s comme des Rois et avons eu le sentiment de repartir comme les Ambassadeurs d&rsquo;un monde nouveau : celui du FC Apicoles Tilffois, mais aussi celui de l&rsquo;amour, de la joie et de la bonne humeur. La vie est pleine de surprises et le Pragues Barrel en a d\u00e9finitivement \u00e9t\u00e9 une belle, alliant football, houblon mais \u00e9galement balades bucoliques et visites (tr\u00e8s) culturelles de Prague, o\u00f9 nous avons m\u00eame pu d\u00e9couvrir certains des h\u00f4pitaux de la capitale. Une partie de nous est rest\u00e9e l\u00e0-bas, quelque part, et on reviendra peut-\u00eatre la chercher un jour&#8230;<\/p><\/blockquote>\n<p><em>Les articles de ses participation: <a href=\"http:\/\/praguesbarrel.eu\/y0OH9L\/uploads\/2021\/09\/20210903_La-Derniere-Heure-Liege_p-27.pdf\">Li\u00e8ge<\/a>, <a href=\"http:\/\/praguesbarrel.eu\/y0OH9L\/uploads\/2021\/09\/20210831_Sud-Presse_p-26.pdf\">Sud Presse<\/a><\/em><\/p>\n<p><strong>Aztecas Paris F.C. (Mexico) \u2013 football<\/strong><\/p>\n<blockquote><p>\u00e7a a \u00e9t\u00e9 g\u00e9nial de participer \u00e0 votre tournoi, tout mon \u00e9quipe est tr\u00e8s content, \u00e0 priori on sera l&rsquo;ann\u00e9e prochaine parmi vous.<\/p><\/blockquote>\n<p><strong>FC Chaumont (France) \u2013 football<\/strong><\/p>\n<blockquote><p>Un grand merci pour ce tournoi, on est bien rentr\u00e9 la t\u00eate plein de souvenirs. Super tournoi, organisation au top , un staff tr\u00e8s gentil agr\u00e9able et souriant. Mention sp\u00e9ciale \u00e0 Barbara, Sophie, Masha, Petra vous avez assur\u00e9es les filles encore merci pour tout \u00e0 l\u2019ann\u00e9e prochaine.<\/p><\/blockquote>\n<p><strong>Spartak Burger (France) \u2013 football<\/strong><\/p>\n<blockquote><p><span style=\"font-size: 15.008px;\">Juste ce mail pour te remercier pour toute l&rsquo;organisation du tournoi, on s&rsquo;est r\u00e9gal\u00e9 !!!<br \/>\n<\/span>Bravo parce que cel\u00e0 doit \u00eatre \u00e9norm\u00e9ment de boulot !<br \/>\nEt Lucie (h\u00f4tesse) a \u00e9t\u00e9 formidable.<\/p><\/blockquote>\n<p><strong>La Passion United (France) \u2013 football<\/strong><\/p>\n<blockquote><p>J\u2019ai eu que des feedbacks positifs sur tournoi! Les joueurs \u00e9taient super contents et voudraient le refaire cette ann\u00e9e. Le seul feedback n\u00e9gatif \u00e9tait qu\u2019il n\u2019y a pas de phases finales le 2\u00e8me jour mais des matchs de classement.<\/p><\/blockquote>\n<div dir=\"auto\">\n<div dir=\"auto\"><strong>Celtic Marseille (France) \u2013 football<\/strong><\/div>\n<div dir=\"auto\"><\/div>\n<\/div>\n<blockquote>\n<div dir=\"auto\">Bonjour!<\/div>\n<div dir=\"auto\"><\/div>\n<div dir=\"auto\">Nous sommes un club qui voyageons chaque ann\u00e9e pour faire des tournois et cette ann\u00e9e , celui de Prague restera longtemps dans le top de nos tournois que nous avons fais et je dis \u00e7a avec quelques arguments pour le justifier :<\/div>\n<div dir=\"auto\">1 , nous sommes arriv\u00e9s dans une famille \u00e0 laquelle nous avons int\u00e9gr\u00e9s des notre arriv\u00e9<\/div>\n<div dir=\"auto\">2 , l&rsquo;accueil souriant , avec la pr\u00e9sence de la direction du tournoi ( Barbara ) et de la bi\u00e8re ( pour une \u00e9quipe de pub c&rsquo;est le top )<\/div>\n<div dir=\"auto\">3, une organisation parfaite pour le tournoi et surtout les a c\u00f4t\u00e9s du tournoi, la chose \u00e0 laquelle nous sommes venu en premier &#8230;<\/div>\n<div dir=\"auto\"><\/div>\n<div dir=\"auto\">Et comment finir sans parler de Lucie (notre h\u00f4tesse), une adorable personne qui n&rsquo;as h\u00e9sit\u00e9 \u00e0 suivre notre rythme du week-end,\u00a0 qui ne consacr\u00e9 pas beaucoup de temps \u00e0 dormir, deux heures la nuits rien la journ\u00e9e ou presque, nous faire visiter, nous trouver les restaurants,\u00a0 s&rsquo;occuper de nos bagages perdu en d\u00e9penser tout son forfait pour appeler l&rsquo;a\u00e9roport, de consacrer du temps \u00e0 chacun d&rsquo;entre nous sans exception, \u00e0 nous bouger car nous \u00e9tions en retard en permanence,\u00a0 avec un parlait et une compr\u00e9hension parfaite du fran\u00e7ais malgr\u00e9 parfois notre dialecte marseillais.<\/div>\n<div dir=\"auto\">Voil\u00e0, des \u00e9toiles plein la t\u00eate , je vous dis au revoir, \u00e0 bient\u00f4t j&rsquo;esp\u00e8re !!!!<\/div>\n<div dir=\"auto\">Bisous \u00e0 tout le monde<\/div>\n<div dir=\"auto\"><\/div>\n<\/blockquote>\n<p><strong>Les Callipyges (Canada) \u2013 hockey sur glace<\/strong><\/p>\n<p><a href=\"https:\/\/sportsexperiences.ca\/news\/prague-cite-de-hockey\/\">Article<\/a><\/p>\n<blockquote><p>Bonjour Barbara, F\u00e9licitations pour l&rsquo;organisation. Le tournoi fut incroyable. Nous avons ador\u00e9. Mark\u00e9ta a \u00e9t\u00e9 aussi super pour nous. Elle m\u00e9rite des f\u00e9licitations. Tu peux lui passer le message m\u00eame si on lui a d\u00e9j\u00e0 dit.<\/p><\/blockquote>\n<p><strong>Ela Eagles (Switzerland) \u2013 hockey sur glace<\/strong><\/p>\n<blockquote><p>With the tournament we were thrilled, even if we did not convince from a sporting point of view. It definitely made fun for us. The organization was great. What a pity, is that we hardly had time for sightseeing but so we have to come to the tournament again.<\/p><\/blockquote>\n<p><strong>Les Gaulois (Canada) \u2013 hockey sur glace<\/strong><\/p>\n<blockquote><p>Je t&rsquo;\u00e9cris pour t&rsquo;aviser qu&rsquo;on est bien rendus \u00e0 la maison&#8230; c&rsquo;est un tr\u00e8s long voyage et on est mort de fatigue! Nous avons ador\u00e9 notre s\u00e9jour \u00e0 Prague et merci \u00e0 toi pour ta pr\u00e9sence, tu as \u00e9t\u00e9 une super guide! Laisse-nous savoir si tu viens dans le coin!<\/p><\/blockquote>\n<div>\n<p><strong>Diana, IDM Team (Romania) \u2013 bowling<\/strong><\/p>\n<blockquote><p>If I should describe the tournament in one word&#8230;it is AMAZING. I&rsquo;ve spent some wonderful days with nice persons, full of great bowling and joy.<\/p><\/blockquote>\n<p><b>Sebbi, SG Stern Mannheim (Germany) \u2013 bowling<\/b><\/p>\n<blockquote><p>This tournament goes trough borders, it doesn\u2018t matter where you\u2018re from! Focus is to have fun together!! Thank you for having us.<\/p><\/blockquote>\n<p><strong>Zornitsa and Marina (Bulgaria) \u2013 bowling<\/strong><\/p>\n<\/div>\n<div>\n<blockquote><p>Thanks Thanks Thanks to Prague\u2019s Barrel organising team for an amazing days. Thank you so much! You all made us feel so welcome. Thanks to introducing me in my first Prague\u2018s Barrel Bowling Tournament! You were amazing guys!<\/p>\n<p>One more time Thank you for perfect organization team : Barbara, Iva, Sofie, Martin, Barbora \ud83e\udd29\ud83e\udd73You were great\ud83c\udfc6Special thank&rsquo;s for Steffen for music, dance and atmosphere during the all tournament \ud83d\ude1c<br \/>\nAlready miss you all and hope to see you next year\ud83c\udf40<\/p><\/blockquote>\n<\/div>\n","protected":false},"excerpt":{"rendered":"<p>Connaissez-vous que nous organisons des tournois Tonneau Pragois depuis plus de 30 ans? Et pendant ce temps, nous avons eu la chance d&rsquo;accueillir plus de 300 \u00e9quipes \u00e0 Prague (certaines \u00e9quipes \u00e0 plusieurs reprises). Lisez aussi les recommandation sur Google. Recommandation Res Cadavres (Belgium) \u2013 football Dans l&rsquo;ensemble nous avons pass\u00e9 un agr\u00e9able s\u00e9jour. Tout&#8230;<\/p>\n","protected":false},"author":5,"featured_media":301,"parent":0,"menu_order":0,"comment_status":"closed","ping_status":"closed","template":"","meta":{"footnotes":""},"yoast_head":"<!-- This site is optimized with the Yoast SEO plugin v22.5 - https:\/\/yoast.com\/wordpress\/plugins\/seo\/ -->\n<title>Recommandation - Prague&#039;s Barrel<\/title>\n<meta name=\"description\" content=\"Connaissez-vous que nous organisons des tournois Tonneau Pragois depuis plus de 30 ans? Qu&#039;est-ce qu&#039;ils disent de nous ?\" \/>\n<meta name=\"robots\" content=\"index, follow, max-snippet:-1, max-image-preview:large, max-video-preview:-1\" \/>\n<link rel=\"canonical\" href=\"https:\/\/praguesbarrel.eu\/fr\/recommandation\/\" \/>\n<meta property=\"og:locale\" content=\"fr_FR\" \/>\n<meta property=\"og:type\" content=\"article\" \/>\n<meta property=\"og:title\" content=\"Recommandation - Prague&#039;s Barrel\" \/>\n<meta property=\"og:description\" content=\"Connaissez-vous que nous organisons des tournois Tonneau Pragois depuis plus de 30 ans? Qu&#039;est-ce qu&#039;ils disent de nous ?\" \/>\n<meta property=\"og:url\" content=\"https:\/\/praguesbarrel.eu\/fr\/recommandation\/\" \/>\n<meta property=\"og:site_name\" content=\"Prague&#039;s Barrel\" \/>\n<meta property=\"article:modified_time\" content=\"2025-06-06T17:17:59+00:00\" \/>\n<meta property=\"og:image\" content=\"http:\/\/praguesbarrel.eu\/y0OH9L\/uploads\/2022\/12\/M_1379-300x200-1.jpg\" \/>\n\t<meta property=\"og:image:width\" content=\"300\" \/>\n\t<meta property=\"og:image:height\" content=\"200\" \/>\n\t<meta property=\"og:image:type\" content=\"image\/jpeg\" \/>\n<meta name=\"twitter:card\" content=\"summary_large_image\" \/>\n<meta name=\"twitter:label1\" content=\"Dur\u00e9e de lecture estim\u00e9e\" \/>\n\t<meta name=\"twitter:data1\" content=\"1 minute\" \/>\n<script type=\"application\/ld+json\" class=\"yoast-schema-graph\">{\"@context\":\"https:\/\/schema.org\",\"@graph\":[{\"@type\":\"WebPage\",\"@id\":\"https:\/\/praguesbarrel.eu\/fr\/recommandation\/\",\"url\":\"https:\/\/praguesbarrel.eu\/fr\/recommandation\/\",\"name\":\"Recommandation - Prague&#039;s Barrel\",\"isPartOf\":{\"@id\":\"https:\/\/praguesbarrel.eu\/#website\"},\"primaryImageOfPage\":{\"@id\":\"https:\/\/praguesbarrel.eu\/fr\/recommandation\/#primaryimage\"},\"image\":{\"@id\":\"https:\/\/praguesbarrel.eu\/fr\/recommandation\/#primaryimage\"},\"thumbnailUrl\":\"https:\/\/praguesbarrel.eu\/y0OH9L\/uploads\/2022\/12\/M_1379-300x200-1.jpg\",\"datePublished\":\"2022-10-09T21:25:01+00:00\",\"dateModified\":\"2025-06-06T17:17:59+00:00\",\"description\":\"Connaissez-vous que nous organisons des tournois Tonneau Pragois depuis plus de 30 ans? Qu'est-ce qu'ils disent de nous ?\",\"breadcrumb\":{\"@id\":\"https:\/\/praguesbarrel.eu\/fr\/recommandation\/#breadcrumb\"},\"inLanguage\":\"fr-FR\",\"potentialAction\":[{\"@type\":\"ReadAction\",\"target\":[\"https:\/\/praguesbarrel.eu\/fr\/recommandation\/\"]}]},{\"@type\":\"ImageObject\",\"inLanguage\":\"fr-FR\",\"@id\":\"https:\/\/praguesbarrel.eu\/fr\/recommandation\/#primaryimage\",\"url\":\"https:\/\/praguesbarrel.eu\/y0OH9L\/uploads\/2022\/12\/M_1379-300x200-1.jpg\",\"contentUrl\":\"https:\/\/praguesbarrel.eu\/y0OH9L\/uploads\/2022\/12\/M_1379-300x200-1.jpg\",\"width\":300,\"height\":200},{\"@type\":\"BreadcrumbList\",\"@id\":\"https:\/\/praguesbarrel.eu\/fr\/recommandation\/#breadcrumb\",\"itemListElement\":[{\"@type\":\"ListItem\",\"position\":1,\"name\":\"Accueil\",\"item\":\"https:\/\/praguesbarrel.eu\/fr\/\"},{\"@type\":\"ListItem\",\"position\":2,\"name\":\"Recommandation\"}]},{\"@type\":\"WebSite\",\"@id\":\"https:\/\/praguesbarrel.eu\/#website\",\"url\":\"https:\/\/praguesbarrel.eu\/\",\"name\":\"Prague&#039;s Barrel\",\"description\":\"Tournaments\",\"potentialAction\":[{\"@type\":\"SearchAction\",\"target\":{\"@type\":\"EntryPoint\",\"urlTemplate\":\"https:\/\/praguesbarrel.eu\/?s={search_term_string}\"},\"query-input\":\"required name=search_term_string\"}],\"inLanguage\":\"fr-FR\"}]}<\/script>\n<!-- \/ Yoast SEO plugin. -->","yoast_head_json":{"title":"Recommandation - Prague&#039;s Barrel","description":"Connaissez-vous que nous organisons des tournois Tonneau Pragois depuis plus de 30 ans? Qu'est-ce qu'ils disent de nous ?","robots":{"index":"index","follow":"follow","max-snippet":"max-snippet:-1","max-image-preview":"max-image-preview:large","max-video-preview":"max-video-preview:-1"},"canonical":"https:\/\/praguesbarrel.eu\/fr\/recommandation\/","og_locale":"fr_FR","og_type":"article","og_title":"Recommandation - Prague&#039;s Barrel","og_description":"Connaissez-vous que nous organisons des tournois Tonneau Pragois depuis plus de 30 ans? Qu'est-ce qu'ils disent de nous ?","og_url":"https:\/\/praguesbarrel.eu\/fr\/recommandation\/","og_site_name":"Prague&#039;s Barrel","article_modified_time":"2025-06-06T17:17:59+00:00","og_image":[{"width":300,"height":200,"url":"http:\/\/praguesbarrel.eu\/y0OH9L\/uploads\/2022\/12\/M_1379-300x200-1.jpg","type":"image\/jpeg"}],"twitter_card":"summary_large_image","twitter_misc":{"Dur\u00e9e de lecture estim\u00e9e":"1 minute"},"schema":{"@context":"https:\/\/schema.org","@graph":[{"@type":"WebPage","@id":"https:\/\/praguesbarrel.eu\/fr\/recommandation\/","url":"https:\/\/praguesbarrel.eu\/fr\/recommandation\/","name":"Recommandation - Prague&#039;s Barrel","isPartOf":{"@id":"https:\/\/praguesbarrel.eu\/#website"},"primaryImageOfPage":{"@id":"https:\/\/praguesbarrel.eu\/fr\/recommandation\/#primaryimage"},"image":{"@id":"https:\/\/praguesbarrel.eu\/fr\/recommandation\/#primaryimage"},"thumbnailUrl":"https:\/\/praguesbarrel.eu\/y0OH9L\/uploads\/2022\/12\/M_1379-300x200-1.jpg","datePublished":"2022-10-09T21:25:01+00:00","dateModified":"2025-06-06T17:17:59+00:00","description":"Connaissez-vous que nous organisons des tournois Tonneau Pragois depuis plus de 30 ans? Qu'est-ce qu'ils disent de nous ?","breadcrumb":{"@id":"https:\/\/praguesbarrel.eu\/fr\/recommandation\/#breadcrumb"},"inLanguage":"fr-FR","potentialAction":[{"@type":"ReadAction","target":["https:\/\/praguesbarrel.eu\/fr\/recommandation\/"]}]},{"@type":"ImageObject","inLanguage":"fr-FR","@id":"https:\/\/praguesbarrel.eu\/fr\/recommandation\/#primaryimage","url":"https:\/\/praguesbarrel.eu\/y0OH9L\/uploads\/2022\/12\/M_1379-300x200-1.jpg","contentUrl":"https:\/\/praguesbarrel.eu\/y0OH9L\/uploads\/2022\/12\/M_1379-300x200-1.jpg","width":300,"height":200},{"@type":"BreadcrumbList","@id":"https:\/\/praguesbarrel.eu\/fr\/recommandation\/#breadcrumb","itemListElement":[{"@type":"ListItem","position":1,"name":"Accueil","item":"https:\/\/praguesbarrel.eu\/fr\/"},{"@type":"ListItem","position":2,"name":"Recommandation"}]},{"@type":"WebSite","@id":"https:\/\/praguesbarrel.eu\/#website","url":"https:\/\/praguesbarrel.eu\/","name":"Prague&#039;s Barrel","description":"Tournaments","potentialAction":[{"@type":"SearchAction","target":{"@type":"EntryPoint","urlTemplate":"https:\/\/praguesbarrel.eu\/?s={search_term_string}"},"query-input":"required name=search_term_string"}],"inLanguage":"fr-FR"}]}},"_links":{"self":[{"href":"https:\/\/praguesbarrel.eu\/fr\/wp-json\/wp\/v2\/pages\/71"}],"collection":[{"href":"https:\/\/praguesbarrel.eu\/fr\/wp-json\/wp\/v2\/pages"}],"about":[{"href":"https:\/\/praguesbarrel.eu\/fr\/wp-json\/wp\/v2\/types\/page"}],"author":[{"embeddable":true,"href":"https:\/\/praguesbarrel.eu\/fr\/wp-json\/wp\/v2\/users\/5"}],"replies":[{"embeddable":true,"href":"https:\/\/praguesbarrel.eu\/fr\/wp-json\/wp\/v2\/comments?post=71"}],"version-history":[{"count":4,"href":"https:\/\/praguesbarrel.eu\/fr\/wp-json\/wp\/v2\/pages\/71\/revisions"}],"predecessor-version":[{"id":1051,"href":"https:\/\/praguesbarrel.eu\/fr\/wp-json\/wp\/v2\/pages\/71\/revisions\/1051"}],"wp:featuredmedia":[{"embeddable":true,"href":"https:\/\/praguesbarrel.eu\/fr\/wp-json\/wp\/v2\/media\/301"}],"wp:attachment":[{"href":"https:\/\/praguesbarrel.eu\/fr\/wp-json\/wp\/v2\/media?parent=71"}],"curies":[{"name":"wp","href":"https:\/\/api.w.org\/{rel}","templated":true}]}}