{"id":59,"date":"2022-10-09T22:20:50","date_gmt":"2022-10-09T21:20:50","guid":{"rendered":"https:\/\/praguesbarell.test:8890\/?page_id=59"},"modified":"2025-07-28T20:27:51","modified_gmt":"2025-07-28T19:27:51","slug":"contact","status":"publish","type":"page","link":"https:\/\/praguesbarrel.eu\/fr\/contact\/","title":{"rendered":"Contact"},"content":{"rendered":"<p>Nous aimons la bi\u00e8re, les gens et le football, l&rsquo;hockey sur glace et bowling. \u00c0 partir de cette combinaison, le tournoi de Prague a \u00e9t\u00e9 cr\u00e9\u00e9: un week-end plein de sport, une bi\u00e8re illimit\u00e9 et des joueurs joyeux de diff\u00e9rentes r\u00e9gions d\u2019Europe et du monde. Notre mission est de vous soulager du stress de la vie quotidienne et que vous pouvez jouer et profiter de quatre jours de bien-\u00eatre. \ud83d\ude42<\/p>\n<p>L&rsquo;\u00e9quipe des organisateurs du tournoi est pr\u00eate \u00e0 <a href=\"mailto:info@praguesbarrel.eu\">r\u00e9pondre \u00e0 vos questions<\/a>.<\/p>\n<p><img loading=\"lazy\" decoding=\"async\" class=\"size-large wp-image-48713 aligncenter\" src=\"http:\/\/praguesbarrel.eu\/y0OH9L\/uploads\/2024\/09\/tym2024.jpg\" alt=\"\" width=\"640\" height=\"427\" \/><\/p>\n<p>&nbsp;<\/p>\n<p style=\"text-align: center;\"><a href=\"https:\/\/www.facebook.com\/PraguesBarrelTournaments\"><img loading=\"lazy\" decoding=\"async\" class=\"alignnone wp-image-61595\" src=\"https:\/\/praguesbarrel.eu\/y0OH9L\/themes\/praguesbarrel\/img\/fb-ico.png\" alt=\"\" width=\"50\" height=\"50\" \/><\/a> <a href=\"https:\/\/www.instagram.com\/praguesbarrel\/\"><img loading=\"lazy\" decoding=\"async\" class=\"alignnone wp-image-61595\" src=\"http:\/\/praguesbarrel.eu\/y0OH9L\/uploads\/2022\/08\/Instagram-ikona.png\" alt=\"\" width=\"50\" height=\"50\" \/> <\/a><a href=\"https:\/\/www.youtube.com\/user\/PraguesBarrelTV\"><img loading=\"lazy\" decoding=\"async\" class=\"alignnone wp-image-61601\" src=\"http:\/\/praguesbarrel.eu\/y0OH9L\/uploads\/2022\/09\/2018_social_media_popular_app_logo_youtube-1024.webp\" alt=\"\" width=\"50\" height=\"50\" \/><\/a> <a href=\"https:\/\/whatsapp.com\/channel\/0029VaTXl94FXUui3S9que2U\"> <img loading=\"lazy\" decoding=\"async\" class=\"alignnone wp-image-61601\" src=\"http:\/\/praguesbarrel.eu\/y0OH9L\/uploads\/2024\/03\/whatsapp.png\" alt=\"\" width=\"50\" height=\"50\" \/><\/a> <a href=\"https:\/\/www.tiktok.com\/@pragues.barrel\"> <img loading=\"lazy\" decoding=\"async\" class=\"alignnone wp-image-61601\" src=\"https:\/\/hockey.praguesbarrel.eu\/wp-content\/uploads\/2024\/12\/tiktok.png\" alt=\"\" width=\"50\" height=\"50\" \/><\/a><\/p>\n","protected":false},"excerpt":{"rendered":"<p>Nous aimons la bi\u00e8re, les gens et le football, l&rsquo;hockey sur glace et bowling. \u00c0 partir de cette combinaison, le tournoi de Prague a \u00e9t\u00e9 cr\u00e9\u00e9: un week-end plein de sport, une bi\u00e8re illimit\u00e9 et des joueurs joyeux de diff\u00e9rentes r\u00e9gions d\u2019Europe et du monde. Notre mission est de vous soulager du stress de la&#8230;<\/p>\n","protected":false},"author":5,"featured_media":864,"parent":0,"menu_order":0,"comment_status":"closed","ping_status":"closed","template":"templates\/with-sidebar.php","meta":{"footnotes":""},"yoast_head":"<!-- This site is optimized with the Yoast SEO plugin v22.5 - https:\/\/yoast.com\/wordpress\/plugins\/seo\/ -->\n<title>Contact - Prague&#039;s Barrel<\/title>\n<meta name=\"description\" content=\"L&#039;\u00e9quipe des organisateurs du tournoi est pr\u00eate \u00e0 r\u00e9pondre \u00e0 vos questions. Vous pouvez nous \u00e9crire un courriel ou nous t\u00e9l\u00e9phoner.\" \/>\n<meta name=\"robots\" content=\"index, follow, max-snippet:-1, max-image-preview:large, max-video-preview:-1\" \/>\n<link rel=\"canonical\" href=\"https:\/\/praguesbarrel.eu\/fr\/contact\/\" \/>\n<meta property=\"og:locale\" content=\"fr_FR\" \/>\n<meta property=\"og:type\" content=\"article\" \/>\n<meta property=\"og:title\" content=\"Contact - Prague&#039;s Barrel\" \/>\n<meta property=\"og:description\" content=\"L&#039;\u00e9quipe des organisateurs du tournoi est pr\u00eate \u00e0 r\u00e9pondre \u00e0 vos questions. Vous pouvez nous \u00e9crire un courriel ou nous t\u00e9l\u00e9phoner.\" \/>\n<meta property=\"og:url\" content=\"https:\/\/praguesbarrel.eu\/fr\/contact\/\" \/>\n<meta property=\"og:site_name\" content=\"Prague&#039;s Barrel\" \/>\n<meta property=\"article:modified_time\" content=\"2025-07-28T19:27:51+00:00\" \/>\n<meta property=\"og:image\" content=\"http:\/\/praguesbarrel.eu\/y0OH9L\/uploads\/2024\/09\/tym2024.jpg\" \/>\n\t<meta property=\"og:image:width\" content=\"1832\" \/>\n\t<meta property=\"og:image:height\" content=\"1224\" \/>\n\t<meta property=\"og:image:type\" content=\"image\/jpeg\" \/>\n<meta name=\"twitter:card\" content=\"summary_large_image\" \/>\n<meta name=\"twitter:label1\" content=\"Dur\u00e9e de lecture estim\u00e9e\" \/>\n\t<meta name=\"twitter:data1\" content=\"2 minutes\" \/>\n<script type=\"application\/ld+json\" class=\"yoast-schema-graph\">{\"@context\":\"https:\/\/schema.org\",\"@graph\":[{\"@type\":\"WebPage\",\"@id\":\"https:\/\/praguesbarrel.eu\/fr\/contact\/\",\"url\":\"https:\/\/praguesbarrel.eu\/fr\/contact\/\",\"name\":\"Contact - Prague&#039;s Barrel\",\"isPartOf\":{\"@id\":\"https:\/\/praguesbarrel.eu\/#website\"},\"primaryImageOfPage\":{\"@id\":\"https:\/\/praguesbarrel.eu\/fr\/contact\/#primaryimage\"},\"image\":{\"@id\":\"https:\/\/praguesbarrel.eu\/fr\/contact\/#primaryimage\"},\"thumbnailUrl\":\"https:\/\/praguesbarrel.eu\/y0OH9L\/uploads\/2024\/09\/tym2024.jpg\",\"datePublished\":\"2022-10-09T21:20:50+00:00\",\"dateModified\":\"2025-07-28T19:27:51+00:00\",\"description\":\"L'\u00e9quipe des organisateurs du tournoi est pr\u00eate \u00e0 r\u00e9pondre \u00e0 vos questions. Vous pouvez nous \u00e9crire un courriel ou nous t\u00e9l\u00e9phoner.\",\"breadcrumb\":{\"@id\":\"https:\/\/praguesbarrel.eu\/fr\/contact\/#breadcrumb\"},\"inLanguage\":\"fr-FR\",\"potentialAction\":[{\"@type\":\"ReadAction\",\"target\":[\"https:\/\/praguesbarrel.eu\/fr\/contact\/\"]}]},{\"@type\":\"ImageObject\",\"inLanguage\":\"fr-FR\",\"@id\":\"https:\/\/praguesbarrel.eu\/fr\/contact\/#primaryimage\",\"url\":\"https:\/\/praguesbarrel.eu\/y0OH9L\/uploads\/2024\/09\/tym2024.jpg\",\"contentUrl\":\"https:\/\/praguesbarrel.eu\/y0OH9L\/uploads\/2024\/09\/tym2024.jpg\",\"width\":1832,\"height\":1224},{\"@type\":\"BreadcrumbList\",\"@id\":\"https:\/\/praguesbarrel.eu\/fr\/contact\/#breadcrumb\",\"itemListElement\":[{\"@type\":\"ListItem\",\"position\":1,\"name\":\"Accueil\",\"item\":\"https:\/\/praguesbarrel.eu\/fr\/\"},{\"@type\":\"ListItem\",\"position\":2,\"name\":\"Contact\"}]},{\"@type\":\"WebSite\",\"@id\":\"https:\/\/praguesbarrel.eu\/#website\",\"url\":\"https:\/\/praguesbarrel.eu\/\",\"name\":\"Prague&#039;s Barrel\",\"description\":\"Tournaments\",\"potentialAction\":[{\"@type\":\"SearchAction\",\"target\":{\"@type\":\"EntryPoint\",\"urlTemplate\":\"https:\/\/praguesbarrel.eu\/?s={search_term_string}\"},\"query-input\":\"required name=search_term_string\"}],\"inLanguage\":\"fr-FR\"}]}<\/script>\n<!-- \/ Yoast SEO plugin. -->","yoast_head_json":{"title":"Contact - Prague&#039;s Barrel","description":"L'\u00e9quipe des organisateurs du tournoi est pr\u00eate \u00e0 r\u00e9pondre \u00e0 vos questions. Vous pouvez nous \u00e9crire un courriel ou nous t\u00e9l\u00e9phoner.","robots":{"index":"index","follow":"follow","max-snippet":"max-snippet:-1","max-image-preview":"max-image-preview:large","max-video-preview":"max-video-preview:-1"},"canonical":"https:\/\/praguesbarrel.eu\/fr\/contact\/","og_locale":"fr_FR","og_type":"article","og_title":"Contact - Prague&#039;s Barrel","og_description":"L'\u00e9quipe des organisateurs du tournoi est pr\u00eate \u00e0 r\u00e9pondre \u00e0 vos questions. Vous pouvez nous \u00e9crire un courriel ou nous t\u00e9l\u00e9phoner.","og_url":"https:\/\/praguesbarrel.eu\/fr\/contact\/","og_site_name":"Prague&#039;s Barrel","article_modified_time":"2025-07-28T19:27:51+00:00","og_image":[{"width":1832,"height":1224,"url":"http:\/\/praguesbarrel.eu\/y0OH9L\/uploads\/2024\/09\/tym2024.jpg","type":"image\/jpeg"}],"twitter_card":"summary_large_image","twitter_misc":{"Dur\u00e9e de lecture estim\u00e9e":"2 minutes"},"schema":{"@context":"https:\/\/schema.org","@graph":[{"@type":"WebPage","@id":"https:\/\/praguesbarrel.eu\/fr\/contact\/","url":"https:\/\/praguesbarrel.eu\/fr\/contact\/","name":"Contact - Prague&#039;s Barrel","isPartOf":{"@id":"https:\/\/praguesbarrel.eu\/#website"},"primaryImageOfPage":{"@id":"https:\/\/praguesbarrel.eu\/fr\/contact\/#primaryimage"},"image":{"@id":"https:\/\/praguesbarrel.eu\/fr\/contact\/#primaryimage"},"thumbnailUrl":"https:\/\/praguesbarrel.eu\/y0OH9L\/uploads\/2024\/09\/tym2024.jpg","datePublished":"2022-10-09T21:20:50+00:00","dateModified":"2025-07-28T19:27:51+00:00","description":"L'\u00e9quipe des organisateurs du tournoi est pr\u00eate \u00e0 r\u00e9pondre \u00e0 vos questions. Vous pouvez nous \u00e9crire un courriel ou nous t\u00e9l\u00e9phoner.","breadcrumb":{"@id":"https:\/\/praguesbarrel.eu\/fr\/contact\/#breadcrumb"},"inLanguage":"fr-FR","potentialAction":[{"@type":"ReadAction","target":["https:\/\/praguesbarrel.eu\/fr\/contact\/"]}]},{"@type":"ImageObject","inLanguage":"fr-FR","@id":"https:\/\/praguesbarrel.eu\/fr\/contact\/#primaryimage","url":"https:\/\/praguesbarrel.eu\/y0OH9L\/uploads\/2024\/09\/tym2024.jpg","contentUrl":"https:\/\/praguesbarrel.eu\/y0OH9L\/uploads\/2024\/09\/tym2024.jpg","width":1832,"height":1224},{"@type":"BreadcrumbList","@id":"https:\/\/praguesbarrel.eu\/fr\/contact\/#breadcrumb","itemListElement":[{"@type":"ListItem","position":1,"name":"Accueil","item":"https:\/\/praguesbarrel.eu\/fr\/"},{"@type":"ListItem","position":2,"name":"Contact"}]},{"@type":"WebSite","@id":"https:\/\/praguesbarrel.eu\/#website","url":"https:\/\/praguesbarrel.eu\/","name":"Prague&#039;s Barrel","description":"Tournaments","potentialAction":[{"@type":"SearchAction","target":{"@type":"EntryPoint","urlTemplate":"https:\/\/praguesbarrel.eu\/?s={search_term_string}"},"query-input":"required name=search_term_string"}],"inLanguage":"fr-FR"}]}},"_links":{"self":[{"href":"https:\/\/praguesbarrel.eu\/fr\/wp-json\/wp\/v2\/pages\/59"}],"collection":[{"href":"https:\/\/praguesbarrel.eu\/fr\/wp-json\/wp\/v2\/pages"}],"about":[{"href":"https:\/\/praguesbarrel.eu\/fr\/wp-json\/wp\/v2\/types\/page"}],"author":[{"embeddable":true,"href":"https:\/\/praguesbarrel.eu\/fr\/wp-json\/wp\/v2\/users\/5"}],"replies":[{"embeddable":true,"href":"https:\/\/praguesbarrel.eu\/fr\/wp-json\/wp\/v2\/comments?post=59"}],"version-history":[{"count":13,"href":"https:\/\/praguesbarrel.eu\/fr\/wp-json\/wp\/v2\/pages\/59\/revisions"}],"predecessor-version":[{"id":1057,"href":"https:\/\/praguesbarrel.eu\/fr\/wp-json\/wp\/v2\/pages\/59\/revisions\/1057"}],"wp:featuredmedia":[{"embeddable":true,"href":"https:\/\/praguesbarrel.eu\/fr\/wp-json\/wp\/v2\/media\/864"}],"wp:attachment":[{"href":"https:\/\/praguesbarrel.eu\/fr\/wp-json\/wp\/v2\/media?parent=59"}],"curies":[{"name":"wp","href":"https:\/\/api.w.org\/{rel}","templated":true}]}}