{"id":269,"date":"2022-12-17T21:16:27","date_gmt":"2022-12-17T20:16:27","guid":{"rendered":"https:\/\/praguesbarrel.eu\/articles\/peter-basus-we-want-people-to-have-fun\/"},"modified":"2023-12-05T13:46:22","modified_gmt":"2023-12-05T12:46:22","slug":"peter-basus-we-want-people-to-have-fun","status":"publish","type":"page","link":"https:\/\/praguesbarrel.eu\/fr\/articles\/peter-basus-we-want-people-to-have-fun\/","title":{"rendered":"Peter"},"content":{"rendered":"<h2>Peter: We want people to have fun<\/h2>\n<blockquote><p><em><span style=\"font-weight: 400;\">Peter Ba\u0161us is the leader and founder of the Prague\u2019s Barrel team. Lately he is enjoying being a mentor rather than direct manager. Why did he decide to organize these tournaments? How long is he doing it and how he sees the future?<\/span><\/em><\/p><\/blockquote>\n<p><b>Peter, you are organizing the tournament for 28 years already. What made you think about doing something like this?<\/b><\/p>\n<p><span style=\"font-weight: 400;\">To be honest, I\u2019m a football player myself. I played for a company <\/span><i><span style=\"font-weight: 400;\">\u00dastav pro v\u00fdzkum, v\u00fdro<\/span><\/i><i><span style=\"font-weight: 400;\">bu a vyu\u017eit\u00ed radioizotop\u016f<\/span><\/i><span style=\"font-weight: 400;\"> (Institute for Research, Production and Utilization of Radioisotopes). This team was part of a company tournament in Germany in 1990 and they told us that we could host the same tournament next year in Prague. So we have organised it and I thought that we could do it regularly. I called the amateur football association and they didn\u2019t care much but they provided me with information that back in 1968 there were two men wanting to do something similar &#8211; B\u00e1lek and Pavl\u00edn. So I contacted them, they were a bit older but still full of enthusiasm. We wanted to make a tournament for 11-a-side football and we started with sending out letters (yes, it was 1992, no internet). We contacted mainly Germany and we got 3 teams enrolled, we added 4 Czech teams and we got the first tournament in 1993. From the income we bought a fax. And the second tournament we got 10 teams, we were satisfied, we liked it.<\/span><\/p>\n<p><b>How the first tournaments looked like? The same programme as we have today?<\/b><\/p>\n<p><span style=\"font-weight: 400;\">Yes, it is almost the same. We had an advantage back then, that beer was super cheap and it was the best attraction. It is still a tradition and our beer is still the best. All the teams had their own hostesses. We saw that in one tournament, when every team had somebody to take care of them and we liked it.<\/span><\/p>\n<p><b>You reached out only to company teams at first, is that right?<\/b><\/p>\n<p><span style=\"font-weight: 400;\">Yes, and only Germany since my companion M\u00edla Pavl\u00edn only spoke German and he had a lot of contacts. From the beginning the word of mouth was the best marketing for us, a team from Hamburg was here one year and the other one suddenly came more teams from Hamburg.<\/span><\/p>\n<p><img loading=\"lazy\" decoding=\"async\" class=\"alignnone size-full wp-image-683\" src=\"http:\/\/praguesbarrel.eu\/y0OH9L\/uploads\/2023\/12\/1184-preview-548-original-1-002.jpeg\" alt=\"\" width=\"640\" height=\"425\" srcset=\"https:\/\/praguesbarrel.eu\/y0OH9L\/uploads\/2023\/12\/1184-preview-548-original-1-002.jpeg 640w, https:\/\/praguesbarrel.eu\/y0OH9L\/uploads\/2023\/12\/1184-preview-548-original-1-002-300x199.jpeg 300w\" sizes=\"(max-width: 640px) 100vw, 640px\" \/><\/p>\n<p><b>When did you spread the contacts to non company teams?<\/b><\/p>\n<p><span style=\"font-weight: 400;\">We tried to send the letters also to football associations, so it expanded. One time we got this Italian team and that was a really good contact, we spread out to Italy a lot. It was funny, because nobody here knew a word in Italian and they didn\u2019t speak another language but we managed. I hired one girl to help me with English to find teams from other countries and she operated via email (finally). We even got this basic website.<\/span><\/p>\n<p><b>Is there a tournament which is similar to ours?<\/b><\/p>\n<p><span style=\"font-weight: 400;\">I think we are quite unique in this. I don\u2019t know any tournament to be alike. I don\u2019t visit tournaments that often lately but from what I saw through the years, we have an unique way of taking care of the teams. Most tournaments are focusing on leaders having extra care and the players don\u2019t even get water. I wanted to make a tournament which I would like as a football player. And I think I managed that and we are very emphasizing precise to maintain the quality. We want people to have fun with us, that is our brand.<\/span><\/p>\n<p><b>Why did you add another sports in your scope, e.g. ice hockey and bowling?<\/b><\/p>\n<p><span style=\"font-weight: 400;\">Ice hockey started after one evening programme on the boat, because the owner of the ship is a hockey player and he told me that in February they don\u2019t have much work and also Prague is a bit out of tourists, so it would be good. He offered to help me with the first tournament, so we did it. We sent out the invitations and got two teams from the USA and one from Russia, the rest was Czech. The Russian leader was pretty amazed and he gave me a contact to Dimitrij, who helped us get more teams from Russia. Maria took that role after him and the ice hockey tournament is a big hit in Russia. But we want the tournament to be more international so we are trying to distribute the places to different nations.<\/span><\/p>\n<p><b>During the last 10 years the tournament expanded a lot, from one football and one ice hockey tournament to 10 tournaments per year. How that happened?<\/b><\/p>\n<p><span style=\"font-weight: 400;\">I always had very skilled and communicative girl to help me with teams. She had it as a job during studies at university and after that she moved on. Sofie was the last one and she stayed. She helped me with the recruitment of new reinforcement for European Company Sports Games 2013 and the team we put together was really good and stayed, that is why the tournaments expanded so much. We have also opened a 7-a-side category, it is easier to gather together 10 people than 20. And the last thing is that participants are talking about our tournament a lot, word of mouth is the best advertisement for us.<\/span><\/p>\n<p><img loading=\"lazy\" decoding=\"async\" class=\"alignnone size-full wp-image-689\" src=\"http:\/\/praguesbarrel.eu\/y0OH9L\/uploads\/2023\/12\/1555-preview-dsc2521.jpeg\" alt=\"\" width=\"319\" height=\"480\" srcset=\"https:\/\/praguesbarrel.eu\/y0OH9L\/uploads\/2023\/12\/1555-preview-dsc2521.jpeg 319w, https:\/\/praguesbarrel.eu\/y0OH9L\/uploads\/2023\/12\/1555-preview-dsc2521-199x300.jpeg 199w\" sizes=\"(max-width: 319px) 100vw, 319px\" \/><\/p>\n<p><b>Do you think we can expand even more?<\/b><\/p>\n<p><span style=\"font-weight: 400;\">I think we are on the edge of capacity, our liver capacity. Drinking every weekend in the year won\u2019t be healthy for us <\/span><i><span style=\"font-weight: 400;\">(laughing)<\/span><\/i><span style=\"font-weight: 400;\">. I have always thought that our tournament is great but when I look back, I see we were amateurs in comparison to now. Maybe I will say the same 10 year forward. It is evolving so much, for better, we didn\u2019t even expect this. And my whole team has merit.<\/span><\/p>\n<p><b>You have mentioned European Company Sport Games 2013, how did we get to organise that?<\/b><\/p>\n<p><span style=\"font-weight: 400;\">We came across this big football tournament in Italy 1999 which we went to visit. And that was European Company Sport Games, there were 5 000 participants. And I thought we could do that in Prague. So I reached out to European Federation for Company Sport. During that period my right hand was Mirka Strouhalov\u00e1 and we were getting the contacts by her charm and my liver capacity <\/span><i><span style=\"font-weight: 400;\">(laughing)<\/span><\/i><span style=\"font-weight: 400;\">. We already had a name as a tournament in Europe, so it wasn\u2019t that hard. We have started to candidate for hosting the Games. I thought we would lose to the fullest but we narrowly lost in the final round with Denmark. So we continued and won the 2013 Games. I didn\u2019t go to the presentation with Mirka this time because we were hosting the Prague\u2019s Barrel and she just casually called me \u201cI got it for us!\u201d.<\/span><\/p>\n<p><b>You were risking a little bit to hire a few students to help you organise an event for 7 216 participants.<\/b><\/p>\n<p><span style=\"font-weight: 400;\">I remember how I was introducing Jakub (he is currently leading Mercuria laser tag arenas in Prague with Peter) as a sports manager during European Company Sport Games 2011 in Hamburg, he was like 20 by that time, to the sport managers who were doing it for 20-30 years. They looked at him through their fingers and the other day they were coming to him for advice. That was also why we went there, to promote our Games but also to see what we can make better. And I think we have succeeded.<\/span><\/p>\n<p><b>So far it seems you have a sixth sense for hiring people, how are you doing it?<\/b><\/p>\n<p><span style=\"font-weight: 400;\">I\u2019m trying to make the best conditions for them, not snooping around their work too much and giving them the job they will like. We are having a lot of team buildings, I\u2019m offering flexible working hours. I have made a mistake only once, otherwise it is working perfectly.<\/span><\/p>\n<p><img loading=\"lazy\" decoding=\"async\" class=\"alignnone size-large wp-image-48777\" src=\"https:\/\/football.praguesbarrel.eu\/y0OH9L\/uploads\/2014\/11\/1186-preview-550-original-3-002.jpg\" alt=\"\" width=\"640\" height=\"426\" \/><\/p>\n","protected":false},"excerpt":{"rendered":"<p>Peter: We want people to have fun Peter Ba\u0161us is the leader and founder of the Prague\u2019s Barrel team. Lately he is enjoying being a mentor rather than direct manager. Why did he decide to organize these tournaments? How long is he doing it and how he sees the future? Peter, you are organizing the&#8230;<\/p>\n","protected":false},"author":3,"featured_media":697,"parent":136,"menu_order":0,"comment_status":"closed","ping_status":"closed","template":"templates\/with-sidebar.php","meta":{"footnotes":""},"yoast_head":"<!-- This site is optimized with the Yoast SEO plugin v22.5 - https:\/\/yoast.com\/wordpress\/plugins\/seo\/ -->\n<title>Peter - Prague&#039;s Barrel<\/title>\n<meta name=\"description\" content=\"Peter Ba\u0161us is the leader and founder of the Prague\u2019s Barrel team. Why did he decide to organize these tournaments?\" \/>\n<meta name=\"robots\" content=\"index, follow, max-snippet:-1, max-image-preview:large, max-video-preview:-1\" \/>\n<link rel=\"canonical\" href=\"https:\/\/praguesbarrel.eu\/fr\/articles\/peter-basus-we-want-people-to-have-fun\/\" \/>\n<meta property=\"og:locale\" content=\"fr_FR\" \/>\n<meta property=\"og:type\" content=\"article\" \/>\n<meta property=\"og:title\" content=\"Peter - Prague&#039;s Barrel\" \/>\n<meta property=\"og:description\" content=\"Peter Ba\u0161us is the leader and founder of the Prague\u2019s Barrel team. Why did he decide to organize these tournaments?\" \/>\n<meta property=\"og:url\" content=\"https:\/\/praguesbarrel.eu\/fr\/articles\/peter-basus-we-want-people-to-have-fun\/\" \/>\n<meta property=\"og:site_name\" content=\"Prague&#039;s Barrel\" \/>\n<meta property=\"article:modified_time\" content=\"2023-12-05T12:46:22+00:00\" \/>\n<meta property=\"og:image\" content=\"http:\/\/praguesbarrel.eu\/y0OH9L\/uploads\/2023\/12\/DSC06021.jpeg\" \/>\n\t<meta property=\"og:image:width\" content=\"1832\" \/>\n\t<meta property=\"og:image:height\" content=\"1224\" \/>\n\t<meta property=\"og:image:type\" content=\"image\/jpeg\" \/>\n<meta name=\"twitter:card\" content=\"summary_large_image\" \/>\n<meta name=\"twitter:label1\" content=\"Dur\u00e9e de lecture estim\u00e9e\" \/>\n\t<meta name=\"twitter:data1\" content=\"7 minutes\" \/>\n<script type=\"application\/ld+json\" class=\"yoast-schema-graph\">{\"@context\":\"https:\/\/schema.org\",\"@graph\":[{\"@type\":\"WebPage\",\"@id\":\"https:\/\/praguesbarrel.eu\/fr\/articles\/peter-basus-we-want-people-to-have-fun\/\",\"url\":\"https:\/\/praguesbarrel.eu\/fr\/articles\/peter-basus-we-want-people-to-have-fun\/\",\"name\":\"Peter - Prague&#039;s Barrel\",\"isPartOf\":{\"@id\":\"https:\/\/praguesbarrel.eu\/#website\"},\"primaryImageOfPage\":{\"@id\":\"https:\/\/praguesbarrel.eu\/fr\/articles\/peter-basus-we-want-people-to-have-fun\/#primaryimage\"},\"image\":{\"@id\":\"https:\/\/praguesbarrel.eu\/fr\/articles\/peter-basus-we-want-people-to-have-fun\/#primaryimage\"},\"thumbnailUrl\":\"https:\/\/praguesbarrel.eu\/y0OH9L\/uploads\/2023\/12\/DSC06021.jpeg\",\"datePublished\":\"2022-12-17T20:16:27+00:00\",\"dateModified\":\"2023-12-05T12:46:22+00:00\",\"description\":\"Peter Ba\u0161us is the leader and founder of the Prague\u2019s Barrel team. Why did he decide to organize these tournaments?\",\"breadcrumb\":{\"@id\":\"https:\/\/praguesbarrel.eu\/fr\/articles\/peter-basus-we-want-people-to-have-fun\/#breadcrumb\"},\"inLanguage\":\"fr-FR\",\"potentialAction\":[{\"@type\":\"ReadAction\",\"target\":[\"https:\/\/praguesbarrel.eu\/fr\/articles\/peter-basus-we-want-people-to-have-fun\/\"]}]},{\"@type\":\"ImageObject\",\"inLanguage\":\"fr-FR\",\"@id\":\"https:\/\/praguesbarrel.eu\/fr\/articles\/peter-basus-we-want-people-to-have-fun\/#primaryimage\",\"url\":\"https:\/\/praguesbarrel.eu\/y0OH9L\/uploads\/2023\/12\/DSC06021.jpeg\",\"contentUrl\":\"https:\/\/praguesbarrel.eu\/y0OH9L\/uploads\/2023\/12\/DSC06021.jpeg\",\"width\":1832,\"height\":1224},{\"@type\":\"BreadcrumbList\",\"@id\":\"https:\/\/praguesbarrel.eu\/fr\/articles\/peter-basus-we-want-people-to-have-fun\/#breadcrumb\",\"itemListElement\":[{\"@type\":\"ListItem\",\"position\":1,\"name\":\"Accueil\",\"item\":\"https:\/\/praguesbarrel.eu\/fr\/\"},{\"@type\":\"ListItem\",\"position\":2,\"name\":\"Articles\",\"item\":\"https:\/\/praguesbarrel.eu\/fr\/articles\/\"},{\"@type\":\"ListItem\",\"position\":3,\"name\":\"Peter\"}]},{\"@type\":\"WebSite\",\"@id\":\"https:\/\/praguesbarrel.eu\/#website\",\"url\":\"https:\/\/praguesbarrel.eu\/\",\"name\":\"Prague&#039;s Barrel\",\"description\":\"Tournaments\",\"potentialAction\":[{\"@type\":\"SearchAction\",\"target\":{\"@type\":\"EntryPoint\",\"urlTemplate\":\"https:\/\/praguesbarrel.eu\/?s={search_term_string}\"},\"query-input\":\"required name=search_term_string\"}],\"inLanguage\":\"fr-FR\"}]}<\/script>\n<!-- \/ Yoast SEO plugin. -->","yoast_head_json":{"title":"Peter - Prague&#039;s Barrel","description":"Peter Ba\u0161us is the leader and founder of the Prague\u2019s Barrel team. Why did he decide to organize these tournaments?","robots":{"index":"index","follow":"follow","max-snippet":"max-snippet:-1","max-image-preview":"max-image-preview:large","max-video-preview":"max-video-preview:-1"},"canonical":"https:\/\/praguesbarrel.eu\/fr\/articles\/peter-basus-we-want-people-to-have-fun\/","og_locale":"fr_FR","og_type":"article","og_title":"Peter - Prague&#039;s Barrel","og_description":"Peter Ba\u0161us is the leader and founder of the Prague\u2019s Barrel team. Why did he decide to organize these tournaments?","og_url":"https:\/\/praguesbarrel.eu\/fr\/articles\/peter-basus-we-want-people-to-have-fun\/","og_site_name":"Prague&#039;s Barrel","article_modified_time":"2023-12-05T12:46:22+00:00","og_image":[{"width":1832,"height":1224,"url":"http:\/\/praguesbarrel.eu\/y0OH9L\/uploads\/2023\/12\/DSC06021.jpeg","type":"image\/jpeg"}],"twitter_card":"summary_large_image","twitter_misc":{"Dur\u00e9e de lecture estim\u00e9e":"7 minutes"},"schema":{"@context":"https:\/\/schema.org","@graph":[{"@type":"WebPage","@id":"https:\/\/praguesbarrel.eu\/fr\/articles\/peter-basus-we-want-people-to-have-fun\/","url":"https:\/\/praguesbarrel.eu\/fr\/articles\/peter-basus-we-want-people-to-have-fun\/","name":"Peter - Prague&#039;s Barrel","isPartOf":{"@id":"https:\/\/praguesbarrel.eu\/#website"},"primaryImageOfPage":{"@id":"https:\/\/praguesbarrel.eu\/fr\/articles\/peter-basus-we-want-people-to-have-fun\/#primaryimage"},"image":{"@id":"https:\/\/praguesbarrel.eu\/fr\/articles\/peter-basus-we-want-people-to-have-fun\/#primaryimage"},"thumbnailUrl":"https:\/\/praguesbarrel.eu\/y0OH9L\/uploads\/2023\/12\/DSC06021.jpeg","datePublished":"2022-12-17T20:16:27+00:00","dateModified":"2023-12-05T12:46:22+00:00","description":"Peter Ba\u0161us is the leader and founder of the Prague\u2019s Barrel team. Why did he decide to organize these tournaments?","breadcrumb":{"@id":"https:\/\/praguesbarrel.eu\/fr\/articles\/peter-basus-we-want-people-to-have-fun\/#breadcrumb"},"inLanguage":"fr-FR","potentialAction":[{"@type":"ReadAction","target":["https:\/\/praguesbarrel.eu\/fr\/articles\/peter-basus-we-want-people-to-have-fun\/"]}]},{"@type":"ImageObject","inLanguage":"fr-FR","@id":"https:\/\/praguesbarrel.eu\/fr\/articles\/peter-basus-we-want-people-to-have-fun\/#primaryimage","url":"https:\/\/praguesbarrel.eu\/y0OH9L\/uploads\/2023\/12\/DSC06021.jpeg","contentUrl":"https:\/\/praguesbarrel.eu\/y0OH9L\/uploads\/2023\/12\/DSC06021.jpeg","width":1832,"height":1224},{"@type":"BreadcrumbList","@id":"https:\/\/praguesbarrel.eu\/fr\/articles\/peter-basus-we-want-people-to-have-fun\/#breadcrumb","itemListElement":[{"@type":"ListItem","position":1,"name":"Accueil","item":"https:\/\/praguesbarrel.eu\/fr\/"},{"@type":"ListItem","position":2,"name":"Articles","item":"https:\/\/praguesbarrel.eu\/fr\/articles\/"},{"@type":"ListItem","position":3,"name":"Peter"}]},{"@type":"WebSite","@id":"https:\/\/praguesbarrel.eu\/#website","url":"https:\/\/praguesbarrel.eu\/","name":"Prague&#039;s Barrel","description":"Tournaments","potentialAction":[{"@type":"SearchAction","target":{"@type":"EntryPoint","urlTemplate":"https:\/\/praguesbarrel.eu\/?s={search_term_string}"},"query-input":"required name=search_term_string"}],"inLanguage":"fr-FR"}]}},"_links":{"self":[{"href":"https:\/\/praguesbarrel.eu\/fr\/wp-json\/wp\/v2\/pages\/269"}],"collection":[{"href":"https:\/\/praguesbarrel.eu\/fr\/wp-json\/wp\/v2\/pages"}],"about":[{"href":"https:\/\/praguesbarrel.eu\/fr\/wp-json\/wp\/v2\/types\/page"}],"author":[{"embeddable":true,"href":"https:\/\/praguesbarrel.eu\/fr\/wp-json\/wp\/v2\/users\/3"}],"replies":[{"embeddable":true,"href":"https:\/\/praguesbarrel.eu\/fr\/wp-json\/wp\/v2\/comments?post=269"}],"version-history":[{"count":4,"href":"https:\/\/praguesbarrel.eu\/fr\/wp-json\/wp\/v2\/pages\/269\/revisions"}],"predecessor-version":[{"id":703,"href":"https:\/\/praguesbarrel.eu\/fr\/wp-json\/wp\/v2\/pages\/269\/revisions\/703"}],"up":[{"embeddable":true,"href":"https:\/\/praguesbarrel.eu\/fr\/wp-json\/wp\/v2\/pages\/136"}],"wp:featuredmedia":[{"embeddable":true,"href":"https:\/\/praguesbarrel.eu\/fr\/wp-json\/wp\/v2\/media\/697"}],"wp:attachment":[{"href":"https:\/\/praguesbarrel.eu\/fr\/wp-json\/wp\/v2\/media?parent=269"}],"curies":[{"name":"wp","href":"https:\/\/api.w.org\/{rel}","templated":true}]}}