{"id":136,"date":"2022-12-17T21:02:32","date_gmt":"2022-12-17T20:02:32","guid":{"rendered":"https:\/\/praguesbarrel.eu\/?page_id=136"},"modified":"2024-12-20T12:35:47","modified_gmt":"2024-12-20T11:35:47","slug":"articles","status":"publish","type":"page","link":"https:\/\/praguesbarrel.eu\/fr\/articles\/","title":{"rendered":"Articles"},"content":{"rendered":"<p>Vous souhaitez en savoir plus sur nos tournois? Comment c&rsquo;est organis\u00e9, quelles sont nos exp\u00e9riences et quelques histoires amusantes des coulisses? Lisez les interviews des organisateurs, h\u00f4tesses et autres articles int\u00e9ressants que nous avons pr\u00e9par\u00e9s pour vous.<\/p>\n<p>Un grand merci \u00e9galement pour les articles qui ont \u00e9t\u00e9 publi\u00e9s en Belgique<span style=\"font-size: 15.008px;\"> (<\/span><a style=\"font-size: 15.008px;\" href=\"http:\/\/praguesbarrel.eu\/y0OH9L\/uploads\/2021\/09\/20210903_La-Derniere-Heure-Liege_p-27.pdf\">Li\u00e8ge<\/a><span style=\"font-size: 15.008px;\">, <\/span><a style=\"font-size: 15.008px;\" href=\"http:\/\/praguesbarrel.eu\/y0OH9L\/uploads\/2021\/09\/20210831_Sud-Presse_p-26.pdf\">Sud Presse<\/a><span style=\"font-size: 15.008px;\">), en <\/span><a style=\"font-size: 15.008px;\" href=\"https:\/\/www.lechodemaskinonge.com\/infolettre\/une-experience-inoubliable-pour-des-hockeyeurs-de-saint-boniface\/\">Canada<\/a>, en <a href=\"https:\/\/mypovazska.sme.sk\/c\/20791133\/suboj-s-rusmi-ukoncil-utok-na-rozhodcu.html\">Slovaquie<\/a><span style=\"font-size: 15.008px;\">\u00a0and en Italie (<\/span><a style=\"font-size: 15.008px;\" href=\"http:\/\/www.hockeytime.net\/2015\/11\/22\/trionfo-russo-nel-primo-round-del-barile-praghese-2016\/\">Hockeytime 2015<\/a><span style=\"font-size: 15.008px;\">, <\/span><a style=\"font-size: 15.008px;\" href=\"http:\/\/www.hockeytime.net\/2014\/11\/18\/il-barile-praghese-fa-poker-al-via-il-primo-round\/\">2014<\/a>, <a href=\"https:\/\/www.fanoinforma.it\/calcio-e-birra-i-fanesi-della-top-argento-secondi-al-pragues-barrel-di-praga\/\">Fano in Forma<\/a><span style=\"font-size: 15.008px;\">).<\/span><\/p>\n<p><img loading=\"lazy\" decoding=\"async\" class=\"alignnone size-large wp-image-463\" src=\"http:\/\/praguesbarrel.eu\/y0OH9L\/uploads\/2023\/01\/PBT2_ceremony-103-1-1024x683.jpeg\" alt=\"\" width=\"640\" height=\"427\" srcset=\"https:\/\/praguesbarrel.eu\/y0OH9L\/uploads\/2023\/01\/PBT2_ceremony-103-1-1024x683.jpeg 1024w, https:\/\/praguesbarrel.eu\/y0OH9L\/uploads\/2023\/01\/PBT2_ceremony-103-1-300x200.jpeg 300w, https:\/\/praguesbarrel.eu\/y0OH9L\/uploads\/2023\/01\/PBT2_ceremony-103-1-768x512.jpeg 768w, https:\/\/praguesbarrel.eu\/y0OH9L\/uploads\/2023\/01\/PBT2_ceremony-103-1-1536x1024.jpeg 1536w, https:\/\/praguesbarrel.eu\/y0OH9L\/uploads\/2023\/01\/PBT2_ceremony-103-1.jpeg 1698w\" sizes=\"(max-width: 640px) 100vw, 640px\" \/><\/p>\n","protected":false},"excerpt":{"rendered":"<p>Vous souhaitez en savoir plus sur nos tournois? Comment c&rsquo;est organis\u00e9, quelles sont nos exp\u00e9riences et quelques histoires amusantes des coulisses? Lisez les interviews des organisateurs, h\u00f4tesses et autres articles int\u00e9ressants que nous avons pr\u00e9par\u00e9s pour vous. Un grand merci \u00e9galement pour les articles qui ont \u00e9t\u00e9 publi\u00e9s en Belgique (Li\u00e8ge, Sud Presse), en Canada,&#8230;<\/p>\n","protected":false},"author":3,"featured_media":287,"parent":0,"menu_order":0,"comment_status":"closed","ping_status":"closed","template":"templates\/with-sidebar.php","meta":{"footnotes":""},"yoast_head":"<!-- This site is optimized with the Yoast SEO plugin v22.5 - https:\/\/yoast.com\/wordpress\/plugins\/seo\/ -->\n<title>Articles - Prague&#039;s Barrel<\/title>\n<meta name=\"description\" content=\"Vous souhaitez en savoir plus sur nos tournois? Lisez les interviews des organisateurs, h\u00f4tesses et autres articles int\u00e9ressants que nous avons pr\u00e9par\u00e9s.\" \/>\n<meta name=\"robots\" content=\"index, follow, max-snippet:-1, max-image-preview:large, max-video-preview:-1\" \/>\n<link rel=\"canonical\" href=\"https:\/\/praguesbarrel.eu\/fr\/articles\/\" \/>\n<meta property=\"og:locale\" content=\"fr_FR\" \/>\n<meta property=\"og:type\" content=\"article\" \/>\n<meta property=\"og:title\" content=\"Articles - Prague&#039;s Barrel\" \/>\n<meta property=\"og:description\" content=\"Vous souhaitez en savoir plus sur nos tournois? Lisez les interviews des organisateurs, h\u00f4tesses et autres articles int\u00e9ressants que nous avons pr\u00e9par\u00e9s.\" \/>\n<meta property=\"og:url\" content=\"https:\/\/praguesbarrel.eu\/fr\/articles\/\" \/>\n<meta property=\"og:site_name\" content=\"Prague&#039;s Barrel\" \/>\n<meta property=\"article:modified_time\" content=\"2024-12-20T11:35:47+00:00\" \/>\n<meta property=\"og:image\" content=\"http:\/\/praguesbarrel.eu\/y0OH9L\/uploads\/2022\/12\/MG_3597-300x200-1.jpg\" \/>\n\t<meta property=\"og:image:width\" content=\"300\" \/>\n\t<meta property=\"og:image:height\" content=\"200\" \/>\n\t<meta property=\"og:image:type\" content=\"image\/jpeg\" \/>\n<meta name=\"twitter:card\" content=\"summary_large_image\" \/>\n<meta name=\"twitter:label1\" content=\"Dur\u00e9e de lecture estim\u00e9e\" \/>\n\t<meta name=\"twitter:data1\" content=\"1 minute\" \/>\n<script type=\"application\/ld+json\" class=\"yoast-schema-graph\">{\"@context\":\"https:\/\/schema.org\",\"@graph\":[{\"@type\":\"WebPage\",\"@id\":\"https:\/\/praguesbarrel.eu\/fr\/articles\/\",\"url\":\"https:\/\/praguesbarrel.eu\/fr\/articles\/\",\"name\":\"Articles - Prague&#039;s Barrel\",\"isPartOf\":{\"@id\":\"https:\/\/praguesbarrel.eu\/#website\"},\"primaryImageOfPage\":{\"@id\":\"https:\/\/praguesbarrel.eu\/fr\/articles\/#primaryimage\"},\"image\":{\"@id\":\"https:\/\/praguesbarrel.eu\/fr\/articles\/#primaryimage\"},\"thumbnailUrl\":\"https:\/\/praguesbarrel.eu\/y0OH9L\/uploads\/2022\/12\/MG_3597-300x200-1.jpg\",\"datePublished\":\"2022-12-17T20:02:32+00:00\",\"dateModified\":\"2024-12-20T11:35:47+00:00\",\"description\":\"Vous souhaitez en savoir plus sur nos tournois? Lisez les interviews des organisateurs, h\u00f4tesses et autres articles int\u00e9ressants que nous avons pr\u00e9par\u00e9s.\",\"breadcrumb\":{\"@id\":\"https:\/\/praguesbarrel.eu\/fr\/articles\/#breadcrumb\"},\"inLanguage\":\"fr-FR\",\"potentialAction\":[{\"@type\":\"ReadAction\",\"target\":[\"https:\/\/praguesbarrel.eu\/fr\/articles\/\"]}]},{\"@type\":\"ImageObject\",\"inLanguage\":\"fr-FR\",\"@id\":\"https:\/\/praguesbarrel.eu\/fr\/articles\/#primaryimage\",\"url\":\"https:\/\/praguesbarrel.eu\/y0OH9L\/uploads\/2022\/12\/MG_3597-300x200-1.jpg\",\"contentUrl\":\"https:\/\/praguesbarrel.eu\/y0OH9L\/uploads\/2022\/12\/MG_3597-300x200-1.jpg\",\"width\":300,\"height\":200},{\"@type\":\"BreadcrumbList\",\"@id\":\"https:\/\/praguesbarrel.eu\/fr\/articles\/#breadcrumb\",\"itemListElement\":[{\"@type\":\"ListItem\",\"position\":1,\"name\":\"Accueil\",\"item\":\"https:\/\/praguesbarrel.eu\/fr\/\"},{\"@type\":\"ListItem\",\"position\":2,\"name\":\"Articles\"}]},{\"@type\":\"WebSite\",\"@id\":\"https:\/\/praguesbarrel.eu\/#website\",\"url\":\"https:\/\/praguesbarrel.eu\/\",\"name\":\"Prague&#039;s Barrel\",\"description\":\"Tournaments\",\"potentialAction\":[{\"@type\":\"SearchAction\",\"target\":{\"@type\":\"EntryPoint\",\"urlTemplate\":\"https:\/\/praguesbarrel.eu\/?s={search_term_string}\"},\"query-input\":\"required name=search_term_string\"}],\"inLanguage\":\"fr-FR\"}]}<\/script>\n<!-- \/ Yoast SEO plugin. -->","yoast_head_json":{"title":"Articles - Prague&#039;s Barrel","description":"Vous souhaitez en savoir plus sur nos tournois? Lisez les interviews des organisateurs, h\u00f4tesses et autres articles int\u00e9ressants que nous avons pr\u00e9par\u00e9s.","robots":{"index":"index","follow":"follow","max-snippet":"max-snippet:-1","max-image-preview":"max-image-preview:large","max-video-preview":"max-video-preview:-1"},"canonical":"https:\/\/praguesbarrel.eu\/fr\/articles\/","og_locale":"fr_FR","og_type":"article","og_title":"Articles - Prague&#039;s Barrel","og_description":"Vous souhaitez en savoir plus sur nos tournois? Lisez les interviews des organisateurs, h\u00f4tesses et autres articles int\u00e9ressants que nous avons pr\u00e9par\u00e9s.","og_url":"https:\/\/praguesbarrel.eu\/fr\/articles\/","og_site_name":"Prague&#039;s Barrel","article_modified_time":"2024-12-20T11:35:47+00:00","og_image":[{"width":300,"height":200,"url":"http:\/\/praguesbarrel.eu\/y0OH9L\/uploads\/2022\/12\/MG_3597-300x200-1.jpg","type":"image\/jpeg"}],"twitter_card":"summary_large_image","twitter_misc":{"Dur\u00e9e de lecture estim\u00e9e":"1 minute"},"schema":{"@context":"https:\/\/schema.org","@graph":[{"@type":"WebPage","@id":"https:\/\/praguesbarrel.eu\/fr\/articles\/","url":"https:\/\/praguesbarrel.eu\/fr\/articles\/","name":"Articles - Prague&#039;s Barrel","isPartOf":{"@id":"https:\/\/praguesbarrel.eu\/#website"},"primaryImageOfPage":{"@id":"https:\/\/praguesbarrel.eu\/fr\/articles\/#primaryimage"},"image":{"@id":"https:\/\/praguesbarrel.eu\/fr\/articles\/#primaryimage"},"thumbnailUrl":"https:\/\/praguesbarrel.eu\/y0OH9L\/uploads\/2022\/12\/MG_3597-300x200-1.jpg","datePublished":"2022-12-17T20:02:32+00:00","dateModified":"2024-12-20T11:35:47+00:00","description":"Vous souhaitez en savoir plus sur nos tournois? Lisez les interviews des organisateurs, h\u00f4tesses et autres articles int\u00e9ressants que nous avons pr\u00e9par\u00e9s.","breadcrumb":{"@id":"https:\/\/praguesbarrel.eu\/fr\/articles\/#breadcrumb"},"inLanguage":"fr-FR","potentialAction":[{"@type":"ReadAction","target":["https:\/\/praguesbarrel.eu\/fr\/articles\/"]}]},{"@type":"ImageObject","inLanguage":"fr-FR","@id":"https:\/\/praguesbarrel.eu\/fr\/articles\/#primaryimage","url":"https:\/\/praguesbarrel.eu\/y0OH9L\/uploads\/2022\/12\/MG_3597-300x200-1.jpg","contentUrl":"https:\/\/praguesbarrel.eu\/y0OH9L\/uploads\/2022\/12\/MG_3597-300x200-1.jpg","width":300,"height":200},{"@type":"BreadcrumbList","@id":"https:\/\/praguesbarrel.eu\/fr\/articles\/#breadcrumb","itemListElement":[{"@type":"ListItem","position":1,"name":"Accueil","item":"https:\/\/praguesbarrel.eu\/fr\/"},{"@type":"ListItem","position":2,"name":"Articles"}]},{"@type":"WebSite","@id":"https:\/\/praguesbarrel.eu\/#website","url":"https:\/\/praguesbarrel.eu\/","name":"Prague&#039;s Barrel","description":"Tournaments","potentialAction":[{"@type":"SearchAction","target":{"@type":"EntryPoint","urlTemplate":"https:\/\/praguesbarrel.eu\/?s={search_term_string}"},"query-input":"required name=search_term_string"}],"inLanguage":"fr-FR"}]}},"_links":{"self":[{"href":"https:\/\/praguesbarrel.eu\/fr\/wp-json\/wp\/v2\/pages\/136"}],"collection":[{"href":"https:\/\/praguesbarrel.eu\/fr\/wp-json\/wp\/v2\/pages"}],"about":[{"href":"https:\/\/praguesbarrel.eu\/fr\/wp-json\/wp\/v2\/types\/page"}],"author":[{"embeddable":true,"href":"https:\/\/praguesbarrel.eu\/fr\/wp-json\/wp\/v2\/users\/3"}],"replies":[{"embeddable":true,"href":"https:\/\/praguesbarrel.eu\/fr\/wp-json\/wp\/v2\/comments?post=136"}],"version-history":[{"count":6,"href":"https:\/\/praguesbarrel.eu\/fr\/wp-json\/wp\/v2\/pages\/136\/revisions"}],"predecessor-version":[{"id":1034,"href":"https:\/\/praguesbarrel.eu\/fr\/wp-json\/wp\/v2\/pages\/136\/revisions\/1034"}],"wp:featuredmedia":[{"embeddable":true,"href":"https:\/\/praguesbarrel.eu\/fr\/wp-json\/wp\/v2\/media\/287"}],"wp:attachment":[{"href":"https:\/\/praguesbarrel.eu\/fr\/wp-json\/wp\/v2\/media?parent=136"}],"curies":[{"name":"wp","href":"https:\/\/api.w.org\/{rel}","templated":true}]}}