{"id":88,"date":"2022-10-19T15:02:34","date_gmt":"2022-10-19T14:02:34","guid":{"rendered":"https:\/\/praguesbarell.rbswdev.cz\/?page_id=88"},"modified":"2023-08-08T09:06:39","modified_gmt":"2023-08-08T08:06:39","slug":"homepage","status":"publish","type":"page","link":"https:\/\/praguesbarrel.eu\/de\/","title":{"rendered":"PRAGUE&#8217;S BARREL"},"content":{"rendered":"<p>Prague&#8217;s Barrel ist ein Set <strong>freundschaftlicher internationaler Turniere f\u00fcr Amateurspieler<\/strong> im Fu\u00dfball, Eishockey und Bowling. Insgesamt 10 tolle Sportturniere pro Jahr. In \u00fcber 30 Jahren Veranstaltung dieser Turniere haben wir mehr als 20.000 Teilnehmer aus 40 verschiedenen L\u00e4ndern begr\u00fc\u00dft.<\/p>\n<p>Wir hei\u00dfen alle Freizeitspieler herzlich willkommen, die bereit sind, ein tolles Wochenende voller Spa\u00df und Bier im Herzen Europas zu verbringen. Nur hier k\u00f6nnen Sie bei allen offiziellen Veranstaltungen w\u00e4hrend des <strong>Turniers Bier vom Fass genie\u00dfen<\/strong>.<\/p>\n<p>Kommen Sie und genie\u00dfen Sie vier Tage voller Sport und Unterhaltung im magischen Prag!<\/p>\n","protected":false},"excerpt":{"rendered":"<p>Prague&#8217;s Barrel ist ein Set freundschaftlicher internationaler Turniere f\u00fcr Amateurspieler im Fu\u00dfball, Eishockey und Bowling. Insgesamt 10 tolle Sportturniere pro Jahr. In \u00fcber 30 Jahren Veranstaltung dieser Turniere haben wir mehr als 20.000 Teilnehmer aus 40 verschiedenen L\u00e4ndern begr\u00fc\u00dft. Wir hei\u00dfen alle Freizeitspieler herzlich willkommen, die bereit sind, ein tolles Wochenende voller Spa\u00df und Bier&#8230;<\/p>\n","protected":false},"author":5,"featured_media":467,"parent":0,"menu_order":0,"comment_status":"closed","ping_status":"open","template":"templates\/homepage.php","meta":{"footnotes":""},"yoast_head":"<!-- This site is optimized with the Yoast SEO plugin v22.5 - https:\/\/yoast.com\/wordpress\/plugins\/seo\/ -->\n<title>Internationaler Turniere f\u00fcr Amateurspieler Prague&#039;s Barrel<\/title>\n<meta name=\"description\" content=\"Prague&#039;s Barrel ist ein Set freundschaftlicher internationaler Turniere f\u00fcr Amateurspieler im Fu\u00dfball, Eishockey und Bowling.\" \/>\n<meta name=\"robots\" content=\"index, follow, max-snippet:-1, max-image-preview:large, max-video-preview:-1\" \/>\n<link rel=\"canonical\" href=\"https:\/\/praguesbarrel.eu\/de\/\" \/>\n<meta property=\"og:locale\" content=\"de_DE\" \/>\n<meta property=\"og:type\" content=\"article\" \/>\n<meta property=\"og:title\" content=\"Internationaler Turniere f\u00fcr Amateurspieler Prague&#039;s Barrel\" \/>\n<meta property=\"og:description\" content=\"Prague&#039;s Barrel ist ein Set freundschaftlicher internationaler Turniere f\u00fcr Amateurspieler im Fu\u00dfball, Eishockey und Bowling.\" \/>\n<meta property=\"og:url\" content=\"https:\/\/praguesbarrel.eu\/de\/\" \/>\n<meta property=\"og:site_name\" content=\"Prague&#039;s Barrel\" \/>\n<meta property=\"article:modified_time\" content=\"2023-08-08T08:06:39+00:00\" \/>\n<meta property=\"og:image\" content=\"http:\/\/praguesbarrel.eu\/y0OH9L\/uploads\/2023\/01\/PBT2_ceremony-103.jpeg\" \/>\n\t<meta property=\"og:image:width\" content=\"1920\" \/>\n\t<meta property=\"og:image:height\" content=\"1280\" \/>\n\t<meta property=\"og:image:type\" content=\"image\/jpeg\" \/>\n<meta name=\"twitter:card\" content=\"summary_large_image\" \/>\n<meta name=\"twitter:label1\" content=\"Gesch\u00e4tzte Lesezeit\" \/>\n\t<meta name=\"twitter:data1\" content=\"1\u00a0Minute\" \/>\n<script type=\"application\/ld+json\" class=\"yoast-schema-graph\">{\"@context\":\"https:\/\/schema.org\",\"@graph\":[{\"@type\":\"WebPage\",\"@id\":\"https:\/\/praguesbarrel.eu\/de\/\",\"url\":\"https:\/\/praguesbarrel.eu\/de\/\",\"name\":\"Internationaler Turniere f\u00fcr Amateurspieler Prague's Barrel\",\"isPartOf\":{\"@id\":\"https:\/\/praguesbarrel.eu\/#website\"},\"primaryImageOfPage\":{\"@id\":\"https:\/\/praguesbarrel.eu\/de\/#primaryimage\"},\"image\":{\"@id\":\"https:\/\/praguesbarrel.eu\/de\/#primaryimage\"},\"thumbnailUrl\":\"https:\/\/praguesbarrel.eu\/y0OH9L\/uploads\/2023\/01\/PBT2_ceremony-103.jpeg\",\"datePublished\":\"2022-10-19T14:02:34+00:00\",\"dateModified\":\"2023-08-08T08:06:39+00:00\",\"description\":\"Prague's Barrel ist ein Set freundschaftlicher internationaler Turniere f\u00fcr Amateurspieler im Fu\u00dfball, Eishockey und Bowling.\",\"breadcrumb\":{\"@id\":\"https:\/\/praguesbarrel.eu\/de\/#breadcrumb\"},\"inLanguage\":\"de\",\"potentialAction\":[{\"@type\":\"ReadAction\",\"target\":[\"https:\/\/praguesbarrel.eu\/de\/\"]}]},{\"@type\":\"ImageObject\",\"inLanguage\":\"de\",\"@id\":\"https:\/\/praguesbarrel.eu\/de\/#primaryimage\",\"url\":\"https:\/\/praguesbarrel.eu\/y0OH9L\/uploads\/2023\/01\/PBT2_ceremony-103.jpeg\",\"contentUrl\":\"https:\/\/praguesbarrel.eu\/y0OH9L\/uploads\/2023\/01\/PBT2_ceremony-103.jpeg\",\"width\":1920,\"height\":1280},{\"@type\":\"BreadcrumbList\",\"@id\":\"https:\/\/praguesbarrel.eu\/de\/#breadcrumb\",\"itemListElement\":[{\"@type\":\"ListItem\",\"position\":1,\"name\":\"Startseite\",\"item\":\"https:\/\/praguesbarrel.eu\/de\/\"},{\"@type\":\"ListItem\",\"position\":2,\"name\":\"PRAGUE&#8217;S BARREL\"}]},{\"@type\":\"WebSite\",\"@id\":\"https:\/\/praguesbarrel.eu\/#website\",\"url\":\"https:\/\/praguesbarrel.eu\/\",\"name\":\"Prague&#039;s Barrel\",\"description\":\"Tournaments\",\"potentialAction\":[{\"@type\":\"SearchAction\",\"target\":{\"@type\":\"EntryPoint\",\"urlTemplate\":\"https:\/\/praguesbarrel.eu\/?s={search_term_string}\"},\"query-input\":\"required name=search_term_string\"}],\"inLanguage\":\"de\"}]}<\/script>\n<!-- \/ Yoast SEO plugin. -->","yoast_head_json":{"title":"Internationaler Turniere f\u00fcr Amateurspieler Prague's Barrel","description":"Prague's Barrel ist ein Set freundschaftlicher internationaler Turniere f\u00fcr Amateurspieler im Fu\u00dfball, Eishockey und Bowling.","robots":{"index":"index","follow":"follow","max-snippet":"max-snippet:-1","max-image-preview":"max-image-preview:large","max-video-preview":"max-video-preview:-1"},"canonical":"https:\/\/praguesbarrel.eu\/de\/","og_locale":"de_DE","og_type":"article","og_title":"Internationaler Turniere f\u00fcr Amateurspieler Prague's Barrel","og_description":"Prague's Barrel ist ein Set freundschaftlicher internationaler Turniere f\u00fcr Amateurspieler im Fu\u00dfball, Eishockey und Bowling.","og_url":"https:\/\/praguesbarrel.eu\/de\/","og_site_name":"Prague&#039;s Barrel","article_modified_time":"2023-08-08T08:06:39+00:00","og_image":[{"width":1920,"height":1280,"url":"http:\/\/praguesbarrel.eu\/y0OH9L\/uploads\/2023\/01\/PBT2_ceremony-103.jpeg","type":"image\/jpeg"}],"twitter_card":"summary_large_image","twitter_misc":{"Gesch\u00e4tzte Lesezeit":"1\u00a0Minute"},"schema":{"@context":"https:\/\/schema.org","@graph":[{"@type":"WebPage","@id":"https:\/\/praguesbarrel.eu\/de\/","url":"https:\/\/praguesbarrel.eu\/de\/","name":"Internationaler Turniere f\u00fcr Amateurspieler Prague's Barrel","isPartOf":{"@id":"https:\/\/praguesbarrel.eu\/#website"},"primaryImageOfPage":{"@id":"https:\/\/praguesbarrel.eu\/de\/#primaryimage"},"image":{"@id":"https:\/\/praguesbarrel.eu\/de\/#primaryimage"},"thumbnailUrl":"https:\/\/praguesbarrel.eu\/y0OH9L\/uploads\/2023\/01\/PBT2_ceremony-103.jpeg","datePublished":"2022-10-19T14:02:34+00:00","dateModified":"2023-08-08T08:06:39+00:00","description":"Prague's Barrel ist ein Set freundschaftlicher internationaler Turniere f\u00fcr Amateurspieler im Fu\u00dfball, Eishockey und Bowling.","breadcrumb":{"@id":"https:\/\/praguesbarrel.eu\/de\/#breadcrumb"},"inLanguage":"de","potentialAction":[{"@type":"ReadAction","target":["https:\/\/praguesbarrel.eu\/de\/"]}]},{"@type":"ImageObject","inLanguage":"de","@id":"https:\/\/praguesbarrel.eu\/de\/#primaryimage","url":"https:\/\/praguesbarrel.eu\/y0OH9L\/uploads\/2023\/01\/PBT2_ceremony-103.jpeg","contentUrl":"https:\/\/praguesbarrel.eu\/y0OH9L\/uploads\/2023\/01\/PBT2_ceremony-103.jpeg","width":1920,"height":1280},{"@type":"BreadcrumbList","@id":"https:\/\/praguesbarrel.eu\/de\/#breadcrumb","itemListElement":[{"@type":"ListItem","position":1,"name":"Startseite","item":"https:\/\/praguesbarrel.eu\/de\/"},{"@type":"ListItem","position":2,"name":"PRAGUE&#8217;S BARREL"}]},{"@type":"WebSite","@id":"https:\/\/praguesbarrel.eu\/#website","url":"https:\/\/praguesbarrel.eu\/","name":"Prague&#039;s Barrel","description":"Tournaments","potentialAction":[{"@type":"SearchAction","target":{"@type":"EntryPoint","urlTemplate":"https:\/\/praguesbarrel.eu\/?s={search_term_string}"},"query-input":"required name=search_term_string"}],"inLanguage":"de"}]}},"_links":{"self":[{"href":"https:\/\/praguesbarrel.eu\/de\/wp-json\/wp\/v2\/pages\/88"}],"collection":[{"href":"https:\/\/praguesbarrel.eu\/de\/wp-json\/wp\/v2\/pages"}],"about":[{"href":"https:\/\/praguesbarrel.eu\/de\/wp-json\/wp\/v2\/types\/page"}],"author":[{"embeddable":true,"href":"https:\/\/praguesbarrel.eu\/de\/wp-json\/wp\/v2\/users\/5"}],"replies":[{"embeddable":true,"href":"https:\/\/praguesbarrel.eu\/de\/wp-json\/wp\/v2\/comments?post=88"}],"version-history":[{"count":4,"href":"https:\/\/praguesbarrel.eu\/de\/wp-json\/wp\/v2\/pages\/88\/revisions"}],"predecessor-version":[{"id":442,"href":"https:\/\/praguesbarrel.eu\/de\/wp-json\/wp\/v2\/pages\/88\/revisions\/442"}],"wp:featuredmedia":[{"embeddable":true,"href":"https:\/\/praguesbarrel.eu\/de\/wp-json\/wp\/v2\/media\/467"}],"wp:attachment":[{"href":"https:\/\/praguesbarrel.eu\/de\/wp-json\/wp\/v2\/media?parent=88"}],"curies":[{"name":"wp","href":"https:\/\/api.w.org\/{rel}","templated":true}]}}