{"id":73,"date":"2022-10-09T22:25:30","date_gmt":"2022-10-09T21:25:30","guid":{"rendered":"https:\/\/praguesbarell.test:8890\/?page_id=73"},"modified":"2025-06-06T18:19:15","modified_gmt":"2025-06-06T17:19:15","slug":"referenz","status":"publish","type":"page","link":"https:\/\/praguesbarrel.eu\/de\/referenz\/","title":{"rendered":"Referenz"},"content":{"rendered":"<p><span style=\"font-weight: 400;\">Wisst ihr, dass wir mehr als <strong>30\u00a0Jahre Erfahrung mit der Organisation der Turniere<\/strong> haben? Und w\u00e4hrend dieser Zeit hatten wir das Privileg, mehr als 300 Mannschaften (viele davon mehrmals) in Prag willkommen zu hei\u00dfen<\/span><span style=\"font-weight: 400;\">. Sie k\u00f6nnen weitere Bewertungen auch auf\u00a0<a href=\"https:\/\/www.google.com\/maps\/place\/Prague's+Barrel+Tournaments\/@50.0599929,14.1352434,59789m\/data=!3m1!1e3!4m8!3m7!1s0x470b954c8e3c67bb:0xcb787256b6110d90!8m2!3d50.0596696!4d14.4656239!9m1!1b1!16s%2Fg%2F11svbzp9dw?entry=ttu&amp;g_ep=EgoyMDI1MDQwMi4xIKXMDSoASAFQAw%3D%3D\">Google<\/a> lesen.<\/span><\/p>\n<h2>Referenz<\/h2>\n<p><strong>FC Bauma Seniorinnen (Switzerland) \u2013 Fu\u00dfball<\/strong><\/p>\n<blockquote><p>Das Turnier hat uns riesen Spass gemacht und wir sind sicher, dass wir im n\u00e4chsten Jahr wieder kommen werden, aber vermutlich eher im Herbst,<br \/>\nda uns die Temperaturen sehr zu schaffen machten.<br \/>\nBedingung daf\u00fcr ist aber, dass Francesco wieder an unserer Seite ist. Er war der beste Guide den wir uns vorstellen konnten. Er hat uns jeden Wunsch von den Lippen abgelesen und war einfach TOPP. Grosses Kompliment auch an euch ALLE, der Anlass war topp organisiert. Einfach nur zu emfpehlen.<\/p><\/blockquote>\n<p><strong>Cazadores (Chile\/Sweden) \u2013 Fu\u00dfball<\/strong><\/p>\n<blockquote><p>Thanks for all!<br \/>\nWe had so much fun and enjoyed every single moment in Prague,we meet really nice people and the energy in the tournament was great.We miss Prague&#8217;s Barrel so much and we are already planning to get back as soon as posible.<br \/>\nFinally I wanna tell you the opinion of a friend who played fotball for second time in his life at pragues barrel:&#8220;I had never been so interested in playing fotboll,but I gotta say that this tournament is just perfect.&#8220;<br \/>\nGracias amigos!<\/p><\/blockquote>\n<p><strong>WAP UTD (Sweden) \u2013 Fu\u00dfball<\/strong><\/p>\n<blockquote><p>We were so happy that we could be a part of your wonderful tournament. We thought everything was great planned, the amount of games and activities together were perfect.<\/p><\/blockquote>\n<p><strong>S\u00f8rum Finest (Norway) \u2013 Fu\u00dfball<\/strong><\/p>\n<blockquote><p>Me and my team had a great time with just good memories. I am impressed of how professionally you are performing these events. We will of course be back for another round of this excellent tournament.<\/p><\/blockquote>\n<p><strong>Tottenham Kotspur (Austria) \u2013 Fu\u00dfball<\/strong><\/p>\n<blockquote><p>Thank&#8217;s for the Pragues Barrel 2014. Good Organisation. Good Beer. Lots of fun!!!<\/p><\/blockquote>\n<p><strong>WIENERNETZE team (Austria) \u2013 Bowling<\/strong><\/p>\n<blockquote><p>Ein Dankesch\u00f6n an<br \/>\nMartin, Sofie und Barbara f\u00fcr die<br \/>\ntoll organisierte Veranstaltung, es hat eine menge Spa\u00df gemacht neue Freunde kennen gelernt.<br \/>\nAuf ein Wiedersehen freut sich das Team<\/p><\/blockquote>\n<p><strong>Mike, SG Stern Sachsen (Germany) \u2013 Bowling<\/strong><\/p>\n<blockquote><p>Die SG Stern Sachsen bedankt sich bei Barbara, Sofie, Martin, Iva und Barbora f\u00fcr das toll ausgerichtete Turnier um das Prager F\u00e4sschen. Wir hoffen das wir uns alle n\u00e4chstes Jahr gesund und munter wieder sehen und feiern k\u00f6nnen.<\/p><\/blockquote>\n<p><strong>Manfred \u2013 Bowling<\/strong><\/p>\n<blockquote><p>Hallo Prag,<br \/>\nWir haben das Wochenende in Prag in sehr guter Erinnerung.<br \/>\nEin Dank an das ganze Team das bei der Organisation der Veranstaltung geholfen hat.<br \/>\nDas Turnier war perfekt geplant und organisiert, genauso wie die Abendveranstaltungen!!!!!!<br \/>\nWenn Ihr so weitermacht wird es bestimmt in ein paar Jahren ein riesiges Event, zu dem wir, wie auch viele andere betimmt immer wieder gerne anreisen und mitmachen werden.<br \/>\nMacht weiter so !!!!!!!!!!!<\/p><\/blockquote>\n<p><strong>Montana Moose&#8217;s Knuckles (Canada) \u2013 Eishockey<\/strong><\/p>\n<blockquote><p>Thank you for a wonderful tournament. Although there were many, many great moments, having Lida there to guide us, made it that much more enjoyable. Congrats on running an excellent tournament with just the right amount of debauchery!<\/p><\/blockquote>\n<p><strong>West Coast Jaguars (Finland) \u2013 Eishockey<\/strong><\/p>\n<blockquote><p>Greetings from Finland. We would like to thank you and the whole organisation for VERY good hockey tournament. Special thanks for Tereza our host\ud83d\ude00. We have been travelling to tournaments in Europe for 16 years and this tournament was simply the best\ud83d\udc4d. Arrangements were top quality included almost everything. So keep up the good work\ud83d\udcaa.<\/p><\/blockquote>\n<p><strong>Ela Eagles (Switzerland) \u2013 Eishockey<\/strong><\/p>\n<blockquote><p>With the tournament we were thrilled, even if we did not convince from a sporting point of view. It definitely made fun for us. The organization was great. What a pity, is that we hardly had time for sightseeing but so we have to come to the tournament again.<\/p><\/blockquote>\n","protected":false},"excerpt":{"rendered":"<p>Wisst ihr, dass wir mehr als 30\u00a0Jahre Erfahrung mit der Organisation der Turniere haben? Und w\u00e4hrend dieser Zeit hatten wir das Privileg, mehr als 300 Mannschaften (viele davon mehrmals) in Prag willkommen zu hei\u00dfen. Sie k\u00f6nnen weitere Bewertungen auch auf\u00a0Google lesen. Referenz FC Bauma Seniorinnen (Switzerland) \u2013 Fu\u00dfball Das Turnier hat uns riesen Spass gemacht&#8230;<\/p>\n","protected":false},"author":5,"featured_media":302,"parent":0,"menu_order":0,"comment_status":"closed","ping_status":"closed","template":"","meta":{"footnotes":""},"yoast_head":"<!-- This site is optimized with the Yoast SEO plugin v22.5 - https:\/\/yoast.com\/wordpress\/plugins\/seo\/ -->\n<title>Referenz - Prague&#039;s Barrel<\/title>\n<meta name=\"description\" content=\"Wisst ihr, dass wir mehr als 30\u00a0Jahre Erfahrung mit der Organisation der Turniere haben? Was sie \u00fcber uns sagen?\" \/>\n<meta name=\"robots\" content=\"index, follow, max-snippet:-1, max-image-preview:large, max-video-preview:-1\" \/>\n<link rel=\"canonical\" href=\"https:\/\/praguesbarrel.eu\/de\/referenz\/\" \/>\n<meta property=\"og:locale\" content=\"de_DE\" \/>\n<meta property=\"og:type\" content=\"article\" \/>\n<meta property=\"og:title\" content=\"Referenz - Prague&#039;s Barrel\" \/>\n<meta property=\"og:description\" content=\"Wisst ihr, dass wir mehr als 30\u00a0Jahre Erfahrung mit der Organisation der Turniere haben? Was sie \u00fcber uns sagen?\" \/>\n<meta property=\"og:url\" content=\"https:\/\/praguesbarrel.eu\/de\/referenz\/\" \/>\n<meta property=\"og:site_name\" content=\"Prague&#039;s Barrel\" \/>\n<meta property=\"article:modified_time\" content=\"2025-06-06T17:19:15+00:00\" \/>\n<meta property=\"og:image\" content=\"http:\/\/praguesbarrel.eu\/y0OH9L\/uploads\/2022\/12\/M_1379-300x200-1.jpg\" \/>\n\t<meta property=\"og:image:width\" content=\"300\" \/>\n\t<meta property=\"og:image:height\" content=\"200\" \/>\n\t<meta property=\"og:image:type\" content=\"image\/jpeg\" \/>\n<meta name=\"twitter:card\" content=\"summary_large_image\" \/>\n<meta name=\"twitter:label1\" content=\"Gesch\u00e4tzte Lesezeit\" \/>\n\t<meta name=\"twitter:data1\" content=\"1\u00a0Minute\" \/>\n<script type=\"application\/ld+json\" class=\"yoast-schema-graph\">{\"@context\":\"https:\/\/schema.org\",\"@graph\":[{\"@type\":\"WebPage\",\"@id\":\"https:\/\/praguesbarrel.eu\/de\/referenz\/\",\"url\":\"https:\/\/praguesbarrel.eu\/de\/referenz\/\",\"name\":\"Referenz - Prague&#039;s Barrel\",\"isPartOf\":{\"@id\":\"https:\/\/praguesbarrel.eu\/#website\"},\"primaryImageOfPage\":{\"@id\":\"https:\/\/praguesbarrel.eu\/de\/referenz\/#primaryimage\"},\"image\":{\"@id\":\"https:\/\/praguesbarrel.eu\/de\/referenz\/#primaryimage\"},\"thumbnailUrl\":\"https:\/\/praguesbarrel.eu\/y0OH9L\/uploads\/2022\/12\/M_1379-300x200-1.jpg\",\"datePublished\":\"2022-10-09T21:25:30+00:00\",\"dateModified\":\"2025-06-06T17:19:15+00:00\",\"description\":\"Wisst ihr, dass wir mehr als 30\u00a0Jahre Erfahrung mit der Organisation der Turniere haben? Was sie \u00fcber uns sagen?\",\"breadcrumb\":{\"@id\":\"https:\/\/praguesbarrel.eu\/de\/referenz\/#breadcrumb\"},\"inLanguage\":\"de\",\"potentialAction\":[{\"@type\":\"ReadAction\",\"target\":[\"https:\/\/praguesbarrel.eu\/de\/referenz\/\"]}]},{\"@type\":\"ImageObject\",\"inLanguage\":\"de\",\"@id\":\"https:\/\/praguesbarrel.eu\/de\/referenz\/#primaryimage\",\"url\":\"https:\/\/praguesbarrel.eu\/y0OH9L\/uploads\/2022\/12\/M_1379-300x200-1.jpg\",\"contentUrl\":\"https:\/\/praguesbarrel.eu\/y0OH9L\/uploads\/2022\/12\/M_1379-300x200-1.jpg\",\"width\":300,\"height\":200},{\"@type\":\"BreadcrumbList\",\"@id\":\"https:\/\/praguesbarrel.eu\/de\/referenz\/#breadcrumb\",\"itemListElement\":[{\"@type\":\"ListItem\",\"position\":1,\"name\":\"Startseite\",\"item\":\"https:\/\/praguesbarrel.eu\/de\/\"},{\"@type\":\"ListItem\",\"position\":2,\"name\":\"Referenz\"}]},{\"@type\":\"WebSite\",\"@id\":\"https:\/\/praguesbarrel.eu\/#website\",\"url\":\"https:\/\/praguesbarrel.eu\/\",\"name\":\"Prague&#039;s Barrel\",\"description\":\"Tournaments\",\"potentialAction\":[{\"@type\":\"SearchAction\",\"target\":{\"@type\":\"EntryPoint\",\"urlTemplate\":\"https:\/\/praguesbarrel.eu\/?s={search_term_string}\"},\"query-input\":\"required name=search_term_string\"}],\"inLanguage\":\"de\"}]}<\/script>\n<!-- \/ Yoast SEO plugin. -->","yoast_head_json":{"title":"Referenz - Prague&#039;s Barrel","description":"Wisst ihr, dass wir mehr als 30\u00a0Jahre Erfahrung mit der Organisation der Turniere haben? Was sie \u00fcber uns sagen?","robots":{"index":"index","follow":"follow","max-snippet":"max-snippet:-1","max-image-preview":"max-image-preview:large","max-video-preview":"max-video-preview:-1"},"canonical":"https:\/\/praguesbarrel.eu\/de\/referenz\/","og_locale":"de_DE","og_type":"article","og_title":"Referenz - Prague&#039;s Barrel","og_description":"Wisst ihr, dass wir mehr als 30\u00a0Jahre Erfahrung mit der Organisation der Turniere haben? Was sie \u00fcber uns sagen?","og_url":"https:\/\/praguesbarrel.eu\/de\/referenz\/","og_site_name":"Prague&#039;s Barrel","article_modified_time":"2025-06-06T17:19:15+00:00","og_image":[{"width":300,"height":200,"url":"http:\/\/praguesbarrel.eu\/y0OH9L\/uploads\/2022\/12\/M_1379-300x200-1.jpg","type":"image\/jpeg"}],"twitter_card":"summary_large_image","twitter_misc":{"Gesch\u00e4tzte Lesezeit":"1\u00a0Minute"},"schema":{"@context":"https:\/\/schema.org","@graph":[{"@type":"WebPage","@id":"https:\/\/praguesbarrel.eu\/de\/referenz\/","url":"https:\/\/praguesbarrel.eu\/de\/referenz\/","name":"Referenz - Prague&#039;s Barrel","isPartOf":{"@id":"https:\/\/praguesbarrel.eu\/#website"},"primaryImageOfPage":{"@id":"https:\/\/praguesbarrel.eu\/de\/referenz\/#primaryimage"},"image":{"@id":"https:\/\/praguesbarrel.eu\/de\/referenz\/#primaryimage"},"thumbnailUrl":"https:\/\/praguesbarrel.eu\/y0OH9L\/uploads\/2022\/12\/M_1379-300x200-1.jpg","datePublished":"2022-10-09T21:25:30+00:00","dateModified":"2025-06-06T17:19:15+00:00","description":"Wisst ihr, dass wir mehr als 30\u00a0Jahre Erfahrung mit der Organisation der Turniere haben? Was sie \u00fcber uns sagen?","breadcrumb":{"@id":"https:\/\/praguesbarrel.eu\/de\/referenz\/#breadcrumb"},"inLanguage":"de","potentialAction":[{"@type":"ReadAction","target":["https:\/\/praguesbarrel.eu\/de\/referenz\/"]}]},{"@type":"ImageObject","inLanguage":"de","@id":"https:\/\/praguesbarrel.eu\/de\/referenz\/#primaryimage","url":"https:\/\/praguesbarrel.eu\/y0OH9L\/uploads\/2022\/12\/M_1379-300x200-1.jpg","contentUrl":"https:\/\/praguesbarrel.eu\/y0OH9L\/uploads\/2022\/12\/M_1379-300x200-1.jpg","width":300,"height":200},{"@type":"BreadcrumbList","@id":"https:\/\/praguesbarrel.eu\/de\/referenz\/#breadcrumb","itemListElement":[{"@type":"ListItem","position":1,"name":"Startseite","item":"https:\/\/praguesbarrel.eu\/de\/"},{"@type":"ListItem","position":2,"name":"Referenz"}]},{"@type":"WebSite","@id":"https:\/\/praguesbarrel.eu\/#website","url":"https:\/\/praguesbarrel.eu\/","name":"Prague&#039;s Barrel","description":"Tournaments","potentialAction":[{"@type":"SearchAction","target":{"@type":"EntryPoint","urlTemplate":"https:\/\/praguesbarrel.eu\/?s={search_term_string}"},"query-input":"required name=search_term_string"}],"inLanguage":"de"}]}},"_links":{"self":[{"href":"https:\/\/praguesbarrel.eu\/de\/wp-json\/wp\/v2\/pages\/73"}],"collection":[{"href":"https:\/\/praguesbarrel.eu\/de\/wp-json\/wp\/v2\/pages"}],"about":[{"href":"https:\/\/praguesbarrel.eu\/de\/wp-json\/wp\/v2\/types\/page"}],"author":[{"embeddable":true,"href":"https:\/\/praguesbarrel.eu\/de\/wp-json\/wp\/v2\/users\/5"}],"replies":[{"embeddable":true,"href":"https:\/\/praguesbarrel.eu\/de\/wp-json\/wp\/v2\/comments?post=73"}],"version-history":[{"count":4,"href":"https:\/\/praguesbarrel.eu\/de\/wp-json\/wp\/v2\/pages\/73\/revisions"}],"predecessor-version":[{"id":1052,"href":"https:\/\/praguesbarrel.eu\/de\/wp-json\/wp\/v2\/pages\/73\/revisions\/1052"}],"wp:featuredmedia":[{"embeddable":true,"href":"https:\/\/praguesbarrel.eu\/de\/wp-json\/wp\/v2\/media\/302"}],"wp:attachment":[{"href":"https:\/\/praguesbarrel.eu\/de\/wp-json\/wp\/v2\/media?parent=73"}],"curies":[{"name":"wp","href":"https:\/\/api.w.org\/{rel}","templated":true}]}}