{"id":61,"date":"2022-10-09T22:21:20","date_gmt":"2022-10-09T21:21:20","guid":{"rendered":"https:\/\/praguesbarell.test:8890\/?page_id=61"},"modified":"2025-07-28T20:29:12","modified_gmt":"2025-07-28T19:29:12","slug":"kontakte","status":"publish","type":"page","link":"https:\/\/praguesbarrel.eu\/de\/kontakte\/","title":{"rendered":"Kontakte"},"content":{"rendered":"<p>Wir m\u00f6gen Bier, Menschen und Sport. Aufgrund dieser Kombination ist das Turnier \u201eUms Prager F\u00e4sschen\u201c entstanden: ein Wochenende voll mit Sport, erfrischendem Bier und fr\u00f6hlichen Menschen aus verschiedenen Ecken Europas und der ganzen Welt. Unser Ziel ist es, dass ihr w\u00e4hrend des Wochenendes eure Alltagsbelastung absch\u00fcttelt, Sport treibt, Spa\u00df habt und dass ihr euch um nichts k\u00fcmmern m\u00fcsst \u2013 daf\u00fcr sind wir ja da. \ud83d\ude42<\/p>\n<p><a href=\"mailto:info@praguesbarrel.eu\">Kontaktieren Sie<\/a> uns f\u00fcr weitere Informationen.<\/p>\n<p><img loading=\"lazy\" decoding=\"async\" class=\"size-large wp-image-48714 aligncenter\" src=\"http:\/\/praguesbarrel.eu\/y0OH9L\/uploads\/2024\/09\/tym2024.jpg\" alt=\"\" width=\"640\" height=\"427\" \/><\/p>\n<p>&nbsp;<\/p>\n<p style=\"text-align: center;\"><a href=\"https:\/\/www.facebook.com\/PraguesBarrelTournaments\"><img loading=\"lazy\" decoding=\"async\" class=\"alignnone wp-image-61595\" src=\"https:\/\/praguesbarrel.eu\/y0OH9L\/themes\/praguesbarrel\/img\/fb-ico.png\" alt=\"\" width=\"50\" height=\"50\" \/><\/a> <a href=\"https:\/\/www.instagram.com\/praguesbarrel\/\"><img loading=\"lazy\" decoding=\"async\" class=\"alignnone wp-image-61595\" src=\"http:\/\/praguesbarrel.eu\/y0OH9L\/uploads\/2022\/08\/Instagram-ikona.png\" alt=\"\" width=\"50\" height=\"50\" \/><\/a> <a href=\"https:\/\/www.youtube.com\/user\/PraguesBarrelTV\"><img loading=\"lazy\" decoding=\"async\" class=\"alignnone wp-image-61601\" src=\"http:\/\/praguesbarrel.eu\/y0OH9L\/uploads\/2022\/09\/2018_social_media_popular_app_logo_youtube-1024.webp\" alt=\"\" width=\"50\" height=\"50\" \/><\/a> <a href=\"https:\/\/whatsapp.com\/channel\/0029VaTXl94FXUui3S9que2U\"> <img loading=\"lazy\" decoding=\"async\" class=\"alignnone wp-image-61601\" src=\"http:\/\/praguesbarrel.eu\/y0OH9L\/uploads\/2024\/03\/whatsapp.png\" alt=\"\" width=\"50\" height=\"50\" \/><\/a> <a href=\"https:\/\/www.tiktok.com\/@pragues.barrel\"> <img loading=\"lazy\" decoding=\"async\" class=\"alignnone wp-image-61601\" src=\"https:\/\/hockey.praguesbarrel.eu\/wp-content\/uploads\/2024\/12\/tiktok.png\" alt=\"\" width=\"50\" height=\"50\" \/><\/a><\/p>\n","protected":false},"excerpt":{"rendered":"<p>Wir m\u00f6gen Bier, Menschen und Sport. Aufgrund dieser Kombination ist das Turnier \u201eUms Prager F\u00e4sschen\u201c entstanden: ein Wochenende voll mit Sport, erfrischendem Bier und fr\u00f6hlichen Menschen aus verschiedenen Ecken Europas und der ganzen Welt. Unser Ziel ist es, dass ihr w\u00e4hrend des Wochenendes eure Alltagsbelastung absch\u00fcttelt, Sport treibt, Spa\u00df habt und dass ihr euch um&#8230;<\/p>\n","protected":false},"author":5,"featured_media":810,"parent":0,"menu_order":0,"comment_status":"closed","ping_status":"closed","template":"templates\/with-sidebar.php","meta":{"footnotes":""},"yoast_head":"<!-- This site is optimized with the Yoast SEO plugin v22.5 - https:\/\/yoast.com\/wordpress\/plugins\/seo\/ -->\n<title>Kontakte - Prague&#039;s Barrel<\/title>\n<meta name=\"description\" content=\"Unser Ziel ist es, dass ihr w\u00e4hrend des Wochenendes eure Alltagsbelastung absch\u00fcttelt, Sport treibt, Spa\u00df habt und dass ihr euch um nichts k\u00fcmmern m\u00fcsst.\" \/>\n<meta name=\"robots\" content=\"index, follow, max-snippet:-1, max-image-preview:large, max-video-preview:-1\" \/>\n<link rel=\"canonical\" href=\"https:\/\/praguesbarrel.eu\/de\/kontakte\/\" \/>\n<meta property=\"og:locale\" content=\"de_DE\" \/>\n<meta property=\"og:type\" content=\"article\" \/>\n<meta property=\"og:title\" content=\"Kontakte - Prague&#039;s Barrel\" \/>\n<meta property=\"og:description\" content=\"Unser Ziel ist es, dass ihr w\u00e4hrend des Wochenendes eure Alltagsbelastung absch\u00fcttelt, Sport treibt, Spa\u00df habt und dass ihr euch um nichts k\u00fcmmern m\u00fcsst.\" \/>\n<meta property=\"og:url\" content=\"https:\/\/praguesbarrel.eu\/de\/kontakte\/\" \/>\n<meta property=\"og:site_name\" content=\"Prague&#039;s Barrel\" \/>\n<meta property=\"article:modified_time\" content=\"2025-07-28T19:29:12+00:00\" \/>\n<meta property=\"og:image\" content=\"http:\/\/praguesbarrel.eu\/y0OH9L\/uploads\/2024\/03\/DSC05023.jpeg\" \/>\n\t<meta property=\"og:image:width\" content=\"1368\" \/>\n\t<meta property=\"og:image:height\" content=\"2048\" \/>\n\t<meta property=\"og:image:type\" content=\"image\/jpeg\" \/>\n<meta name=\"twitter:card\" content=\"summary_large_image\" \/>\n<meta name=\"twitter:label1\" content=\"Gesch\u00e4tzte Lesezeit\" \/>\n\t<meta name=\"twitter:data1\" content=\"2\u00a0Minuten\" \/>\n<script type=\"application\/ld+json\" class=\"yoast-schema-graph\">{\"@context\":\"https:\/\/schema.org\",\"@graph\":[{\"@type\":\"WebPage\",\"@id\":\"https:\/\/praguesbarrel.eu\/de\/kontakte\/\",\"url\":\"https:\/\/praguesbarrel.eu\/de\/kontakte\/\",\"name\":\"Kontakte - Prague&#039;s Barrel\",\"isPartOf\":{\"@id\":\"https:\/\/praguesbarrel.eu\/#website\"},\"primaryImageOfPage\":{\"@id\":\"https:\/\/praguesbarrel.eu\/de\/kontakte\/#primaryimage\"},\"image\":{\"@id\":\"https:\/\/praguesbarrel.eu\/de\/kontakte\/#primaryimage\"},\"thumbnailUrl\":\"https:\/\/praguesbarrel.eu\/y0OH9L\/uploads\/2024\/03\/DSC05023.jpeg\",\"datePublished\":\"2022-10-09T21:21:20+00:00\",\"dateModified\":\"2025-07-28T19:29:12+00:00\",\"description\":\"Unser Ziel ist es, dass ihr w\u00e4hrend des Wochenendes eure Alltagsbelastung absch\u00fcttelt, Sport treibt, Spa\u00df habt und dass ihr euch um nichts k\u00fcmmern m\u00fcsst.\",\"breadcrumb\":{\"@id\":\"https:\/\/praguesbarrel.eu\/de\/kontakte\/#breadcrumb\"},\"inLanguage\":\"de\",\"potentialAction\":[{\"@type\":\"ReadAction\",\"target\":[\"https:\/\/praguesbarrel.eu\/de\/kontakte\/\"]}]},{\"@type\":\"ImageObject\",\"inLanguage\":\"de\",\"@id\":\"https:\/\/praguesbarrel.eu\/de\/kontakte\/#primaryimage\",\"url\":\"https:\/\/praguesbarrel.eu\/y0OH9L\/uploads\/2024\/03\/DSC05023.jpeg\",\"contentUrl\":\"https:\/\/praguesbarrel.eu\/y0OH9L\/uploads\/2024\/03\/DSC05023.jpeg\",\"width\":1368,\"height\":2048},{\"@type\":\"BreadcrumbList\",\"@id\":\"https:\/\/praguesbarrel.eu\/de\/kontakte\/#breadcrumb\",\"itemListElement\":[{\"@type\":\"ListItem\",\"position\":1,\"name\":\"Startseite\",\"item\":\"https:\/\/praguesbarrel.eu\/de\/\"},{\"@type\":\"ListItem\",\"position\":2,\"name\":\"Kontakte\"}]},{\"@type\":\"WebSite\",\"@id\":\"https:\/\/praguesbarrel.eu\/#website\",\"url\":\"https:\/\/praguesbarrel.eu\/\",\"name\":\"Prague&#039;s Barrel\",\"description\":\"Tournaments\",\"potentialAction\":[{\"@type\":\"SearchAction\",\"target\":{\"@type\":\"EntryPoint\",\"urlTemplate\":\"https:\/\/praguesbarrel.eu\/?s={search_term_string}\"},\"query-input\":\"required name=search_term_string\"}],\"inLanguage\":\"de\"}]}<\/script>\n<!-- \/ Yoast SEO plugin. -->","yoast_head_json":{"title":"Kontakte - Prague&#039;s Barrel","description":"Unser Ziel ist es, dass ihr w\u00e4hrend des Wochenendes eure Alltagsbelastung absch\u00fcttelt, Sport treibt, Spa\u00df habt und dass ihr euch um nichts k\u00fcmmern m\u00fcsst.","robots":{"index":"index","follow":"follow","max-snippet":"max-snippet:-1","max-image-preview":"max-image-preview:large","max-video-preview":"max-video-preview:-1"},"canonical":"https:\/\/praguesbarrel.eu\/de\/kontakte\/","og_locale":"de_DE","og_type":"article","og_title":"Kontakte - Prague&#039;s Barrel","og_description":"Unser Ziel ist es, dass ihr w\u00e4hrend des Wochenendes eure Alltagsbelastung absch\u00fcttelt, Sport treibt, Spa\u00df habt und dass ihr euch um nichts k\u00fcmmern m\u00fcsst.","og_url":"https:\/\/praguesbarrel.eu\/de\/kontakte\/","og_site_name":"Prague&#039;s Barrel","article_modified_time":"2025-07-28T19:29:12+00:00","og_image":[{"width":1368,"height":2048,"url":"http:\/\/praguesbarrel.eu\/y0OH9L\/uploads\/2024\/03\/DSC05023.jpeg","type":"image\/jpeg"}],"twitter_card":"summary_large_image","twitter_misc":{"Gesch\u00e4tzte Lesezeit":"2\u00a0Minuten"},"schema":{"@context":"https:\/\/schema.org","@graph":[{"@type":"WebPage","@id":"https:\/\/praguesbarrel.eu\/de\/kontakte\/","url":"https:\/\/praguesbarrel.eu\/de\/kontakte\/","name":"Kontakte - Prague&#039;s Barrel","isPartOf":{"@id":"https:\/\/praguesbarrel.eu\/#website"},"primaryImageOfPage":{"@id":"https:\/\/praguesbarrel.eu\/de\/kontakte\/#primaryimage"},"image":{"@id":"https:\/\/praguesbarrel.eu\/de\/kontakte\/#primaryimage"},"thumbnailUrl":"https:\/\/praguesbarrel.eu\/y0OH9L\/uploads\/2024\/03\/DSC05023.jpeg","datePublished":"2022-10-09T21:21:20+00:00","dateModified":"2025-07-28T19:29:12+00:00","description":"Unser Ziel ist es, dass ihr w\u00e4hrend des Wochenendes eure Alltagsbelastung absch\u00fcttelt, Sport treibt, Spa\u00df habt und dass ihr euch um nichts k\u00fcmmern m\u00fcsst.","breadcrumb":{"@id":"https:\/\/praguesbarrel.eu\/de\/kontakte\/#breadcrumb"},"inLanguage":"de","potentialAction":[{"@type":"ReadAction","target":["https:\/\/praguesbarrel.eu\/de\/kontakte\/"]}]},{"@type":"ImageObject","inLanguage":"de","@id":"https:\/\/praguesbarrel.eu\/de\/kontakte\/#primaryimage","url":"https:\/\/praguesbarrel.eu\/y0OH9L\/uploads\/2024\/03\/DSC05023.jpeg","contentUrl":"https:\/\/praguesbarrel.eu\/y0OH9L\/uploads\/2024\/03\/DSC05023.jpeg","width":1368,"height":2048},{"@type":"BreadcrumbList","@id":"https:\/\/praguesbarrel.eu\/de\/kontakte\/#breadcrumb","itemListElement":[{"@type":"ListItem","position":1,"name":"Startseite","item":"https:\/\/praguesbarrel.eu\/de\/"},{"@type":"ListItem","position":2,"name":"Kontakte"}]},{"@type":"WebSite","@id":"https:\/\/praguesbarrel.eu\/#website","url":"https:\/\/praguesbarrel.eu\/","name":"Prague&#039;s Barrel","description":"Tournaments","potentialAction":[{"@type":"SearchAction","target":{"@type":"EntryPoint","urlTemplate":"https:\/\/praguesbarrel.eu\/?s={search_term_string}"},"query-input":"required name=search_term_string"}],"inLanguage":"de"}]}},"_links":{"self":[{"href":"https:\/\/praguesbarrel.eu\/de\/wp-json\/wp\/v2\/pages\/61"}],"collection":[{"href":"https:\/\/praguesbarrel.eu\/de\/wp-json\/wp\/v2\/pages"}],"about":[{"href":"https:\/\/praguesbarrel.eu\/de\/wp-json\/wp\/v2\/types\/page"}],"author":[{"embeddable":true,"href":"https:\/\/praguesbarrel.eu\/de\/wp-json\/wp\/v2\/users\/5"}],"replies":[{"embeddable":true,"href":"https:\/\/praguesbarrel.eu\/de\/wp-json\/wp\/v2\/comments?post=61"}],"version-history":[{"count":13,"href":"https:\/\/praguesbarrel.eu\/de\/wp-json\/wp\/v2\/pages\/61\/revisions"}],"predecessor-version":[{"id":1058,"href":"https:\/\/praguesbarrel.eu\/de\/wp-json\/wp\/v2\/pages\/61\/revisions\/1058"}],"wp:featuredmedia":[{"embeddable":true,"href":"https:\/\/praguesbarrel.eu\/de\/wp-json\/wp\/v2\/media\/810"}],"wp:attachment":[{"href":"https:\/\/praguesbarrel.eu\/de\/wp-json\/wp\/v2\/media?parent=61"}],"curies":[{"name":"wp","href":"https:\/\/api.w.org\/{rel}","templated":true}]}}