{"id":252,"date":"2022-12-17T21:14:26","date_gmt":"2022-12-17T20:14:26","guid":{"rendered":"https:\/\/praguesbarrel.eu\/artikel\/10-years-with-pragues-barrel\/"},"modified":"2023-12-05T14:08:43","modified_gmt":"2023-12-05T13:08:43","slug":"10-years-with-pragues-barrel","status":"publish","type":"page","link":"https:\/\/praguesbarrel.eu\/de\/artikel\/10-years-with-pragues-barrel\/","title":{"rendered":"Martin and Barbara"},"content":{"rendered":"<h2>10 YEARS WITH PRAGUE&#8217;S BARREL<\/h2>\n<blockquote><p><em><span style=\"font-weight: 400;\">Two of our colleagues are celebrating their 10th anniversary this year. Why have they joined our team? How are they enjoying the work and will they stay? Read more in the interview with Martin \u017di\u017eka (sports manager) and Barbara Tesa\u0159ov\u00e1 (coordinator for Scandinavian and French speaking countries).<\/span><\/em><\/p><\/blockquote>\n<p><b>How did you hear about Prague\u2019s Barrel?<\/b><\/p>\n<p><i><span style=\"font-weight: 400;\">Martin:<\/span><\/i><span style=\"font-weight: 400;\"> It was 10 years ago at the university, where we were studying. I remember that I went to the doctor that day and they were tearing my toenail and I was thinking about skipping the class. Eventually I came 30 minutes late but it was worth it because at the end of the class Peter and Sofie came. Peter, likeable guy with a kidney bag and Sofie, a little bit strict lady with glasses. They were looking for people to help them with European Company Sport Games and even though the presentation was not that good, the idea sounded pretty awesome to me. So I have signed up for the job. 4 of us signed up and Sofie with Peter took us for testing to the first Prague\u2019s Barrel in June 2011.\u00a0<\/span><\/p>\n<p><i><span style=\"font-weight: 400;\">Barbara:<\/span><\/i><span style=\"font-weight: 400;\"> I do not remember the details at all. Just that I thought the job could be interesting and I wanted to be part of it. I was looking for some extra work by that time so it was great timing. I was really surprised that only 4 of us signed up for it because we were about 90 people in the class together. Before the first Prague\u2019s Barrel some of us went to the European Company Sport Games in Hamburg to have a look and idea on how it will look like in Prague 2 years later. That was good for team building.<\/span><\/p>\n<p><b>What was so interesting about it?<\/b><\/p>\n<p><i><span style=\"font-weight: 400;\">Martin: <\/span><\/i><span style=\"font-weight: 400;\">I had a dull job by that time and I have always wanted to sign up for a work placement in sport. Very interesting for me was the level of responsibility. The idea of organising an event for 5000 participants (European Company Sport Games) was amazing and I wanted to be part of it. I was also amazed by the attitude of the organising team during my first Barrel. I was responsible for transportation. The friendly atmosphere during the tournament was incredible. Nobody was supercilious, everybody was helping the others to reach the goal of satisfied participants. It convinced me that I want to do this.\u00a0<\/span><\/p>\n<p><i><span style=\"font-weight: 400;\">Barbara:<\/span><\/i><span style=\"font-weight: 400;\"> For me it sounded like a great opportunity. We got very big responsibility during the Prague\u2019s Barrel tournaments and Games as well. Nobody would have done that for us. Students or people right after university are inexperienced and companies are treating them as such. But Peter has a totally different approach, lucky us. I was really amazed by the first Barrel tournament with so many different people from different countries. I was responsible for payments and the controlling and since I am a very responsible person, that was a great job.\u00a0<\/span><\/p>\n<p><b>Martin, did you imagine that you would be the head sport manager and one of the most important people at Prague\u2019s Barrel?<\/b><\/p>\n<p><i><span style=\"font-weight: 400;\">Martin:<\/span><\/i><span style=\"font-weight: 400;\"> Not at all. Peter risked very much to do all of this with young inexperienced people. When I think about it now, it was very clever. Experienced people are very careful with all the decisions, because they are aware of the consequences. Persons without experience but with a lot of enthusiasm and good management are excited and taking more risks. They are not afraid. We have dealt with all the challenges. But if I would do all of that now, I would be much more careful and scared.\u00a0<\/span><\/p>\n<p><b>How did you end up like a sports manager for all our tournaments?<\/b><\/p>\n<p><i><span style=\"font-weight: 400;\">Martin:<\/span><\/i><span style=\"font-weight: 400;\"> During the first tournament I was organising the transportation. I have to admit that I think and I know that at the beginning I wasn&#8217;t completely convinced. Sometimes it takes me longer to get used to a new team and I could not have gone to Hamburg with the organising team for the previous Games. But with small steps and ideas I got to the position. When the ice hockey tournaments started to take off I took the job of sports manager there and we were taking turns with Jakub (he was our friend from university too). During our Games I was sports manager together with Jakub. I was also interested in our website, how to make it look better. And slowly I took more and more responsibilities even with Prague\u2019s Barrel. I\u2019m responsible for the website, advertising and email marketing. After the Games Jakub focused mainly on the new project with Peter, laser tag arenas Mercuria. So I was responsible for all the tournaments. I was also slowly taking part in choosing the sports venues and evening locations. I have always cooperated with Peter because his negotiation style and his instinct for choosing people is unreplaceable. But I\u2019m happy that we have earned his trust and he is leaving more and more responsibilities to us.\u00a0<\/span><\/p>\n<p><img loading=\"lazy\" decoding=\"async\" class=\"alignnone size-large wp-image-1965\" src=\"http:\/\/praguesbarrel.eu\/y0OH9L\/uploads\/2014\/11\/LIFE4048-1024x682.jpg\" alt=\"\" width=\"640\" height=\"426\" \/><\/p>\n<p><b>The same question for Barbara, did you imagine to be an important part of the Prague\u2019s Barrel team?\u00a0<\/b><\/p>\n<p><i><span style=\"font-weight: 400;\">Barbara: <\/span><\/i><span style=\"font-weight: 400;\">Not at all. For a long time I was kind of a sidekick in this team. I was doing only payments registration and controlling. But I like the tournament so much so I came to Sofie after my Erasmus stay in Norway, where I learned Norwegian so I understand a bit also Danish and Swedish and I wanted to help with getting new teams to our tournament. Sofie agreed and I took the Scandinavian \u201cmarket\u201d. I have also helped with maintaining the website, writing marketing emails and social media, I took a big focus on Instagram. After some time our colleague, who was responsible for French speaking countries, quitted. I thought okay I was learning French for 10 years, not using it at the moment, but I can get back to it, so I took the challenge and got a French \u201cmarket\u201d. So in comparison with my beginnings I have like 100 times more responsibilities now. <\/span><i><span style=\"font-weight: 400;\">(laugh)<\/span><\/i><span style=\"font-weight: 400;\">\u00a0<\/span><\/p>\n<p><b>You tried all the organising roles during Barrel tournaments. How was it?<\/b><\/p>\n<p><i><span style=\"font-weight: 400;\">Barbara:<\/span><\/i><span style=\"font-weight: 400;\"> Everybody in the tournament is important, every single person. I was lucky to be a coordinator, sports manager and a hostess as well (not at the same time, <\/span><i><span style=\"font-weight: 400;\">laugh<\/span><\/i><span style=\"font-weight: 400;\">). I cannot say somebody has an easier job. I often admire our hostesses because they have to get up early for the first bus to the pitch or arena and I can sleep longer sometimes because I don\u2019t have to be there early. Also it is a big responsibility to take care of a team, our hostesses have to have good managing skills. On the other hand as a coordinator I have to stay informed all the time, I need to know every detail of every team and make everybody happy. Sports manager has a very tough role, he needs to be strict but fair and make difficult decisions. As I have said, everybody is an important part of the team.\u00a0<\/span><\/p>\n<p><b>Did you want to change something about the tournament? Did you get to do it or not?\u00a0<\/b><\/p>\n<p><i><span style=\"font-weight: 400;\">Martin:<\/span><\/i><span style=\"font-weight: 400;\"> We are making some changes all the time but they are small. I personally decided to have music during our Friday boat cruise and that turned out great, amazing parties every time. I have also created a mobile app which is helping the participants. But I think that all of these are not only my ideas but they came from the team\u2019s brainstorming.\u00a0<\/span><\/p>\n<p><i><span style=\"font-weight: 400;\">Barbara:<\/span><\/i><span style=\"font-weight: 400;\"> I focused a lot on the controlling part and built some tables etc. for the process to be smooth. I am trying to boost the social media a bit and engage the participants more. And Also I came up with the idea to do these interviews. <\/span><i><span style=\"font-weight: 400;\">(laugh)\u00a0<\/span><\/i><\/p>\n<p><b>How long do you think you can work on Prague\u2019s Barrel?\u00a0<\/b><\/p>\n<p><i><span style=\"font-weight: 400;\">Martin:<\/span><\/i><span style=\"font-weight: 400;\"> I have already thought about it once. Last year I was kind of happy to be on \u201ccoronavirus pause\u201d because I could focus on my family, I have two little daughters. So I could be at home a lot even though I was working. But when I see our colleague Leo\u0161 I see that there is no age limit for Prague\u2019s Barrel, you just have to keep the right Barrel spirit. Once I was thinking about whether I want to continue with Prague\u2019s Barrel but I know I want to! The atmosphere during tournaments is incredible and it is a boost for me.\u00a0<\/span><\/p>\n<p><i><span style=\"font-weight: 400;\">Barbara:<\/span><\/i><span style=\"font-weight: 400;\"> Martin has an advantage to be a man. <\/span><i><span style=\"font-weight: 400;\">(laugh)<\/span><\/i><span style=\"font-weight: 400;\"> To always be the smiling and charming part of the tournament is a little bit worse role to keep at a certain age. But I hope I can be here as long as possible.\u00a0<\/span><\/p>\n","protected":false},"excerpt":{"rendered":"<p>10 YEARS WITH PRAGUE&#8217;S BARREL Two of our colleagues are celebrating their 10th anniversary this year. Why have they joined our team? How are they enjoying the work and will they stay? Read more in the interview with Martin \u017di\u017eka (sports manager) and Barbara Tesa\u0159ov\u00e1 (coordinator for Scandinavian and French speaking countries). How did you&#8230;<\/p>\n","protected":false},"author":3,"featured_media":246,"parent":138,"menu_order":0,"comment_status":"closed","ping_status":"closed","template":"templates\/with-sidebar.php","meta":{"footnotes":""},"yoast_head":"<!-- This site is optimized with the Yoast SEO plugin v22.5 - https:\/\/yoast.com\/wordpress\/plugins\/seo\/ -->\n<title>Martin and Barbara - Prague&#039;s Barrel<\/title>\n<meta name=\"description\" content=\"Two of our colleagues are celebrating their 10th anniversary this year. Why have they joined our team? How are they enjoying the work and will they stay?\" \/>\n<meta name=\"robots\" content=\"index, follow, max-snippet:-1, max-image-preview:large, max-video-preview:-1\" \/>\n<link rel=\"canonical\" href=\"https:\/\/praguesbarrel.eu\/de\/artikel\/10-years-with-pragues-barrel\/\" \/>\n<meta property=\"og:locale\" content=\"de_DE\" \/>\n<meta property=\"og:type\" content=\"article\" \/>\n<meta property=\"og:title\" content=\"Martin and Barbara - Prague&#039;s Barrel\" \/>\n<meta property=\"og:description\" content=\"Two of our colleagues are celebrating their 10th anniversary this year. Why have they joined our team? How are they enjoying the work and will they stay?\" \/>\n<meta property=\"og:url\" content=\"https:\/\/praguesbarrel.eu\/de\/artikel\/10-years-with-pragues-barrel\/\" \/>\n<meta property=\"og:site_name\" content=\"Prague&#039;s Barrel\" \/>\n<meta property=\"article:modified_time\" content=\"2023-12-05T13:08:43+00:00\" \/>\n<meta property=\"og:image\" content=\"http:\/\/praguesbarrel.eu\/y0OH9L\/uploads\/2022\/12\/2016-06-30-22.07.49-300x200-1.jpg\" \/>\n\t<meta property=\"og:image:width\" content=\"300\" \/>\n\t<meta property=\"og:image:height\" content=\"200\" \/>\n\t<meta property=\"og:image:type\" content=\"image\/jpeg\" \/>\n<meta name=\"twitter:card\" content=\"summary_large_image\" \/>\n<meta name=\"twitter:label1\" content=\"Gesch\u00e4tzte Lesezeit\" \/>\n\t<meta name=\"twitter:data1\" content=\"7\u00a0Minuten\" \/>\n<script type=\"application\/ld+json\" class=\"yoast-schema-graph\">{\"@context\":\"https:\/\/schema.org\",\"@graph\":[{\"@type\":\"WebPage\",\"@id\":\"https:\/\/praguesbarrel.eu\/de\/artikel\/10-years-with-pragues-barrel\/\",\"url\":\"https:\/\/praguesbarrel.eu\/de\/artikel\/10-years-with-pragues-barrel\/\",\"name\":\"Martin and Barbara - Prague&#039;s Barrel\",\"isPartOf\":{\"@id\":\"https:\/\/praguesbarrel.eu\/#website\"},\"primaryImageOfPage\":{\"@id\":\"https:\/\/praguesbarrel.eu\/de\/artikel\/10-years-with-pragues-barrel\/#primaryimage\"},\"image\":{\"@id\":\"https:\/\/praguesbarrel.eu\/de\/artikel\/10-years-with-pragues-barrel\/#primaryimage\"},\"thumbnailUrl\":\"https:\/\/praguesbarrel.eu\/y0OH9L\/uploads\/2022\/12\/2016-06-30-22.07.49-300x200-1.jpg\",\"datePublished\":\"2022-12-17T20:14:26+00:00\",\"dateModified\":\"2023-12-05T13:08:43+00:00\",\"description\":\"Two of our colleagues are celebrating their 10th anniversary this year. Why have they joined our team? How are they enjoying the work and will they stay?\",\"breadcrumb\":{\"@id\":\"https:\/\/praguesbarrel.eu\/de\/artikel\/10-years-with-pragues-barrel\/#breadcrumb\"},\"inLanguage\":\"de\",\"potentialAction\":[{\"@type\":\"ReadAction\",\"target\":[\"https:\/\/praguesbarrel.eu\/de\/artikel\/10-years-with-pragues-barrel\/\"]}]},{\"@type\":\"ImageObject\",\"inLanguage\":\"de\",\"@id\":\"https:\/\/praguesbarrel.eu\/de\/artikel\/10-years-with-pragues-barrel\/#primaryimage\",\"url\":\"https:\/\/praguesbarrel.eu\/y0OH9L\/uploads\/2022\/12\/2016-06-30-22.07.49-300x200-1.jpg\",\"contentUrl\":\"https:\/\/praguesbarrel.eu\/y0OH9L\/uploads\/2022\/12\/2016-06-30-22.07.49-300x200-1.jpg\",\"width\":300,\"height\":200},{\"@type\":\"BreadcrumbList\",\"@id\":\"https:\/\/praguesbarrel.eu\/de\/artikel\/10-years-with-pragues-barrel\/#breadcrumb\",\"itemListElement\":[{\"@type\":\"ListItem\",\"position\":1,\"name\":\"Startseite\",\"item\":\"https:\/\/praguesbarrel.eu\/de\/\"},{\"@type\":\"ListItem\",\"position\":2,\"name\":\"Artikel\",\"item\":\"https:\/\/praguesbarrel.eu\/de\/artikel\/\"},{\"@type\":\"ListItem\",\"position\":3,\"name\":\"Martin and Barbara\"}]},{\"@type\":\"WebSite\",\"@id\":\"https:\/\/praguesbarrel.eu\/#website\",\"url\":\"https:\/\/praguesbarrel.eu\/\",\"name\":\"Prague&#039;s Barrel\",\"description\":\"Tournaments\",\"potentialAction\":[{\"@type\":\"SearchAction\",\"target\":{\"@type\":\"EntryPoint\",\"urlTemplate\":\"https:\/\/praguesbarrel.eu\/?s={search_term_string}\"},\"query-input\":\"required name=search_term_string\"}],\"inLanguage\":\"de\"}]}<\/script>\n<!-- \/ Yoast SEO plugin. -->","yoast_head_json":{"title":"Martin and Barbara - Prague&#039;s Barrel","description":"Two of our colleagues are celebrating their 10th anniversary this year. Why have they joined our team? How are they enjoying the work and will they stay?","robots":{"index":"index","follow":"follow","max-snippet":"max-snippet:-1","max-image-preview":"max-image-preview:large","max-video-preview":"max-video-preview:-1"},"canonical":"https:\/\/praguesbarrel.eu\/de\/artikel\/10-years-with-pragues-barrel\/","og_locale":"de_DE","og_type":"article","og_title":"Martin and Barbara - Prague&#039;s Barrel","og_description":"Two of our colleagues are celebrating their 10th anniversary this year. Why have they joined our team? How are they enjoying the work and will they stay?","og_url":"https:\/\/praguesbarrel.eu\/de\/artikel\/10-years-with-pragues-barrel\/","og_site_name":"Prague&#039;s Barrel","article_modified_time":"2023-12-05T13:08:43+00:00","og_image":[{"width":300,"height":200,"url":"http:\/\/praguesbarrel.eu\/y0OH9L\/uploads\/2022\/12\/2016-06-30-22.07.49-300x200-1.jpg","type":"image\/jpeg"}],"twitter_card":"summary_large_image","twitter_misc":{"Gesch\u00e4tzte Lesezeit":"7\u00a0Minuten"},"schema":{"@context":"https:\/\/schema.org","@graph":[{"@type":"WebPage","@id":"https:\/\/praguesbarrel.eu\/de\/artikel\/10-years-with-pragues-barrel\/","url":"https:\/\/praguesbarrel.eu\/de\/artikel\/10-years-with-pragues-barrel\/","name":"Martin and Barbara - Prague&#039;s Barrel","isPartOf":{"@id":"https:\/\/praguesbarrel.eu\/#website"},"primaryImageOfPage":{"@id":"https:\/\/praguesbarrel.eu\/de\/artikel\/10-years-with-pragues-barrel\/#primaryimage"},"image":{"@id":"https:\/\/praguesbarrel.eu\/de\/artikel\/10-years-with-pragues-barrel\/#primaryimage"},"thumbnailUrl":"https:\/\/praguesbarrel.eu\/y0OH9L\/uploads\/2022\/12\/2016-06-30-22.07.49-300x200-1.jpg","datePublished":"2022-12-17T20:14:26+00:00","dateModified":"2023-12-05T13:08:43+00:00","description":"Two of our colleagues are celebrating their 10th anniversary this year. Why have they joined our team? How are they enjoying the work and will they stay?","breadcrumb":{"@id":"https:\/\/praguesbarrel.eu\/de\/artikel\/10-years-with-pragues-barrel\/#breadcrumb"},"inLanguage":"de","potentialAction":[{"@type":"ReadAction","target":["https:\/\/praguesbarrel.eu\/de\/artikel\/10-years-with-pragues-barrel\/"]}]},{"@type":"ImageObject","inLanguage":"de","@id":"https:\/\/praguesbarrel.eu\/de\/artikel\/10-years-with-pragues-barrel\/#primaryimage","url":"https:\/\/praguesbarrel.eu\/y0OH9L\/uploads\/2022\/12\/2016-06-30-22.07.49-300x200-1.jpg","contentUrl":"https:\/\/praguesbarrel.eu\/y0OH9L\/uploads\/2022\/12\/2016-06-30-22.07.49-300x200-1.jpg","width":300,"height":200},{"@type":"BreadcrumbList","@id":"https:\/\/praguesbarrel.eu\/de\/artikel\/10-years-with-pragues-barrel\/#breadcrumb","itemListElement":[{"@type":"ListItem","position":1,"name":"Startseite","item":"https:\/\/praguesbarrel.eu\/de\/"},{"@type":"ListItem","position":2,"name":"Artikel","item":"https:\/\/praguesbarrel.eu\/de\/artikel\/"},{"@type":"ListItem","position":3,"name":"Martin and Barbara"}]},{"@type":"WebSite","@id":"https:\/\/praguesbarrel.eu\/#website","url":"https:\/\/praguesbarrel.eu\/","name":"Prague&#039;s Barrel","description":"Tournaments","potentialAction":[{"@type":"SearchAction","target":{"@type":"EntryPoint","urlTemplate":"https:\/\/praguesbarrel.eu\/?s={search_term_string}"},"query-input":"required name=search_term_string"}],"inLanguage":"de"}]}},"_links":{"self":[{"href":"https:\/\/praguesbarrel.eu\/de\/wp-json\/wp\/v2\/pages\/252"}],"collection":[{"href":"https:\/\/praguesbarrel.eu\/de\/wp-json\/wp\/v2\/pages"}],"about":[{"href":"https:\/\/praguesbarrel.eu\/de\/wp-json\/wp\/v2\/types\/page"}],"author":[{"embeddable":true,"href":"https:\/\/praguesbarrel.eu\/de\/wp-json\/wp\/v2\/users\/3"}],"replies":[{"embeddable":true,"href":"https:\/\/praguesbarrel.eu\/de\/wp-json\/wp\/v2\/comments?post=252"}],"version-history":[{"count":3,"href":"https:\/\/praguesbarrel.eu\/de\/wp-json\/wp\/v2\/pages\/252\/revisions"}],"predecessor-version":[{"id":389,"href":"https:\/\/praguesbarrel.eu\/de\/wp-json\/wp\/v2\/pages\/252\/revisions\/389"}],"up":[{"embeddable":true,"href":"https:\/\/praguesbarrel.eu\/de\/wp-json\/wp\/v2\/pages\/138"}],"wp:featuredmedia":[{"embeddable":true,"href":"https:\/\/praguesbarrel.eu\/de\/wp-json\/wp\/v2\/media\/246"}],"wp:attachment":[{"href":"https:\/\/praguesbarrel.eu\/de\/wp-json\/wp\/v2\/media?parent=252"}],"curies":[{"name":"wp","href":"https:\/\/api.w.org\/{rel}","templated":true}]}}