{"id":138,"date":"2022-12-17T21:02:49","date_gmt":"2022-12-17T20:02:49","guid":{"rendered":"https:\/\/praguesbarrel.eu\/?page_id=138"},"modified":"2024-12-20T12:39:16","modified_gmt":"2024-12-20T11:39:16","slug":"artikel","status":"publish","type":"page","link":"https:\/\/praguesbarrel.eu\/de\/artikel\/","title":{"rendered":"Artikel"},"content":{"rendered":"<p>M\u00f6chten Sie mehr \u00fcber unsere Turniere erfahren? Wie l\u00e4uft es, was sind unsere Erfahrungen und Interessantes hinter den Kulissen? Tauchen Sie ein in Interviews mit unseren Veranstaltern, Hostessen und weiteren Artikeln, die wir f\u00fcr Sie vorbereitet haben.<\/p>\n<p>Wir danken auch f\u00fcr die gro\u00dfartigen Artikel, die in Belgien (<a href=\"http:\/\/praguesbarrel.eu\/y0OH9L\/uploads\/2021\/09\/20210903_La-Derniere-Heure-Liege_p-27.pdf\">Li\u00e8ge<\/a>, <a href=\"http:\/\/praguesbarrel.eu\/y0OH9L\/uploads\/2021\/09\/20210831_Sud-Presse_p-26.pdf\">Sud Presse<\/a>), <a href=\"https:\/\/www.lechodemaskinonge.com\/infolettre\/une-experience-inoubliable-pour-des-hockeyeurs-de-saint-boniface\/\">Kanada<\/a>, <a href=\"https:\/\/mypovazska.sme.sk\/c\/20791133\/suboj-s-rusmi-ukoncil-utok-na-rozhodcu.html\">Slowakei<\/a> und Italien (<a href=\"http:\/\/www.hockeytime.net\/2015\/11\/22\/trionfo-russo-nel-primo-round-del-barile-praghese-2016\/\">Hockeytime 2015<\/a>, <a href=\"http:\/\/www.hockeytime.net\/2014\/11\/18\/il-barile-praghese-fa-poker-al-via-il-primo-round\/\">2014<\/a>, <a href=\"https:\/\/www.fanoinforma.it\/calcio-e-birra-i-fanesi-della-top-argento-secondi-al-pragues-barrel-di-praga\/\">Fano in Forma<\/a>) \u00fcber uns ver\u00f6ffentlicht wurden.<\/p>\n<p><img loading=\"lazy\" decoding=\"async\" class=\"alignnone size-large wp-image-460\" src=\"http:\/\/praguesbarrel.eu\/y0OH9L\/uploads\/2023\/01\/PBT2_ceremony-103-1-1024x683.jpeg\" alt=\"\" width=\"640\" height=\"427\" srcset=\"https:\/\/praguesbarrel.eu\/y0OH9L\/uploads\/2023\/01\/PBT2_ceremony-103-1-1024x683.jpeg 1024w, https:\/\/praguesbarrel.eu\/y0OH9L\/uploads\/2023\/01\/PBT2_ceremony-103-1-300x200.jpeg 300w, https:\/\/praguesbarrel.eu\/y0OH9L\/uploads\/2023\/01\/PBT2_ceremony-103-1-768x512.jpeg 768w, https:\/\/praguesbarrel.eu\/y0OH9L\/uploads\/2023\/01\/PBT2_ceremony-103-1-1536x1024.jpeg 1536w, https:\/\/praguesbarrel.eu\/y0OH9L\/uploads\/2023\/01\/PBT2_ceremony-103-1.jpeg 1698w\" sizes=\"(max-width: 640px) 100vw, 640px\" \/><\/p>\n","protected":false},"excerpt":{"rendered":"<p>M\u00f6chten Sie mehr \u00fcber unsere Turniere erfahren? Wie l\u00e4uft es, was sind unsere Erfahrungen und Interessantes hinter den Kulissen? Tauchen Sie ein in Interviews mit unseren Veranstaltern, Hostessen und weiteren Artikeln, die wir f\u00fcr Sie vorbereitet haben. Wir danken auch f\u00fcr die gro\u00dfartigen Artikel, die in Belgien (Li\u00e8ge, Sud Presse), Kanada, Slowakei und Italien (Hockeytime&#8230;<\/p>\n","protected":false},"author":3,"featured_media":288,"parent":0,"menu_order":0,"comment_status":"closed","ping_status":"closed","template":"templates\/with-sidebar.php","meta":{"footnotes":""},"yoast_head":"<!-- This site is optimized with the Yoast SEO plugin v22.5 - https:\/\/yoast.com\/wordpress\/plugins\/seo\/ -->\n<title>Artikel - Prague&#039;s Barrel<\/title>\n<meta name=\"description\" content=\"M\u00f6chten Sie mehr \u00fcber unsere Turniere erfahren?\u00a0Tauchen Sie ein in Interviews mit unseren Veranstaltern, Hostessen und weiteren Artikeln.\" \/>\n<meta name=\"robots\" content=\"index, follow, max-snippet:-1, max-image-preview:large, max-video-preview:-1\" \/>\n<link rel=\"canonical\" href=\"https:\/\/praguesbarrel.eu\/de\/artikel\/\" \/>\n<meta property=\"og:locale\" content=\"de_DE\" \/>\n<meta property=\"og:type\" content=\"article\" \/>\n<meta property=\"og:title\" content=\"Artikel - Prague&#039;s Barrel\" \/>\n<meta property=\"og:description\" content=\"M\u00f6chten Sie mehr \u00fcber unsere Turniere erfahren?\u00a0Tauchen Sie ein in Interviews mit unseren Veranstaltern, Hostessen und weiteren Artikeln.\" \/>\n<meta property=\"og:url\" content=\"https:\/\/praguesbarrel.eu\/de\/artikel\/\" \/>\n<meta property=\"og:site_name\" content=\"Prague&#039;s Barrel\" \/>\n<meta property=\"article:modified_time\" content=\"2024-12-20T11:39:16+00:00\" \/>\n<meta property=\"og:image\" content=\"http:\/\/praguesbarrel.eu\/y0OH9L\/uploads\/2022\/12\/MG_3597-300x200-1.jpg\" \/>\n\t<meta property=\"og:image:width\" content=\"300\" \/>\n\t<meta property=\"og:image:height\" content=\"200\" \/>\n\t<meta property=\"og:image:type\" content=\"image\/jpeg\" \/>\n<meta name=\"twitter:card\" content=\"summary_large_image\" \/>\n<meta name=\"twitter:label1\" content=\"Gesch\u00e4tzte Lesezeit\" \/>\n\t<meta name=\"twitter:data1\" content=\"1\u00a0Minute\" \/>\n<script type=\"application\/ld+json\" class=\"yoast-schema-graph\">{\"@context\":\"https:\/\/schema.org\",\"@graph\":[{\"@type\":\"WebPage\",\"@id\":\"https:\/\/praguesbarrel.eu\/de\/artikel\/\",\"url\":\"https:\/\/praguesbarrel.eu\/de\/artikel\/\",\"name\":\"Artikel - Prague&#039;s Barrel\",\"isPartOf\":{\"@id\":\"https:\/\/praguesbarrel.eu\/#website\"},\"primaryImageOfPage\":{\"@id\":\"https:\/\/praguesbarrel.eu\/de\/artikel\/#primaryimage\"},\"image\":{\"@id\":\"https:\/\/praguesbarrel.eu\/de\/artikel\/#primaryimage\"},\"thumbnailUrl\":\"https:\/\/praguesbarrel.eu\/y0OH9L\/uploads\/2022\/12\/MG_3597-300x200-1.jpg\",\"datePublished\":\"2022-12-17T20:02:49+00:00\",\"dateModified\":\"2024-12-20T11:39:16+00:00\",\"description\":\"M\u00f6chten Sie mehr \u00fcber unsere Turniere erfahren?\u00a0Tauchen Sie ein in Interviews mit unseren Veranstaltern, Hostessen und weiteren Artikeln.\",\"breadcrumb\":{\"@id\":\"https:\/\/praguesbarrel.eu\/de\/artikel\/#breadcrumb\"},\"inLanguage\":\"de\",\"potentialAction\":[{\"@type\":\"ReadAction\",\"target\":[\"https:\/\/praguesbarrel.eu\/de\/artikel\/\"]}]},{\"@type\":\"ImageObject\",\"inLanguage\":\"de\",\"@id\":\"https:\/\/praguesbarrel.eu\/de\/artikel\/#primaryimage\",\"url\":\"https:\/\/praguesbarrel.eu\/y0OH9L\/uploads\/2022\/12\/MG_3597-300x200-1.jpg\",\"contentUrl\":\"https:\/\/praguesbarrel.eu\/y0OH9L\/uploads\/2022\/12\/MG_3597-300x200-1.jpg\",\"width\":300,\"height\":200},{\"@type\":\"BreadcrumbList\",\"@id\":\"https:\/\/praguesbarrel.eu\/de\/artikel\/#breadcrumb\",\"itemListElement\":[{\"@type\":\"ListItem\",\"position\":1,\"name\":\"Startseite\",\"item\":\"https:\/\/praguesbarrel.eu\/de\/\"},{\"@type\":\"ListItem\",\"position\":2,\"name\":\"Artikel\"}]},{\"@type\":\"WebSite\",\"@id\":\"https:\/\/praguesbarrel.eu\/#website\",\"url\":\"https:\/\/praguesbarrel.eu\/\",\"name\":\"Prague&#039;s Barrel\",\"description\":\"Tournaments\",\"potentialAction\":[{\"@type\":\"SearchAction\",\"target\":{\"@type\":\"EntryPoint\",\"urlTemplate\":\"https:\/\/praguesbarrel.eu\/?s={search_term_string}\"},\"query-input\":\"required name=search_term_string\"}],\"inLanguage\":\"de\"}]}<\/script>\n<!-- \/ Yoast SEO plugin. -->","yoast_head_json":{"title":"Artikel - Prague&#039;s Barrel","description":"M\u00f6chten Sie mehr \u00fcber unsere Turniere erfahren?\u00a0Tauchen Sie ein in Interviews mit unseren Veranstaltern, Hostessen und weiteren Artikeln.","robots":{"index":"index","follow":"follow","max-snippet":"max-snippet:-1","max-image-preview":"max-image-preview:large","max-video-preview":"max-video-preview:-1"},"canonical":"https:\/\/praguesbarrel.eu\/de\/artikel\/","og_locale":"de_DE","og_type":"article","og_title":"Artikel - Prague&#039;s Barrel","og_description":"M\u00f6chten Sie mehr \u00fcber unsere Turniere erfahren?\u00a0Tauchen Sie ein in Interviews mit unseren Veranstaltern, Hostessen und weiteren Artikeln.","og_url":"https:\/\/praguesbarrel.eu\/de\/artikel\/","og_site_name":"Prague&#039;s Barrel","article_modified_time":"2024-12-20T11:39:16+00:00","og_image":[{"width":300,"height":200,"url":"http:\/\/praguesbarrel.eu\/y0OH9L\/uploads\/2022\/12\/MG_3597-300x200-1.jpg","type":"image\/jpeg"}],"twitter_card":"summary_large_image","twitter_misc":{"Gesch\u00e4tzte Lesezeit":"1\u00a0Minute"},"schema":{"@context":"https:\/\/schema.org","@graph":[{"@type":"WebPage","@id":"https:\/\/praguesbarrel.eu\/de\/artikel\/","url":"https:\/\/praguesbarrel.eu\/de\/artikel\/","name":"Artikel - Prague&#039;s Barrel","isPartOf":{"@id":"https:\/\/praguesbarrel.eu\/#website"},"primaryImageOfPage":{"@id":"https:\/\/praguesbarrel.eu\/de\/artikel\/#primaryimage"},"image":{"@id":"https:\/\/praguesbarrel.eu\/de\/artikel\/#primaryimage"},"thumbnailUrl":"https:\/\/praguesbarrel.eu\/y0OH9L\/uploads\/2022\/12\/MG_3597-300x200-1.jpg","datePublished":"2022-12-17T20:02:49+00:00","dateModified":"2024-12-20T11:39:16+00:00","description":"M\u00f6chten Sie mehr \u00fcber unsere Turniere erfahren?\u00a0Tauchen Sie ein in Interviews mit unseren Veranstaltern, Hostessen und weiteren Artikeln.","breadcrumb":{"@id":"https:\/\/praguesbarrel.eu\/de\/artikel\/#breadcrumb"},"inLanguage":"de","potentialAction":[{"@type":"ReadAction","target":["https:\/\/praguesbarrel.eu\/de\/artikel\/"]}]},{"@type":"ImageObject","inLanguage":"de","@id":"https:\/\/praguesbarrel.eu\/de\/artikel\/#primaryimage","url":"https:\/\/praguesbarrel.eu\/y0OH9L\/uploads\/2022\/12\/MG_3597-300x200-1.jpg","contentUrl":"https:\/\/praguesbarrel.eu\/y0OH9L\/uploads\/2022\/12\/MG_3597-300x200-1.jpg","width":300,"height":200},{"@type":"BreadcrumbList","@id":"https:\/\/praguesbarrel.eu\/de\/artikel\/#breadcrumb","itemListElement":[{"@type":"ListItem","position":1,"name":"Startseite","item":"https:\/\/praguesbarrel.eu\/de\/"},{"@type":"ListItem","position":2,"name":"Artikel"}]},{"@type":"WebSite","@id":"https:\/\/praguesbarrel.eu\/#website","url":"https:\/\/praguesbarrel.eu\/","name":"Prague&#039;s Barrel","description":"Tournaments","potentialAction":[{"@type":"SearchAction","target":{"@type":"EntryPoint","urlTemplate":"https:\/\/praguesbarrel.eu\/?s={search_term_string}"},"query-input":"required name=search_term_string"}],"inLanguage":"de"}]}},"_links":{"self":[{"href":"https:\/\/praguesbarrel.eu\/de\/wp-json\/wp\/v2\/pages\/138"}],"collection":[{"href":"https:\/\/praguesbarrel.eu\/de\/wp-json\/wp\/v2\/pages"}],"about":[{"href":"https:\/\/praguesbarrel.eu\/de\/wp-json\/wp\/v2\/types\/page"}],"author":[{"embeddable":true,"href":"https:\/\/praguesbarrel.eu\/de\/wp-json\/wp\/v2\/users\/3"}],"replies":[{"embeddable":true,"href":"https:\/\/praguesbarrel.eu\/de\/wp-json\/wp\/v2\/comments?post=138"}],"version-history":[{"count":7,"href":"https:\/\/praguesbarrel.eu\/de\/wp-json\/wp\/v2\/pages\/138\/revisions"}],"predecessor-version":[{"id":1039,"href":"https:\/\/praguesbarrel.eu\/de\/wp-json\/wp\/v2\/pages\/138\/revisions\/1039"}],"wp:featuredmedia":[{"embeddable":true,"href":"https:\/\/praguesbarrel.eu\/de\/wp-json\/wp\/v2\/media\/288"}],"wp:attachment":[{"href":"https:\/\/praguesbarrel.eu\/de\/wp-json\/wp\/v2\/media?parent=138"}],"curies":[{"name":"wp","href":"https:\/\/api.w.org\/{rel}","templated":true}]}}