{"id":128,"date":"2022-12-17T20:59:52","date_gmt":"2022-12-17T19:59:52","guid":{"rendered":"https:\/\/praguesbarrel.eu\/marketa-pragues-barrel-helps-me-to-turn-my-mind-off-things\/"},"modified":"2023-12-11T22:02:18","modified_gmt":"2023-12-11T21:02:18","slug":"marketa-pragues-barrel-helps-me-to-turn-my-mind-off-things","status":"publish","type":"page","link":"https:\/\/praguesbarrel.eu\/de\/artikel\/marketa-pragues-barrel-helps-me-to-turn-my-mind-off-things\/","title":{"rendered":"Mark\u00e9ta"},"content":{"rendered":"<h2>Prague\u2019s Barrel Mi pom\u00e1h\u00e1 vypnout<\/h2>\n<blockquote><p><em>Mark\u00e9ta je jednou z na\u0161ich loaj\u00e1ln\u00edch hostesek. Je s n\u00e1mi od roku 2016 a b\u00fdv\u00e1 na t\u00e9m\u011b\u0159 ka\u017ed\u00e9m turnaji v roce. T\u00fdmy ji miluj\u00ed a vrac\u00ed se jen, aby ji zase vid\u011bly! Jak n\u00e1\u0161 turnaj vypad\u00e1 o\u010dima hostesky?<\/em><\/p><\/blockquote>\n<p><strong>Jak\u00fd byl tv\u016fj prvn\u00ed turnaj?<\/strong><\/p>\n<p>Bylo to v l\u00e9t\u011b roku 2016, fotbal. Um\u00edm trochu francouzsky, tak jsem dostala t\u00fdm ze \u0160v\u00fdcarska. Uk\u00e1zalo se ov\u0161em, \u017ee to byli italsky mluv\u00edc\u00ed \u0160v\u00fdca\u0159i, ale po p\u00e1r pivech jsem zvl\u00e1dla i to. <em>(sm\u00edch) <\/em>Zkamar\u00e1dili jsme se a je\u0161t\u011b pak p\u00e1rkr\u00e1t na turnaj p\u0159ijeli.<\/p>\n<p><strong>Co si o turnaj\u00edch mysl\u00ed\u0161?<\/strong><\/p>\n<p>R\u00e1da pozn\u00e1v\u00e1m nov\u00e9 lidi, nov\u00e9 n\u00e1rodnosti, piju pivo a r\u00e1da se bav\u00edm, tak\u017ee je to pro m\u011b perfektn\u00ed.<\/p>\n<p><strong>Co se ti u n\u00e1s nejv\u00edce l\u00edb\u00ed?<\/strong><\/p>\n<p>Vrac\u00edm se, proto\u017ee je to z\u00e1bava. M\u00e1m i norm\u00e1ln\u00ed zam\u011bstn\u00e1n\u00ed a turnaje mi pom\u00e1haj\u00ed vypnout, odst\u0159ihnout se a u\u017e\u00edvat si dobrou spole\u010dnost, pop\u00edt p\u00e1r piv, zlep\u0161it si jazykovou v\u00fdbavu a obout si na t\u0159i noci tane\u010dn\u00ed boty.<\/p>\n<p><img loading=\"lazy\" decoding=\"async\" class=\"alignnone size-large wp-image-48977\" src=\"http:\/\/praguesbarrel.eu\/y0OH9L\/uploads\/2022\/05\/PBT_ceremony-77-1024x683.jpeg\" alt=\"\" width=\"640\" height=\"427\" \/><\/p>\n<p><strong>Jak dlouho si mysl\u00ed\u0161, \u017ee bude\u0161 je\u0161t\u011b na Barrelu pracovat?<\/strong><\/p>\n<p>Z\u016fstanu dokud se mi budou vracet t\u00fdmy.<\/p>\n<p><strong>Na\u0161la sis tu dobr\u00e9 p\u0159\u00e1tele?<\/strong><\/p>\n<p>Mezi hosteskami jsem na\u0161la sv\u00e9 nejlep\u0161\u00ed kamar\u00e1dky. I kdy\u017e se n\u011bkdo u\u017e t\u0159eba odpojil, st\u00e1le jsme v kontaktu. Samoz\u0159ejm\u011b m\u00e1m mnoho p\u0159\u00e1tel i z \u0159ad t\u00fdm\u016f, jsme v kontaktu, n\u011bkoho jezd\u00edm i nav\u0161t\u011bvovat, klidn\u011b do Kanady.<\/p>\n<p><strong>M\u00e1\u0161 n\u011bjak\u00e9 vtipn\u00e9 vzpom\u00ednky?<\/strong><\/p>\n<p>Vtipn\u00e9 vzpom\u00ednky&#8230; Asi jsem st\u00e1le jedin\u00e1, kdo ztratil hr\u00e1\u010de na nejdel\u0161\u00ed mo\u017enou vzd\u00e1lenost. Potkal ve\u010der holku a jel s n\u00ed a\u017e na Slovensko, ale ten sam\u00fd den se je\u0161t\u011b zvl\u00e1dl vr\u00e1tit do \u010cech. <em>(sm\u00edch)<\/em><\/p>\n","protected":false},"excerpt":{"rendered":"<p>Prague\u2019s Barrel Mi pom\u00e1h\u00e1 vypnout Mark\u00e9ta je jednou z na\u0161ich loaj\u00e1ln\u00edch hostesek. Je s n\u00e1mi od roku 2016 a b\u00fdv\u00e1 na t\u00e9m\u011b\u0159 ka\u017ed\u00e9m turnaji v roce. T\u00fdmy ji miluj\u00ed a vrac\u00ed se jen, aby ji zase vid\u011bly! Jak n\u00e1\u0161 turnaj vypad\u00e1 o\u010dima hostesky? Jak\u00fd byl tv\u016fj prvn\u00ed turnaj? Bylo to v l\u00e9t\u011b roku 2016, fotbal&#8230;.<\/p>\n","protected":false},"author":3,"featured_media":122,"parent":138,"menu_order":0,"comment_status":"closed","ping_status":"closed","template":"templates\/with-sidebar.php","meta":{"footnotes":""},"yoast_head":"<!-- This site is optimized with the Yoast SEO plugin v22.5 - https:\/\/yoast.com\/wordpress\/plugins\/seo\/ -->\n<title>Mark\u00e9ta - Prague&#039;s Barrel<\/title>\n<meta name=\"description\" content=\"Mark\u00e9ta is one of our loyal hostesses. She is with us from 2016 and she is present on almost all the tournaments during the year.\" \/>\n<meta name=\"robots\" content=\"index, follow, max-snippet:-1, max-image-preview:large, max-video-preview:-1\" \/>\n<link rel=\"canonical\" href=\"https:\/\/praguesbarrel.eu\/de\/artikel\/marketa-pragues-barrel-helps-me-to-turn-my-mind-off-things\/\" \/>\n<meta property=\"og:locale\" content=\"de_DE\" \/>\n<meta property=\"og:type\" content=\"article\" \/>\n<meta property=\"og:title\" content=\"Mark\u00e9ta - Prague&#039;s Barrel\" \/>\n<meta property=\"og:description\" content=\"Mark\u00e9ta is one of our loyal hostesses. She is with us from 2016 and she is present on almost all the tournaments during the year.\" \/>\n<meta property=\"og:url\" content=\"https:\/\/praguesbarrel.eu\/de\/artikel\/marketa-pragues-barrel-helps-me-to-turn-my-mind-off-things\/\" \/>\n<meta property=\"og:site_name\" content=\"Prague&#039;s Barrel\" \/>\n<meta property=\"article:modified_time\" content=\"2023-12-11T21:02:18+00:00\" \/>\n<meta property=\"og:image\" content=\"http:\/\/praguesbarrel.eu\/y0OH9L\/uploads\/2022\/12\/life-1436-300x200-1.jpeg\" \/>\n\t<meta property=\"og:image:width\" content=\"300\" \/>\n\t<meta property=\"og:image:height\" content=\"200\" \/>\n\t<meta property=\"og:image:type\" content=\"image\/jpeg\" \/>\n<meta name=\"twitter:card\" content=\"summary_large_image\" \/>\n<meta name=\"twitter:label1\" content=\"Gesch\u00e4tzte Lesezeit\" \/>\n\t<meta name=\"twitter:data1\" content=\"2\u00a0Minuten\" \/>\n<script type=\"application\/ld+json\" class=\"yoast-schema-graph\">{\"@context\":\"https:\/\/schema.org\",\"@graph\":[{\"@type\":\"WebPage\",\"@id\":\"https:\/\/praguesbarrel.eu\/de\/artikel\/marketa-pragues-barrel-helps-me-to-turn-my-mind-off-things\/\",\"url\":\"https:\/\/praguesbarrel.eu\/de\/artikel\/marketa-pragues-barrel-helps-me-to-turn-my-mind-off-things\/\",\"name\":\"Mark\u00e9ta - Prague&#039;s Barrel\",\"isPartOf\":{\"@id\":\"https:\/\/praguesbarrel.eu\/#website\"},\"primaryImageOfPage\":{\"@id\":\"https:\/\/praguesbarrel.eu\/de\/artikel\/marketa-pragues-barrel-helps-me-to-turn-my-mind-off-things\/#primaryimage\"},\"image\":{\"@id\":\"https:\/\/praguesbarrel.eu\/de\/artikel\/marketa-pragues-barrel-helps-me-to-turn-my-mind-off-things\/#primaryimage\"},\"thumbnailUrl\":\"https:\/\/praguesbarrel.eu\/y0OH9L\/uploads\/2022\/12\/life-1436-300x200-1.jpeg\",\"datePublished\":\"2022-12-17T19:59:52+00:00\",\"dateModified\":\"2023-12-11T21:02:18+00:00\",\"description\":\"Mark\u00e9ta is one of our loyal hostesses. She is with us from 2016 and she is present on almost all the tournaments during the year.\",\"breadcrumb\":{\"@id\":\"https:\/\/praguesbarrel.eu\/de\/artikel\/marketa-pragues-barrel-helps-me-to-turn-my-mind-off-things\/#breadcrumb\"},\"inLanguage\":\"de\",\"potentialAction\":[{\"@type\":\"ReadAction\",\"target\":[\"https:\/\/praguesbarrel.eu\/de\/artikel\/marketa-pragues-barrel-helps-me-to-turn-my-mind-off-things\/\"]}]},{\"@type\":\"ImageObject\",\"inLanguage\":\"de\",\"@id\":\"https:\/\/praguesbarrel.eu\/de\/artikel\/marketa-pragues-barrel-helps-me-to-turn-my-mind-off-things\/#primaryimage\",\"url\":\"https:\/\/praguesbarrel.eu\/y0OH9L\/uploads\/2022\/12\/life-1436-300x200-1.jpeg\",\"contentUrl\":\"https:\/\/praguesbarrel.eu\/y0OH9L\/uploads\/2022\/12\/life-1436-300x200-1.jpeg\",\"width\":300,\"height\":200},{\"@type\":\"BreadcrumbList\",\"@id\":\"https:\/\/praguesbarrel.eu\/de\/artikel\/marketa-pragues-barrel-helps-me-to-turn-my-mind-off-things\/#breadcrumb\",\"itemListElement\":[{\"@type\":\"ListItem\",\"position\":1,\"name\":\"Startseite\",\"item\":\"https:\/\/praguesbarrel.eu\/de\/\"},{\"@type\":\"ListItem\",\"position\":2,\"name\":\"Artikel\",\"item\":\"https:\/\/praguesbarrel.eu\/de\/artikel\/\"},{\"@type\":\"ListItem\",\"position\":3,\"name\":\"Mark\u00e9ta\"}]},{\"@type\":\"WebSite\",\"@id\":\"https:\/\/praguesbarrel.eu\/#website\",\"url\":\"https:\/\/praguesbarrel.eu\/\",\"name\":\"Prague&#039;s Barrel\",\"description\":\"Tournaments\",\"potentialAction\":[{\"@type\":\"SearchAction\",\"target\":{\"@type\":\"EntryPoint\",\"urlTemplate\":\"https:\/\/praguesbarrel.eu\/?s={search_term_string}\"},\"query-input\":\"required name=search_term_string\"}],\"inLanguage\":\"de\"}]}<\/script>\n<!-- \/ Yoast SEO plugin. -->","yoast_head_json":{"title":"Mark\u00e9ta - Prague&#039;s Barrel","description":"Mark\u00e9ta is one of our loyal hostesses. She is with us from 2016 and she is present on almost all the tournaments during the year.","robots":{"index":"index","follow":"follow","max-snippet":"max-snippet:-1","max-image-preview":"max-image-preview:large","max-video-preview":"max-video-preview:-1"},"canonical":"https:\/\/praguesbarrel.eu\/de\/artikel\/marketa-pragues-barrel-helps-me-to-turn-my-mind-off-things\/","og_locale":"de_DE","og_type":"article","og_title":"Mark\u00e9ta - Prague&#039;s Barrel","og_description":"Mark\u00e9ta is one of our loyal hostesses. She is with us from 2016 and she is present on almost all the tournaments during the year.","og_url":"https:\/\/praguesbarrel.eu\/de\/artikel\/marketa-pragues-barrel-helps-me-to-turn-my-mind-off-things\/","og_site_name":"Prague&#039;s Barrel","article_modified_time":"2023-12-11T21:02:18+00:00","og_image":[{"width":300,"height":200,"url":"http:\/\/praguesbarrel.eu\/y0OH9L\/uploads\/2022\/12\/life-1436-300x200-1.jpeg","type":"image\/jpeg"}],"twitter_card":"summary_large_image","twitter_misc":{"Gesch\u00e4tzte Lesezeit":"2\u00a0Minuten"},"schema":{"@context":"https:\/\/schema.org","@graph":[{"@type":"WebPage","@id":"https:\/\/praguesbarrel.eu\/de\/artikel\/marketa-pragues-barrel-helps-me-to-turn-my-mind-off-things\/","url":"https:\/\/praguesbarrel.eu\/de\/artikel\/marketa-pragues-barrel-helps-me-to-turn-my-mind-off-things\/","name":"Mark\u00e9ta - Prague&#039;s Barrel","isPartOf":{"@id":"https:\/\/praguesbarrel.eu\/#website"},"primaryImageOfPage":{"@id":"https:\/\/praguesbarrel.eu\/de\/artikel\/marketa-pragues-barrel-helps-me-to-turn-my-mind-off-things\/#primaryimage"},"image":{"@id":"https:\/\/praguesbarrel.eu\/de\/artikel\/marketa-pragues-barrel-helps-me-to-turn-my-mind-off-things\/#primaryimage"},"thumbnailUrl":"https:\/\/praguesbarrel.eu\/y0OH9L\/uploads\/2022\/12\/life-1436-300x200-1.jpeg","datePublished":"2022-12-17T19:59:52+00:00","dateModified":"2023-12-11T21:02:18+00:00","description":"Mark\u00e9ta is one of our loyal hostesses. She is with us from 2016 and she is present on almost all the tournaments during the year.","breadcrumb":{"@id":"https:\/\/praguesbarrel.eu\/de\/artikel\/marketa-pragues-barrel-helps-me-to-turn-my-mind-off-things\/#breadcrumb"},"inLanguage":"de","potentialAction":[{"@type":"ReadAction","target":["https:\/\/praguesbarrel.eu\/de\/artikel\/marketa-pragues-barrel-helps-me-to-turn-my-mind-off-things\/"]}]},{"@type":"ImageObject","inLanguage":"de","@id":"https:\/\/praguesbarrel.eu\/de\/artikel\/marketa-pragues-barrel-helps-me-to-turn-my-mind-off-things\/#primaryimage","url":"https:\/\/praguesbarrel.eu\/y0OH9L\/uploads\/2022\/12\/life-1436-300x200-1.jpeg","contentUrl":"https:\/\/praguesbarrel.eu\/y0OH9L\/uploads\/2022\/12\/life-1436-300x200-1.jpeg","width":300,"height":200},{"@type":"BreadcrumbList","@id":"https:\/\/praguesbarrel.eu\/de\/artikel\/marketa-pragues-barrel-helps-me-to-turn-my-mind-off-things\/#breadcrumb","itemListElement":[{"@type":"ListItem","position":1,"name":"Startseite","item":"https:\/\/praguesbarrel.eu\/de\/"},{"@type":"ListItem","position":2,"name":"Artikel","item":"https:\/\/praguesbarrel.eu\/de\/artikel\/"},{"@type":"ListItem","position":3,"name":"Mark\u00e9ta"}]},{"@type":"WebSite","@id":"https:\/\/praguesbarrel.eu\/#website","url":"https:\/\/praguesbarrel.eu\/","name":"Prague&#039;s Barrel","description":"Tournaments","potentialAction":[{"@type":"SearchAction","target":{"@type":"EntryPoint","urlTemplate":"https:\/\/praguesbarrel.eu\/?s={search_term_string}"},"query-input":"required name=search_term_string"}],"inLanguage":"de"}]}},"_links":{"self":[{"href":"https:\/\/praguesbarrel.eu\/de\/wp-json\/wp\/v2\/pages\/128"}],"collection":[{"href":"https:\/\/praguesbarrel.eu\/de\/wp-json\/wp\/v2\/pages"}],"about":[{"href":"https:\/\/praguesbarrel.eu\/de\/wp-json\/wp\/v2\/types\/page"}],"author":[{"embeddable":true,"href":"https:\/\/praguesbarrel.eu\/de\/wp-json\/wp\/v2\/users\/3"}],"replies":[{"embeddable":true,"href":"https:\/\/praguesbarrel.eu\/de\/wp-json\/wp\/v2\/comments?post=128"}],"version-history":[{"count":3,"href":"https:\/\/praguesbarrel.eu\/de\/wp-json\/wp\/v2\/pages\/128\/revisions"}],"predecessor-version":[{"id":746,"href":"https:\/\/praguesbarrel.eu\/de\/wp-json\/wp\/v2\/pages\/128\/revisions\/746"}],"up":[{"embeddable":true,"href":"https:\/\/praguesbarrel.eu\/de\/wp-json\/wp\/v2\/pages\/138"}],"wp:featuredmedia":[{"embeddable":true,"href":"https:\/\/praguesbarrel.eu\/de\/wp-json\/wp\/v2\/media\/122"}],"wp:attachment":[{"href":"https:\/\/praguesbarrel.eu\/de\/wp-json\/wp\/v2\/media?parent=128"}],"curies":[{"name":"wp","href":"https:\/\/api.w.org\/{rel}","templated":true}]}}