{"id":69,"date":"2022-10-09T22:24:40","date_gmt":"2022-10-09T21:24:40","guid":{"rendered":"https:\/\/praguesbarell.test:8890\/?page_id=69"},"modified":"2025-06-06T18:17:19","modified_gmt":"2025-06-06T17:17:19","slug":"recenze","status":"publish","type":"page","link":"https:\/\/praguesbarrel.eu\/cs\/recenze\/","title":{"rendered":"Recenze"},"content":{"rendered":"<p>V\u00edte, \u017ee se mnoho t\u00fdm\u016f pravideln\u011b na na\u0161e turnaje vrac\u00ed? Prvn\u00ed turnaj prob\u011bhl v roce 1993 a od t\u00e9 doby jsme m\u011bli to \u0161t\u011bst\u00ed v Praze p\u0159iv\u00edtat p\u0159es 300 t\u00fdmu v Praze. P\u0159e\u010dt\u011bte si i recenze na <a href=\"https:\/\/www.google.com\/maps\/place\/Prague's+Barrel+Tournaments\/@50.0599929,14.1352434,59789m\/data=!3m1!1e3!4m8!3m7!1s0x470b954c8e3c67bb:0xcb787256b6110d90!8m2!3d50.0596696!4d14.4656239!9m1!1b1!16s%2Fg%2F11svbzp9dw?entry=ttu&amp;g_ep=EgoyMDI1MDQwMi4xIKXMDSoASAFQAw%3D%3D\">Google<\/a>.<\/p>\n<h2>Recenze<\/h2>\n<p><strong>HC 34 Ko\u0161ice (Slovakia) \u2013 hokej<\/strong><\/p>\n<blockquote><p>We have been to more different tournaments during latest 10 years, each time we are going to different place, and to be honest I have to say and I have agreed with boys, that this one was the best. Everything about organisation, beer, food etc. was great, the ice arena is nice. The only thing was, that we can&#8217;t leave the things over night in the locker room, we had to put them in the dryer room, but that was minor thing. We have been also to the biggest amateur tournament in Europe and still yours is better. Surprise was our own Barrel tram going to the final ceremony, that was great.<\/p><\/blockquote>\n<p><strong>Draci Doln\u00ed Kub\u00edn (Slovakia) \u2013 hokej<\/strong><\/p>\n<blockquote><p>We are going to different ice hockey tournaments for over 20 years, but this one was amazing, organisation was great and all the fun we had. Thank you!<\/p><\/blockquote>\n<p><strong>Cazadores (Chile\/Sweden) \u2013 fotbal<\/strong><\/p>\n<blockquote><p>Thanks for all!<br \/>\nWe had so much fun and enjoyed every single moment in Prague,we meet really nice people and the energy in the tournament was great.We miss Prague&#8217;s Barrel so much and we are already planning to get back as soon as posible.<br \/>\nFinally I wanna tell you the opinion of a friend who played fotball for second time in his life at pragues barrel:&#8220;I had never been so interested in playing fotboll,but I gotta say that this tournament is just perfect.&#8220;<br \/>\nGracias amigos!<\/p><\/blockquote>\n<p><strong>WAP UTD (Sweden) \u2013 fotbal<\/strong><\/p>\n<blockquote><p>We were so happy that we could be a part of your wonderful tournament. We thought everything was great planned, the amount of games and activities together were perfect.<\/p><\/blockquote>\n<p><strong>S\u00f8rum Finest (Norway) \u2013 fotbal<\/strong><\/p>\n<blockquote><p>Me and my team had a great time with just good memories. I am impressed of how professionally you are performing these events. We will of course be back for another round of this excellent tournament.<\/p><\/blockquote>\n<p><strong>Swamp Pistons (Russia) \u2013 fotbal<\/strong><\/p>\n<blockquote><p>We want to say big thank you to the whole organizing team for the weekend, which gave us an opportunity to get together \u2013 different amateur teams playing together, drinking beer together and enjoy the atmosphere. Your enormous experiences from organizing the ice hockey\/bowling\/football tournaments were shown and everything went smoothly thanks to that. Big thanks also to our hostess Irina, you were wonderful and cared about us \u2013 fresh beer, fruits and water everytime, also finding us the best places for lunches and dinners, you have known every detail about the program and you have shown us the beauties of the city. Thank you for being there with you!<\/p><\/blockquote>\n<p><strong>Team A \u2013 fotbal<\/strong><\/p>\n<blockquote><p>Thank you for all the pictures and the movie. By the end of summer an HBU video should be ready, I&#8217;ll let you know. Although we sucked on the pitch, we enjoyed this year&#8217;s edition no less than 2014.<\/p><\/blockquote>\n<p><strong>Patrick \u2013 fotbal<\/strong><\/p>\n<blockquote><p>The organization was again outstanding! This was my 20th tournament in Europe, the first one as a coach. So I can make a lot of comparisons already. Prague is still the best organized tournament ever. Many thanks to you and your co-workers.<\/p><\/blockquote>\n<p><strong>FC Nagarim (Izrael) \u2013 fotbal<\/strong><\/p>\n<blockquote><p>on behalf of my teammates and i, i would like to thank u and your partners for an amazing organization, great care and a very good atmosphere. we had such a good time and we will defiantly come back next year! let us know what will be the dates for 2015 barrel see u next year!<\/p><\/blockquote>\n<p><span style=\"font-size: 15.008px;\"><strong>Corridos \u2013 fotbal<\/strong><\/span><\/p>\n<blockquote><p><span style=\"font-size: 15.008px;\">Just some words to thank you and the whole team for this excellent preparation, organisation and support before during and after the tournament! \u00a0 We enjoyed our stay in Prague even if we finished last. Next time we will do better!<\/span><\/p><\/blockquote>\n<p><strong>Tibban, Copsperr (Sweden) \u2013 fotbal<\/strong><\/p>\n<blockquote><p>You&#8217;re simply the best!!!! There isn&#8217;t anything in the world that&#8217;s funnier than this and that is said from a team (Copsperr) that reached the last place two years in a row!!! I will continue to dream about to have a huge party in the tent together with all of you teams out there (at least for an hour or two&#8230; I&#8217;ve never been longing back so much than this year!!! Thanks a lot for making our life&#8217;s happier!!!<\/p><\/blockquote>\n<p><strong>Tottenham Kotspur (Germany) \u2013 fotbal<\/strong><\/p>\n<blockquote><p>Thank`s for the Pragues Barrel 2014. Good Organisation. Good Beer. Lots of fun!!!<\/p><\/blockquote>\n<p><strong>Barc M \u2013 fotbal<\/strong><\/p>\n<blockquote><p>I would like to thank you so much for the prague&#8217;s barrel experience, and for the great time that we had. it was much more than we expected! keep it on, we already can&#8217;t wait for next year \ud83d\ude42 Our hostess Eva was really the best. Always willing to help, always smiling, always gave us a great feeling that someone taking care for us.<\/p><\/blockquote>\n<p><strong>Lillian Harris \u2013 fotbal<\/strong><\/p>\n<blockquote><p>Thank you for a fantastic event. Thanks to all the volunteers. Nice to see them all work so effective, keeping the meetingpoint nice and tidy. We appreciate all your hard work. \ud83d\ude42<\/p><\/blockquote>\n<p><strong>Telford Spartans (UK) \u2013 hokej<\/strong><\/p>\n<blockquote><p>Just wanted to say what a great time we all had with you guys. That much so we are coming back next year together with the Dutch team of course!<\/p><\/blockquote>\n<p><strong>Wolfhunters (Netherlands) \u2013 hokej<\/strong><\/p>\n<blockquote><p>Thanks for taking care of us and having us! We all still walk around with a huge smile on our face! Our hostess Vanessa was great, she was a gem to us!<\/p><\/blockquote>\n<p><strong>Nitro Karpat Oldtimers (Finland) \u2013 hokej<\/strong><\/p>\n<blockquote><p>Thank you, simply everything was really well organized and professional. One of our favourite tournament absolutely.<\/p><\/blockquote>\n<p><strong>Lunch Hockey Team (Finland) \u2013 hokej<\/strong><\/p>\n<blockquote><p>We had an enjoyable tournament with no major complaints. Thank you for the whole team and especially to Fabiana. We enjoyed.<\/p><\/blockquote>\n<p><strong>Montana Moose&#8217;s Knuckles (Canada) \u2013 hokej<\/strong><\/p>\n<blockquote><p>Thank you for a wonderful tournament. Although there were many, many great moments, having Lida there to guide us, made it that much more enjoyable. Congrats on running an excellent tournament with just the right amount of debauchery!<\/p><\/blockquote>\n<p><strong>West Coast Jaguars (Finland) \u2013 hokej<\/strong><\/p>\n<blockquote><p>Greetings from Finland. We would like to thank you and the whole organisation for VERY good hockey tournament. Special thanks for Tereza our host\ud83d\ude00. We have been travelling to tournaments in Europe for 16 years and this tournament was simply the best\ud83d\udc4d. Arrangements were top quality included almost everything. So keep up the good work\ud83d\udcaa.<\/p><\/blockquote>\n<p><strong>Ela Eagles (Switzerland) \u2013 hokej<\/strong><\/p>\n<blockquote><p>With the tournament we were thrilled, even if we did not convince from a sporting point of view. It definitely made fun for us. The organization was great. What a pity, is that we hardly had time for sightseeing but so we have to come to the tournament again.<\/p><\/blockquote>\n<p><strong>Kringelstan Oldtimerhockey (Sweden) \u2013 hokej<\/strong><\/p>\n<div dir=\"ltr\">\n<div dir=\"ltr\">\n<blockquote>\n<div>I Want to thank and all of your guys that make our trip to sucess! I have run this team f\u00f6r 16 years and this was absolutey the best tournament we ever been to! Your sevice was magnifiqe and we really enjoy all our time in Prag! Send a special hug too Mark\u00e8ta, she was really great and took care of us, the whole trip!<\/div>\n<\/blockquote>\n<div><\/div>\n<\/div>\n<\/div>\n<p><strong style=\"font-size: 15.008px;\">M\u00e5ndagsklubben Hockey (Sweden) \u2013 hokej<\/strong><\/p>\n<blockquote><p>We were very impressed with the organisation and there is not much to say. We had a fantastic time! If we had too look for anything it might be that we probably could play one more game, but 4 games is still very good and my guess is that it&#8217;s hard for you to fit that into a schedule with 12 teams.<\/p><\/blockquote>\n<p><strong>Pasila Panthers (Finland) \u2013 hokej<\/strong><\/p>\n<blockquote><p>Thank you very much. We had a great time and we thought the tournament was very well organized. Also Klara was a great host for us.<\/p><\/blockquote>\n<p><strong>HC Hemohes (Finland) \u2013 fotbal<\/strong><\/p>\n<blockquote><p>Once again, thank you for a great weekend, we truly enjoyed ourselves.<\/p><\/blockquote>\n<p><strong>P\u00e4lk\u00e4neen lukko (Finland) \u2013 hokej<\/strong><\/p>\n<blockquote>\n<div>Thank you Barbara. Tournament was super! Everything worked well and we had very fun! Pragues barrel was best tournament which we have been involved. Please say big thanks for whole organisation.<\/div>\n<div><\/div>\n<\/blockquote>\n<p><strong>Tuppura (Finland) \u2013 hokej<\/strong><\/p>\n<blockquote>\n<div>\n<p>Thank you for everything! It was great week and great atmosphere! And you will see us next year again!<\/p>\n<\/div>\n<\/blockquote>\n<p><strong>United Skates team (USA\/Poland\/Sweden) \u2013 hokej<\/strong><\/p>\n<blockquote><p>On behalf of everyone on United Skates, I want to say a big D\u00eakuju to you on a wonderful weekend in Prague. Your tournament and organization was first class and our hostesses, Romi and Anna, were awesome! We obviously aren&#8217;t a club team that plays together, but as you said, it was all about having fun and we sure did that!<\/p><\/blockquote>\n<p><strong>Grey Marmots Victoria team (Canada) \u2013 hokej<\/strong><\/p>\n<blockquote><p>Hello Martina \u2013 I hope this finds you and the entire Barrel Tourney crew well. I am a member of the Canadian team from the 2016-2017 tourney. First and foremost our \u2018thanks and congrats\u2019 for your overall organization and the entire \u2018package\u2019 of the tourney. To a person, we are all of the opinion we have NEVER enjoyed a better tournament and do not think we will ever do so again (unless we return). Please pass on my remarks to all.<\/p><\/blockquote>\n<div>\n<p>\u00a0 <strong>Djurg\u00e5rdspolarna team (Sweden) \u2013 hokej<\/strong><\/p>\n<blockquote><p>I just want to say a big THANK YOU for a great tournament and a great time in Prague! We all had sooo much fun and we will for sure come back next year. I don\u2019t know about you but I slept over 10 hours when we got home.<\/p><\/blockquote>\n<div>\n<p><strong>Diana, IDM Team (Romania) \u2013 bowling<\/strong><\/p>\n<blockquote><p>If I should describe the tournament in one word&#8230;it is AMAZING. I&#8217;ve spent some wonderful days with nice persons, full of great bowling and joy.<\/p><\/blockquote>\n<p><b>Sebbi, SG Stern Mannheim (Germany) \u2013 bowling<\/b><\/p>\n<blockquote><p>This tournament goes trough borders, it doesn\u2018t matter where you\u2018re from! Focus is to have fun together!! Thank you for having us.<\/p><\/blockquote>\n<p><strong>Zornitsa and Marina (Bulgaria) \u2013 bowling<\/strong><\/p>\n<\/div>\n<div>\n<blockquote><p>Thanks Thanks Thanks to Prague\u2019s Barrel organising team for an amazing days. Thank you so much! You all made us feel so welcome. Thanks to introducing me in my first Prague\u2018s Barrel Bowling Tournament! You were amazing guys!<\/p>\n<p>One more time Thank you for perfect organization team : Barbara, Iva, Sofie, Martin, Barbora \ud83e\udd29\ud83e\udd73You were great\ud83c\udfc6Special thank&#8217;s for Steffen for music, dance and atmosphere during the all tournament \ud83d\ude1c<br \/>\nAlready miss you all and hope to see you next year\ud83c\udf40<\/p><\/blockquote>\n<p><b>Thomas \u2013 bowling<\/b><\/p>\n<blockquote><p>Hello Sofie,<br \/>\nthank you very, very much for this great Tournament!!!!!<br \/>\nIt was one of the best Tournaments that we ever played, the Organisation and all other was perfect.<br \/>\nPlease tell Nikola again that she is the best JJ.<br \/>\nWe see us next Year, guaranteed and an I am happy to see you again !!<\/p><\/blockquote>\n<p><strong>Carlos (Germany) \u2013 bowling<\/strong><\/p>\n<blockquote><p>Hi Sophie!<br \/>\nThank you for your Mail&#8230;and YESSS&#8230;we still remember this great weekend!<br \/>\nHow can we forget this perfect organized Tournament! Your care was always nice and warm&#8230;just perfect!<br \/>\n:-* We are looking forward to next year&#8230;if the world is not going down&#8230;we will meet each other again!<\/p><\/blockquote>\n<p><strong>KK Strike (Sweden) \u2013 bowling<\/strong><\/p>\n<blockquote><p>Dobr\u00fd den our friends, we would like to thank all of You involved in<br \/>\nmaking this tournament a wonderful happening .<br \/>\nEverything was very well organized, free tap beer can\u00b4t be better for us Swedish vikings so we ought to have an extra price for heavy consumption . Next time we will also focus some on bowling aswell.<br \/>\nWe especially appreciated the joy and kindness everyone from Your team showed all the time. An extra hug to Teresa, the Czech sunshine .<\/p><\/blockquote>\n<\/div>\n<\/div>\n","protected":false},"excerpt":{"rendered":"<p>V\u00edte, \u017ee se mnoho t\u00fdm\u016f pravideln\u011b na na\u0161e turnaje vrac\u00ed? Prvn\u00ed turnaj prob\u011bhl v roce 1993 a od t\u00e9 doby jsme m\u011bli to \u0161t\u011bst\u00ed v Praze p\u0159iv\u00edtat p\u0159es 300 t\u00fdmu v Praze. P\u0159e\u010dt\u011bte si i recenze na Google. Recenze HC 34 Ko\u0161ice (Slovakia) \u2013 hokej We have been to more different tournaments during latest 10&#8230;<\/p>\n","protected":false},"author":5,"featured_media":299,"parent":0,"menu_order":0,"comment_status":"closed","ping_status":"closed","template":"","meta":{"footnotes":""},"yoast_head":"<!-- This site is optimized with the Yoast SEO plugin v22.5 - https:\/\/yoast.com\/wordpress\/plugins\/seo\/ -->\n<title>Recenze - Prague&#039;s Barrel<\/title>\n<meta name=\"description\" content=\"V\u00edte, \u017ee se mnoho t\u00fdm\u016f pravideln\u011b na na\u0161e fotbalov\u00e9, hokejov\u00e9 a bowlingov\u00e9 turnaje vrac\u00ed? P\u0159e\u010dt\u011bte si, co o n\u00e1s \u0159\u00edkaj\u00ed na\u0161i \u00fa\u010dastn\u00edci.\" \/>\n<meta name=\"robots\" content=\"index, follow, max-snippet:-1, max-image-preview:large, max-video-preview:-1\" \/>\n<link rel=\"canonical\" href=\"https:\/\/praguesbarrel.eu\/cs\/recenze\/\" \/>\n<meta property=\"og:locale\" content=\"cs_CZ\" \/>\n<meta property=\"og:type\" content=\"article\" \/>\n<meta property=\"og:title\" content=\"Recenze - Prague&#039;s Barrel\" \/>\n<meta property=\"og:description\" content=\"V\u00edte, \u017ee se mnoho t\u00fdm\u016f pravideln\u011b na na\u0161e fotbalov\u00e9, hokejov\u00e9 a bowlingov\u00e9 turnaje vrac\u00ed? P\u0159e\u010dt\u011bte si, co o n\u00e1s \u0159\u00edkaj\u00ed na\u0161i \u00fa\u010dastn\u00edci.\" \/>\n<meta property=\"og:url\" content=\"https:\/\/praguesbarrel.eu\/cs\/recenze\/\" \/>\n<meta property=\"og:site_name\" content=\"Prague&#039;s Barrel\" \/>\n<meta property=\"article:modified_time\" content=\"2025-06-06T17:17:19+00:00\" \/>\n<meta property=\"og:image\" content=\"http:\/\/praguesbarrel.eu\/y0OH9L\/uploads\/2022\/12\/M_1379-300x200-1.jpg\" \/>\n\t<meta property=\"og:image:width\" content=\"300\" \/>\n\t<meta property=\"og:image:height\" content=\"200\" \/>\n\t<meta property=\"og:image:type\" content=\"image\/jpeg\" \/>\n<meta name=\"twitter:card\" content=\"summary_large_image\" \/>\n<meta name=\"twitter:label1\" content=\"Odhadovan\u00e1 doba \u010dten\u00ed\" \/>\n\t<meta name=\"twitter:data1\" content=\"2 minuty\" \/>\n<script type=\"application\/ld+json\" class=\"yoast-schema-graph\">{\"@context\":\"https:\/\/schema.org\",\"@graph\":[{\"@type\":\"WebPage\",\"@id\":\"https:\/\/praguesbarrel.eu\/cs\/recenze\/\",\"url\":\"https:\/\/praguesbarrel.eu\/cs\/recenze\/\",\"name\":\"Recenze - Prague&#039;s Barrel\",\"isPartOf\":{\"@id\":\"https:\/\/praguesbarrel.eu\/#website\"},\"primaryImageOfPage\":{\"@id\":\"https:\/\/praguesbarrel.eu\/cs\/recenze\/#primaryimage\"},\"image\":{\"@id\":\"https:\/\/praguesbarrel.eu\/cs\/recenze\/#primaryimage\"},\"thumbnailUrl\":\"https:\/\/praguesbarrel.eu\/y0OH9L\/uploads\/2022\/12\/M_1379-300x200-1.jpg\",\"datePublished\":\"2022-10-09T21:24:40+00:00\",\"dateModified\":\"2025-06-06T17:17:19+00:00\",\"description\":\"V\u00edte, \u017ee se mnoho t\u00fdm\u016f pravideln\u011b na na\u0161e fotbalov\u00e9, hokejov\u00e9 a bowlingov\u00e9 turnaje vrac\u00ed? P\u0159e\u010dt\u011bte si, co o n\u00e1s \u0159\u00edkaj\u00ed na\u0161i \u00fa\u010dastn\u00edci.\",\"breadcrumb\":{\"@id\":\"https:\/\/praguesbarrel.eu\/cs\/recenze\/#breadcrumb\"},\"inLanguage\":\"cs\",\"potentialAction\":[{\"@type\":\"ReadAction\",\"target\":[\"https:\/\/praguesbarrel.eu\/cs\/recenze\/\"]}]},{\"@type\":\"ImageObject\",\"inLanguage\":\"cs\",\"@id\":\"https:\/\/praguesbarrel.eu\/cs\/recenze\/#primaryimage\",\"url\":\"https:\/\/praguesbarrel.eu\/y0OH9L\/uploads\/2022\/12\/M_1379-300x200-1.jpg\",\"contentUrl\":\"https:\/\/praguesbarrel.eu\/y0OH9L\/uploads\/2022\/12\/M_1379-300x200-1.jpg\",\"width\":300,\"height\":200},{\"@type\":\"BreadcrumbList\",\"@id\":\"https:\/\/praguesbarrel.eu\/cs\/recenze\/#breadcrumb\",\"itemListElement\":[{\"@type\":\"ListItem\",\"position\":1,\"name\":\"Dom\u016f\",\"item\":\"https:\/\/praguesbarrel.eu\/cs\/\"},{\"@type\":\"ListItem\",\"position\":2,\"name\":\"Recenze\"}]},{\"@type\":\"WebSite\",\"@id\":\"https:\/\/praguesbarrel.eu\/#website\",\"url\":\"https:\/\/praguesbarrel.eu\/\",\"name\":\"Prague&#039;s Barrel\",\"description\":\"Tournaments\",\"potentialAction\":[{\"@type\":\"SearchAction\",\"target\":{\"@type\":\"EntryPoint\",\"urlTemplate\":\"https:\/\/praguesbarrel.eu\/?s={search_term_string}\"},\"query-input\":\"required name=search_term_string\"}],\"inLanguage\":\"cs\"}]}<\/script>\n<!-- \/ Yoast SEO plugin. -->","yoast_head_json":{"title":"Recenze - Prague&#039;s Barrel","description":"V\u00edte, \u017ee se mnoho t\u00fdm\u016f pravideln\u011b na na\u0161e fotbalov\u00e9, hokejov\u00e9 a bowlingov\u00e9 turnaje vrac\u00ed? P\u0159e\u010dt\u011bte si, co o n\u00e1s \u0159\u00edkaj\u00ed na\u0161i \u00fa\u010dastn\u00edci.","robots":{"index":"index","follow":"follow","max-snippet":"max-snippet:-1","max-image-preview":"max-image-preview:large","max-video-preview":"max-video-preview:-1"},"canonical":"https:\/\/praguesbarrel.eu\/cs\/recenze\/","og_locale":"cs_CZ","og_type":"article","og_title":"Recenze - Prague&#039;s Barrel","og_description":"V\u00edte, \u017ee se mnoho t\u00fdm\u016f pravideln\u011b na na\u0161e fotbalov\u00e9, hokejov\u00e9 a bowlingov\u00e9 turnaje vrac\u00ed? P\u0159e\u010dt\u011bte si, co o n\u00e1s \u0159\u00edkaj\u00ed na\u0161i \u00fa\u010dastn\u00edci.","og_url":"https:\/\/praguesbarrel.eu\/cs\/recenze\/","og_site_name":"Prague&#039;s Barrel","article_modified_time":"2025-06-06T17:17:19+00:00","og_image":[{"width":300,"height":200,"url":"http:\/\/praguesbarrel.eu\/y0OH9L\/uploads\/2022\/12\/M_1379-300x200-1.jpg","type":"image\/jpeg"}],"twitter_card":"summary_large_image","twitter_misc":{"Odhadovan\u00e1 doba \u010dten\u00ed":"2 minuty"},"schema":{"@context":"https:\/\/schema.org","@graph":[{"@type":"WebPage","@id":"https:\/\/praguesbarrel.eu\/cs\/recenze\/","url":"https:\/\/praguesbarrel.eu\/cs\/recenze\/","name":"Recenze - Prague&#039;s Barrel","isPartOf":{"@id":"https:\/\/praguesbarrel.eu\/#website"},"primaryImageOfPage":{"@id":"https:\/\/praguesbarrel.eu\/cs\/recenze\/#primaryimage"},"image":{"@id":"https:\/\/praguesbarrel.eu\/cs\/recenze\/#primaryimage"},"thumbnailUrl":"https:\/\/praguesbarrel.eu\/y0OH9L\/uploads\/2022\/12\/M_1379-300x200-1.jpg","datePublished":"2022-10-09T21:24:40+00:00","dateModified":"2025-06-06T17:17:19+00:00","description":"V\u00edte, \u017ee se mnoho t\u00fdm\u016f pravideln\u011b na na\u0161e fotbalov\u00e9, hokejov\u00e9 a bowlingov\u00e9 turnaje vrac\u00ed? P\u0159e\u010dt\u011bte si, co o n\u00e1s \u0159\u00edkaj\u00ed na\u0161i \u00fa\u010dastn\u00edci.","breadcrumb":{"@id":"https:\/\/praguesbarrel.eu\/cs\/recenze\/#breadcrumb"},"inLanguage":"cs","potentialAction":[{"@type":"ReadAction","target":["https:\/\/praguesbarrel.eu\/cs\/recenze\/"]}]},{"@type":"ImageObject","inLanguage":"cs","@id":"https:\/\/praguesbarrel.eu\/cs\/recenze\/#primaryimage","url":"https:\/\/praguesbarrel.eu\/y0OH9L\/uploads\/2022\/12\/M_1379-300x200-1.jpg","contentUrl":"https:\/\/praguesbarrel.eu\/y0OH9L\/uploads\/2022\/12\/M_1379-300x200-1.jpg","width":300,"height":200},{"@type":"BreadcrumbList","@id":"https:\/\/praguesbarrel.eu\/cs\/recenze\/#breadcrumb","itemListElement":[{"@type":"ListItem","position":1,"name":"Dom\u016f","item":"https:\/\/praguesbarrel.eu\/cs\/"},{"@type":"ListItem","position":2,"name":"Recenze"}]},{"@type":"WebSite","@id":"https:\/\/praguesbarrel.eu\/#website","url":"https:\/\/praguesbarrel.eu\/","name":"Prague&#039;s Barrel","description":"Tournaments","potentialAction":[{"@type":"SearchAction","target":{"@type":"EntryPoint","urlTemplate":"https:\/\/praguesbarrel.eu\/?s={search_term_string}"},"query-input":"required name=search_term_string"}],"inLanguage":"cs"}]}},"_links":{"self":[{"href":"https:\/\/praguesbarrel.eu\/cs\/wp-json\/wp\/v2\/pages\/69"}],"collection":[{"href":"https:\/\/praguesbarrel.eu\/cs\/wp-json\/wp\/v2\/pages"}],"about":[{"href":"https:\/\/praguesbarrel.eu\/cs\/wp-json\/wp\/v2\/types\/page"}],"author":[{"embeddable":true,"href":"https:\/\/praguesbarrel.eu\/cs\/wp-json\/wp\/v2\/users\/5"}],"replies":[{"embeddable":true,"href":"https:\/\/praguesbarrel.eu\/cs\/wp-json\/wp\/v2\/comments?post=69"}],"version-history":[{"count":5,"href":"https:\/\/praguesbarrel.eu\/cs\/wp-json\/wp\/v2\/pages\/69\/revisions"}],"predecessor-version":[{"id":1050,"href":"https:\/\/praguesbarrel.eu\/cs\/wp-json\/wp\/v2\/pages\/69\/revisions\/1050"}],"wp:featuredmedia":[{"embeddable":true,"href":"https:\/\/praguesbarrel.eu\/cs\/wp-json\/wp\/v2\/media\/299"}],"wp:attachment":[{"href":"https:\/\/praguesbarrel.eu\/cs\/wp-json\/wp\/v2\/media?parent=69"}],"curies":[{"name":"wp","href":"https:\/\/api.w.org\/{rel}","templated":true}]}}