{"id":666,"date":"2023-11-30T11:41:10","date_gmt":"2023-11-30T10:41:10","guid":{"rendered":"https:\/\/praguesbarrel.eu\/referee-peter\/"},"modified":"2023-12-11T21:51:23","modified_gmt":"2023-12-11T20:51:23","slug":"referee-peter","status":"publish","type":"page","link":"https:\/\/praguesbarrel.eu\/cs\/clanky\/referee-peter\/","title":{"rendered":"Rozhod\u010d\u00ed Petr"},"content":{"rendered":"<h2>Anglicky sice dob\u0159e neum\u00edm, ale nad\u00e1vk\u00e1m rozum\u00edm<\/h2>\n<blockquote><p><em>Hokejov\u00fd rozhod\u010d\u00ed Petr je s n\u00e1mi na hokejov\u00fdch turnaj\u00edch t\u00e9m\u011b\u0159 nep\u0159etr\u017eit\u011b u\u017e v\u00edce ne\u017e 10 let. Jak se mu n\u00e1\u0161 turnaj zamlouv\u00e1 a co si mysl\u00ed o t\u00fdmech?<\/em><\/p><\/blockquote>\n<p><strong>Jak ses k p\u00edsk\u00e1n\u00ed na Prague\u2019s Barrel dostal a kdy to bylo?<\/strong><br \/>\nU\u017e je to tak 13\u201314 let, oslovil m\u011b mysl\u00edm Martin. Ani si na to nevzpom\u00edn\u00e1m, je to hodn\u011b dlouho. Tenkr\u00e1t byl jen jeden turnaj ro\u010dn\u011b.<\/p>\n<p><strong>Jak dlouho jsi hokejov\u00fd rozhod\u010d\u00ed a jak ses dostal k hokeji?<\/strong><br \/>\n\u00dapln\u011b p\u016fvodn\u011b jsem d\u011blal jako mal\u00fd krasobruslen\u00ed, vid\u011bl m\u011b tam t\u00e1t\u016fv kolega Ev\u017een Musil, kter\u00fd tr\u00e9noval hokej v Pardubic\u00edch a \u0159ekl, \u017ee dob\u0159e brusl\u00edm, a\u0165 to jdu zkusit. Tak\u017ee jsem za\u010dal hr\u00e1t hokej. Hr\u00e1val jsem d\u0159\u00edve za Teslu Pardubice a Pozemn\u00ed stavby Pardubice, pak jsem m\u011bl pauzu, kdy\u017e jsem byl na vojn\u011b a potom jsem hr\u00e1l rekrea\u010dn\u00ed ligu a krajsk\u00fd p\u0159ebor. Do 50 jsem dokonce hr\u00e1l krajsk\u00fd p\u0159ebor. Je\u0161t\u011b te\u010f po\u0159\u00e1d hraju, m\u00e1m u\u017e teda \u0161patn\u00fd rameno&#8230; A u\u017e asi 20\u201330 let d\u011bl\u00e1m rozhod\u010d\u00edho, b\u00fdval jsem i tren\u00e9r ml\u00e1de\u017ee, ale to byl stra\u0161n\u00fd \u017erout \u010dasu. P\u00edsk\u00e1n\u00ed je pro m\u011b z\u00e1bava, kon\u00ed\u010dek.<\/p>\n<p><img loading=\"lazy\" decoding=\"async\" class=\"alignnone size-large wp-image-654\" src=\"http:\/\/praguesbarrel.eu\/y0OH9L\/uploads\/2023\/11\/petr_2015-1024x683.jpeg\" alt=\"\" width=\"640\" height=\"427\" srcset=\"https:\/\/praguesbarrel.eu\/y0OH9L\/uploads\/2023\/11\/petr_2015-1024x683.jpeg 1024w, https:\/\/praguesbarrel.eu\/y0OH9L\/uploads\/2023\/11\/petr_2015-300x200.jpeg 300w, https:\/\/praguesbarrel.eu\/y0OH9L\/uploads\/2023\/11\/petr_2015-768x512.jpeg 768w, https:\/\/praguesbarrel.eu\/y0OH9L\/uploads\/2023\/11\/petr_2015-1536x1024.jpeg 1536w, https:\/\/praguesbarrel.eu\/y0OH9L\/uploads\/2023\/11\/petr_2015.jpeg 1836w\" sizes=\"(max-width: 640px) 100vw, 640px\" \/><br \/>\n<strong>\u00a0<\/strong><br \/>\n<strong>V \u010dem je n\u00e1\u0161 turnaj jin\u00fd ne\u017e obvykl\u00e9 z\u00e1pasy?<\/strong><br \/>\nJe to bezkontaktn\u00ed, v\u011bt\u0161\u00ed pohoda, m\u00e9n\u011b nerv\u016f. I kdy\u017e ob\u010das se tak\u00e9 stane <em>(sm\u00edch)<\/em>. Kdyby byla mo\u017enost jet takhle n\u011bkam do zahrani\u010d\u00ed, taky bych jel. Je to jedin\u00fd turnaj, kter\u00fd jsem si k p\u00edsk\u00e1n\u00ed nechal. Nic podobn\u00e9ho tady v \u010cech\u00e1ch nikdo nepo\u0159\u00e1d\u00e1, pro m\u011b je to srdcovka.<\/p>\n<p><strong>Jak se turnaje za ta l\u00e9ta zm\u011bnily?<\/strong><br \/>\nN\u011bjak extra ne. Ale kdy\u017e je to te\u010f bez rusk\u00fdch t\u00fdm\u016f, tak to \u0161lo docela v\u00fdkonnostn\u011b dol\u016f<em>. (sm\u00edch)<\/em> Sice v\u017edycky cht\u011bli jen vyhr\u00e1t, ale z m\u00e9ho pohledu to bylo v pohod\u011b, v\u017edycky jsem si je srovnal.<\/p>\n<p><img loading=\"lazy\" decoding=\"async\" class=\"alignnone size-large wp-image-660\" src=\"http:\/\/praguesbarrel.eu\/y0OH9L\/uploads\/2023\/11\/petr_2023-1024x684.jpeg\" alt=\"\" width=\"640\" height=\"428\" srcset=\"https:\/\/praguesbarrel.eu\/y0OH9L\/uploads\/2023\/11\/petr_2023-1024x684.jpeg 1024w, https:\/\/praguesbarrel.eu\/y0OH9L\/uploads\/2023\/11\/petr_2023-300x200.jpeg 300w, https:\/\/praguesbarrel.eu\/y0OH9L\/uploads\/2023\/11\/petr_2023-768x513.jpeg 768w, https:\/\/praguesbarrel.eu\/y0OH9L\/uploads\/2023\/11\/petr_2023-1536x1026.jpeg 1536w, https:\/\/praguesbarrel.eu\/y0OH9L\/uploads\/2023\/11\/petr_2023.jpeg 1832w\" sizes=\"(max-width: 640px) 100vw, 640px\" \/><\/p>\n<p><strong>Jak\u00fd nejvy\u0161\u0161\u00ed trest si na na\u0161em turnaji dal?<\/strong><br \/>\nDo konce utk\u00e1n\u00ed. V\u011bt\u0161inou jsou vy\u0161\u0161\u00ed tresty sp\u00ed\u0161 za blb\u00e9 \u0159e\u010di ne\u017e za n\u011bjak\u00e9 \u00fatoky. Sice nerozum\u00edm tak dob\u0159e anglicky, ale nad\u00e1vky, ty zn\u00e1m v\u0161echny. <em>(sm\u00edch)<\/em> Nikdy si nepamatuji, \u017ee by se semlelo n\u011bco hodn\u011b blb\u00fdho. \u017d\u00e1dnou velkou rva\u010dku nevzpom\u00edn\u00e1m. Obecn\u011b d\u00e1v\u00e1me minim\u00e1ln\u00ed tresty, sna\u017e\u00edme se, aby si to lidi u\u017eili.<\/p>\n<p><strong>Pamatuje\u0161 si n\u011bjakou vtipnout p\u0159\u00edhodu ze z\u00e1pas\u016f?<\/strong><br \/>\nSp\u00ed\u0161 mezi z\u00e1pasy. Francouz b\u011bhal nahat\u00fd po led\u011b, m\u011bl jen pono\u017eky. <em>(sm\u00edch)<\/em> Ale t\u011bch vtipn\u00fdch moment\u016f b\u00fdv\u00e1 hodn\u011b, jednou tady hr\u00e1li v r\u016fzn\u00fdch kost\u00fdmech, t\u0159eba zaj\u00ed\u010dek nebo v\u00e1no\u010dn\u00ed strome\u010dek. A ur\u010dit\u011b nezapomenu na \u017e\u00e1dost o ruku na led\u011b, to je topovka.<\/p>\n","protected":false},"excerpt":{"rendered":"<p>Anglicky sice dob\u0159e neum\u00edm, ale nad\u00e1vk\u00e1m rozum\u00edm Hokejov\u00fd rozhod\u010d\u00ed Petr je s n\u00e1mi na hokejov\u00fdch turnaj\u00edch t\u00e9m\u011b\u0159 nep\u0159etr\u017eit\u011b u\u017e v\u00edce ne\u017e 10 let. Jak se mu n\u00e1\u0161 turnaj zamlouv\u00e1 a co si mysl\u00ed o t\u00fdmech? Jak ses k p\u00edsk\u00e1n\u00ed na Prague\u2019s Barrel dostal a kdy to bylo? U\u017e je to tak 13\u201314 let, oslovil m\u011b&#8230;<\/p>\n","protected":false},"author":6,"featured_media":648,"parent":113,"menu_order":0,"comment_status":"closed","ping_status":"closed","template":"templates\/with-sidebar.php","meta":{"footnotes":""},"yoast_head":"<!-- This site is optimized with the Yoast SEO plugin v22.5 - https:\/\/yoast.com\/wordpress\/plugins\/seo\/ -->\n<title>Rozhod\u010d\u00ed Petr - Prague&#039;s Barrel<\/title>\n<meta name=\"description\" content=\"Hokejov\u00fd rozhod\u010d\u00ed Petr je s n\u00e1mi na hokejov\u00fdch turnaj\u00edch t\u00e9m\u011b\u0159 nep\u0159etr\u017eit\u011b u\u017e v\u00edce ne\u017e 10 let. Jak se mu n\u00e1\u0161 turnaj zamlouv\u00e1?\" \/>\n<meta name=\"robots\" content=\"index, follow, max-snippet:-1, max-image-preview:large, max-video-preview:-1\" \/>\n<link rel=\"canonical\" href=\"https:\/\/praguesbarrel.eu\/cs\/clanky\/referee-peter\/\" \/>\n<meta property=\"og:locale\" content=\"cs_CZ\" \/>\n<meta property=\"og:type\" content=\"article\" \/>\n<meta property=\"og:title\" content=\"Rozhod\u010d\u00ed Petr - Prague&#039;s Barrel\" \/>\n<meta property=\"og:description\" content=\"Hokejov\u00fd rozhod\u010d\u00ed Petr je s n\u00e1mi na hokejov\u00fdch turnaj\u00edch t\u00e9m\u011b\u0159 nep\u0159etr\u017eit\u011b u\u017e v\u00edce ne\u017e 10 let. Jak se mu n\u00e1\u0161 turnaj zamlouv\u00e1?\" \/>\n<meta property=\"og:url\" content=\"https:\/\/praguesbarrel.eu\/cs\/clanky\/referee-peter\/\" \/>\n<meta property=\"og:site_name\" content=\"Prague&#039;s Barrel\" \/>\n<meta property=\"article:modified_time\" content=\"2023-12-11T20:51:23+00:00\" \/>\n<meta property=\"og:image\" content=\"http:\/\/praguesbarrel.eu\/y0OH9L\/uploads\/2023\/11\/petr_2022.jpeg\" \/>\n\t<meta property=\"og:image:width\" content=\"1836\" \/>\n\t<meta property=\"og:image:height\" content=\"1224\" \/>\n\t<meta property=\"og:image:type\" content=\"image\/jpeg\" \/>\n<meta name=\"twitter:card\" content=\"summary_large_image\" \/>\n<meta name=\"twitter:label1\" content=\"Odhadovan\u00e1 doba \u010dten\u00ed\" \/>\n\t<meta name=\"twitter:data1\" content=\"2 minuty\" \/>\n<script type=\"application\/ld+json\" class=\"yoast-schema-graph\">{\"@context\":\"https:\/\/schema.org\",\"@graph\":[{\"@type\":\"WebPage\",\"@id\":\"https:\/\/praguesbarrel.eu\/cs\/clanky\/referee-peter\/\",\"url\":\"https:\/\/praguesbarrel.eu\/cs\/clanky\/referee-peter\/\",\"name\":\"Rozhod\u010d\u00ed Petr - Prague&#039;s Barrel\",\"isPartOf\":{\"@id\":\"https:\/\/praguesbarrel.eu\/#website\"},\"primaryImageOfPage\":{\"@id\":\"https:\/\/praguesbarrel.eu\/cs\/clanky\/referee-peter\/#primaryimage\"},\"image\":{\"@id\":\"https:\/\/praguesbarrel.eu\/cs\/clanky\/referee-peter\/#primaryimage\"},\"thumbnailUrl\":\"https:\/\/praguesbarrel.eu\/y0OH9L\/uploads\/2023\/11\/petr_2022.jpeg\",\"datePublished\":\"2023-11-30T10:41:10+00:00\",\"dateModified\":\"2023-12-11T20:51:23+00:00\",\"description\":\"Hokejov\u00fd rozhod\u010d\u00ed Petr je s n\u00e1mi na hokejov\u00fdch turnaj\u00edch t\u00e9m\u011b\u0159 nep\u0159etr\u017eit\u011b u\u017e v\u00edce ne\u017e 10 let. Jak se mu n\u00e1\u0161 turnaj zamlouv\u00e1?\",\"breadcrumb\":{\"@id\":\"https:\/\/praguesbarrel.eu\/cs\/clanky\/referee-peter\/#breadcrumb\"},\"inLanguage\":\"cs\",\"potentialAction\":[{\"@type\":\"ReadAction\",\"target\":[\"https:\/\/praguesbarrel.eu\/cs\/clanky\/referee-peter\/\"]}]},{\"@type\":\"ImageObject\",\"inLanguage\":\"cs\",\"@id\":\"https:\/\/praguesbarrel.eu\/cs\/clanky\/referee-peter\/#primaryimage\",\"url\":\"https:\/\/praguesbarrel.eu\/y0OH9L\/uploads\/2023\/11\/petr_2022.jpeg\",\"contentUrl\":\"https:\/\/praguesbarrel.eu\/y0OH9L\/uploads\/2023\/11\/petr_2022.jpeg\",\"width\":1836,\"height\":1224},{\"@type\":\"BreadcrumbList\",\"@id\":\"https:\/\/praguesbarrel.eu\/cs\/clanky\/referee-peter\/#breadcrumb\",\"itemListElement\":[{\"@type\":\"ListItem\",\"position\":1,\"name\":\"Dom\u016f\",\"item\":\"https:\/\/praguesbarrel.eu\/cs\/\"},{\"@type\":\"ListItem\",\"position\":2,\"name\":\"\u010cl\u00e1nky\",\"item\":\"https:\/\/praguesbarrel.eu\/cs\/clanky\/\"},{\"@type\":\"ListItem\",\"position\":3,\"name\":\"Rozhod\u010d\u00ed Petr\"}]},{\"@type\":\"WebSite\",\"@id\":\"https:\/\/praguesbarrel.eu\/#website\",\"url\":\"https:\/\/praguesbarrel.eu\/\",\"name\":\"Prague&#039;s Barrel\",\"description\":\"Tournaments\",\"potentialAction\":[{\"@type\":\"SearchAction\",\"target\":{\"@type\":\"EntryPoint\",\"urlTemplate\":\"https:\/\/praguesbarrel.eu\/?s={search_term_string}\"},\"query-input\":\"required name=search_term_string\"}],\"inLanguage\":\"cs\"}]}<\/script>\n<!-- \/ Yoast SEO plugin. -->","yoast_head_json":{"title":"Rozhod\u010d\u00ed Petr - Prague&#039;s Barrel","description":"Hokejov\u00fd rozhod\u010d\u00ed Petr je s n\u00e1mi na hokejov\u00fdch turnaj\u00edch t\u00e9m\u011b\u0159 nep\u0159etr\u017eit\u011b u\u017e v\u00edce ne\u017e 10 let. Jak se mu n\u00e1\u0161 turnaj zamlouv\u00e1?","robots":{"index":"index","follow":"follow","max-snippet":"max-snippet:-1","max-image-preview":"max-image-preview:large","max-video-preview":"max-video-preview:-1"},"canonical":"https:\/\/praguesbarrel.eu\/cs\/clanky\/referee-peter\/","og_locale":"cs_CZ","og_type":"article","og_title":"Rozhod\u010d\u00ed Petr - Prague&#039;s Barrel","og_description":"Hokejov\u00fd rozhod\u010d\u00ed Petr je s n\u00e1mi na hokejov\u00fdch turnaj\u00edch t\u00e9m\u011b\u0159 nep\u0159etr\u017eit\u011b u\u017e v\u00edce ne\u017e 10 let. Jak se mu n\u00e1\u0161 turnaj zamlouv\u00e1?","og_url":"https:\/\/praguesbarrel.eu\/cs\/clanky\/referee-peter\/","og_site_name":"Prague&#039;s Barrel","article_modified_time":"2023-12-11T20:51:23+00:00","og_image":[{"width":1836,"height":1224,"url":"http:\/\/praguesbarrel.eu\/y0OH9L\/uploads\/2023\/11\/petr_2022.jpeg","type":"image\/jpeg"}],"twitter_card":"summary_large_image","twitter_misc":{"Odhadovan\u00e1 doba \u010dten\u00ed":"2 minuty"},"schema":{"@context":"https:\/\/schema.org","@graph":[{"@type":"WebPage","@id":"https:\/\/praguesbarrel.eu\/cs\/clanky\/referee-peter\/","url":"https:\/\/praguesbarrel.eu\/cs\/clanky\/referee-peter\/","name":"Rozhod\u010d\u00ed Petr - Prague&#039;s Barrel","isPartOf":{"@id":"https:\/\/praguesbarrel.eu\/#website"},"primaryImageOfPage":{"@id":"https:\/\/praguesbarrel.eu\/cs\/clanky\/referee-peter\/#primaryimage"},"image":{"@id":"https:\/\/praguesbarrel.eu\/cs\/clanky\/referee-peter\/#primaryimage"},"thumbnailUrl":"https:\/\/praguesbarrel.eu\/y0OH9L\/uploads\/2023\/11\/petr_2022.jpeg","datePublished":"2023-11-30T10:41:10+00:00","dateModified":"2023-12-11T20:51:23+00:00","description":"Hokejov\u00fd rozhod\u010d\u00ed Petr je s n\u00e1mi na hokejov\u00fdch turnaj\u00edch t\u00e9m\u011b\u0159 nep\u0159etr\u017eit\u011b u\u017e v\u00edce ne\u017e 10 let. Jak se mu n\u00e1\u0161 turnaj zamlouv\u00e1?","breadcrumb":{"@id":"https:\/\/praguesbarrel.eu\/cs\/clanky\/referee-peter\/#breadcrumb"},"inLanguage":"cs","potentialAction":[{"@type":"ReadAction","target":["https:\/\/praguesbarrel.eu\/cs\/clanky\/referee-peter\/"]}]},{"@type":"ImageObject","inLanguage":"cs","@id":"https:\/\/praguesbarrel.eu\/cs\/clanky\/referee-peter\/#primaryimage","url":"https:\/\/praguesbarrel.eu\/y0OH9L\/uploads\/2023\/11\/petr_2022.jpeg","contentUrl":"https:\/\/praguesbarrel.eu\/y0OH9L\/uploads\/2023\/11\/petr_2022.jpeg","width":1836,"height":1224},{"@type":"BreadcrumbList","@id":"https:\/\/praguesbarrel.eu\/cs\/clanky\/referee-peter\/#breadcrumb","itemListElement":[{"@type":"ListItem","position":1,"name":"Dom\u016f","item":"https:\/\/praguesbarrel.eu\/cs\/"},{"@type":"ListItem","position":2,"name":"\u010cl\u00e1nky","item":"https:\/\/praguesbarrel.eu\/cs\/clanky\/"},{"@type":"ListItem","position":3,"name":"Rozhod\u010d\u00ed Petr"}]},{"@type":"WebSite","@id":"https:\/\/praguesbarrel.eu\/#website","url":"https:\/\/praguesbarrel.eu\/","name":"Prague&#039;s Barrel","description":"Tournaments","potentialAction":[{"@type":"SearchAction","target":{"@type":"EntryPoint","urlTemplate":"https:\/\/praguesbarrel.eu\/?s={search_term_string}"},"query-input":"required name=search_term_string"}],"inLanguage":"cs"}]}},"_links":{"self":[{"href":"https:\/\/praguesbarrel.eu\/cs\/wp-json\/wp\/v2\/pages\/666"}],"collection":[{"href":"https:\/\/praguesbarrel.eu\/cs\/wp-json\/wp\/v2\/pages"}],"about":[{"href":"https:\/\/praguesbarrel.eu\/cs\/wp-json\/wp\/v2\/types\/page"}],"author":[{"embeddable":true,"href":"https:\/\/praguesbarrel.eu\/cs\/wp-json\/wp\/v2\/users\/6"}],"replies":[{"embeddable":true,"href":"https:\/\/praguesbarrel.eu\/cs\/wp-json\/wp\/v2\/comments?post=666"}],"version-history":[{"count":6,"href":"https:\/\/praguesbarrel.eu\/cs\/wp-json\/wp\/v2\/pages\/666\/revisions"}],"predecessor-version":[{"id":740,"href":"https:\/\/praguesbarrel.eu\/cs\/wp-json\/wp\/v2\/pages\/666\/revisions\/740"}],"up":[{"embeddable":true,"href":"https:\/\/praguesbarrel.eu\/cs\/wp-json\/wp\/v2\/pages\/113"}],"wp:featuredmedia":[{"embeddable":true,"href":"https:\/\/praguesbarrel.eu\/cs\/wp-json\/wp\/v2\/media\/648"}],"wp:attachment":[{"href":"https:\/\/praguesbarrel.eu\/cs\/wp-json\/wp\/v2\/media?parent=666"}],"curies":[{"name":"wp","href":"https:\/\/api.w.org\/{rel}","templated":true}]}}