{"id":534,"date":"2023-05-11T09:04:02","date_gmt":"2023-05-11T08:04:02","guid":{"rendered":"https:\/\/praguesbarrel.eu\/clanky\/paramedic-michaela-i-enjoy-when-people-have-fun\/"},"modified":"2023-12-05T13:44:15","modified_gmt":"2023-12-05T12:44:15","slug":"paramedic-michaela-i-enjoy-when-people-have-fun","status":"publish","type":"page","link":"https:\/\/praguesbarrel.eu\/cs\/clanky\/paramedic-michaela-i-enjoy-when-people-have-fun\/","title":{"rendered":"Michaela"},"content":{"rendered":"<h2>Z\u00e1chran\u00e1\u0159ka M\u00ed\u0161a: Bav\u00ed m\u011b, kdy\u017e se lid\u00e9 bav\u00ed<\/h2>\n<blockquote><p><em>Michaela Sternov\u00e1 n\u00e1m d\u011bl\u00e1 z\u00e1chran\u00e1\u0159sk\u00fd dozor ji\u017e od roku 1998. Sama je \u010dlenkou z\u00e1chran\u00e1\u0159sk\u00e9ho sboru v Praze, pracovala tak\u00e9 jako anesteziologick\u00e1 sestra a aktivn\u011b se i nad\u00e1le vzd\u011bl\u00e1v\u00e1 a sama p\u0159edn\u00e1\u0161\u00ed zdravotn\u00edk\u016fm po cel\u00e9 republice. Pr\u00e1v\u011b ona se na ka\u017ed\u00e9m turnaji star\u00e1 o va\u0161e zdrav\u00ed. Jak\u00fd je n\u00e1\u0161 turnaj z jej\u00edho pohledu?<\/em><\/p><\/blockquote>\n<p><strong>Jak ses dostala k pr\u00e1ci na Prague\u2019s Barrel?<\/strong><br \/>\n\u00dapln\u00fdm omylem. V roce 1998 m\u011b oslovila kolegyn\u011b ze z\u00e1chranky, \u017ee onemocn\u011bla a jestli bych ji nahradila na jednom fotbalov\u00e9m turnaji, kter\u00fd se bude odehr\u00e1vat na Hagiboru, \u017ee se tam dost pije pivo a je to legrace. A j\u00e1 na to k\u00fdvla, to jsem je\u0161t\u011b nev\u011bd\u011bla, do \u010deho jdu. <em>(sm\u00edch)<\/em><\/p>\n<p>Kdysi d\u00e1vno na fotbalov\u00e9m turnaji se mnou pracoval i m\u016fj t\u00e1ta, proto\u017ee je tak\u00e9 z\u00e1chran\u00e1\u0159, a je\u0161t\u011b ned\u00e1vno i m\u016fj b\u00fdval\u00fd man\u017eel. Tak\u017ee takov\u00fd rodinn\u00fd byznys. Dokonce jsme v\u0161ichni pom\u00e1hali i na Evropsk\u00fdch firemn\u00edch sportovn\u00edch hr\u00e1ch v roce 2013, to jsem naverbovala z\u00e1chran\u00e1\u0159e z cel\u00e9 republiky.<\/p>\n<p><strong>A co jsi na sv\u016fj prvn\u00ed turnaj \u0159\u00edkala, jak\u00e9 byly dojmy?<\/strong><br \/>\nM\u011bla jsem s sebou v\u0161echno z\u00e1chran\u00e1\u0159sk\u00e9 vybaven\u00ed, i z\u00e1chran\u00e1\u0159sk\u00fd \u00fabor, prost\u011b jsem to brala sv\u011bdomit\u011b. Ale pak jsem rychle pochopila, \u017ee se sem jezd\u00ed lid\u00e9 p\u0159edev\u0161\u00edm bavit. P\u0159i\u0161lo mi to skv\u011bl\u00e9, \u017ee i dosp\u011bl\u00ed lid\u00e9 se dok\u00e1\u017e\u00ed takhle bavit a p\u0159ijde mi, \u017ee rok od roku se bav\u00ed je\u0161t\u011b v\u00edc. T\u0159eba jeden \u0161v\u00e9dsk\u00fd fotbalov\u00fd t\u00fdm m\u011b ka\u017ed\u00fd rok opravdu velmi bav\u00ed a p\u0159ekon\u00e1v\u00e1 se.<\/p>\n<p><img loading=\"lazy\" decoding=\"async\" class=\"size-large wp-image-520 aligncenter\" style=\"font-size: 0.938em; font-style: inherit; font-weight: inherit;\" src=\"http:\/\/praguesbarrel.eu\/y0OH9L\/uploads\/2023\/05\/MG_9516-1024x683.jpeg\" alt=\"\" width=\"640\" height=\"427\" srcset=\"https:\/\/praguesbarrel.eu\/y0OH9L\/uploads\/2023\/05\/MG_9516-1024x683.jpeg 1024w, https:\/\/praguesbarrel.eu\/y0OH9L\/uploads\/2023\/05\/MG_9516-300x200.jpeg 300w, https:\/\/praguesbarrel.eu\/y0OH9L\/uploads\/2023\/05\/MG_9516-768x512.jpeg 768w, https:\/\/praguesbarrel.eu\/y0OH9L\/uploads\/2023\/05\/MG_9516-1536x1024.jpeg 1536w, https:\/\/praguesbarrel.eu\/y0OH9L\/uploads\/2023\/05\/MG_9516.jpeg 2048w\" sizes=\"(max-width: 640px) 100vw, 640px\" \/><\/p>\n<p><strong>Je to tedy u\u017e n\u011bjak\u00fd ten rok, co n\u00e1m o\u0161et\u0159uje\u0161 v\u0161echny zran\u011bn\u00ed, co t\u011b st\u00e1le p\u0159esv\u011bd\u010duje to d\u011blat?<\/strong><br \/>\nBav\u00ed m\u011b, kdy\u017e se lid\u00e9 bav\u00ed. Je to pro m\u011b samoz\u0159ejm\u011b pr\u00e1ce, na ka\u017ed\u00e9m turnaji je n\u011bjak\u00fd \u00faraz, kter\u00fd je pot\u0159eba o\u0161et\u0159it. Ale ten turnaj m\u00e1 p\u0159idanou hodnotu, je to z\u00e1bava, je tu skv\u011bl\u00fd t\u00fdm, kter\u00fd ho organizuje. Vid\u011bla jsem, jak vy\u0159e\u0161ili i naprosto ne\u0159e\u0161iteln\u00e9 probl\u00e9my. Tak\u017ee celkov\u011b ta atmosf\u00e9ra m\u011b prost\u011b nepust\u00ed, chci to za\u017e\u00edt poka\u017ed\u00e9.<\/p>\n<p>Ob\u010das mi teda br\u00e1n\u00ed trochu jazykov\u00e1 bari\u00e9ra, ale r\u00e1da vytv\u00e1\u0159\u00edm s \u00fa\u010dastn\u00edky p\u0159\u00e1telstv\u00ed, proto\u017ee tady \u010dlov\u011bk opravdu naraz\u00ed na lidi z r\u016fzn\u00fdch kout\u016f sv\u011bta. N\u011bkter\u00e9 t\u00fdmy jezd\u00ed pravideln\u011b, tak\u017ee jsem r\u00e1da, \u017ee pozn\u00e1vaj\u00ed i m\u011b a berou m\u011b za pr\u00e1voplatn\u00e9ho \u010dlena t\u00fdmu a v\u017edy je r\u00e1da op\u011bt vid\u00edm.<\/p>\n<p><strong>Na jak\u00fd \u00faraz na Prague\u2019s Barrel nezapomene\u0161?<\/strong><br \/>\nNo nebyl to \u00fapln\u011b \u00faraz, ale velmi zaj\u00edmav\u00e1 situaci, kdy n\u00e1m za\u010dala man\u017eelka jednoho z \u00fa\u010dastn\u00edk\u016f na h\u0159i\u0161ti rodit, za\u010daly j\u00ed kontrakce. Porod tedy prob\u011bhl a\u017e v nemocnici, zavolali jsme z\u00e1chranku a byla rychle p\u0159evezena. Tak to bylo ur\u010dit\u011b nezapomenuteln\u00e9, to \u010dlov\u011bk na sportovn\u00edm turnaji jen tak neza\u017eije.<\/p>\n<p>Pak si vybavuji n\u011bkdy v roce 2008, kdy se n\u00e1m p\u0159i \u017eensk\u00e9m turnaji st\u0159etly dv\u011b d\u00e1my velmi ne\u0161\u0165astn\u011b. Jedna z\u016fstala le\u017eet v bezv\u011bdom\u00ed a situace mezi t\u00fdmy dost eskalovala. Jsem zvykl\u00e1 z pr\u00e1ce z\u00e1chran\u00e1\u0159e na ledacos, ale tohle bylo speci\u00e1ln\u00ed. Emoce l\u00edtaly vzduchem, prali se mezi sebou, h\u00e1dali, trochu mi to br\u00e1nilo v pr\u00e1ci. N\u011bkte\u0159\u00ed si dokonce nebyli jist\u00ed, jestli m\u00e1m na o\u0161et\u0159en\u00ed dostate\u010dnou kvalifikaci. P\u0159edala jsem ji koleg\u016fm v z\u00e1chrance a musela jsem pak je\u0161t\u011b pod\u00e1vat sv\u011bdectv\u00ed na policii.<\/p>\n<p><strong>M\u00e1\u0161 z turnaje n\u011bjak\u00e9 vtipn\u00e9 historky?<\/strong><br \/>\nJe\u0161t\u011b se mi nikdy v m\u00e9m profesn\u00edm \u017eivot\u011b nestalo, \u017ee bych \u0161ila hlavu v\u00e1no\u010dn\u00edmu strome\u010dku. <em>(sm\u00edch)<\/em> Nebo \u017ee bych vid\u011bla velkou p\u0159ehl\u00eddku um\u011bl\u00fdch penis\u016f, se kter\u00fdmi tu n\u011bkte\u0159\u00ed chod\u00ed a i s nim hraj\u00ed. Tak\u00e9 r\u00e1da vzpom\u00edn\u00e1m na mu\u017esk\u00fd fotbalov\u00fd t\u00fdm v tutu tylov\u00fdch suk\u00fdnk\u00e1ch s chlupat\u00fdma nohama.<\/p>\n<p>Co se ale t\u00fd\u010de o\u0161et\u0159ov\u00e1n\u00ed, tak jsem m\u011bla samoz\u0159ejm\u011b i jin\u00e9 vesel\u00e9 p\u0159\u00edhody. Na fotbale chlapci cht\u011bj\u00ed nechat sv\u00e9 intimn\u00ed partie d\u00fdchat, ale pak se p\u0159ihod\u00ed n\u011bjak\u00e9 zran\u011bn\u00ed jako natr\u017een\u00e1 uzdi\u010dka, tak\u017ee ano i to j\u00e1 mus\u00edm \u0159e\u0161it.<\/p>\n<p><strong>V\u00edce \u00faraz\u016f se p\u0159ihod\u00ed na hokeji nebo na fotbale?<\/strong><br \/>\nT\u011bch v\u00e1\u017en\u011bj\u0161\u00edch \u00faraz\u016f o\u0161et\u0159\u00edm ur\u010dit\u011b v\u00edce na hokejov\u00fdch turnaj\u00edch, nicm\u00e9n\u011b na fotbale je spousta drobn\u00fdch zran\u011bn\u00ed, tak\u017ee tam je v\u017edy pr\u00e1ce v\u00edce, tak\u00e9 je tam v\u011bt\u0161inou v\u00edce \u00fa\u010dastn\u00edk\u016f. Je ale pravda, \u017ee na hokeji se n\u011bkte\u0159\u00ed, dokud nest\u0159\u00edk\u00e1 krev, skoro p\u0159\u00ed\u010d\u00ed se p\u0159ij\u00edt nechat o\u0161et\u0159it nebo se poradit. Tak\u00e9 maj\u00ed na sv\u00e9m t\u011ble v\u00fdstroj, kter\u00e1 je v\u00edce chr\u00e1n\u00ed. Nejvyt\u00ed\u017een\u011bj\u0161\u00edch je na v\u0161ech turnaj\u00edch led, ten vy\u0159e\u0161\u00ed v\u0161e.<\/p>\n<p><img loading=\"lazy\" decoding=\"async\" class=\"size-large wp-image-514 aligncenter\" src=\"http:\/\/praguesbarrel.eu\/y0OH9L\/uploads\/2023\/05\/hockey-199-1024x683.jpeg\" alt=\"\" width=\"640\" height=\"427\" srcset=\"https:\/\/praguesbarrel.eu\/y0OH9L\/uploads\/2023\/05\/hockey-199-1024x683.jpeg 1024w, https:\/\/praguesbarrel.eu\/y0OH9L\/uploads\/2023\/05\/hockey-199-300x200.jpeg 300w, https:\/\/praguesbarrel.eu\/y0OH9L\/uploads\/2023\/05\/hockey-199-768x512.jpeg 768w, https:\/\/praguesbarrel.eu\/y0OH9L\/uploads\/2023\/05\/hockey-199-1536x1024.jpeg 1536w, https:\/\/praguesbarrel.eu\/y0OH9L\/uploads\/2023\/05\/hockey-199.jpeg 1920w\" sizes=\"(max-width: 640px) 100vw, 640px\" \/><\/p>\n","protected":false},"excerpt":{"rendered":"<p>Z\u00e1chran\u00e1\u0159ka M\u00ed\u0161a: Bav\u00ed m\u011b, kdy\u017e se lid\u00e9 bav\u00ed Michaela Sternov\u00e1 n\u00e1m d\u011bl\u00e1 z\u00e1chran\u00e1\u0159sk\u00fd dozor ji\u017e od roku 1998. Sama je \u010dlenkou z\u00e1chran\u00e1\u0159sk\u00e9ho sboru v Praze, pracovala tak\u00e9 jako anesteziologick\u00e1 sestra a aktivn\u011b se i nad\u00e1le vzd\u011bl\u00e1v\u00e1 a sama p\u0159edn\u00e1\u0161\u00ed zdravotn\u00edk\u016fm po cel\u00e9 republice. Pr\u00e1v\u011b ona se na ka\u017ed\u00e9m turnaji star\u00e1 o va\u0161e zdrav\u00ed. Jak\u00fd je&#8230;<\/p>\n","protected":false},"author":6,"featured_media":527,"parent":113,"menu_order":0,"comment_status":"closed","ping_status":"closed","template":"templates\/with-sidebar.php","meta":{"footnotes":""},"yoast_head":"<!-- This site is optimized with the Yoast SEO plugin v22.5 - https:\/\/yoast.com\/wordpress\/plugins\/seo\/ -->\n<title>Michaela - Prague&#039;s Barrel<\/title>\n<meta name=\"description\" content=\"Michaela Sternov\u00e1 n\u00e1m d\u011bl\u00e1 z\u00e1chran\u00e1\u0159sk\u00fd dozor ji\u017e od roku 1998. Sama je \u010dlenkou z\u00e1chran\u00e1\u0159sk\u00e9ho sboru v Praze, jak\u00e1 nejhor\u0161\u00ed zran\u011bn\u00ed pamatuje?\" \/>\n<meta name=\"robots\" content=\"index, follow, max-snippet:-1, max-image-preview:large, max-video-preview:-1\" \/>\n<link rel=\"canonical\" href=\"https:\/\/praguesbarrel.eu\/cs\/clanky\/paramedic-michaela-i-enjoy-when-people-have-fun\/\" \/>\n<meta property=\"og:locale\" content=\"cs_CZ\" \/>\n<meta property=\"og:type\" content=\"article\" \/>\n<meta property=\"og:title\" content=\"Michaela - Prague&#039;s Barrel\" \/>\n<meta property=\"og:description\" content=\"Michaela Sternov\u00e1 n\u00e1m d\u011bl\u00e1 z\u00e1chran\u00e1\u0159sk\u00fd dozor ji\u017e od roku 1998. Sama je \u010dlenkou z\u00e1chran\u00e1\u0159sk\u00e9ho sboru v Praze, jak\u00e1 nejhor\u0161\u00ed zran\u011bn\u00ed pamatuje?\" \/>\n<meta property=\"og:url\" content=\"https:\/\/praguesbarrel.eu\/cs\/clanky\/paramedic-michaela-i-enjoy-when-people-have-fun\/\" \/>\n<meta property=\"og:site_name\" content=\"Prague&#039;s Barrel\" \/>\n<meta property=\"article:modified_time\" content=\"2023-12-05T12:44:15+00:00\" \/>\n<meta property=\"og:image\" content=\"http:\/\/praguesbarrel.eu\/y0OH9L\/uploads\/2023\/05\/LIFE2270.jpeg\" \/>\n\t<meta property=\"og:image:width\" content=\"960\" \/>\n\t<meta property=\"og:image:height\" content=\"640\" \/>\n\t<meta property=\"og:image:type\" content=\"image\/jpeg\" \/>\n<meta name=\"twitter:card\" content=\"summary_large_image\" \/>\n<meta name=\"twitter:label1\" content=\"Odhadovan\u00e1 doba \u010dten\u00ed\" \/>\n\t<meta name=\"twitter:data1\" content=\"4 minuty\" \/>\n<script type=\"application\/ld+json\" class=\"yoast-schema-graph\">{\"@context\":\"https:\/\/schema.org\",\"@graph\":[{\"@type\":\"WebPage\",\"@id\":\"https:\/\/praguesbarrel.eu\/cs\/clanky\/paramedic-michaela-i-enjoy-when-people-have-fun\/\",\"url\":\"https:\/\/praguesbarrel.eu\/cs\/clanky\/paramedic-michaela-i-enjoy-when-people-have-fun\/\",\"name\":\"Michaela - Prague&#039;s Barrel\",\"isPartOf\":{\"@id\":\"https:\/\/praguesbarrel.eu\/#website\"},\"primaryImageOfPage\":{\"@id\":\"https:\/\/praguesbarrel.eu\/cs\/clanky\/paramedic-michaela-i-enjoy-when-people-have-fun\/#primaryimage\"},\"image\":{\"@id\":\"https:\/\/praguesbarrel.eu\/cs\/clanky\/paramedic-michaela-i-enjoy-when-people-have-fun\/#primaryimage\"},\"thumbnailUrl\":\"https:\/\/praguesbarrel.eu\/y0OH9L\/uploads\/2023\/05\/LIFE2270.jpeg\",\"datePublished\":\"2023-05-11T08:04:02+00:00\",\"dateModified\":\"2023-12-05T12:44:15+00:00\",\"description\":\"Michaela Sternov\u00e1 n\u00e1m d\u011bl\u00e1 z\u00e1chran\u00e1\u0159sk\u00fd dozor ji\u017e od roku 1998. Sama je \u010dlenkou z\u00e1chran\u00e1\u0159sk\u00e9ho sboru v Praze, jak\u00e1 nejhor\u0161\u00ed zran\u011bn\u00ed pamatuje?\",\"breadcrumb\":{\"@id\":\"https:\/\/praguesbarrel.eu\/cs\/clanky\/paramedic-michaela-i-enjoy-when-people-have-fun\/#breadcrumb\"},\"inLanguage\":\"cs\",\"potentialAction\":[{\"@type\":\"ReadAction\",\"target\":[\"https:\/\/praguesbarrel.eu\/cs\/clanky\/paramedic-michaela-i-enjoy-when-people-have-fun\/\"]}]},{\"@type\":\"ImageObject\",\"inLanguage\":\"cs\",\"@id\":\"https:\/\/praguesbarrel.eu\/cs\/clanky\/paramedic-michaela-i-enjoy-when-people-have-fun\/#primaryimage\",\"url\":\"https:\/\/praguesbarrel.eu\/y0OH9L\/uploads\/2023\/05\/LIFE2270.jpeg\",\"contentUrl\":\"https:\/\/praguesbarrel.eu\/y0OH9L\/uploads\/2023\/05\/LIFE2270.jpeg\",\"width\":960,\"height\":640},{\"@type\":\"BreadcrumbList\",\"@id\":\"https:\/\/praguesbarrel.eu\/cs\/clanky\/paramedic-michaela-i-enjoy-when-people-have-fun\/#breadcrumb\",\"itemListElement\":[{\"@type\":\"ListItem\",\"position\":1,\"name\":\"Dom\u016f\",\"item\":\"https:\/\/praguesbarrel.eu\/cs\/\"},{\"@type\":\"ListItem\",\"position\":2,\"name\":\"\u010cl\u00e1nky\",\"item\":\"https:\/\/praguesbarrel.eu\/cs\/clanky\/\"},{\"@type\":\"ListItem\",\"position\":3,\"name\":\"Michaela\"}]},{\"@type\":\"WebSite\",\"@id\":\"https:\/\/praguesbarrel.eu\/#website\",\"url\":\"https:\/\/praguesbarrel.eu\/\",\"name\":\"Prague&#039;s Barrel\",\"description\":\"Tournaments\",\"potentialAction\":[{\"@type\":\"SearchAction\",\"target\":{\"@type\":\"EntryPoint\",\"urlTemplate\":\"https:\/\/praguesbarrel.eu\/?s={search_term_string}\"},\"query-input\":\"required name=search_term_string\"}],\"inLanguage\":\"cs\"}]}<\/script>\n<!-- \/ Yoast SEO plugin. -->","yoast_head_json":{"title":"Michaela - Prague&#039;s Barrel","description":"Michaela Sternov\u00e1 n\u00e1m d\u011bl\u00e1 z\u00e1chran\u00e1\u0159sk\u00fd dozor ji\u017e od roku 1998. Sama je \u010dlenkou z\u00e1chran\u00e1\u0159sk\u00e9ho sboru v Praze, jak\u00e1 nejhor\u0161\u00ed zran\u011bn\u00ed pamatuje?","robots":{"index":"index","follow":"follow","max-snippet":"max-snippet:-1","max-image-preview":"max-image-preview:large","max-video-preview":"max-video-preview:-1"},"canonical":"https:\/\/praguesbarrel.eu\/cs\/clanky\/paramedic-michaela-i-enjoy-when-people-have-fun\/","og_locale":"cs_CZ","og_type":"article","og_title":"Michaela - Prague&#039;s Barrel","og_description":"Michaela Sternov\u00e1 n\u00e1m d\u011bl\u00e1 z\u00e1chran\u00e1\u0159sk\u00fd dozor ji\u017e od roku 1998. Sama je \u010dlenkou z\u00e1chran\u00e1\u0159sk\u00e9ho sboru v Praze, jak\u00e1 nejhor\u0161\u00ed zran\u011bn\u00ed pamatuje?","og_url":"https:\/\/praguesbarrel.eu\/cs\/clanky\/paramedic-michaela-i-enjoy-when-people-have-fun\/","og_site_name":"Prague&#039;s Barrel","article_modified_time":"2023-12-05T12:44:15+00:00","og_image":[{"width":960,"height":640,"url":"http:\/\/praguesbarrel.eu\/y0OH9L\/uploads\/2023\/05\/LIFE2270.jpeg","type":"image\/jpeg"}],"twitter_card":"summary_large_image","twitter_misc":{"Odhadovan\u00e1 doba \u010dten\u00ed":"4 minuty"},"schema":{"@context":"https:\/\/schema.org","@graph":[{"@type":"WebPage","@id":"https:\/\/praguesbarrel.eu\/cs\/clanky\/paramedic-michaela-i-enjoy-when-people-have-fun\/","url":"https:\/\/praguesbarrel.eu\/cs\/clanky\/paramedic-michaela-i-enjoy-when-people-have-fun\/","name":"Michaela - Prague&#039;s Barrel","isPartOf":{"@id":"https:\/\/praguesbarrel.eu\/#website"},"primaryImageOfPage":{"@id":"https:\/\/praguesbarrel.eu\/cs\/clanky\/paramedic-michaela-i-enjoy-when-people-have-fun\/#primaryimage"},"image":{"@id":"https:\/\/praguesbarrel.eu\/cs\/clanky\/paramedic-michaela-i-enjoy-when-people-have-fun\/#primaryimage"},"thumbnailUrl":"https:\/\/praguesbarrel.eu\/y0OH9L\/uploads\/2023\/05\/LIFE2270.jpeg","datePublished":"2023-05-11T08:04:02+00:00","dateModified":"2023-12-05T12:44:15+00:00","description":"Michaela Sternov\u00e1 n\u00e1m d\u011bl\u00e1 z\u00e1chran\u00e1\u0159sk\u00fd dozor ji\u017e od roku 1998. Sama je \u010dlenkou z\u00e1chran\u00e1\u0159sk\u00e9ho sboru v Praze, jak\u00e1 nejhor\u0161\u00ed zran\u011bn\u00ed pamatuje?","breadcrumb":{"@id":"https:\/\/praguesbarrel.eu\/cs\/clanky\/paramedic-michaela-i-enjoy-when-people-have-fun\/#breadcrumb"},"inLanguage":"cs","potentialAction":[{"@type":"ReadAction","target":["https:\/\/praguesbarrel.eu\/cs\/clanky\/paramedic-michaela-i-enjoy-when-people-have-fun\/"]}]},{"@type":"ImageObject","inLanguage":"cs","@id":"https:\/\/praguesbarrel.eu\/cs\/clanky\/paramedic-michaela-i-enjoy-when-people-have-fun\/#primaryimage","url":"https:\/\/praguesbarrel.eu\/y0OH9L\/uploads\/2023\/05\/LIFE2270.jpeg","contentUrl":"https:\/\/praguesbarrel.eu\/y0OH9L\/uploads\/2023\/05\/LIFE2270.jpeg","width":960,"height":640},{"@type":"BreadcrumbList","@id":"https:\/\/praguesbarrel.eu\/cs\/clanky\/paramedic-michaela-i-enjoy-when-people-have-fun\/#breadcrumb","itemListElement":[{"@type":"ListItem","position":1,"name":"Dom\u016f","item":"https:\/\/praguesbarrel.eu\/cs\/"},{"@type":"ListItem","position":2,"name":"\u010cl\u00e1nky","item":"https:\/\/praguesbarrel.eu\/cs\/clanky\/"},{"@type":"ListItem","position":3,"name":"Michaela"}]},{"@type":"WebSite","@id":"https:\/\/praguesbarrel.eu\/#website","url":"https:\/\/praguesbarrel.eu\/","name":"Prague&#039;s Barrel","description":"Tournaments","potentialAction":[{"@type":"SearchAction","target":{"@type":"EntryPoint","urlTemplate":"https:\/\/praguesbarrel.eu\/?s={search_term_string}"},"query-input":"required name=search_term_string"}],"inLanguage":"cs"}]}},"_links":{"self":[{"href":"https:\/\/praguesbarrel.eu\/cs\/wp-json\/wp\/v2\/pages\/534"}],"collection":[{"href":"https:\/\/praguesbarrel.eu\/cs\/wp-json\/wp\/v2\/pages"}],"about":[{"href":"https:\/\/praguesbarrel.eu\/cs\/wp-json\/wp\/v2\/types\/page"}],"author":[{"embeddable":true,"href":"https:\/\/praguesbarrel.eu\/cs\/wp-json\/wp\/v2\/users\/6"}],"replies":[{"embeddable":true,"href":"https:\/\/praguesbarrel.eu\/cs\/wp-json\/wp\/v2\/comments?post=534"}],"version-history":[{"count":5,"href":"https:\/\/praguesbarrel.eu\/cs\/wp-json\/wp\/v2\/pages\/534\/revisions"}],"predecessor-version":[{"id":721,"href":"https:\/\/praguesbarrel.eu\/cs\/wp-json\/wp\/v2\/pages\/534\/revisions\/721"}],"up":[{"embeddable":true,"href":"https:\/\/praguesbarrel.eu\/cs\/wp-json\/wp\/v2\/pages\/113"}],"wp:featuredmedia":[{"embeddable":true,"href":"https:\/\/praguesbarrel.eu\/cs\/wp-json\/wp\/v2\/media\/527"}],"wp:attachment":[{"href":"https:\/\/praguesbarrel.eu\/cs\/wp-json\/wp\/v2\/media?parent=534"}],"curies":[{"name":"wp","href":"https:\/\/api.w.org\/{rel}","templated":true}]}}