{"id":260,"date":"2022-12-17T21:16:27","date_gmt":"2022-12-17T20:16:27","guid":{"rendered":"https:\/\/praguesbarrel.eu\/?page_id=260"},"modified":"2023-12-05T13:51:18","modified_gmt":"2023-12-05T12:51:18","slug":"peter-basus-we-want-people-to-have-fun","status":"publish","type":"page","link":"https:\/\/praguesbarrel.eu\/cs\/clanky\/peter-basus-we-want-people-to-have-fun\/","title":{"rendered":"Petr &#8222;B\u00e1\u0161a&#8220;"},"content":{"rendered":"<h2>Petr Ba\u0161us: Chceme, aby se s n\u00e1mi lid\u00e9 bavili<\/h2>\n<blockquote><p><em>Petr Ba\u0161us je \u0161\u00e9fem a zakladatelem turnaje Prague\u2019s Barrel, i kdy\u017e v posledn\u00ed dob\u011b si u\u017e\u00edv\u00e1, \u017ee turnaj funguje s minimem jeho z\u00e1sah\u016f a je sp\u00ed\u0161 takov\u00fdm poradcem. Kde se zrodil n\u00e1pad po\u0159\u00e1dat turnaj jako je ten n\u00e1\u0161? Jak dlouho u\u017e to d\u011bl\u00e1 a jak vid\u00ed budoucnost?<\/em><\/p><\/blockquote>\n<p><strong>Pet\u0159e, fotbalov\u00fd turnaj u\u017e po\u0159\u00e1d\u00e1\u0161 28 let. Jak t\u011b v\u016fbec napadlo se do n\u011b\u010deho takov\u00e9ho pustit?<\/strong><br \/>\n\u00dapln\u011b na rovinu, j\u00e1 jsem s\u00e1m hr\u00e1l fotbal za \u00dastav pro v\u00fdzkum, v\u00fdrobu a vyu\u017eit\u00ed radioizotop\u016f. Tento t\u00fdm jel v roce 1990 na firemn\u00ed turnaj do N\u011bmecka a tam jim \u0159ekli, \u017ee p\u0159\u00ed\u0161t\u00ed rok by se to mohlo po\u0159\u00e1dat v Praze. Tak to po\u0159\u00e1dali v Praze, byla to moc p\u011bkn\u00e1 akce a m\u011b napadlo, \u017ee to m\u016f\u017eeme po\u0159\u00e1dat i d\u00e1le, i bez toho oborov\u00e9ho zam\u011b\u0159en\u00ed. Tak\u017ee jsem zavolal na rekrea\u010dn\u00ed fotbal a tam mi \u0159ekli, \u017ee je to nezaj\u00edm\u00e1, ale \u017ee d\u0159\u00edv tam byli dva p\u00e1nov\u00e9 B\u00e1lek a Pavl\u00edn a ti to v roce 1968 zkou\u0161eli rozjet, ale pak to padlo. Tak jsem se s nimi zkontaktoval, p\u00e1nov\u00e9 u\u017e m\u011bli v\u011bk, ale pln\u00ed entusiasmu. \u0158ekli jsme si, \u017ee to zkus\u00edme, m\u011bly to b\u00fdt turnaje na fotbal 11. Byla \u00fapln\u011b jin\u00e1 doba, tak\u017ee jsme za\u010dali rozes\u00edl\u00e1n\u00edm dopis\u016f. Najednou se n\u00e1m z N\u011bmecka p\u0159ihl\u00e1sily t\u0159i t\u00fdmy, tak jsme p\u0159idali \u010desk\u00e9 t\u00fdmy a turnaj uspo\u0159\u00e1dali. Psal se rok 1993, t\u00fdm\u016f jsme nakonec m\u011bli 7. Z v\u00fdnos\u016f z prvn\u00edho turnaje jsme si po\u0159\u00eddili fax. A na dal\u0161\u00edm turnaji jsme m\u011bli najednou 10 t\u00fdm\u016f, \u0161lapalo n\u00e1m to, l\u00edbilo se n\u00e1m to.<\/p>\n<p><strong>Jak ty prvn\u00ed turnaje vypadaly? Byly programem a n\u00e1pln\u00ed stejn\u00e9 jako dnes?<\/strong><br \/>\nAno, je to po\u0159\u00e1d t\u00e9m\u011b\u0159 stejn\u00e9. Tenkr\u00e1t byla v\u00fdhoda, \u017ee pivo bylo hodn\u011b levn\u00e9, bylo to dobr\u00fd l\u00e1kadlo a dost se to chytlo. A po\u0159\u00e1d to dr\u017e\u00ed, je to tradice. Od za\u010d\u00e1tku jsme m\u011bli hostesky ke ka\u017ed\u00e9mu t\u00fdmu. To jsme okoukali na tom prvn\u00edm turnaji koleg\u016f z \u00fastavu, kdy ka\u017ed\u00fd t\u00fdm m\u011bl n\u011bkoho, kdo se o n\u011b staral. Pak jsme to vid\u011bli i na jednom turnaji ve Francii a l\u00edbilo se n\u00e1m to.<\/p>\n<p><strong>Na za\u010d\u00e1tku si oslovoval jen firemn\u00ed t\u00fdmy?<\/strong><br \/>\nJenom firemn\u00ed t\u00fdmy a hlavn\u011b N\u011bmecko, proto\u017ee M\u00edla Pavl\u00edn, kter\u00fd to se mnou d\u011blal, byl n\u011bm\u010din\u00e1\u0159, m\u011bl tam spoustu kontakt\u016f. Hodn\u011b to \u0161lo na doporu\u010den\u00ed, v Hamburku tenkr\u00e1t n\u011bkdo napsal, \u017ee tu byl a \u017ee je to dobr\u00fd turnaj a hned dal\u0161\u00ed rok jich z Hamburku p\u0159ijelo v\u00edc.<\/p>\n<p><img loading=\"lazy\" decoding=\"async\" class=\"alignnone size-full wp-image-683\" src=\"http:\/\/praguesbarrel.eu\/y0OH9L\/uploads\/2023\/12\/1184-preview-548-original-1-002.jpeg\" alt=\"\" width=\"640\" height=\"425\" srcset=\"https:\/\/praguesbarrel.eu\/y0OH9L\/uploads\/2023\/12\/1184-preview-548-original-1-002.jpeg 640w, https:\/\/praguesbarrel.eu\/y0OH9L\/uploads\/2023\/12\/1184-preview-548-original-1-002-300x199.jpeg 300w\" sizes=\"(max-width: 640px) 100vw, 640px\" \/><\/p>\n<p><strong>Kdy se za\u010daly zv\u00e1t jin\u00e9 ne\u017e firemn\u00ed t\u00fdmy?<\/strong><br \/>\nMy jsme pos\u00edlali dopisy i na fotbalov\u00e9 svazy, tak\u017ee se to postupn\u011b roz\u0161i\u0159ovalo, ale po\u0159\u00e1d hlavn\u00ed p\u0159\u00edsun bylo N\u011bmecko a firemn\u00ed t\u00fdmy. A\u017e po n\u011bjak\u00e9 dob\u011b se p\u0159idala It\u00e1lie, m\u011bli jsme tam jeden kontakt. Komunikace byla zaj\u00edmav\u00e1, nikdo z n\u00e1s neum\u011bl italsky, oni neum\u011bli jin\u00fd jazyk, ale stejn\u011b jsme si rozum\u011bli. Pak jsem n\u00e1\u0161 t\u00fdm roz\u0161\u00ed\u0159il o jednu sle\u010dnu, kter\u00e1 um\u011bla anglicky a ta za\u010dala komunikovat s ostatn\u00edmi st\u00e1ty, to u\u017e bylo po e-mailu. M\u011bli jsme \u00fapln\u011b z\u00e1kladn\u00ed webov\u00e9 str\u00e1nky.<\/p>\n<p><strong>Je n\u011bjak\u00fd turnaj, kter\u00fd by se n\u00e1m podobal?<\/strong><br \/>\nMysl\u00edm si, \u017ee jsme v tomto sm\u011bru dost jedine\u010dn\u00ed, nev\u00edm o nikom, kdo by to d\u011blal jako my. Mo\u017en\u00e1 to n\u011bkdo za\u010dal kop\u00edrovat, j\u00e1 u\u017e jin\u00e9 turnaje tolik nesleduji. Ale co jsem evropsk\u00e9 turnaje obj\u00ed\u017ed\u011bl, tak byly \u00fapln\u011b v jin\u00e9m stylu, vedouc\u00ed t\u00fdm\u016f dost\u00e1vaj\u00ed rauty a hr\u00e1\u010di pomalu nedostanou ani vodu a takhle my to d\u011blat nechceme. Cht\u011bl jsem ten turnaj stav\u011bt tak, aby se l\u00edbil mn\u011b. J\u00e1 jsem taky fotbalista, tak\u017ee um\u00edm zhodnotit, jak\u00fd dojem to ud\u011bl\u00e1 na ostatn\u00ed. M\u00e1 to tradici, jsme v tom hodn\u011b d\u016fsledn\u00ed, \u017ee chceme, aby se tu lidi bavili. A za tou zna\u010dkou si stoj\u00edme.<\/p>\n<p><strong>Pro\u010d ses rozhodl p\u0159idat dal\u0161\u00ed sporty (hokej a bowling)?<\/strong><br \/>\nHokej za\u010dal t\u00edm, \u017ee jsme m\u011bli jako ve\u010dern\u00ed program proj\u00ed\u017e\u010fku lod\u00ed (tak je to i te\u010f) a majitel t\u00e9 jedn\u00e9 lodi je b\u00fdval\u00fd hokejista a \u0159\u00edkal: \u201cHele my ty lod\u011b m\u00e1me v \u00fanoru pr\u00e1zdn\u00fd, kdybys d\u011blal hokej, tak my tady m\u00e1me kapacitu a j\u00e1 ti pomohu.\u201d M\u011blo to logiku, v t\u00e9 dob\u011b byla i Praha dost pr\u00e1zdn\u00e1, co se t\u00fd\u010de turist\u016f. A tak se vyhl\u00e1sil hokej. Hodn\u011b se to chytilo v Rusku. Na prvn\u00ed turnaj se n\u00e1m ozvali i Ameri\u010dani a p\u0159ijeli s dv\u011bma t\u00fdmy Rinkels Maroon a Black, pak jedne rusk\u00fd t\u00fdm a zbytek \u010desk\u00fdch t\u00fdm\u016f. V\u0161em se to l\u00edbilo. Od kapit\u00e1na toho rusk\u00e9ho t\u00fdmu, kter\u00e9mu se to moc l\u00edbilo, jsem dostal kontakt na Dimitrije, kter\u00fd n\u00e1m pomohl to v Rusku roz\u0161\u00ed\u0159it. Po n\u011bm to p\u0159ebrala M\u00e1\u0161a a o rusk\u00e9 t\u00fdmy st\u00e1le nem\u00e1me nouzi. Postupn\u011b jsme cht\u011bli, aby to bylo rozmanit\u011bj\u0161\u00ed, tak\u017ee se sna\u017e\u00edme m\u00edsta na turnaji rozdistribuovat i pro dal\u0161\u00ed zem\u011b.<\/p>\n<p><strong>V posledn\u00edch 10 letech turnaj nabral opravdu obr\u00e1tky, z jednoho fotbalov\u00e9ho a jednoho hokejov\u00e9ho turnaje je 10 turnaj\u016f ro\u010dn\u011b. Jak se to stalo?<\/strong><br \/>\nJ\u00e1 jsem si k sob\u011b v\u017edycky na\u0161el schopnou, komunikativn\u00ed d\u00edvku, kter\u00e1 vy\u0159izovala komunikaci s t\u00fdmy. V\u011bt\u0161inou to d\u011blala p\u0159i vysok\u00e9 \u0161kole a jak ji dod\u011blala, tak s t\u00edm skon\u010dila. A\u017e Sofie se rozhodla, \u017ee to bude d\u011blat na pln\u00fd \u00favazek. Spole\u010dn\u011b s n\u00ed jsem pak v roce 2011 p\u0159ibral do t\u00fdmu je\u0161t\u011b studenty z UK FTVS, kte\u0159\u00ed n\u00e1m m\u011bli pom\u00e1hat na chystan\u00fdch Evropsk\u00fdch firemn\u00edch sportovn\u00edch hr\u00e1ch 2013. A ten t\u00fdm do sebe skv\u011ble zapadnul a spolupracujeme i d\u00e1l. Od t\u00e9 doby se to vlastn\u011b i cel\u00e9 za\u010dalo posouvat a r\u016fst. Tak\u00e9 na to m\u00e1 vliv p\u0159echod na fotbal 6+1, je jednodu\u0161\u0161\u00ed d\u00e1t dohromady t\u00fdm o 10 lidech ne\u017e 20\u201330. A hlavn\u011b u\u017e m\u00e1me jm\u00e9no, lid\u00e9 o n\u00e1s mluv\u00ed, doporu\u010duj\u00ed n\u00e1s.<\/p>\n<p><img loading=\"lazy\" decoding=\"async\" class=\"alignnone size-full wp-image-689\" src=\"http:\/\/praguesbarrel.eu\/y0OH9L\/uploads\/2023\/12\/1555-preview-dsc2521.jpeg\" alt=\"\" width=\"319\" height=\"480\" srcset=\"https:\/\/praguesbarrel.eu\/y0OH9L\/uploads\/2023\/12\/1555-preview-dsc2521.jpeg 319w, https:\/\/praguesbarrel.eu\/y0OH9L\/uploads\/2023\/12\/1555-preview-dsc2521-199x300.jpeg 199w\" sizes=\"(max-width: 319px) 100vw, 319px\" \/><\/p>\n<p><strong>Mysl\u00ed\u0161, \u017ee to m\u016f\u017ee r\u016fst je\u0161t\u011b d\u00e1l?<\/strong><br \/>\nJ\u00e1 si mysl\u00edm, \u017ee jsme na hran\u011b kapacity, na\u0161\u00ed organiz\u00e1torsk\u00e9. P\u0159eci jen p\u00edt ka\u017ed\u00fd v\u00edkend v roce asi nezvl\u00e1dneme <em>(sm\u00edch)<\/em>. V\u017edycky jsem si myslel, \u017ee n\u00e1\u0161 turnaj je skv\u011bl\u00fd, ale kdy\u017e se kouknu 20 let dozadu, tak si \u0159\u00edk\u00e1m, jak\u00fd jsme byli amat\u00e9\u0159i, kdy\u017e to srovn\u00e1m s \u00farovn\u00ed turnaje te\u010f. A t\u0159eba si to budu \u0159\u00edkat za x let znovu, hodn\u011b se to vyv\u00edj\u00ed, k lep\u0161\u00edmu, a\u017e tak \u017ee jsme to v\u016fbec ne\u010dekali. Z\u00e1sluhu na tom m\u00e1 cel\u00fd m\u016fj t\u00fdm.<\/p>\n<p><strong>Zm\u00ednil jsi, \u017ee jsme po\u0159\u00e1dali Evropsk\u00e9 firemn\u00ed sportovn\u00ed hry v roce 2013. Jak jsme k takov\u00e9 akci p\u0159i\u0161li?<\/strong><br \/>\nJak jsme po\u0159\u00e1dali fotbalov\u00e9 turnaje, narazili jsme na jeden velk\u00fd turnaj v It\u00e1lii v roce 1999, tak jsme se tam jeli pod\u00edvat a byly to pr\u00e1v\u011b Evropsk\u00e9 firemn\u00ed sportovn\u00ed hry, bylo tam 5 000 \u00fa\u010dastn\u00edk\u016f. A j\u00e1 jsem si \u0159ekl, \u017ee bychom tohle um\u011bli taky ud\u011blat. Tak jsem se napojil na Evropskou federaci firemn\u00edho sportu a za\u010dali jsme tam budovat kontakty. Tenkr\u00e1t mi pom\u00e1hala s turnaji Mirka Strouhalov\u00e1 a hodn\u011b to bylo zalo\u017een\u00e9 na jej\u00edm \u0161armu a m\u00fdch j\u00e1trech (sm\u00edch). U\u017e jsme m\u011bli v Evrop\u011b i jm\u00e9no, tak to nebylo tak t\u011b\u017ek\u00e9. Za\u010dali jsme kandidovat na po\u0159\u00e1d\u00e1n\u00ed her, \u0159\u00edkali jsme si, \u017ee to asi projedeme na pln\u00e9 \u010d\u00e1\u0159e, ale nakonec jsme ve fin\u00e1le t\u011bsn\u011b prohr\u00e1li s D\u00e1nskem. To n\u00e1s navnadilo kandidovat i d\u00e1le, a\u017e jsme vyhr\u00e1li hry 2013. Tenkr\u00e1t jsem tam s Mirkou nejel, proto\u017ee jsme m\u011bli z\u00e1rove\u0148 turnaj a ona mi pak \u00fapln\u011b s ledov\u00fdm klidem volala \u201cTak jsem to teda vyhr\u00e1la.\u201d.<\/p>\n<p><strong>Ale trochu si riskoval, t\u0159eba s t\u00edm nabrat p\u00e1r student\u016f vysok\u00e9 \u0161koly, aby organizovali tak velkou akci, jako byly hry pro 7 000 \u00fa\u010dastn\u00edk\u016f.<\/strong><br \/>\nKdy\u017e si vzpomenu, \u017ee jsem p\u0159edstavil Jakuba (moment\u00e1ln\u011b s Petrem vede Mercuria Laser game ar\u00e9ny v Praze) jako sportovn\u00edho mana\u017eera na hr\u00e1ch 2011 v Hamburku, bylo mu tehd\u00e1 kolem 20, v\u0161em t\u011bm vysoce postaven\u00fdm spor\u0165\u00e1k\u016fm, kte\u0159\u00ed to d\u011blaj\u00ed 20-30 let, tak se na n\u011bj koukali skrz prsty, ale druh\u00fd den u\u017e za n\u00edm chodili pro rady. Proto jsme tam tak\u00e9 jeli, abychom se inspirovali a sna\u017eili se vychytat chyby. To se n\u00e1m mysl\u00edm poda\u0159ilo.<\/p>\n<p><strong>Zat\u00edm to vypad\u00e1, \u017ee m\u00e1\u0161 na lidi \u010duch, jak to d\u011bl\u00e1\u0161?<\/strong><br \/>\nSna\u017e\u00edm se ud\u011blat lidem podm\u00ednky, nekecat jim do pr\u00e1ce a nab\u00eddnout jim pr\u00e1ci, kter\u00e1 je bude bavit. D\u011bl\u00e1me r\u016fzn\u00e9 firemn\u00ed t\u00fdmov\u00e9 akce, nab\u00edz\u00edm i flexibiln\u00ed pracovn\u00ed dobu. Jednou jedinkr\u00e1t se mi to trochu vymstilo, ale jinak to za ty roky funguje perfektn\u011b.<\/p>\n","protected":false},"excerpt":{"rendered":"<p>Petr Ba\u0161us: Chceme, aby se s n\u00e1mi lid\u00e9 bavili Petr Ba\u0161us je \u0161\u00e9fem a zakladatelem turnaje Prague\u2019s Barrel, i kdy\u017e v posledn\u00ed dob\u011b si u\u017e\u00edv\u00e1, \u017ee turnaj funguje s minimem jeho z\u00e1sah\u016f a je sp\u00ed\u0161 takov\u00fdm poradcem. Kde se zrodil n\u00e1pad po\u0159\u00e1dat turnaj jako je ten n\u00e1\u0161? Jak dlouho u\u017e to d\u011bl\u00e1 a jak vid\u00ed&#8230;<\/p>\n","protected":false},"author":3,"featured_media":695,"parent":113,"menu_order":0,"comment_status":"closed","ping_status":"closed","template":"templates\/with-sidebar.php","meta":{"footnotes":""},"yoast_head":"<!-- This site is optimized with the Yoast SEO plugin v22.5 - https:\/\/yoast.com\/wordpress\/plugins\/seo\/ -->\n<title>Petr &quot;B\u00e1\u0161a&quot; - Prague&#039;s Barrel<\/title>\n<meta name=\"description\" content=\"Petr Ba\u0161us je \u0161\u00e9fem a zakladatelem turnaje Prague\u2019s Barrel, i kdy\u017e v posledn\u00ed dob\u011b si u\u017e\u00edv\u00e1, \u017ee turnaj funguje s minimem jeho z\u00e1sah\u016f.\" \/>\n<meta name=\"robots\" content=\"index, follow, max-snippet:-1, max-image-preview:large, max-video-preview:-1\" \/>\n<link rel=\"canonical\" href=\"https:\/\/praguesbarrel.eu\/cs\/clanky\/peter-basus-we-want-people-to-have-fun\/\" \/>\n<meta property=\"og:locale\" content=\"cs_CZ\" \/>\n<meta property=\"og:type\" content=\"article\" \/>\n<meta property=\"og:title\" content=\"Petr &quot;B\u00e1\u0161a&quot; - Prague&#039;s Barrel\" \/>\n<meta property=\"og:description\" content=\"Petr Ba\u0161us je \u0161\u00e9fem a zakladatelem turnaje Prague\u2019s Barrel, i kdy\u017e v posledn\u00ed dob\u011b si u\u017e\u00edv\u00e1, \u017ee turnaj funguje s minimem jeho z\u00e1sah\u016f.\" \/>\n<meta property=\"og:url\" content=\"https:\/\/praguesbarrel.eu\/cs\/clanky\/peter-basus-we-want-people-to-have-fun\/\" \/>\n<meta property=\"og:site_name\" content=\"Prague&#039;s Barrel\" \/>\n<meta property=\"article:modified_time\" content=\"2023-12-05T12:51:18+00:00\" \/>\n<meta property=\"og:image\" content=\"http:\/\/praguesbarrel.eu\/y0OH9L\/uploads\/2023\/12\/DSC06021.jpeg\" \/>\n\t<meta property=\"og:image:width\" content=\"1832\" \/>\n\t<meta property=\"og:image:height\" content=\"1224\" \/>\n\t<meta property=\"og:image:type\" content=\"image\/jpeg\" \/>\n<meta name=\"twitter:card\" content=\"summary_large_image\" \/>\n<meta name=\"twitter:label1\" content=\"Odhadovan\u00e1 doba \u010dten\u00ed\" \/>\n\t<meta name=\"twitter:data1\" content=\"6 minut\" \/>\n<script type=\"application\/ld+json\" class=\"yoast-schema-graph\">{\"@context\":\"https:\/\/schema.org\",\"@graph\":[{\"@type\":\"WebPage\",\"@id\":\"https:\/\/praguesbarrel.eu\/cs\/clanky\/peter-basus-we-want-people-to-have-fun\/\",\"url\":\"https:\/\/praguesbarrel.eu\/cs\/clanky\/peter-basus-we-want-people-to-have-fun\/\",\"name\":\"Petr \\\"B\u00e1\u0161a\\\" - Prague&#039;s Barrel\",\"isPartOf\":{\"@id\":\"https:\/\/praguesbarrel.eu\/#website\"},\"primaryImageOfPage\":{\"@id\":\"https:\/\/praguesbarrel.eu\/cs\/clanky\/peter-basus-we-want-people-to-have-fun\/#primaryimage\"},\"image\":{\"@id\":\"https:\/\/praguesbarrel.eu\/cs\/clanky\/peter-basus-we-want-people-to-have-fun\/#primaryimage\"},\"thumbnailUrl\":\"https:\/\/praguesbarrel.eu\/y0OH9L\/uploads\/2023\/12\/DSC06021.jpeg\",\"datePublished\":\"2022-12-17T20:16:27+00:00\",\"dateModified\":\"2023-12-05T12:51:18+00:00\",\"description\":\"Petr Ba\u0161us je \u0161\u00e9fem a zakladatelem turnaje Prague\u2019s Barrel, i kdy\u017e v posledn\u00ed dob\u011b si u\u017e\u00edv\u00e1, \u017ee turnaj funguje s minimem jeho z\u00e1sah\u016f.\",\"breadcrumb\":{\"@id\":\"https:\/\/praguesbarrel.eu\/cs\/clanky\/peter-basus-we-want-people-to-have-fun\/#breadcrumb\"},\"inLanguage\":\"cs\",\"potentialAction\":[{\"@type\":\"ReadAction\",\"target\":[\"https:\/\/praguesbarrel.eu\/cs\/clanky\/peter-basus-we-want-people-to-have-fun\/\"]}]},{\"@type\":\"ImageObject\",\"inLanguage\":\"cs\",\"@id\":\"https:\/\/praguesbarrel.eu\/cs\/clanky\/peter-basus-we-want-people-to-have-fun\/#primaryimage\",\"url\":\"https:\/\/praguesbarrel.eu\/y0OH9L\/uploads\/2023\/12\/DSC06021.jpeg\",\"contentUrl\":\"https:\/\/praguesbarrel.eu\/y0OH9L\/uploads\/2023\/12\/DSC06021.jpeg\",\"width\":1832,\"height\":1224},{\"@type\":\"BreadcrumbList\",\"@id\":\"https:\/\/praguesbarrel.eu\/cs\/clanky\/peter-basus-we-want-people-to-have-fun\/#breadcrumb\",\"itemListElement\":[{\"@type\":\"ListItem\",\"position\":1,\"name\":\"Dom\u016f\",\"item\":\"https:\/\/praguesbarrel.eu\/cs\/\"},{\"@type\":\"ListItem\",\"position\":2,\"name\":\"\u010cl\u00e1nky\",\"item\":\"https:\/\/praguesbarrel.eu\/cs\/clanky\/\"},{\"@type\":\"ListItem\",\"position\":3,\"name\":\"Petr &#8220;B\u00e1\u0161a&#8221;\"}]},{\"@type\":\"WebSite\",\"@id\":\"https:\/\/praguesbarrel.eu\/#website\",\"url\":\"https:\/\/praguesbarrel.eu\/\",\"name\":\"Prague&#039;s Barrel\",\"description\":\"Tournaments\",\"potentialAction\":[{\"@type\":\"SearchAction\",\"target\":{\"@type\":\"EntryPoint\",\"urlTemplate\":\"https:\/\/praguesbarrel.eu\/?s={search_term_string}\"},\"query-input\":\"required name=search_term_string\"}],\"inLanguage\":\"cs\"}]}<\/script>\n<!-- \/ Yoast SEO plugin. -->","yoast_head_json":{"title":"Petr \"B\u00e1\u0161a\" - Prague&#039;s Barrel","description":"Petr Ba\u0161us je \u0161\u00e9fem a zakladatelem turnaje Prague\u2019s Barrel, i kdy\u017e v posledn\u00ed dob\u011b si u\u017e\u00edv\u00e1, \u017ee turnaj funguje s minimem jeho z\u00e1sah\u016f.","robots":{"index":"index","follow":"follow","max-snippet":"max-snippet:-1","max-image-preview":"max-image-preview:large","max-video-preview":"max-video-preview:-1"},"canonical":"https:\/\/praguesbarrel.eu\/cs\/clanky\/peter-basus-we-want-people-to-have-fun\/","og_locale":"cs_CZ","og_type":"article","og_title":"Petr \"B\u00e1\u0161a\" - Prague&#039;s Barrel","og_description":"Petr Ba\u0161us je \u0161\u00e9fem a zakladatelem turnaje Prague\u2019s Barrel, i kdy\u017e v posledn\u00ed dob\u011b si u\u017e\u00edv\u00e1, \u017ee turnaj funguje s minimem jeho z\u00e1sah\u016f.","og_url":"https:\/\/praguesbarrel.eu\/cs\/clanky\/peter-basus-we-want-people-to-have-fun\/","og_site_name":"Prague&#039;s Barrel","article_modified_time":"2023-12-05T12:51:18+00:00","og_image":[{"width":1832,"height":1224,"url":"http:\/\/praguesbarrel.eu\/y0OH9L\/uploads\/2023\/12\/DSC06021.jpeg","type":"image\/jpeg"}],"twitter_card":"summary_large_image","twitter_misc":{"Odhadovan\u00e1 doba \u010dten\u00ed":"6 minut"},"schema":{"@context":"https:\/\/schema.org","@graph":[{"@type":"WebPage","@id":"https:\/\/praguesbarrel.eu\/cs\/clanky\/peter-basus-we-want-people-to-have-fun\/","url":"https:\/\/praguesbarrel.eu\/cs\/clanky\/peter-basus-we-want-people-to-have-fun\/","name":"Petr \"B\u00e1\u0161a\" - Prague&#039;s Barrel","isPartOf":{"@id":"https:\/\/praguesbarrel.eu\/#website"},"primaryImageOfPage":{"@id":"https:\/\/praguesbarrel.eu\/cs\/clanky\/peter-basus-we-want-people-to-have-fun\/#primaryimage"},"image":{"@id":"https:\/\/praguesbarrel.eu\/cs\/clanky\/peter-basus-we-want-people-to-have-fun\/#primaryimage"},"thumbnailUrl":"https:\/\/praguesbarrel.eu\/y0OH9L\/uploads\/2023\/12\/DSC06021.jpeg","datePublished":"2022-12-17T20:16:27+00:00","dateModified":"2023-12-05T12:51:18+00:00","description":"Petr Ba\u0161us je \u0161\u00e9fem a zakladatelem turnaje Prague\u2019s Barrel, i kdy\u017e v posledn\u00ed dob\u011b si u\u017e\u00edv\u00e1, \u017ee turnaj funguje s minimem jeho z\u00e1sah\u016f.","breadcrumb":{"@id":"https:\/\/praguesbarrel.eu\/cs\/clanky\/peter-basus-we-want-people-to-have-fun\/#breadcrumb"},"inLanguage":"cs","potentialAction":[{"@type":"ReadAction","target":["https:\/\/praguesbarrel.eu\/cs\/clanky\/peter-basus-we-want-people-to-have-fun\/"]}]},{"@type":"ImageObject","inLanguage":"cs","@id":"https:\/\/praguesbarrel.eu\/cs\/clanky\/peter-basus-we-want-people-to-have-fun\/#primaryimage","url":"https:\/\/praguesbarrel.eu\/y0OH9L\/uploads\/2023\/12\/DSC06021.jpeg","contentUrl":"https:\/\/praguesbarrel.eu\/y0OH9L\/uploads\/2023\/12\/DSC06021.jpeg","width":1832,"height":1224},{"@type":"BreadcrumbList","@id":"https:\/\/praguesbarrel.eu\/cs\/clanky\/peter-basus-we-want-people-to-have-fun\/#breadcrumb","itemListElement":[{"@type":"ListItem","position":1,"name":"Dom\u016f","item":"https:\/\/praguesbarrel.eu\/cs\/"},{"@type":"ListItem","position":2,"name":"\u010cl\u00e1nky","item":"https:\/\/praguesbarrel.eu\/cs\/clanky\/"},{"@type":"ListItem","position":3,"name":"Petr &#8220;B\u00e1\u0161a&#8221;"}]},{"@type":"WebSite","@id":"https:\/\/praguesbarrel.eu\/#website","url":"https:\/\/praguesbarrel.eu\/","name":"Prague&#039;s Barrel","description":"Tournaments","potentialAction":[{"@type":"SearchAction","target":{"@type":"EntryPoint","urlTemplate":"https:\/\/praguesbarrel.eu\/?s={search_term_string}"},"query-input":"required name=search_term_string"}],"inLanguage":"cs"}]}},"_links":{"self":[{"href":"https:\/\/praguesbarrel.eu\/cs\/wp-json\/wp\/v2\/pages\/260"}],"collection":[{"href":"https:\/\/praguesbarrel.eu\/cs\/wp-json\/wp\/v2\/pages"}],"about":[{"href":"https:\/\/praguesbarrel.eu\/cs\/wp-json\/wp\/v2\/types\/page"}],"author":[{"embeddable":true,"href":"https:\/\/praguesbarrel.eu\/cs\/wp-json\/wp\/v2\/users\/3"}],"replies":[{"embeddable":true,"href":"https:\/\/praguesbarrel.eu\/cs\/wp-json\/wp\/v2\/comments?post=260"}],"version-history":[{"count":7,"href":"https:\/\/praguesbarrel.eu\/cs\/wp-json\/wp\/v2\/pages\/260\/revisions"}],"predecessor-version":[{"id":724,"href":"https:\/\/praguesbarrel.eu\/cs\/wp-json\/wp\/v2\/pages\/260\/revisions\/724"}],"up":[{"embeddable":true,"href":"https:\/\/praguesbarrel.eu\/cs\/wp-json\/wp\/v2\/pages\/113"}],"wp:featuredmedia":[{"embeddable":true,"href":"https:\/\/praguesbarrel.eu\/cs\/wp-json\/wp\/v2\/media\/695"}],"wp:attachment":[{"href":"https:\/\/praguesbarrel.eu\/cs\/wp-json\/wp\/v2\/media?parent=260"}],"curies":[{"name":"wp","href":"https:\/\/api.w.org\/{rel}","templated":true}]}}