{"id":242,"date":"2022-12-17T21:14:26","date_gmt":"2022-12-17T20:14:26","guid":{"rendered":"https:\/\/praguesbarrel.eu\/?page_id=242"},"modified":"2023-12-05T14:13:39","modified_gmt":"2023-12-05T13:13:39","slug":"10-years-with-pragues-barrel","status":"publish","type":"page","link":"https:\/\/praguesbarrel.eu\/cs\/clanky\/10-years-with-pragues-barrel\/","title":{"rendered":"Martin a Barbara"},"content":{"rendered":"<h2>10 let v\u00fdro\u010d\u00ed s Prague\u2019s Barrel<\/h2>\n<blockquote><p><em>Dva na\u0161i kolegov\u00e9 letos (2021) slav\u00ed 10 let s Barrelem. Pro\u010d se p\u0159idali do t\u00fdmu? Jak se jim tato pr\u00e1ce l\u00edb\u00ed a budou s n\u00e1mi i do budoucna? P\u0159e\u010dt\u011bte si v\u00edce v rozhovoru s Martinem \u017di\u017ekou (sportovn\u00edm mana\u017eerem) a B\u00e1rou Tesa\u0159ovou (koordin\u00e1torkou skandin\u00e1vsk\u00fdch a francouzsky mluv\u00edc\u00edch zem\u00ed).<\/em><\/p><\/blockquote>\n<p><strong>Jak jste se o Barrelu dozv\u011bd\u011bli?<\/strong><br \/>\n<strong>Martin:<\/strong> Vzpom\u00edn\u00e1m se, \u017ee p\u0159ed 10 lety p\u0159i\u0161la Sofie s Petrem na fakultu, kde jsme studovali. Vtipn\u00e1 p\u0159\u00edhoda je, \u017ee jsem ten den r\u00e1no \u0161el k doktorovi a trhali mi nehet u palce na noze a j\u00e1 jsem si \u0159\u00edkal, jestli do t\u00e9 \u0161koly m\u00e1m v\u016fbec chodit. Nakonec jsem p\u0159i\u0161el, o p\u016fl hodiny pozd\u011bji, no ale vyplatilo se to. Na konci toho cvi\u010den\u00ed p\u0159i\u0161la Sofie s B\u00e1\u0161ou, sympatick\u00fd p\u00e1n s ledvinkou a p\u0159\u00edsn\u00e1 pan\u00ed v br\u00fdl\u00edch, a \u0159\u00edkali n\u00e1m o tom, \u017ee hledaj\u00ed lidi, kte\u0159\u00ed by s nimi spolupracovali na p\u0159\u00edprav\u011b Evropsk\u00fdch sportovn\u00edch firemn\u00edch her. Ta prezentace nebyla nic moc a moc lid\u00ed ve t\u0159\u00edd\u011b to asi neoslovilo, proto\u017ee jsme se p\u0159ihl\u00e1sili jen \u010dty\u0159i. Ale ten n\u00e1pad a ta my\u0161lenka m\u011b hodn\u011b zaujala. Vzali n\u00e1s v\u0161echny a zkou\u0161eli na prvn\u00edm Barrelu, kter\u00fd se konal v \u010dervnu toho roku.<br \/>\n<strong>Barbara:<\/strong> J\u00e1 si to teda takhle detailn\u011b nepamatuji. <em>(sm\u00edch)<\/em> Ale p\u0159i\u0161la mi ta pr\u00e1ce zaj\u00edmav\u00e1, zaj\u00edmav\u00e1 zku\u0161enost. J\u00e1 jsem v t\u00e9 dob\u011b zrovna hledala n\u011bjakou brig\u00e1du a tak jsem se p\u0159ihl\u00e1sila. Byla jsem hodn\u011b p\u0159ekvapen\u00e1, \u017ee se n\u00e1s p\u0159ihl\u00e1silo tak m\u00e1lo, proto\u017ee n\u00e1s jinak do ro\u010dn\u00edku chodilo 90.<\/p>\n<p><strong>Co v\u00e1s na tom tolik zaujalo?<\/strong><br \/>\n<strong>Martin:<\/strong> J\u00e1 jsem v t\u00e9 dob\u011b d\u011blal monot\u00f3nn\u00ed brig\u00e1du a tohle zn\u011blo hodn\u011b zaj\u00edmav\u011b. J\u00e1 jsem se v\u017edycky cht\u011bl p\u0159ihl\u00e1sit na takovou st\u00e1\u017e. Zaujala m\u011b hlavn\u011b vysok\u00e1 m\u00edra zodpov\u011bdnosti, proto\u017ee jsem v\u017edycky cht\u011bl n\u011bco takov\u00e9ho d\u011blat. P\u0159edstava, \u017ee organizuji akci pro n\u011bjak\u00fdch 5 000 lid\u00ed, byla dost zaj\u00edmav\u00e1 a cht\u011bl jsem do toho j\u00edt. Pak m\u011b zaujal p\u0159\u00edstup na tom prvn\u00edm turnaji, kde si n\u00e1s zkou\u0161eli. J\u00e1 jsem byl zodpov\u011bdn\u00fd za koordinov\u00e1n\u00ed dopravy. P\u0159\u00e1telsk\u00e1 atmosf\u00e9ra na tom turnaji byla skv\u011bl\u00e1. Nikdo si tam na nic nehr\u00e1l, v\u0161ichni si pom\u00e1hali, a\u0165 jsou 2 r\u00e1no nebo 10 ve\u010der. Hlavn\u00ed c\u00edl je, aby se klient c\u00edtil co nejl\u00e9pe. To m\u011b p\u0159esv\u011bd\u010dilo, \u017ee to chci d\u011blat. Pak to n\u011bjak \u0161lo rychle a najednou byly evropsk\u00e9 hry.<br \/>\n<strong>Barbara:<\/strong> Taky mi to p\u0159i\u0161lo jako nab\u00eddka skv\u011bl\u00e9 zku\u0161enosti a opravdu to tak bylo. Ta odpov\u011bdnost, kterou jsme dostali na turnaji i na hr\u00e1ch, to by n\u00e1m nikdo jin\u00fd nikde nedal. V\u0161ude se studenti nebo lid\u00e9 t\u011bsn\u011b po \u0161kole berou jako tot\u00e1ln\u011b nezku\u0161en\u00fd. Ale B\u00e1\u0161a ten m\u00e1 \u00fapln\u011b jin\u00fd p\u0159\u00edstup a vyplatilo se mu to. Na prvn\u00edm turnaji jsem byla \u00fapln\u011b vypleskl\u00e1, spousta lid\u00ed, po\u0159\u00e1d se mluvilo v angli\u010dtin\u011b. J\u00e1 jsem m\u011bla na starosti kontrolu a evidenci plateb, co\u017e pro m\u00e9 zodpov\u011bdn\u00e9 j\u00e1 bylo super.<\/p>\n<p><strong>Martine, napadlo by t\u011b v t\u00e9 dob\u011b, \u017ee bude\u0161 velk\u00fd sportovn\u00ed mana\u017eer a jeden z nejd\u016fle\u017eit\u011bj\u0161\u00edch lid\u00ed na Barrelu?<\/strong><br \/>\n<strong>Martin:<\/strong> V\u016fbec ne. A byl to neskute\u010dn\u00fd risk od Petra, \u017ee do toho \u0161el s tak mlad\u00fdmi lidmi, ale z\u00e1rove\u0148 kdy\u017e na to kouk\u00e1m zp\u011btn\u011b, tak to bylo chytr\u00e9 \u0159e\u0161en\u00ed. Kdy\u017e m\u00e1te n\u011bjak\u00e9 zku\u0161enosti, tak vid\u00edte v\u0161echny ty probl\u00e9my, kter\u00e9 mohou nastat a jste opatrn\u011bj\u0161\u00ed, ne\u017e ti, kte\u0159\u00ed nemaj\u00ed zku\u0161enosti, ale maj\u00ed to nad\u0161en\u00ed a jsou dob\u0159e \u0159\u00edzen\u00ed a d\u00e1 se jim prostor. Nevid\u00ed ty probl\u00e9my, neboj\u00ed se jich. Bylo to \u00fapln\u011b skv\u011bl\u00fd, se v\u0161\u00edm jsme si poradili. Kdybych do toho \u0161el te\u010f znova, tak u\u017e o tom p\u0159em\u00fd\u0161l\u00edm \u00fapln\u011b jinak. Ob\u00e1val bych se toho mnohem v\u00edce, ne\u017e jsem se toho b\u00e1l p\u0159edt\u00edm.<\/p>\n<p><strong>Tak\u017ee ses ni\u010deho neb\u00e1l?<\/strong><br \/>\nMartin: J\u00e1 jsem se b\u00e1l, na soudku ani moc ne, tam jak jsem m\u011bl na starosti dopravu, tak jsem si to v\u0161echno detailn\u011b p\u0159ipravil, ale zjistil jsem, \u017ee se to mus\u00ed sp\u00ed\u0161 \u0159e\u0161it za b\u011bhu. Ale posledn\u00ed p\u016fl rok p\u0159ed hrama jsem m\u011bl sny, jak vy\u0159izuji jednu v\u011bc za druhou a kdy\u017e pak p\u0159i\u0161ly povodn\u011b, bylo to n\u00e1ro\u010dn\u00e9, ale v\u0161e jsme zvl\u00e1dli. I extr\u00e9mn\u00ed vedra b\u011bhem prvn\u00edho dne, klouzaj\u00edc\u00ed halu apod. Byli jsme skv\u011bl\u00fd t\u00fdm, kter\u00fd to spole\u010dn\u011b dot\u00e1hl do konce. Zp\u011btn\u011b tomu a\u017e nev\u011b\u0159\u00edm, co jsme v\u0161e zvl\u00e1dli.<\/p>\n<p><img loading=\"lazy\" decoding=\"async\" class=\"alignnone size-large wp-image-1965\" src=\"http:\/\/praguesbarrel.eu\/y0OH9L\/uploads\/2014\/11\/LIFE4048-1024x682.jpg\" alt=\"\" width=\"640\" height=\"426\" \/><\/p>\n<p><strong>Jak ses dostal k tomu, \u017ee jsi sportovn\u00edm mana\u017eerem v\u0161ech na\u0161ich turnaj\u016f?<\/strong><br \/>\n<strong>Martin:<\/strong> J\u00e1 jsem d\u011blal na prvn\u00edm fotbalov\u00e9m turnaji dopravu a pak se rozjely hokejov\u00e9 turnaje a j\u00e1 jsem dostal na starosti organizov\u00e1n\u00ed turnaj\u016f a st\u0159\u00eddali jsme se s Kubou (ten s n\u00e1mi taky chodil na vysokou \u0161kolu) a pak b\u011bhem her jsem m\u011bl m\u00edt na starosti jen ur\u010dit\u00e9 sporty a do toho jsem se za\u010dal vrtat do webu a co bychom mohli zm\u011bnit. T\u011bch odpov\u011bdnost\u00ed bylo \u010d\u00edm d\u00e1l t\u00edm v\u00edce a pak jsem p\u0159evzal i web Barrelu. A po evropsk\u00fdch firemn\u00edch hr\u00e1ch se Kuba rozhodl naplno v\u011bnovat s B\u00e1\u0161ou projektu lasergame ar\u00e9ny Mercuria a j\u00e1 cht\u011bl z\u016fstat na turnaj\u00edch. Postupn\u011b jsem za\u010dal \u0159e\u0161it i reklamu a e-mail marketing. Pak jsem se vlo\u017eil i do hled\u00e1n\u00ed m\u00edst nejen pro sport, ale tak\u00e9 pro ve\u010dern\u00ed program. V\u017edy jsem v\u0161e konzultoval s B\u00e1\u0161ou, samoz\u0159ejm\u011b jsme si vybudovali jeho d\u016fv\u011bru, tak\u017ee na n\u00e1s nech\u00e1v\u00e1 v\u00edce a v\u00edce odpov\u011bdnosti. Je ale stejn\u011b nepostradateln\u00fd, se sv\u00fdm stylem jedn\u00e1n\u00ed a citem pro v\u00fdb\u011br lid\u00ed a \u0159e\u0161en\u00ed krizov\u00fdch situac\u00ed.<\/p>\n<p><strong>Stejn\u00e1 ot\u00e1zka pro Barbaru, napadlo by t\u011b v za\u010d\u00e1tc\u00edch, \u017ee bude\u0161 tak d\u016fle\u017eitou sou\u010d\u00e1st\u00ed t\u00fdmu?<\/strong><br \/>\n<strong>Barbara:<\/strong> Samoz\u0159ejm\u011b taky v\u016fbec. J\u00e1 jsem byla dlouhou dobu takov\u00fd \u200b\u200b\u201ep\u0159icmrnd\u00e1va\u010d\u201c, d\u011blala jsem hlavn\u011b tabulky a platby. Ale proto\u017ee m\u011b to hrozn\u011b bavilo, tak jsem se vnutila Sofii, \u017ee bych pomohla i s hled\u00e1n\u00edm nov\u00fdch t\u00fdm\u016f. Byla jsem p\u016fl roku v Norsku na Erasmu a trochu jsem se nau\u010dila norsky a d\u00e1n\u0161tina se \u0161v\u00e9d\u0161tinou jsou podobn\u00e9, tak\u017ee pro m\u011b bylo docela jednoduch\u00e9 hledat na lok\u00e1ln\u00edch webech. Tak\u017ee jsem pod sebe dostala celou Skandin\u00e1vii. Za\u010dala jsem pom\u00e1hat tak\u00e9 s \u00fapravami na webu a pak se soci\u00e1ln\u00edmi s\u00edt\u011bmi, hodn\u011b jsem rozjela Instagram. No a pak n\u00e1m odpadla kolegyn\u011b, co d\u011blala francouzsky mluv\u00edc\u00ed zem\u011b a proto\u017ee jsem se francouzsky u\u010dila v\u00edce ne\u017e 10 let, ale aktivn\u011b jsem ji nepou\u017e\u00edvala, opr\u00e1\u0161ila jsem to a pustila se i do toho. Tak\u017ee te\u010f m\u00fdch povinnost\u00ed je asi tak 100x v\u00edce, ne\u017e na za\u010d\u00e1tku. <em>(sm\u00edch)<\/em><\/p>\n<p><strong>Ty sis jako jedin\u00e1 pro\u0161la v\u0161emi rolemi na soudku. Jak\u00e9 to bylo?<\/strong><br \/>\n<strong>Barbara:<\/strong> Ka\u017ed\u00fd jeden \u010dlov\u011bk na turnaji m\u00e1 svoji d\u016fle\u017eitou \u00falohu a dotv\u00e1\u0159\u00ed obraz kvality cel\u00e9ho turnaje. M\u011bla jsem to \u0161t\u011bst\u00ed, \u017ee jsem mohla b\u00fdt organiz\u00e1torem, sportovn\u00edm mana\u017eerem i hosteskou. Nemohu \u0159\u00edct, \u017ee by to m\u011bl n\u011bkdo leh\u010d\u00ed a n\u011bkdo t\u011b\u017e\u0161\u00ed. Naopak obdivuji na\u0161e hostesky, j\u00e1 ob\u010das mohu t\u0159eba r\u00e1no pozd\u011bji vst\u00e1t, ale ony mus\u00ed b\u00fdt na zna\u010dk\u00e1ch klidn\u011b hned na prvn\u00ed autobus. Starat se o velk\u00fd t\u00fdm je opravdu velk\u00e1 zodpov\u011bdnost, ka\u017ed\u00e1 na\u0161e hosteska mus\u00ed m\u00edt tak\u00e9 dobr\u00e9 organiza\u010dn\u00ed schopnosti. My jako organiz\u00e1to\u0159i zase mus\u00edme b\u00fdt st\u00e1le v obraze, m\u00edt p\u0159ehled, \u017ee se v\u0161echny t\u00fdmy maj\u00ed dob\u0159e a jsou spokojeni. Sportovn\u00ed mana\u017eer zase hl\u00edd\u00e1, aby v\u0161e \u0161lo hladce po sportovn\u00ed str\u00e1nce, n\u011bkdy mus\u00ed d\u011blat t\u011b\u017ek\u00e1 rozhodnut\u00ed, kdy\u017e si t\u0159eba t\u00fdmy st\u011b\u017euj\u00ed na ostatn\u00ed nebo na rozhod\u010d\u00ed. Jak \u0159\u00edk\u00e1m, ka\u017ed\u00e1 \u010d\u00e1st t\u00fdmu je pro n\u00e1s nepostradateln\u00e1.<\/p>\n<p><strong>Jak dlouho se vid\u00edte, \u017ee byste mohli na Barrelu je\u0161t\u011b pracovat?<\/strong><br \/>\n<strong>Martin:<\/strong> U\u017e jsem nad t\u00edm p\u0159em\u00fd\u0161lel. Zrovna te\u010f mi docela bodla pauza kv\u016fli koronaviru, proto\u017ee jsem se mohl pln\u011b v\u011bnovat rodin\u011b, m\u00e1m dv\u011b dcery. A i p\u0159es pracovn\u00ed vyt\u00ed\u017een\u00ed jsem mohl b\u00fdt te\u010f hodn\u011b doma. Ale mysl\u00edm si, \u017ee na p\u0159\u00edkladu na\u0161eho letit\u00e9ho kolegy Leo\u0161e, m\u016f\u017eeme vid\u011bt, \u017ee kdy\u017e si udr\u017e\u00edme nastaven\u00ed mysli, tak to nen\u00ed omezen\u00e9 v\u011bkem, ale jen \u017eivotn\u00edm stylem. Pokud si udr\u017e\u00edme barrelovsk\u00fd duch, mysl\u00edm, \u017ee m\u016f\u017eeme pokra\u010dovat i v dal\u0161\u00edm desetilet\u00ed. Ob\u010das jsem samoz\u0159ejm\u011b p\u0159em\u00fd\u0161lel, jestli pokra\u010dovat chci a chci! Ta atmosf\u00e9ra na ka\u017ed\u00e9m turnaji je neskute\u010dn\u00e1 a nevyb\u00edj\u00ed mi baterky a sp\u00ed\u0161e mi je dob\u00edj\u00ed.<br \/>\n<strong>Barbara:<\/strong> No j\u00e1 mysl\u00edm, \u017ee Martin m\u00e1 jistou v\u00fdhodu jako chlap a sportovn\u00ed mana\u017eer. P\u0159eci jen na\u0161e role v\u011b\u010dn\u011b usm\u011bvav\u00fdch a pa\u0159iv\u00fdch du\u0161\u00ed turnaje je trochu n\u00e1ro\u010dn\u011bj\u0161\u00ed s ohledem na v\u011bk. Ale tak\u00e9 v\u011b\u0159\u00edm, \u017ee to je\u0161t\u011b n\u011bjakou dobu zvl\u00e1dnu d\u011blat. <em>(sm\u00edch)<\/em><\/p>\n<p><strong>Cht\u011bli jste n\u011bkdy n\u011bco na Barrelu zm\u011bnit? Jak to dopadlo?<\/strong><br \/>\n<strong>Martin:<\/strong> Jdeme sp\u00ed\u0161 cestou mal\u00fdch zm\u011bn, kter\u00e9 se ale v\u017edy projev\u00ed pozitivn\u011b. J\u00e1 osobn\u011b jsem p\u0159i\u0161el t\u0159eba s n\u00e1padem na pou\u0161t\u011bn\u00ed hudby p\u0159i p\u00e1te\u010dn\u00edm ve\u010deru na lodi a v\u017edycky to lidi skv\u011ble rozproud\u00ed. Vymyslel jsem tak\u00e9 aplikaci do mobiln\u00edho telefonu, kter\u00e1 mysl\u00edm \u00fa\u010dastn\u00edk\u016fm hodn\u011b pom\u00e1h\u00e1. Ale nejsou to jen m\u00e9 n\u00e1pady, v\u0161echno vyjde ze spole\u010dn\u00e9ho brainstormingu.<br \/>\n<strong>Barbara:<\/strong> J\u00e1 jsem vytvo\u0159ila velmi p\u0159ehledn\u00fd syst\u00e9m kontroly a evidence plateb, kter\u00fd pom\u00e1h\u00e1 n\u00e1m v\u0161em. A tak\u00e9 se sna\u017e\u00edm v\u00edc rozproudit \u017eivot na soci\u00e1ln\u00edch s\u00edt\u00edch a v\u00edce anga\u017eovat na\u0161e \u00fa\u010dastn\u00edky, co\u017e se mysl\u00edm docela vede. I kdy\u017e \u010d\u00edsla by mohla b\u00fdt v\u017edycky lep\u0161\u00ed, tak\u017ee n\u00e1s nezapome\u0148te sledovat!<\/p>\n","protected":false},"excerpt":{"rendered":"<p>10 let v\u00fdro\u010d\u00ed s Prague\u2019s Barrel Dva na\u0161i kolegov\u00e9 letos (2021) slav\u00ed 10 let s Barrelem. Pro\u010d se p\u0159idali do t\u00fdmu? Jak se jim tato pr\u00e1ce l\u00edb\u00ed a budou s n\u00e1mi i do budoucna? P\u0159e\u010dt\u011bte si v\u00edce v rozhovoru s Martinem \u017di\u017ekou (sportovn\u00edm mana\u017eerem) a B\u00e1rou Tesa\u0159ovou (koordin\u00e1torkou skandin\u00e1vsk\u00fdch a francouzsky mluv\u00edc\u00edch zem\u00ed). Jak jste&#8230;<\/p>\n","protected":false},"author":3,"featured_media":243,"parent":113,"menu_order":0,"comment_status":"closed","ping_status":"closed","template":"templates\/with-sidebar.php","meta":{"footnotes":""},"yoast_head":"<!-- This site is optimized with the Yoast SEO plugin v22.5 - https:\/\/yoast.com\/wordpress\/plugins\/seo\/ -->\n<title>Martin a Barbara - Prague&#039;s Barrel<\/title>\n<meta name=\"description\" content=\"Dva na\u0161i kolegov\u00e9 letos slav\u00ed 10 let s Barrelem. Pro\u010d se p\u0159idali do t\u00fdmu? Jak se jim tato pr\u00e1ce l\u00edb\u00ed a budou s n\u00e1mi i do budoucna?\" \/>\n<meta name=\"robots\" content=\"index, follow, max-snippet:-1, max-image-preview:large, max-video-preview:-1\" \/>\n<link rel=\"canonical\" href=\"https:\/\/praguesbarrel.eu\/cs\/clanky\/10-years-with-pragues-barrel\/\" \/>\n<meta property=\"og:locale\" content=\"cs_CZ\" \/>\n<meta property=\"og:type\" content=\"article\" \/>\n<meta property=\"og:title\" content=\"Martin a Barbara - Prague&#039;s Barrel\" \/>\n<meta property=\"og:description\" content=\"Dva na\u0161i kolegov\u00e9 letos slav\u00ed 10 let s Barrelem. Pro\u010d se p\u0159idali do t\u00fdmu? Jak se jim tato pr\u00e1ce l\u00edb\u00ed a budou s n\u00e1mi i do budoucna?\" \/>\n<meta property=\"og:url\" content=\"https:\/\/praguesbarrel.eu\/cs\/clanky\/10-years-with-pragues-barrel\/\" \/>\n<meta property=\"og:site_name\" content=\"Prague&#039;s Barrel\" \/>\n<meta property=\"article:modified_time\" content=\"2023-12-05T13:13:39+00:00\" \/>\n<meta property=\"og:image\" content=\"http:\/\/praguesbarrel.eu\/y0OH9L\/uploads\/2022\/12\/2016-06-30-22.07.49-300x200-1.jpg\" \/>\n\t<meta property=\"og:image:width\" content=\"300\" \/>\n\t<meta property=\"og:image:height\" content=\"200\" \/>\n\t<meta property=\"og:image:type\" content=\"image\/jpeg\" \/>\n<meta name=\"twitter:card\" content=\"summary_large_image\" \/>\n<meta name=\"twitter:label1\" content=\"Odhadovan\u00e1 doba \u010dten\u00ed\" \/>\n\t<meta name=\"twitter:data1\" content=\"7 minut\" \/>\n<script type=\"application\/ld+json\" class=\"yoast-schema-graph\">{\"@context\":\"https:\/\/schema.org\",\"@graph\":[{\"@type\":\"WebPage\",\"@id\":\"https:\/\/praguesbarrel.eu\/cs\/clanky\/10-years-with-pragues-barrel\/\",\"url\":\"https:\/\/praguesbarrel.eu\/cs\/clanky\/10-years-with-pragues-barrel\/\",\"name\":\"Martin a Barbara - Prague&#039;s Barrel\",\"isPartOf\":{\"@id\":\"https:\/\/praguesbarrel.eu\/#website\"},\"primaryImageOfPage\":{\"@id\":\"https:\/\/praguesbarrel.eu\/cs\/clanky\/10-years-with-pragues-barrel\/#primaryimage\"},\"image\":{\"@id\":\"https:\/\/praguesbarrel.eu\/cs\/clanky\/10-years-with-pragues-barrel\/#primaryimage\"},\"thumbnailUrl\":\"https:\/\/praguesbarrel.eu\/y0OH9L\/uploads\/2022\/12\/2016-06-30-22.07.49-300x200-1.jpg\",\"datePublished\":\"2022-12-17T20:14:26+00:00\",\"dateModified\":\"2023-12-05T13:13:39+00:00\",\"description\":\"Dva na\u0161i kolegov\u00e9 letos slav\u00ed 10 let s Barrelem. Pro\u010d se p\u0159idali do t\u00fdmu? Jak se jim tato pr\u00e1ce l\u00edb\u00ed a budou s n\u00e1mi i do budoucna?\",\"breadcrumb\":{\"@id\":\"https:\/\/praguesbarrel.eu\/cs\/clanky\/10-years-with-pragues-barrel\/#breadcrumb\"},\"inLanguage\":\"cs\",\"potentialAction\":[{\"@type\":\"ReadAction\",\"target\":[\"https:\/\/praguesbarrel.eu\/cs\/clanky\/10-years-with-pragues-barrel\/\"]}]},{\"@type\":\"ImageObject\",\"inLanguage\":\"cs\",\"@id\":\"https:\/\/praguesbarrel.eu\/cs\/clanky\/10-years-with-pragues-barrel\/#primaryimage\",\"url\":\"https:\/\/praguesbarrel.eu\/y0OH9L\/uploads\/2022\/12\/2016-06-30-22.07.49-300x200-1.jpg\",\"contentUrl\":\"https:\/\/praguesbarrel.eu\/y0OH9L\/uploads\/2022\/12\/2016-06-30-22.07.49-300x200-1.jpg\",\"width\":300,\"height\":200},{\"@type\":\"BreadcrumbList\",\"@id\":\"https:\/\/praguesbarrel.eu\/cs\/clanky\/10-years-with-pragues-barrel\/#breadcrumb\",\"itemListElement\":[{\"@type\":\"ListItem\",\"position\":1,\"name\":\"Dom\u016f\",\"item\":\"https:\/\/praguesbarrel.eu\/cs\/\"},{\"@type\":\"ListItem\",\"position\":2,\"name\":\"\u010cl\u00e1nky\",\"item\":\"https:\/\/praguesbarrel.eu\/cs\/clanky\/\"},{\"@type\":\"ListItem\",\"position\":3,\"name\":\"Martin a Barbara\"}]},{\"@type\":\"WebSite\",\"@id\":\"https:\/\/praguesbarrel.eu\/#website\",\"url\":\"https:\/\/praguesbarrel.eu\/\",\"name\":\"Prague&#039;s Barrel\",\"description\":\"Tournaments\",\"potentialAction\":[{\"@type\":\"SearchAction\",\"target\":{\"@type\":\"EntryPoint\",\"urlTemplate\":\"https:\/\/praguesbarrel.eu\/?s={search_term_string}\"},\"query-input\":\"required name=search_term_string\"}],\"inLanguage\":\"cs\"}]}<\/script>\n<!-- \/ Yoast SEO plugin. -->","yoast_head_json":{"title":"Martin a Barbara - Prague&#039;s Barrel","description":"Dva na\u0161i kolegov\u00e9 letos slav\u00ed 10 let s Barrelem. Pro\u010d se p\u0159idali do t\u00fdmu? Jak se jim tato pr\u00e1ce l\u00edb\u00ed a budou s n\u00e1mi i do budoucna?","robots":{"index":"index","follow":"follow","max-snippet":"max-snippet:-1","max-image-preview":"max-image-preview:large","max-video-preview":"max-video-preview:-1"},"canonical":"https:\/\/praguesbarrel.eu\/cs\/clanky\/10-years-with-pragues-barrel\/","og_locale":"cs_CZ","og_type":"article","og_title":"Martin a Barbara - Prague&#039;s Barrel","og_description":"Dva na\u0161i kolegov\u00e9 letos slav\u00ed 10 let s Barrelem. Pro\u010d se p\u0159idali do t\u00fdmu? Jak se jim tato pr\u00e1ce l\u00edb\u00ed a budou s n\u00e1mi i do budoucna?","og_url":"https:\/\/praguesbarrel.eu\/cs\/clanky\/10-years-with-pragues-barrel\/","og_site_name":"Prague&#039;s Barrel","article_modified_time":"2023-12-05T13:13:39+00:00","og_image":[{"width":300,"height":200,"url":"http:\/\/praguesbarrel.eu\/y0OH9L\/uploads\/2022\/12\/2016-06-30-22.07.49-300x200-1.jpg","type":"image\/jpeg"}],"twitter_card":"summary_large_image","twitter_misc":{"Odhadovan\u00e1 doba \u010dten\u00ed":"7 minut"},"schema":{"@context":"https:\/\/schema.org","@graph":[{"@type":"WebPage","@id":"https:\/\/praguesbarrel.eu\/cs\/clanky\/10-years-with-pragues-barrel\/","url":"https:\/\/praguesbarrel.eu\/cs\/clanky\/10-years-with-pragues-barrel\/","name":"Martin a Barbara - Prague&#039;s Barrel","isPartOf":{"@id":"https:\/\/praguesbarrel.eu\/#website"},"primaryImageOfPage":{"@id":"https:\/\/praguesbarrel.eu\/cs\/clanky\/10-years-with-pragues-barrel\/#primaryimage"},"image":{"@id":"https:\/\/praguesbarrel.eu\/cs\/clanky\/10-years-with-pragues-barrel\/#primaryimage"},"thumbnailUrl":"https:\/\/praguesbarrel.eu\/y0OH9L\/uploads\/2022\/12\/2016-06-30-22.07.49-300x200-1.jpg","datePublished":"2022-12-17T20:14:26+00:00","dateModified":"2023-12-05T13:13:39+00:00","description":"Dva na\u0161i kolegov\u00e9 letos slav\u00ed 10 let s Barrelem. Pro\u010d se p\u0159idali do t\u00fdmu? Jak se jim tato pr\u00e1ce l\u00edb\u00ed a budou s n\u00e1mi i do budoucna?","breadcrumb":{"@id":"https:\/\/praguesbarrel.eu\/cs\/clanky\/10-years-with-pragues-barrel\/#breadcrumb"},"inLanguage":"cs","potentialAction":[{"@type":"ReadAction","target":["https:\/\/praguesbarrel.eu\/cs\/clanky\/10-years-with-pragues-barrel\/"]}]},{"@type":"ImageObject","inLanguage":"cs","@id":"https:\/\/praguesbarrel.eu\/cs\/clanky\/10-years-with-pragues-barrel\/#primaryimage","url":"https:\/\/praguesbarrel.eu\/y0OH9L\/uploads\/2022\/12\/2016-06-30-22.07.49-300x200-1.jpg","contentUrl":"https:\/\/praguesbarrel.eu\/y0OH9L\/uploads\/2022\/12\/2016-06-30-22.07.49-300x200-1.jpg","width":300,"height":200},{"@type":"BreadcrumbList","@id":"https:\/\/praguesbarrel.eu\/cs\/clanky\/10-years-with-pragues-barrel\/#breadcrumb","itemListElement":[{"@type":"ListItem","position":1,"name":"Dom\u016f","item":"https:\/\/praguesbarrel.eu\/cs\/"},{"@type":"ListItem","position":2,"name":"\u010cl\u00e1nky","item":"https:\/\/praguesbarrel.eu\/cs\/clanky\/"},{"@type":"ListItem","position":3,"name":"Martin a Barbara"}]},{"@type":"WebSite","@id":"https:\/\/praguesbarrel.eu\/#website","url":"https:\/\/praguesbarrel.eu\/","name":"Prague&#039;s Barrel","description":"Tournaments","potentialAction":[{"@type":"SearchAction","target":{"@type":"EntryPoint","urlTemplate":"https:\/\/praguesbarrel.eu\/?s={search_term_string}"},"query-input":"required name=search_term_string"}],"inLanguage":"cs"}]}},"_links":{"self":[{"href":"https:\/\/praguesbarrel.eu\/cs\/wp-json\/wp\/v2\/pages\/242"}],"collection":[{"href":"https:\/\/praguesbarrel.eu\/cs\/wp-json\/wp\/v2\/pages"}],"about":[{"href":"https:\/\/praguesbarrel.eu\/cs\/wp-json\/wp\/v2\/types\/page"}],"author":[{"embeddable":true,"href":"https:\/\/praguesbarrel.eu\/cs\/wp-json\/wp\/v2\/users\/3"}],"replies":[{"embeddable":true,"href":"https:\/\/praguesbarrel.eu\/cs\/wp-json\/wp\/v2\/comments?post=242"}],"version-history":[{"count":6,"href":"https:\/\/praguesbarrel.eu\/cs\/wp-json\/wp\/v2\/pages\/242\/revisions"}],"predecessor-version":[{"id":734,"href":"https:\/\/praguesbarrel.eu\/cs\/wp-json\/wp\/v2\/pages\/242\/revisions\/734"}],"up":[{"embeddable":true,"href":"https:\/\/praguesbarrel.eu\/cs\/wp-json\/wp\/v2\/pages\/113"}],"wp:featuredmedia":[{"embeddable":true,"href":"https:\/\/praguesbarrel.eu\/cs\/wp-json\/wp\/v2\/media\/243"}],"wp:attachment":[{"href":"https:\/\/praguesbarrel.eu\/cs\/wp-json\/wp\/v2\/media?parent=242"}],"curies":[{"name":"wp","href":"https:\/\/api.w.org\/{rel}","templated":true}]}}