{"id":217,"date":"2022-12-17T21:12:33","date_gmt":"2022-12-17T20:12:33","guid":{"rendered":"https:\/\/praguesbarrel.eu\/?page_id=217"},"modified":"2023-12-11T21:52:08","modified_gmt":"2023-12-11T20:52:08","slug":"leos-fresh-cold-beer-in-the-morning-is-a-cure-for-everything","status":"publish","type":"page","link":"https:\/\/praguesbarrel.eu\/cs\/clanky\/leos-fresh-cold-beer-in-the-morning-is-a-cure-for-everything\/","title":{"rendered":"Leo\u0161"},"content":{"rendered":"<h2>Kr\u00e1sn\u00e9 studen\u00e9 pivo hned po r\u00e1nu je l\u00e9k!<\/h2>\n<blockquote><p><em>Na\u0161eho kolegu Leo\u0161e znaj\u00ed hlavn\u011b fotbalov\u00ed hr\u00e1\u010di, proto\u017ee se kv\u016fli pracovn\u00edm povinnostem nem\u016f\u017ee \u00fa\u010dastnit zimn\u00ed hokejov\u00e9 sez\u00f3ny. Za to ho znaj\u00ed velmi dob\u0159e, proto\u017ee je na\u0161\u00ed dobrou du\u0161\u00ed turnaje a ka\u017ed\u00e9mu vykouzl\u00ed \u00fasm\u011bv i po nepoveden\u00e9m z\u00e1pase. Leo\u0161 je na turnaji u\u017e od jeho \u00fapln\u00fdch za\u010d\u00e1tk\u016f, jak se na jeho v\u00fdvoj d\u00edv\u00e1 a jak se mu l\u00edb\u00ed?<\/em><\/p><\/blockquote>\n<p><strong>Jak jsi za\u010dal na Prague\u2019s Barrelu?<\/strong><br \/>\nZa\u010dal jsem d\u00edky m\u00e9mu bratrovi, kter\u00fd se znal s Petrem Ba\u0161usem, podnikali spolu. Za\u010d\u00ednal jsem jako hr\u00e1\u010d, n\u00e1\u0161 t\u00fdm Jablonec nad Jizerou dopl\u0148oval mezin\u00e1rodn\u00ed t\u00fdmy. Hned od prvn\u00edho soudku v roce 1993. Po p\u00e1r letech m\u011b B\u00e1\u0161a po\u017e\u00e1dal, jestli bych mu nepomohl i organiza\u010dn\u011b.<\/p>\n<p><strong>Jak\u00fd je Barrel z pohledu \u00fa\u010dastn\u00edka?<\/strong><br \/>\nJe luxusn\u00ed. My jsme byli kluci z mal\u00fdho m\u011bsta, kter\u00e9 pozvali do Prahy na mezin\u00e1rodn\u00ed turnaj. M\u011b bylo tenkr\u00e1t 21. Vid\u011bli jsme, co jsme je\u0161t\u011b nevid\u011bli. V t\u00e9 dob\u011b spousta cizinc\u016f a mo\u017enost popov\u00eddat si s nimi byly k nezaplacen\u00ed. Dokonce jsme si na jedn\u00e9 ve\u010de\u0159i ukradli plze\u0148sk\u00e9 p\u016fl litry, proto\u017ee jsme je je\u0161t\u011b v \u017eivot\u011b nevid\u011bli. Bylo to fakt n\u00e1dhern\u00fd, i kdy\u017e to bylo jen 10 t\u00fdm\u016f.<\/p>\n<p><strong>Jak\u00e9 h\u0159i\u0161t\u011b m\u00e1\u0161 rad\u011bji? D\u0159\u00edve se toti\u017e hr\u00e1lo je\u0161t\u011b na Lhotce.<\/strong><br \/>\nA je\u0161t\u011b d\u0159\u00edve se hr\u00e1lo v M\u011bcholupech. Ale j\u00e1 m\u00e1m hodn\u011b r\u00e1d Bran\u00edk, kde hrajeme te\u010f. Je super, \u017ee je tam tolik h\u0159i\u0161\u0165 pohromad\u011b a jak je to rozestav\u011bn\u00e9.<\/p>\n<p><strong>A jak\u00e1 je pro tebe role organiz\u00e1tora?<\/strong><br \/>\nJ\u00e1 jsem se z hr\u00e1\u010de stal organiz\u00e1torem velmi r\u00e1d. Dostal jsem funkci \u010depov\u00e1n\u00ed piva a \u0159\u00edzen\u00ed h\u0159i\u0161t\u011b, co\u017e mi sed\u00ed. Hlavn\u011b to \u010depov\u00e1n\u00ed piva, to m\u00e1m r\u00e1d. V\u017edycky si p\u0159itom popov\u00edd\u00e1m s hodn\u011b lidma. Kdy\u017e si p\u0159ijdou pro pivo hned, jak p\u0159ijedou na h\u0159i\u0161t\u011b v t\u011bch 9 r\u00e1no, to je skv\u011bl\u00e9. Barrel je pro m\u011b srdcov\u00e1 z\u00e1le\u017eitost. Nechci tam nikdy chyb\u011bt a douf\u00e1m, \u017ee tu z\u00e1bavu na turnaji budu d\u011blat, dokud to p\u016fjde.<\/p>\n<p><strong>P\u0159esn\u011b, jsi takov\u00e1 dobr\u00e1 du\u0161e turnaje\u2026<\/strong><br \/>\nJ\u00e1 m\u00e1m r\u00e1d lidi, ve sv\u00e9m norm\u00e1ln\u00edm povol\u00e1n\u00ed s nimi p\u0159ijdu hodn\u011b do styku, tak\u017ee mi to ned\u011bl\u00e1 v\u016fbec probl\u00e9m. D\u011blat z\u00e1bavu, bavit se s lidmi. M\u00e1m to r\u00e1d, bav\u00ed m\u011b to. J\u00e1 douf\u00e1m, \u017ee to nalad\u011bn\u00ed na turnaj si udr\u017e\u00edm je\u0161t\u011b dlouho. Chci se nau\u010dit anglicky, abych si mohl popov\u00eddat s v\u00edce \u00fa\u010dastn\u00edky. Zat\u00edm to zvl\u00e1d\u00e1m jen italsky, n\u011bmecky, rusky a polsky. Dokonce jsem si n\u011bjak\u00e9 hr\u00e1\u010de tak obl\u00edbil, \u017ee na\u0161emu nejmilej\u0161\u00edmu \u00fa\u010dastn\u00edkovi jsem jel do \u0160v\u00e9dska pop\u0159\u00e1t k 50. narozenin\u00e1m.<\/p>\n<p><strong>V\u0161ichni zn\u00e1me tvoji pov\u011bstnou pivn\u00ed kask\u00e1du, jak jsi na to p\u0159i\u0161el?<\/strong><br \/>\nP\u0159i\u0161el za mnou jeden italsk\u00fd hr\u00e1\u010d, r\u00e1d m\u011b vid\u011bl, p\u0159ijel u\u017e po n\u011bkolik\u00e1t\u00e9. Dali jsme si r\u00e1no hned prvn\u00ed pivo a \u0159\u00edkal, \u017ee po prvn\u00edm z\u00e1pase se stav\u00ed a n\u011bco mi uk\u00e1\u017ee. No a uk\u00e1zal mi pivn\u00ed kask\u00e1du. J\u00e1 um\u00edm spoustu v\u011bc\u00ed, o kter\u00fdch si lid\u00e9 mysl\u00ed, \u017ee nejsou mo\u017en\u00e9, tak\u017ee jsem do toho hned \u0161el taky. Nau\u010dil jsem to i n\u011bjak\u00e9 hostesky, u\u010dili se to r\u016fzn\u011b i dal\u0161\u00ed hr\u00e1\u010di a te\u010f je to takov\u00e1 atrakce ka\u017ed\u00fd rok.<\/p>\n<p><img loading=\"lazy\" decoding=\"async\" class=\"alignnone size-medium wp-image-42180\" src=\"http:\/\/praguesbarrel.eu\/y0OH9L\/uploads\/2021\/07\/36774205_1855542461151689_1186714676658962432_n-300x200.jpeg\" alt=\"\" width=\"300\" height=\"200\" \/><\/p>\n<p><strong>Kdy\u017e mluv\u00edme o pivu, na vyhl\u00e1\u0161en\u00ed v\u017edycky m\u00e1me sout\u011b\u017e o Beer Kinga. Mysl\u00ed\u0161, \u017ee bys je porazil?<\/strong><br \/>\nUr\u010dit\u011b ne, j\u00e1 piju pivo rychle, ale neum\u00edm to na jeden z\u00e1tah. Mus\u00edm polykat, n\u011bkte\u0159\u00ed prost\u011b nemaj\u00ed tu z\u00e1klopku a vylij\u00ed to tam hned, to t\u0159eba um\u00ed m\u016fj bratr. Ten by ur\u010dit\u011b vyhr\u00e1l v\u017edycky.<\/p>\n<p><strong>Kdy\u017e na turnaji jsi od za\u010d\u00e1tku, m\u016f\u017ee\u0161 \u0159\u00edct, jestli se n\u011bjak zm\u011bnil za ty roky?<\/strong><br \/>\nTurnaj se zm\u011bnil, jezd\u00ed v\u00edce hr\u00e1\u010d\u016f, kte\u0159\u00ed se tv\u00e1\u0159\u00ed, jako\u017ee jsou amat\u00e9\u0159i, ale jsou fakt dob\u0159\u00ed. Jsou \u010d\u00edm d\u00e1l lep\u0161\u00ed a celkov\u011b je to rychlej\u0161\u00ed. Jsem ale ur\u010dit\u011b r\u00e1d, \u017ee se turnaj tak rozrostl, l\u00edb\u00ed se mi, \u017ee n\u00e1s ti lid\u00e9 maj\u00ed r\u00e1di a \u010dasto se vrac\u00ed. Mus\u00edm \u0159\u00edct, \u017ee organiza\u010dn\u00ed t\u00fdm, kter\u00fd te\u010f Petr m\u00e1, je par\u00e1dn\u00ed. Je n\u00e1s v\u00edc, ud\u011bl\u00e1 se v\u00edc v\u011bc\u00ed a m\u00e1me to fakt dob\u0159e podchycen\u00fd.<\/p>\n<p><strong>Co ti na turnaji chyb\u00ed t\u0159eba z p\u0159edchoz\u00edch let?<\/strong><br \/>\nKdy\u017e s n\u00e1mi d\u011blal je\u0161t\u011b m\u016fj kamar\u00e1d Dexter, tak na vyhl\u00e1\u0161en\u00ed v\u017edycky byl jako program p\u0159edstaven\u00ed mistr\u016f v hakisaku nebo freestyle fotbalov\u00e1 show. To bylo v\u017edycky super. A taky p\u0159ed\u00e1v\u00e1n\u00ed prvn\u00edch m\u00edst od Anton\u00edna Panenky, na\u0161\u00ed fotbalov\u00e9 legendy. Mysl\u00edm, \u017ee i pro ty \u00fa\u010dastn\u00edky to byl z\u00e1\u017eitek.<\/p>\n<p><strong>A m\u00e1\u0161 n\u011bco, na co z Barrelu nikdy nezapomene\u0161?<\/strong><br \/>\nJ\u00e1 se v\u017edycky sm\u011bju, kdy\u017e si vzpomenu, jak jeden hostes\u00e1k od d\u00edv\u010d\u00edho fotbalov\u00e9ho t\u00fdmu z Arabsk\u00fdch Emir\u00e1t\u016f, cht\u011bl holk\u00e1m ud\u011blat radost a obl\u00e9kl se do typick\u00e9ho od\u011bvu \u0161ejk\u016f, tedy palestina na hlav\u011b a dlouh\u00fd b\u00edl\u00fd h\u00e1bit. No n\u011bkte\u0159\u00ed ostatn\u00ed \u00fa\u010dastn\u00edci ho nepoznali a necht\u011bli s n\u00edm nastoupit do autobusu. V\u0161e se vyjasnilo, ale bylo to dost \u00fasm\u011bvn\u00e9.<\/p>\n<p><strong>Kdy\u017e jsi na to narazil, j\u00e1 mysl\u00edm, \u017ee ty bys byl hodn\u011b dobr\u00fd hostes\u00e1k!<\/strong><br \/>\nJ\u00e1 bych ur\u010dit\u011b byl. <em>(sm\u00edch)<\/em> Ale j\u00e1 jsem p\u0159isl\u00edbil svoji slu\u017ebu B\u00e1\u0161ovi a ten na m\u011b spol\u00e9h\u00e1 a tuto funkci p\u0159enech\u00e1m jin\u00fdm. I kdy\u017e by to bylo skv\u011bl\u00e9 starat se o t\u00fdm pln\u00fd \u017een.<\/p>\n","protected":false},"excerpt":{"rendered":"<p>Kr\u00e1sn\u00e9 studen\u00e9 pivo hned po r\u00e1nu je l\u00e9k! Na\u0161eho kolegu Leo\u0161e znaj\u00ed hlavn\u011b fotbalov\u00ed hr\u00e1\u010di, proto\u017ee se kv\u016fli pracovn\u00edm povinnostem nem\u016f\u017ee \u00fa\u010dastnit zimn\u00ed hokejov\u00e9 sez\u00f3ny. Za to ho znaj\u00ed velmi dob\u0159e, proto\u017ee je na\u0161\u00ed dobrou du\u0161\u00ed turnaje a ka\u017ed\u00e9mu vykouzl\u00ed \u00fasm\u011bv i po nepoveden\u00e9m z\u00e1pase. Leo\u0161 je na turnaji u\u017e od jeho \u00fapln\u00fdch za\u010d\u00e1tk\u016f, jak&#8230;<\/p>\n","protected":false},"author":3,"featured_media":218,"parent":113,"menu_order":0,"comment_status":"closed","ping_status":"closed","template":"templates\/with-sidebar.php","meta":{"footnotes":""},"yoast_head":"<!-- This site is optimized with the Yoast SEO plugin v22.5 - https:\/\/yoast.com\/wordpress\/plugins\/seo\/ -->\n<title>Leo\u0161 - Prague&#039;s Barrel<\/title>\n<meta name=\"description\" content=\"Na\u0161eho kolegu Leo\u0161e znaj\u00ed hlavn\u011b fotbalov\u00ed hr\u00e1\u010di, proto\u017ee je na\u0161\u00ed dobrou du\u0161\u00ed turnaje a ka\u017ed\u00e9mu vykouzl\u00ed \u00fasm\u011bv i po nepoveden\u00e9m z\u00e1pase.\" \/>\n<meta name=\"robots\" content=\"index, follow, max-snippet:-1, max-image-preview:large, max-video-preview:-1\" \/>\n<link rel=\"canonical\" href=\"https:\/\/praguesbarrel.eu\/cs\/clanky\/leos-fresh-cold-beer-in-the-morning-is-a-cure-for-everything\/\" \/>\n<meta property=\"og:locale\" content=\"cs_CZ\" \/>\n<meta property=\"og:type\" content=\"article\" \/>\n<meta property=\"og:title\" content=\"Leo\u0161 - Prague&#039;s Barrel\" \/>\n<meta property=\"og:description\" content=\"Na\u0161eho kolegu Leo\u0161e znaj\u00ed hlavn\u011b fotbalov\u00ed hr\u00e1\u010di, proto\u017ee je na\u0161\u00ed dobrou du\u0161\u00ed turnaje a ka\u017ed\u00e9mu vykouzl\u00ed \u00fasm\u011bv i po nepoveden\u00e9m z\u00e1pase.\" \/>\n<meta property=\"og:url\" content=\"https:\/\/praguesbarrel.eu\/cs\/clanky\/leos-fresh-cold-beer-in-the-morning-is-a-cure-for-everything\/\" \/>\n<meta property=\"og:site_name\" content=\"Prague&#039;s Barrel\" \/>\n<meta property=\"article:modified_time\" content=\"2023-12-11T20:52:08+00:00\" \/>\n<meta property=\"og:image\" content=\"http:\/\/praguesbarrel.eu\/y0OH9L\/uploads\/2022\/12\/36774205_1855542461151689_1186714676658962432_n-300x200-1.jpeg\" \/>\n\t<meta property=\"og:image:width\" content=\"300\" \/>\n\t<meta property=\"og:image:height\" content=\"200\" \/>\n\t<meta property=\"og:image:type\" content=\"image\/jpeg\" \/>\n<meta name=\"twitter:card\" content=\"summary_large_image\" \/>\n<meta name=\"twitter:label1\" content=\"Odhadovan\u00e1 doba \u010dten\u00ed\" \/>\n\t<meta name=\"twitter:data1\" content=\"4 minuty\" \/>\n<script type=\"application\/ld+json\" class=\"yoast-schema-graph\">{\"@context\":\"https:\/\/schema.org\",\"@graph\":[{\"@type\":\"WebPage\",\"@id\":\"https:\/\/praguesbarrel.eu\/cs\/clanky\/leos-fresh-cold-beer-in-the-morning-is-a-cure-for-everything\/\",\"url\":\"https:\/\/praguesbarrel.eu\/cs\/clanky\/leos-fresh-cold-beer-in-the-morning-is-a-cure-for-everything\/\",\"name\":\"Leo\u0161 - Prague&#039;s Barrel\",\"isPartOf\":{\"@id\":\"https:\/\/praguesbarrel.eu\/#website\"},\"primaryImageOfPage\":{\"@id\":\"https:\/\/praguesbarrel.eu\/cs\/clanky\/leos-fresh-cold-beer-in-the-morning-is-a-cure-for-everything\/#primaryimage\"},\"image\":{\"@id\":\"https:\/\/praguesbarrel.eu\/cs\/clanky\/leos-fresh-cold-beer-in-the-morning-is-a-cure-for-everything\/#primaryimage\"},\"thumbnailUrl\":\"https:\/\/praguesbarrel.eu\/y0OH9L\/uploads\/2022\/12\/36774205_1855542461151689_1186714676658962432_n-300x200-1.jpeg\",\"datePublished\":\"2022-12-17T20:12:33+00:00\",\"dateModified\":\"2023-12-11T20:52:08+00:00\",\"description\":\"Na\u0161eho kolegu Leo\u0161e znaj\u00ed hlavn\u011b fotbalov\u00ed hr\u00e1\u010di, proto\u017ee je na\u0161\u00ed dobrou du\u0161\u00ed turnaje a ka\u017ed\u00e9mu vykouzl\u00ed \u00fasm\u011bv i po nepoveden\u00e9m z\u00e1pase.\",\"breadcrumb\":{\"@id\":\"https:\/\/praguesbarrel.eu\/cs\/clanky\/leos-fresh-cold-beer-in-the-morning-is-a-cure-for-everything\/#breadcrumb\"},\"inLanguage\":\"cs\",\"potentialAction\":[{\"@type\":\"ReadAction\",\"target\":[\"https:\/\/praguesbarrel.eu\/cs\/clanky\/leos-fresh-cold-beer-in-the-morning-is-a-cure-for-everything\/\"]}]},{\"@type\":\"ImageObject\",\"inLanguage\":\"cs\",\"@id\":\"https:\/\/praguesbarrel.eu\/cs\/clanky\/leos-fresh-cold-beer-in-the-morning-is-a-cure-for-everything\/#primaryimage\",\"url\":\"https:\/\/praguesbarrel.eu\/y0OH9L\/uploads\/2022\/12\/36774205_1855542461151689_1186714676658962432_n-300x200-1.jpeg\",\"contentUrl\":\"https:\/\/praguesbarrel.eu\/y0OH9L\/uploads\/2022\/12\/36774205_1855542461151689_1186714676658962432_n-300x200-1.jpeg\",\"width\":300,\"height\":200},{\"@type\":\"BreadcrumbList\",\"@id\":\"https:\/\/praguesbarrel.eu\/cs\/clanky\/leos-fresh-cold-beer-in-the-morning-is-a-cure-for-everything\/#breadcrumb\",\"itemListElement\":[{\"@type\":\"ListItem\",\"position\":1,\"name\":\"Dom\u016f\",\"item\":\"https:\/\/praguesbarrel.eu\/cs\/\"},{\"@type\":\"ListItem\",\"position\":2,\"name\":\"\u010cl\u00e1nky\",\"item\":\"https:\/\/praguesbarrel.eu\/cs\/clanky\/\"},{\"@type\":\"ListItem\",\"position\":3,\"name\":\"Leo\u0161\"}]},{\"@type\":\"WebSite\",\"@id\":\"https:\/\/praguesbarrel.eu\/#website\",\"url\":\"https:\/\/praguesbarrel.eu\/\",\"name\":\"Prague&#039;s Barrel\",\"description\":\"Tournaments\",\"potentialAction\":[{\"@type\":\"SearchAction\",\"target\":{\"@type\":\"EntryPoint\",\"urlTemplate\":\"https:\/\/praguesbarrel.eu\/?s={search_term_string}\"},\"query-input\":\"required name=search_term_string\"}],\"inLanguage\":\"cs\"}]}<\/script>\n<!-- \/ Yoast SEO plugin. -->","yoast_head_json":{"title":"Leo\u0161 - Prague&#039;s Barrel","description":"Na\u0161eho kolegu Leo\u0161e znaj\u00ed hlavn\u011b fotbalov\u00ed hr\u00e1\u010di, proto\u017ee je na\u0161\u00ed dobrou du\u0161\u00ed turnaje a ka\u017ed\u00e9mu vykouzl\u00ed \u00fasm\u011bv i po nepoveden\u00e9m z\u00e1pase.","robots":{"index":"index","follow":"follow","max-snippet":"max-snippet:-1","max-image-preview":"max-image-preview:large","max-video-preview":"max-video-preview:-1"},"canonical":"https:\/\/praguesbarrel.eu\/cs\/clanky\/leos-fresh-cold-beer-in-the-morning-is-a-cure-for-everything\/","og_locale":"cs_CZ","og_type":"article","og_title":"Leo\u0161 - Prague&#039;s Barrel","og_description":"Na\u0161eho kolegu Leo\u0161e znaj\u00ed hlavn\u011b fotbalov\u00ed hr\u00e1\u010di, proto\u017ee je na\u0161\u00ed dobrou du\u0161\u00ed turnaje a ka\u017ed\u00e9mu vykouzl\u00ed \u00fasm\u011bv i po nepoveden\u00e9m z\u00e1pase.","og_url":"https:\/\/praguesbarrel.eu\/cs\/clanky\/leos-fresh-cold-beer-in-the-morning-is-a-cure-for-everything\/","og_site_name":"Prague&#039;s Barrel","article_modified_time":"2023-12-11T20:52:08+00:00","og_image":[{"width":300,"height":200,"url":"http:\/\/praguesbarrel.eu\/y0OH9L\/uploads\/2022\/12\/36774205_1855542461151689_1186714676658962432_n-300x200-1.jpeg","type":"image\/jpeg"}],"twitter_card":"summary_large_image","twitter_misc":{"Odhadovan\u00e1 doba \u010dten\u00ed":"4 minuty"},"schema":{"@context":"https:\/\/schema.org","@graph":[{"@type":"WebPage","@id":"https:\/\/praguesbarrel.eu\/cs\/clanky\/leos-fresh-cold-beer-in-the-morning-is-a-cure-for-everything\/","url":"https:\/\/praguesbarrel.eu\/cs\/clanky\/leos-fresh-cold-beer-in-the-morning-is-a-cure-for-everything\/","name":"Leo\u0161 - Prague&#039;s Barrel","isPartOf":{"@id":"https:\/\/praguesbarrel.eu\/#website"},"primaryImageOfPage":{"@id":"https:\/\/praguesbarrel.eu\/cs\/clanky\/leos-fresh-cold-beer-in-the-morning-is-a-cure-for-everything\/#primaryimage"},"image":{"@id":"https:\/\/praguesbarrel.eu\/cs\/clanky\/leos-fresh-cold-beer-in-the-morning-is-a-cure-for-everything\/#primaryimage"},"thumbnailUrl":"https:\/\/praguesbarrel.eu\/y0OH9L\/uploads\/2022\/12\/36774205_1855542461151689_1186714676658962432_n-300x200-1.jpeg","datePublished":"2022-12-17T20:12:33+00:00","dateModified":"2023-12-11T20:52:08+00:00","description":"Na\u0161eho kolegu Leo\u0161e znaj\u00ed hlavn\u011b fotbalov\u00ed hr\u00e1\u010di, proto\u017ee je na\u0161\u00ed dobrou du\u0161\u00ed turnaje a ka\u017ed\u00e9mu vykouzl\u00ed \u00fasm\u011bv i po nepoveden\u00e9m z\u00e1pase.","breadcrumb":{"@id":"https:\/\/praguesbarrel.eu\/cs\/clanky\/leos-fresh-cold-beer-in-the-morning-is-a-cure-for-everything\/#breadcrumb"},"inLanguage":"cs","potentialAction":[{"@type":"ReadAction","target":["https:\/\/praguesbarrel.eu\/cs\/clanky\/leos-fresh-cold-beer-in-the-morning-is-a-cure-for-everything\/"]}]},{"@type":"ImageObject","inLanguage":"cs","@id":"https:\/\/praguesbarrel.eu\/cs\/clanky\/leos-fresh-cold-beer-in-the-morning-is-a-cure-for-everything\/#primaryimage","url":"https:\/\/praguesbarrel.eu\/y0OH9L\/uploads\/2022\/12\/36774205_1855542461151689_1186714676658962432_n-300x200-1.jpeg","contentUrl":"https:\/\/praguesbarrel.eu\/y0OH9L\/uploads\/2022\/12\/36774205_1855542461151689_1186714676658962432_n-300x200-1.jpeg","width":300,"height":200},{"@type":"BreadcrumbList","@id":"https:\/\/praguesbarrel.eu\/cs\/clanky\/leos-fresh-cold-beer-in-the-morning-is-a-cure-for-everything\/#breadcrumb","itemListElement":[{"@type":"ListItem","position":1,"name":"Dom\u016f","item":"https:\/\/praguesbarrel.eu\/cs\/"},{"@type":"ListItem","position":2,"name":"\u010cl\u00e1nky","item":"https:\/\/praguesbarrel.eu\/cs\/clanky\/"},{"@type":"ListItem","position":3,"name":"Leo\u0161"}]},{"@type":"WebSite","@id":"https:\/\/praguesbarrel.eu\/#website","url":"https:\/\/praguesbarrel.eu\/","name":"Prague&#039;s Barrel","description":"Tournaments","potentialAction":[{"@type":"SearchAction","target":{"@type":"EntryPoint","urlTemplate":"https:\/\/praguesbarrel.eu\/?s={search_term_string}"},"query-input":"required name=search_term_string"}],"inLanguage":"cs"}]}},"_links":{"self":[{"href":"https:\/\/praguesbarrel.eu\/cs\/wp-json\/wp\/v2\/pages\/217"}],"collection":[{"href":"https:\/\/praguesbarrel.eu\/cs\/wp-json\/wp\/v2\/pages"}],"about":[{"href":"https:\/\/praguesbarrel.eu\/cs\/wp-json\/wp\/v2\/types\/page"}],"author":[{"embeddable":true,"href":"https:\/\/praguesbarrel.eu\/cs\/wp-json\/wp\/v2\/users\/3"}],"replies":[{"embeddable":true,"href":"https:\/\/praguesbarrel.eu\/cs\/wp-json\/wp\/v2\/comments?post=217"}],"version-history":[{"count":5,"href":"https:\/\/praguesbarrel.eu\/cs\/wp-json\/wp\/v2\/pages\/217\/revisions"}],"predecessor-version":[{"id":742,"href":"https:\/\/praguesbarrel.eu\/cs\/wp-json\/wp\/v2\/pages\/217\/revisions\/742"}],"up":[{"embeddable":true,"href":"https:\/\/praguesbarrel.eu\/cs\/wp-json\/wp\/v2\/pages\/113"}],"wp:featuredmedia":[{"embeddable":true,"href":"https:\/\/praguesbarrel.eu\/cs\/wp-json\/wp\/v2\/media\/218"}],"wp:attachment":[{"href":"https:\/\/praguesbarrel.eu\/cs\/wp-json\/wp\/v2\/media?parent=217"}],"curies":[{"name":"wp","href":"https:\/\/api.w.org\/{rel}","templated":true}]}}