{"id":198,"date":"2022-12-17T21:10:48","date_gmt":"2022-12-17T20:10:48","guid":{"rendered":"https:\/\/praguesbarrel.eu\/?page_id=198"},"modified":"2023-12-05T14:19:10","modified_gmt":"2023-12-05T13:19:10","slug":"sofie-i-once-want-to-have-ice-hockey-team-from-jamaica-on-our-tournament","status":"publish","type":"page","link":"https:\/\/praguesbarrel.eu\/cs\/clanky\/sofie-i-once-want-to-have-ice-hockey-team-from-jamaica-on-our-tournament\/","title":{"rendered":"Sofie"},"content":{"rendered":"<h2>Sofie: Jednou bych na turnaji cht\u011bla m\u00edt hokejov\u00fd t\u00fdm z Jamajky<\/h2>\n<blockquote><p><em>Sofie je Petrovou pravou rukou u\u017e 11 let (2021) a p\u0159edt\u00edm n\u011bkolik let d\u011blala hostesku, tak\u017ee turnaj zn\u00e1 z r\u016fzn\u00fdch \u00fahl\u016f. Jak se o turnaji dozv\u011bd\u011bla a jak se stalo, \u017ee se z n\u00ed stala organiz\u00e1torka? V\u00edce se dozv\u00edte v rozhovoru. <\/em><\/p><\/blockquote>\n<p><strong>Kdy jsi poprv\u00e9 sly\u0161ela o Pra\u017esk\u00e9m soudku?<\/strong><br \/>\nBylo to na st\u0159edn\u00ed \u0161kole, jedna spolu\u017ea\u010dka z vy\u0161\u0161\u00edho ro\u010dn\u00edku n\u00e1s verbovala na z\u00e1bavn\u00fd turnaj, kde bychom mohly mluvit italsky. \u0160la jsem na hromadn\u00fd pohovor s Petrem, kde n\u00e1m \u0159ekl, a\u0165 si d\u00e1me k pit\u00ed, co chceme. V\u011bt\u0161ina holek si dala neperlivou vodu, sodovku nebo vodu s citr\u00f3nem. J\u00e1 si dala sklenku v\u00edna a vid\u011bla jsem, jak se Petrovi rozsv\u00edtily o\u010di a j\u00e1 jsem pohovorem pro\u0161la. Ve\u010der pak skon\u010dil pan\u00e1ky Becherovky.<\/p>\n<p><strong>Tak\u017ee jsi jako prvn\u00ed byla hosteskou na fotbalov\u00e9m turnaji, jak\u00e9 to bylo?<\/strong><br \/>\nBylo to v roce 2008 a m\u011bla jsem na starosti italsk\u00fd t\u00fdm Caricentro CSAIN z Florence. P\u0159ijeli u\u017e ve st\u0159edu, tak\u017ee jsme spolu pro\u017eili kr\u00e1sn\u00fdch p\u011bt dn\u00ed. Bylo to docela vtipn\u00e9, proto\u017ee jsem jim ze za\u010d\u00e1tku \u00fapln\u011b nerozum\u011bla, i kdy\u017e italsky mluv\u00edm velmi dob\u0159e. Pak jsem zjistila, \u017ee m\u00edsto K vyslovuj\u00ed H a bylo to hned jednodu\u0161\u0161\u00ed. <em>(sm\u00edch)<\/em> Ka\u017ed\u00fd z nich byl \u00fapln\u011b jin\u00fd, jeden po\u0159\u00e1d n\u011bco nat\u00e1\u010del, jin\u00fd se po\u0159\u00e1d o n\u011bco strachoval a dal\u0161\u00ed cht\u011bl v\u011bd\u011bt, jak vypad\u00e1 jeho zadek v kalhot\u00e1ch. Byla s nimi legrace. Celkov\u011b jsem turnaj \u00fapln\u011b nesledovala, soust\u0159edila jsem se na sv\u016fj t\u00fdm a na to, aby byli v\u0161ude, kde maj\u00ed b\u00fdt. Ale byla to sranda, bylo tam hodn\u011b piva a skv\u011bl\u00e1 atmosf\u00e9ra.<\/p>\n<p><strong>L\u00edbilo se ti to, a tak jsi pokra\u010dovala?<\/strong><br \/>\nAno, p\u0159i\u0161lo mi to jako fajn p\u0159iv\u00fdd\u011blek a dal\u0161\u00ed rok m\u011b op\u011bt oslovili. I dal\u0161\u00ed rok atd. Pak jsem jednou byla na spr\u00e1vn\u00e9m m\u00edst\u011b ve spr\u00e1vn\u00fd \u010das \u2013 nesla jsem t\u00e1c pln\u00fd Becherovek a usm\u00edvala se a Petrovi probliklo hlavou, \u017ee bych j\u00e1 mohla b\u00fdt jeho novou pravou rukou. Jak jsem se dozv\u011bd\u011bla pozd\u011bji, Mirka, kter\u00e1 m\u011bla v\u0161e na starosti, se rozhodla j\u00edt d\u00e1l. Tak\u017ee od roku 2010 jsem sou\u010d\u00e1st\u00ed organiza\u010dn\u00edho t\u00fdmu.<\/p>\n<p><img loading=\"lazy\" decoding=\"async\" class=\"alignnone size-medium wp-image-1283\" src=\"http:\/\/praguesbarrel.eu\/y0OH9L\/uploads\/2014\/11\/1548-preview-dsc3013-300x199.jpg\" alt=\"\" width=\"300\" height=\"199\" \/><\/p>\n<p><strong>Jak jsi vn\u00edmala tu zm\u011bnu z hostesky na organiz\u00e1torku?<\/strong><br \/>\nJe to velk\u00e1 zm\u011bna. Jako hosteska jsi \u010dlen t\u00fdmu cel\u00fd ten v\u00edkend, ale jako organiz\u00e1tor pl\u00e1nuje\u0161 hodn\u011b dop\u0159edu a mluv\u00ed\u0161 s kapit\u00e1nem t\u00fdmu t\u0159eba rok, dva, ne\u017e se kone\u010dn\u011b potk\u00e1te a d\u00e1te si pivo. Je to hodn\u011b excelov\u00fdch tabulek a za\u0159izov\u00e1n\u00ed kolem. Jako hosteska prost\u011b p\u0159ijde\u0161 k hotov\u00e9mu t\u00fdmu a str\u00e1v\u00ed\u0161 s nimi p\u00e1r dn\u00ed, jako organiz\u00e1tor s nimi komunikuje\u0161, te\u010f v koronavirov\u00e9m obdob\u00ed klidn\u011b 3 roky, ne\u017e si je kone\u010dn\u011b zhmotn\u00ed\u0161. Chyb\u00ed mi to, \u017ee jako hosteska jsem znala opravdu ka\u017ed\u00e9ho \u010dlena t\u00fdmu, s ka\u017ed\u00fdm si popov\u00eddala. Jako organiz\u00e1tor to t\u0159eba p\u0159i 50 t\u00fdmech na fotbalov\u00e9m turnaji opravdu nemohu zvl\u00e1dnout.<\/p>\n<p><strong>Jak to funguje, ty obstar\u00e1v\u00e1\u0161 komunikaci se v\u0161emi t\u00fdmy a Petr organizuje v\u0161e v pozad\u00ed?<\/strong><br \/>\nPetr je dnes sp\u00ed\u0161 supervisor m\u011b a Martina. Martin se velmi rychle vypracoval a obstar\u00e1v\u00e1 web, reklamu, komunikaci s hotely, sportovi\u0161t\u011b, restaurace apod. J\u00e1 komunikuji s t\u00fdmy a obstar\u00e1v\u00e1m v\u0161e kolem toho a hled\u00e1m hostesky. M\u00e1me ale v\u00edc a v\u00edc turnaj\u016f, a i kdy\u017e se sna\u017e\u00edm mluvit i jin\u00fdmi jazyky, nezvl\u00e1d\u00e1m plynn\u011b francouz\u0161tinu, n\u011bm\u010dinu nebo ru\u0161tinu a proto m\u00e1m Barbaru, Ivu a M\u00e1\u0161u, kter\u00e9 se staraj\u00ed o tyto t\u00fdmy. Nechci b\u00fdt nenahraditeln\u00e1. P\u0159edstavte si, \u017ee by m\u011b z\u00edtra srazilo auto, p\u0159ece ten turnaj kv\u016fli tomu nepolo\u017e\u00edme. <em>(sm\u00edch)<\/em><\/p>\n<p><strong>Nejmlad\u0161\u00ed p\u0159\u00edr\u016fstek mezi turnaji je bowling, pro\u010d jste zvolili tento sport?<\/strong><br \/>\nBowling n\u00e1m tak n\u011bjak z\u016fstal po Evropsk\u00fdch sportovn\u00edch firemn\u00edch hr\u00e1ch 2013. Prvn\u00ed edice nebyla \u00fapln\u011b zda\u0159il\u00e1, co do po\u010dtu t\u00fdm\u016f, ale ten duch cel\u00e9ho turnaje byl tak skv\u011bl\u00fd, \u017ee jsme se rozhodli v tom pokra\u010dovat. Je to rozd\u00edl od hokeje nebo fotbalu, hr\u00e1\u010di jsou sp\u00ed\u0161e star\u0161\u00ed, ale atmosf\u00e9ra je skv\u011bl\u00e1. Hodn\u011b se tan\u010d\u00ed, hodn\u011b si navz\u00e1jem fand\u00ed, jezd\u00ed sp\u00ed\u0161 v p\u00e1rech a v\u0161echno je takov\u00e9 pohodov\u00e9.<\/p>\n<p><strong>M\u00e1\u0161 n\u011bjak\u00fd miln\u00edk, kter\u00e9ho bys cht\u011bla na turnaji dos\u00e1hnout?<\/strong><br \/>\nM\u00e1m takov\u00fd sen, \u017ee sem p\u0159ivedu hokejov\u00e9 t\u00fdmy ze zem\u00ed, kde hokej nen\u00ed moc roz\u0161\u00ed\u0159en\u00fd, jako t\u0159eba Ma\u010farsko nebo Chorvatsko. A kdy\u017e p\u0159ivedu hokejov\u00fd t\u00fdm z Jamajky, tak mohu j\u00edt do d\u016fchodu. <em>(sm\u00edch)<\/em><\/p>\n<p><img loading=\"lazy\" decoding=\"async\" class=\"alignnone size-medium wp-image-1424\" src=\"http:\/\/praguesbarrel.eu\/y0OH9L\/uploads\/2014\/11\/1456-preview-1065-original-dsc-0501-300x199.jpg\" alt=\"\" width=\"300\" height=\"199\" \/><\/p>\n<p><strong>Jakou historku z turnaje si nav\u017edy bude\u0161 pamatovat?<\/strong><br \/>\nR\u00e1da \u0159\u00edk\u00e1m, \u017ee co se stane na turnaji, z\u016fstane na turnaji. <em>(sm\u00edch)<\/em> Ale nikdy nezapomenu na jednoho \u010dlena m\u00e9ho italsk\u00e9ho t\u00fdmu. \u010cekali jsme na n\u011bj s autobusem, abychom odjeli r\u00e1no na h\u0159i\u0161t\u011b a najednou se p\u0159ihnal z jin\u00e9ho sm\u011bru ne\u017e od hotelu a \u0159val \u201esex machine\u201c. Ka\u017ed\u00e9mu tedy bylo jasn\u00e9, odkud zrovna p\u0159i\u0161el, byl je\u0161t\u011b ke v\u0161emu trochu zelen\u00fd a m\u011bl slune\u010dn\u00ed br\u00fdle zakr\u00fdvaj\u00edc\u00ed cel\u00fd obli\u010dej. Rychle zab\u011bhl do hotelu pro v\u011bci a mohlo se jet. Na to, \u017ee v\u016fbec nespal pak docela obstojn\u011b hr\u00e1l prvn\u00ed z\u00e1pas a ob\u010das jen odb\u011bhl vyzvracet se na kraj h\u0159i\u0161t\u011b. To byl opravdov\u00fd soudkov\u00fd duch!<em> (sm\u00edch)<\/em><\/p>\n<p>Pak je\u0161t\u011b r\u00e1da vzpom\u00edn\u00e1m, kdy\u017e v\u0161echny t\u00fdmy bydlely na TOP hotelu, a tak jsme se tam v m\u00edstn\u00edm kasinu potk\u00e1vali v p\u011bt r\u00e1no na posledn\u00ed pivo p\u0159ed span\u00edm. To jsou nezapomenuteln\u00e9 momenty.<\/p>\n<p><strong>Co m\u00e1\u0161 na turnaji nejrad\u011bji?<\/strong><br \/>\nAtmosf\u00e9ru a ten typ lid\u00ed, kter\u00e9 to p\u0159il\u00e1k\u00e1. Jak kolegy, tak \u00fa\u010dastn\u00edky. Jsem r\u00e1da, \u017ee s mnoh\u00fdmi m\u016f\u017eeme tu atmosf\u00e9ru vytvo\u0159it t\u0159eba v m\u00e9 kuchyni nebo obl\u00edben\u00e9 hospod\u011b i mimo turnaj.<\/p>\n","protected":false},"excerpt":{"rendered":"<p>Sofie: Jednou bych na turnaji cht\u011bla m\u00edt hokejov\u00fd t\u00fdm z Jamajky Sofie je Petrovou pravou rukou u\u017e 11 let (2021) a p\u0159edt\u00edm n\u011bkolik let d\u011blala hostesku, tak\u017ee turnaj zn\u00e1 z r\u016fzn\u00fdch \u00fahl\u016f. Jak se o turnaji dozv\u011bd\u011bla a jak se stalo, \u017ee se z n\u00ed stala organiz\u00e1torka? V\u00edce se dozv\u00edte v rozhovoru. Kdy jsi poprv\u00e9&#8230;<\/p>\n","protected":false},"author":3,"featured_media":199,"parent":113,"menu_order":0,"comment_status":"closed","ping_status":"closed","template":"templates\/with-sidebar.php","meta":{"footnotes":""},"yoast_head":"<!-- This site is optimized with the Yoast SEO plugin v22.5 - https:\/\/yoast.com\/wordpress\/plugins\/seo\/ -->\n<title>Sofie - Prague&#039;s Barrel<\/title>\n<meta name=\"description\" content=\"Sofie je Petrovou pravou rukou u\u017e 11 let a p\u0159edt\u00edm n\u011bkolik let d\u011blala hostesku.Jak se o turnaji dozv\u011bd\u011bla a jak se z n\u00ed stala organiz\u00e1torka?\" \/>\n<meta name=\"robots\" content=\"index, follow, max-snippet:-1, max-image-preview:large, max-video-preview:-1\" \/>\n<link rel=\"canonical\" href=\"https:\/\/praguesbarrel.eu\/cs\/clanky\/sofie-i-once-want-to-have-ice-hockey-team-from-jamaica-on-our-tournament\/\" \/>\n<meta property=\"og:locale\" content=\"cs_CZ\" \/>\n<meta property=\"og:type\" content=\"article\" \/>\n<meta property=\"og:title\" content=\"Sofie - Prague&#039;s Barrel\" \/>\n<meta property=\"og:description\" content=\"Sofie je Petrovou pravou rukou u\u017e 11 let a p\u0159edt\u00edm n\u011bkolik let d\u011blala hostesku.Jak se o turnaji dozv\u011bd\u011bla a jak se z n\u00ed stala organiz\u00e1torka?\" \/>\n<meta property=\"og:url\" content=\"https:\/\/praguesbarrel.eu\/cs\/clanky\/sofie-i-once-want-to-have-ice-hockey-team-from-jamaica-on-our-tournament\/\" \/>\n<meta property=\"og:site_name\" content=\"Prague&#039;s Barrel\" \/>\n<meta property=\"article:modified_time\" content=\"2023-12-05T13:19:10+00:00\" \/>\n<meta property=\"og:image\" content=\"http:\/\/praguesbarrel.eu\/y0OH9L\/uploads\/2022\/12\/1548-preview-dsc3013-300x199-1.jpg\" \/>\n\t<meta property=\"og:image:width\" content=\"300\" \/>\n\t<meta property=\"og:image:height\" content=\"199\" \/>\n\t<meta property=\"og:image:type\" content=\"image\/jpeg\" \/>\n<meta name=\"twitter:card\" content=\"summary_large_image\" \/>\n<meta name=\"twitter:label1\" content=\"Odhadovan\u00e1 doba \u010dten\u00ed\" \/>\n\t<meta name=\"twitter:data1\" content=\"4 minuty\" \/>\n<script type=\"application\/ld+json\" class=\"yoast-schema-graph\">{\"@context\":\"https:\/\/schema.org\",\"@graph\":[{\"@type\":\"WebPage\",\"@id\":\"https:\/\/praguesbarrel.eu\/cs\/clanky\/sofie-i-once-want-to-have-ice-hockey-team-from-jamaica-on-our-tournament\/\",\"url\":\"https:\/\/praguesbarrel.eu\/cs\/clanky\/sofie-i-once-want-to-have-ice-hockey-team-from-jamaica-on-our-tournament\/\",\"name\":\"Sofie - Prague&#039;s Barrel\",\"isPartOf\":{\"@id\":\"https:\/\/praguesbarrel.eu\/#website\"},\"primaryImageOfPage\":{\"@id\":\"https:\/\/praguesbarrel.eu\/cs\/clanky\/sofie-i-once-want-to-have-ice-hockey-team-from-jamaica-on-our-tournament\/#primaryimage\"},\"image\":{\"@id\":\"https:\/\/praguesbarrel.eu\/cs\/clanky\/sofie-i-once-want-to-have-ice-hockey-team-from-jamaica-on-our-tournament\/#primaryimage\"},\"thumbnailUrl\":\"https:\/\/praguesbarrel.eu\/y0OH9L\/uploads\/2022\/12\/1548-preview-dsc3013-300x199-1.jpg\",\"datePublished\":\"2022-12-17T20:10:48+00:00\",\"dateModified\":\"2023-12-05T13:19:10+00:00\",\"description\":\"Sofie je Petrovou pravou rukou u\u017e 11 let a p\u0159edt\u00edm n\u011bkolik let d\u011blala hostesku.Jak se o turnaji dozv\u011bd\u011bla a jak se z n\u00ed stala organiz\u00e1torka?\",\"breadcrumb\":{\"@id\":\"https:\/\/praguesbarrel.eu\/cs\/clanky\/sofie-i-once-want-to-have-ice-hockey-team-from-jamaica-on-our-tournament\/#breadcrumb\"},\"inLanguage\":\"cs\",\"potentialAction\":[{\"@type\":\"ReadAction\",\"target\":[\"https:\/\/praguesbarrel.eu\/cs\/clanky\/sofie-i-once-want-to-have-ice-hockey-team-from-jamaica-on-our-tournament\/\"]}]},{\"@type\":\"ImageObject\",\"inLanguage\":\"cs\",\"@id\":\"https:\/\/praguesbarrel.eu\/cs\/clanky\/sofie-i-once-want-to-have-ice-hockey-team-from-jamaica-on-our-tournament\/#primaryimage\",\"url\":\"https:\/\/praguesbarrel.eu\/y0OH9L\/uploads\/2022\/12\/1548-preview-dsc3013-300x199-1.jpg\",\"contentUrl\":\"https:\/\/praguesbarrel.eu\/y0OH9L\/uploads\/2022\/12\/1548-preview-dsc3013-300x199-1.jpg\",\"width\":300,\"height\":199},{\"@type\":\"BreadcrumbList\",\"@id\":\"https:\/\/praguesbarrel.eu\/cs\/clanky\/sofie-i-once-want-to-have-ice-hockey-team-from-jamaica-on-our-tournament\/#breadcrumb\",\"itemListElement\":[{\"@type\":\"ListItem\",\"position\":1,\"name\":\"Dom\u016f\",\"item\":\"https:\/\/praguesbarrel.eu\/cs\/\"},{\"@type\":\"ListItem\",\"position\":2,\"name\":\"\u010cl\u00e1nky\",\"item\":\"https:\/\/praguesbarrel.eu\/cs\/clanky\/\"},{\"@type\":\"ListItem\",\"position\":3,\"name\":\"Sofie\"}]},{\"@type\":\"WebSite\",\"@id\":\"https:\/\/praguesbarrel.eu\/#website\",\"url\":\"https:\/\/praguesbarrel.eu\/\",\"name\":\"Prague&#039;s Barrel\",\"description\":\"Tournaments\",\"potentialAction\":[{\"@type\":\"SearchAction\",\"target\":{\"@type\":\"EntryPoint\",\"urlTemplate\":\"https:\/\/praguesbarrel.eu\/?s={search_term_string}\"},\"query-input\":\"required name=search_term_string\"}],\"inLanguage\":\"cs\"}]}<\/script>\n<!-- \/ Yoast SEO plugin. -->","yoast_head_json":{"title":"Sofie - Prague&#039;s Barrel","description":"Sofie je Petrovou pravou rukou u\u017e 11 let a p\u0159edt\u00edm n\u011bkolik let d\u011blala hostesku.Jak se o turnaji dozv\u011bd\u011bla a jak se z n\u00ed stala organiz\u00e1torka?","robots":{"index":"index","follow":"follow","max-snippet":"max-snippet:-1","max-image-preview":"max-image-preview:large","max-video-preview":"max-video-preview:-1"},"canonical":"https:\/\/praguesbarrel.eu\/cs\/clanky\/sofie-i-once-want-to-have-ice-hockey-team-from-jamaica-on-our-tournament\/","og_locale":"cs_CZ","og_type":"article","og_title":"Sofie - Prague&#039;s Barrel","og_description":"Sofie je Petrovou pravou rukou u\u017e 11 let a p\u0159edt\u00edm n\u011bkolik let d\u011blala hostesku.Jak se o turnaji dozv\u011bd\u011bla a jak se z n\u00ed stala organiz\u00e1torka?","og_url":"https:\/\/praguesbarrel.eu\/cs\/clanky\/sofie-i-once-want-to-have-ice-hockey-team-from-jamaica-on-our-tournament\/","og_site_name":"Prague&#039;s Barrel","article_modified_time":"2023-12-05T13:19:10+00:00","og_image":[{"width":300,"height":199,"url":"http:\/\/praguesbarrel.eu\/y0OH9L\/uploads\/2022\/12\/1548-preview-dsc3013-300x199-1.jpg","type":"image\/jpeg"}],"twitter_card":"summary_large_image","twitter_misc":{"Odhadovan\u00e1 doba \u010dten\u00ed":"4 minuty"},"schema":{"@context":"https:\/\/schema.org","@graph":[{"@type":"WebPage","@id":"https:\/\/praguesbarrel.eu\/cs\/clanky\/sofie-i-once-want-to-have-ice-hockey-team-from-jamaica-on-our-tournament\/","url":"https:\/\/praguesbarrel.eu\/cs\/clanky\/sofie-i-once-want-to-have-ice-hockey-team-from-jamaica-on-our-tournament\/","name":"Sofie - Prague&#039;s Barrel","isPartOf":{"@id":"https:\/\/praguesbarrel.eu\/#website"},"primaryImageOfPage":{"@id":"https:\/\/praguesbarrel.eu\/cs\/clanky\/sofie-i-once-want-to-have-ice-hockey-team-from-jamaica-on-our-tournament\/#primaryimage"},"image":{"@id":"https:\/\/praguesbarrel.eu\/cs\/clanky\/sofie-i-once-want-to-have-ice-hockey-team-from-jamaica-on-our-tournament\/#primaryimage"},"thumbnailUrl":"https:\/\/praguesbarrel.eu\/y0OH9L\/uploads\/2022\/12\/1548-preview-dsc3013-300x199-1.jpg","datePublished":"2022-12-17T20:10:48+00:00","dateModified":"2023-12-05T13:19:10+00:00","description":"Sofie je Petrovou pravou rukou u\u017e 11 let a p\u0159edt\u00edm n\u011bkolik let d\u011blala hostesku.Jak se o turnaji dozv\u011bd\u011bla a jak se z n\u00ed stala organiz\u00e1torka?","breadcrumb":{"@id":"https:\/\/praguesbarrel.eu\/cs\/clanky\/sofie-i-once-want-to-have-ice-hockey-team-from-jamaica-on-our-tournament\/#breadcrumb"},"inLanguage":"cs","potentialAction":[{"@type":"ReadAction","target":["https:\/\/praguesbarrel.eu\/cs\/clanky\/sofie-i-once-want-to-have-ice-hockey-team-from-jamaica-on-our-tournament\/"]}]},{"@type":"ImageObject","inLanguage":"cs","@id":"https:\/\/praguesbarrel.eu\/cs\/clanky\/sofie-i-once-want-to-have-ice-hockey-team-from-jamaica-on-our-tournament\/#primaryimage","url":"https:\/\/praguesbarrel.eu\/y0OH9L\/uploads\/2022\/12\/1548-preview-dsc3013-300x199-1.jpg","contentUrl":"https:\/\/praguesbarrel.eu\/y0OH9L\/uploads\/2022\/12\/1548-preview-dsc3013-300x199-1.jpg","width":300,"height":199},{"@type":"BreadcrumbList","@id":"https:\/\/praguesbarrel.eu\/cs\/clanky\/sofie-i-once-want-to-have-ice-hockey-team-from-jamaica-on-our-tournament\/#breadcrumb","itemListElement":[{"@type":"ListItem","position":1,"name":"Dom\u016f","item":"https:\/\/praguesbarrel.eu\/cs\/"},{"@type":"ListItem","position":2,"name":"\u010cl\u00e1nky","item":"https:\/\/praguesbarrel.eu\/cs\/clanky\/"},{"@type":"ListItem","position":3,"name":"Sofie"}]},{"@type":"WebSite","@id":"https:\/\/praguesbarrel.eu\/#website","url":"https:\/\/praguesbarrel.eu\/","name":"Prague&#039;s Barrel","description":"Tournaments","potentialAction":[{"@type":"SearchAction","target":{"@type":"EntryPoint","urlTemplate":"https:\/\/praguesbarrel.eu\/?s={search_term_string}"},"query-input":"required name=search_term_string"}],"inLanguage":"cs"}]}},"_links":{"self":[{"href":"https:\/\/praguesbarrel.eu\/cs\/wp-json\/wp\/v2\/pages\/198"}],"collection":[{"href":"https:\/\/praguesbarrel.eu\/cs\/wp-json\/wp\/v2\/pages"}],"about":[{"href":"https:\/\/praguesbarrel.eu\/cs\/wp-json\/wp\/v2\/types\/page"}],"author":[{"embeddable":true,"href":"https:\/\/praguesbarrel.eu\/cs\/wp-json\/wp\/v2\/users\/3"}],"replies":[{"embeddable":true,"href":"https:\/\/praguesbarrel.eu\/cs\/wp-json\/wp\/v2\/comments?post=198"}],"version-history":[{"count":4,"href":"https:\/\/praguesbarrel.eu\/cs\/wp-json\/wp\/v2\/pages\/198\/revisions"}],"predecessor-version":[{"id":736,"href":"https:\/\/praguesbarrel.eu\/cs\/wp-json\/wp\/v2\/pages\/198\/revisions\/736"}],"up":[{"embeddable":true,"href":"https:\/\/praguesbarrel.eu\/cs\/wp-json\/wp\/v2\/pages\/113"}],"wp:featuredmedia":[{"embeddable":true,"href":"https:\/\/praguesbarrel.eu\/cs\/wp-json\/wp\/v2\/media\/199"}],"wp:attachment":[{"href":"https:\/\/praguesbarrel.eu\/cs\/wp-json\/wp\/v2\/media?parent=198"}],"curies":[{"name":"wp","href":"https:\/\/api.w.org\/{rel}","templated":true}]}}