{"id":150,"date":"2022-12-17T21:06:06","date_gmt":"2022-12-17T20:06:06","guid":{"rendered":"https:\/\/praguesbarrel.eu\/?page_id=150"},"modified":"2023-12-11T21:51:47","modified_gmt":"2023-12-11T20:51:47","slug":"iva-pragues-barrel-is-not-work-to-me-its-a-vacation","status":"publish","type":"page","link":"https:\/\/praguesbarrel.eu\/cs\/clanky\/iva-pragues-barrel-is-not-work-to-me-its-a-vacation\/","title":{"rendered":"Iva"},"content":{"rendered":"<h2>Prague\u2019s Barrel pro m\u011b nen\u00ed pr\u00e1ce, ale dovolen\u00e1<\/h2>\n<blockquote><p><em>Iva je benjam\u00ednkem v organiza\u010dn\u00edm t\u00fdmu, ale v\u016fbec byste to nepoznali, proto\u017ee je i ost\u0159\u00edlenou hosteskou. Na starosti m\u00e1 n\u011bmecky mluv\u00edc\u00ed t\u00fdmy a Barrel si neum\u00ed p\u0159edstavit bez lid\u00ed a toho spr\u00e1vn\u00e9ho pivn\u00edho ducha. Jak za\u010dal jej\u00ed p\u0159\u00edb\u011bh a na co r\u00e1da vzpom\u00edn\u00e1?<\/em><\/p><\/blockquote>\n<p><strong>Jak ses dozv\u011bd\u011bla o Prague\u2018s Barrelu?<\/strong><br \/>\nOd dal\u0161\u00edch hostesek Mark\u00e9ty a Moniky, kter\u00e9 se mnou chodily na gymn\u00e1zium. Zeptaly se m\u011b, jestli to nechci taky zkusit. Za\u010d\u00ednala jsem na bowlingov\u00e9m turnaji v roce 2017. M\u011bla jsem dohromady t\u0159i n\u011bmeck\u00e9 t\u00fdmy a hrozn\u011b m\u011b to bavilo. M\u011bla jsem mal\u00fd r\u016f\u017eov\u00fd not\u00fdsek a v\u0161echno jsem si tam zapisovala. Pos\u00edlala jsem t\u00fdmy tax\u00edky a zapisovala si tam SPZ a \u010das, kdy odjeli a Martina to t\u0159eba hrozn\u011b p\u0159ekvapilo a byl nad\u0161en\u00fd.<\/p>\n<p><strong>Asi se ti s n\u00e1mi l\u00edbilo, kdy\u017e ses rozhodla pokra\u010dovat?<\/strong><br \/>\nAno! Byla jsem hrozn\u011b p\u0159ekvapen\u00e1, jak jsem se se v\u0161emi hrozn\u011b skamar\u00e1dila za pouh\u00e9 t\u0159i dny. Po\u0159\u00e1d si p\u00ed\u0161eme na Facebooku a v\u00edd\u00e1me se na dal\u0161\u00edch turnaj\u00edch. Ty turnaje jsou jako bych jela na dovolenou, i kdy\u017e jsem v Praze, ve kter\u00e9 \u017eiji. V\u0161echny turnaje, na kter\u00fdch jsem byla byly skv\u011bl\u00e9.<\/p>\n<p><img loading=\"lazy\" decoding=\"async\" class=\"alignnone size-large wp-image-48777\" src=\"http:\/\/praguesbarrel.eu\/y0OH9L\/uploads\/2022\/02\/bowling-torneo-101-1024x682.jpeg\" alt=\"\" width=\"640\" height=\"426\" \/><\/p>\n<p><strong>Jak\u00e9 byly tvoje dal\u0161\u00ed t\u00fdmy?<\/strong><br \/>\nDal\u0161\u00ed po bowlingu byl fotbal, tam jsem m\u011bla t\u00fdm, kter\u00fd nemluvil \u00fapln\u011b anglicky, ale stejn\u011b jsme si pak padli do oka. Pak jsem dostala skv\u011bl\u00fd t\u00fdm na fotbalov\u00e9m turnaji Copsperr, kte\u0159\u00ed jsou trochu crazy, ale je to skv\u011bl\u00fd. Je\u0161t\u011b kdy\u017e si p\u0159ivezou s sebou sranda kost\u00fdmy. V\u0161echny moje t\u00fdmy byly v\u017edycky super. Na \u017e\u00e1dn\u00fd nezapomenu.<\/p>\n<p><strong>Jak\u00e9 bylo p\u0159ej\u00edt od hosteskov\u00e1n\u00ed k organizaci?<\/strong><br \/>\nJ\u00e1 po\u0159\u00e1d ob\u010das hostesku d\u011bl\u00e1m, moc m\u011b to bav\u00ed. Ale Sofie m\u011b oslovila, jestli bych necht\u011bla pom\u00e1hat i organiza\u010dn\u011b, proto\u017ee ovl\u00e1d\u00e1m n\u011bm\u010dinu a v t\u00e9 dob\u011b nebyl nikdo, kdo by n\u011bmecky mluv\u00edc\u00ed t\u00fdmy m\u011bl na starosti.<\/p>\n<p>Kdy\u017e jsem je\u0161t\u011b studovala na vysok\u00e9 \u0161kole, tak jsem organizovala akce pro studenty Erasmu. A proto\u017ee te\u010f pracuji na pln\u00fd \u00favazek, tak mi n\u011bjak\u00e1 takov\u00e1 aktivita nav\u00edc \u2013 d\u011blat n\u011bco pro lidi a bavit je \u2013 chyb\u011bla. Tak\u017ee jsem byla moc r\u00e1da za takovou nab\u00eddku a jsem \u0161\u0165astn\u00e1, \u017ee pat\u0159\u00edm do t\u00fdmu.<\/p>\n<p><strong>Bylo t\u011b\u017ek\u00e9 proniknout mezi n\u011bmeck\u00e9, \u0161v\u00fdcarsk\u00e9 nebo rakousk\u00e9 t\u00fdmy?<\/strong><br \/>\nByla to pro m\u011b zm\u011bna od hostesky, kdy\u017e jsem si s t\u011bmi t\u00fdmy psala dop\u0159edu a v\u016fbec je neznala. Ta komunikace byla sp\u00ed\u0161 takov\u00e1 ofici\u00e1ln\u00ed a nev\u011bd\u011bla jsem, co od nich o\u010dek\u00e1vat. Ale v\u017edycky kdy\u017e p\u0159ijeli, tak to bylo skv\u011bl\u00fd kone\u010dn\u011b si zhmotnit ten kontakt v \u010dlov\u011bka. S ka\u017ed\u00fdm t\u00fdmem se v\u017edycky moc skamar\u00e1d\u00edme a pak u\u017e je ta komunikace \u00fapln\u011b jin\u00e1.<\/p>\n<p><strong>Zasko\u010dila t\u011b n\u011bkdy n\u011bm\u010dina, \u017ee n\u011bjak\u00fd t\u00fdm m\u011bl siln\u00fd dialekt a ty jsi jim t\u0159eba nerozum\u011bla?<\/strong><br \/>\nUr\u010dit\u011b. T\u0159eba jen Raku\u0161\u00e1ci mluv\u00ed ob\u010das siln\u00fdm dialektem, nebo \u0161v\u00fdcarsk\u00e1 n\u011bm\u010dina to je \u00fapln\u011b mimo ch\u00e1p\u00e1n\u00ed. <em>(sm\u00edch)<\/em> \u010clov\u011bk si na to mus\u00ed zvyknout, anebo se sna\u017e\u00ed mluvit kv\u016fli mn\u011b hochdeutsch (ofici\u00e1ln\u00ed n\u011bm\u010dinou).<\/p>\n<p><img decoding=\"async\" class=\"alignnone size-full wp-image-48771\" src=\"http:\/\/praguesbarrel.eu\/y0OH9L\/uploads\/2022\/02\/LIFE1909.jpeg\" alt=\"\" width=\"640\" height=\"\" \/><\/p>\n<p><strong>Na co z Barrelu nezapomene\u0161?<\/strong><br \/>\nT\u011bch historek je spousta. T\u0159eba jeden srandista d\u011blal, \u017ee nechce jezdit po eskal\u00e1toru a j\u00e1 jsem ho musela vz\u00edt za ru\u010di\u010dku a j\u00edt jako maminka s n\u00edm p\u011bkn\u011b dol\u016f. V\u0161ichni jsme se nasm\u00e1li. Pak m\u011b p\u00e1rkr\u00e1t n\u011bkdo \u017e\u00e1dal o ruku, na to se tak\u00e9 nezapom\u00edn\u00e1. Lid\u00e9 v\u00e1s prost\u011b miluj\u00ed, kdy\u017e jim nos\u00edte pivo. A jednou jsem si na fotbale s hr\u00e1\u010dem vym\u011bnila triko, on b\u011bhal po h\u0159i\u0161ti ve sv\u00edtiv\u011b r\u016f\u017eov\u00e9, koukali na n\u011bj v\u0161ichni z turnaje. <em>(sm\u00edch)<\/em> R\u00e1da s sebou tak\u00e9 nos\u00edm svoje t\u0159\u00e1sn\u011b a fand\u00edm.<\/p>\n<p><strong>Jak dlouho si mysl\u00ed\u0161, \u017ee bude\u0161 moci tuhle pr\u00e1ci d\u011blat?<\/strong><br \/>\nTenhle rok mi bude 30 a budu slavit na hokejov\u00e9m turnaji v listopadu, tak\u017ee se t\u011b\u0161te! Bude mi sice 30, ale c\u00edt\u00edm se furt na 20. A mysl\u00edm si, \u017ee kdy\u017e m\u00e1\u0161 Barrel spirit, tak ho prost\u011b m\u00e1\u0161 a bude\u0161 m\u00edt po\u0159\u00e1d. Tomu v\u011b\u0159\u00edm!<\/p>\n<p><strong>\u010ceho si mysl\u00ed\u0161, \u017ee si na\u0161i \u00fa\u010dastn\u00edci nejv\u00edce na turnaji cen\u00ed?<\/strong><br \/>\nN\u00e1s. <em>(sm\u00edch)<\/em> Jsou to lidi, atmosf\u00e9ra, kterou m\u00e1 cel\u00fd turnaj. Program, p\u00e9\u010de organiz\u00e1to\u016f a hostesek. Bez toho by to nebylo ono. Spousta t\u00fdm\u016f \u0159\u00edk\u00e1, \u017ee u\u017e byli na plno r\u016fzn\u00fdch turnaj\u00edch, ale ten n\u00e1\u0161 je speci\u00e1ln\u00ed.<\/p>\n","protected":false},"excerpt":{"rendered":"<p>Prague\u2019s Barrel pro m\u011b nen\u00ed pr\u00e1ce, ale dovolen\u00e1 Iva je benjam\u00ednkem v organiza\u010dn\u00edm t\u00fdmu, ale v\u016fbec byste to nepoznali, proto\u017ee je i ost\u0159\u00edlenou hosteskou. Na starosti m\u00e1 n\u011bmecky mluv\u00edc\u00ed t\u00fdmy a Barrel si neum\u00ed p\u0159edstavit bez lid\u00ed a toho spr\u00e1vn\u00e9ho pivn\u00edho ducha. Jak za\u010dal jej\u00ed p\u0159\u00edb\u011bh a na co r\u00e1da vzpom\u00edn\u00e1? Jak ses dozv\u011bd\u011bla o&#8230;<\/p>\n","protected":false},"author":3,"featured_media":151,"parent":113,"menu_order":0,"comment_status":"closed","ping_status":"closed","template":"templates\/with-sidebar.php","meta":{"footnotes":""},"yoast_head":"<!-- This site is optimized with the Yoast SEO plugin v22.5 - https:\/\/yoast.com\/wordpress\/plugins\/seo\/ -->\n<title>Iva - Prague&#039;s Barrel<\/title>\n<meta name=\"description\" content=\"Iva je benjam\u00ednkem v organiza\u010dn\u00edm t\u00fdmu, ale v\u016fbec byste to nepoznali, proto\u017ee je i ost\u0159\u00edlenou hosteskou. Na starosti m\u00e1 n\u011bmecky mluv\u00edc\u00ed t\u00fdmy.\" \/>\n<meta name=\"robots\" content=\"index, follow, max-snippet:-1, max-image-preview:large, max-video-preview:-1\" \/>\n<link rel=\"canonical\" href=\"https:\/\/praguesbarrel.eu\/cs\/clanky\/iva-pragues-barrel-is-not-work-to-me-its-a-vacation\/\" \/>\n<meta property=\"og:locale\" content=\"cs_CZ\" \/>\n<meta property=\"og:type\" content=\"article\" \/>\n<meta property=\"og:title\" content=\"Iva - Prague&#039;s Barrel\" \/>\n<meta property=\"og:description\" content=\"Iva je benjam\u00ednkem v organiza\u010dn\u00edm t\u00fdmu, ale v\u016fbec byste to nepoznali, proto\u017ee je i ost\u0159\u00edlenou hosteskou. Na starosti m\u00e1 n\u011bmecky mluv\u00edc\u00ed t\u00fdmy.\" \/>\n<meta property=\"og:url\" content=\"https:\/\/praguesbarrel.eu\/cs\/clanky\/iva-pragues-barrel-is-not-work-to-me-its-a-vacation\/\" \/>\n<meta property=\"og:site_name\" content=\"Prague&#039;s Barrel\" \/>\n<meta property=\"article:modified_time\" content=\"2023-12-11T20:51:47+00:00\" \/>\n<meta property=\"og:image\" content=\"http:\/\/praguesbarrel.eu\/y0OH9L\/uploads\/2022\/12\/bowling-torneo-101-300x200-1.jpeg\" \/>\n\t<meta property=\"og:image:width\" content=\"300\" \/>\n\t<meta property=\"og:image:height\" content=\"200\" \/>\n\t<meta property=\"og:image:type\" content=\"image\/jpeg\" \/>\n<meta name=\"twitter:card\" content=\"summary_large_image\" \/>\n<meta name=\"twitter:label1\" content=\"Odhadovan\u00e1 doba \u010dten\u00ed\" \/>\n\t<meta name=\"twitter:data1\" content=\"4 minuty\" \/>\n<script type=\"application\/ld+json\" class=\"yoast-schema-graph\">{\"@context\":\"https:\/\/schema.org\",\"@graph\":[{\"@type\":\"WebPage\",\"@id\":\"https:\/\/praguesbarrel.eu\/cs\/clanky\/iva-pragues-barrel-is-not-work-to-me-its-a-vacation\/\",\"url\":\"https:\/\/praguesbarrel.eu\/cs\/clanky\/iva-pragues-barrel-is-not-work-to-me-its-a-vacation\/\",\"name\":\"Iva - Prague&#039;s Barrel\",\"isPartOf\":{\"@id\":\"https:\/\/praguesbarrel.eu\/#website\"},\"primaryImageOfPage\":{\"@id\":\"https:\/\/praguesbarrel.eu\/cs\/clanky\/iva-pragues-barrel-is-not-work-to-me-its-a-vacation\/#primaryimage\"},\"image\":{\"@id\":\"https:\/\/praguesbarrel.eu\/cs\/clanky\/iva-pragues-barrel-is-not-work-to-me-its-a-vacation\/#primaryimage\"},\"thumbnailUrl\":\"https:\/\/praguesbarrel.eu\/y0OH9L\/uploads\/2022\/12\/bowling-torneo-101-300x200-1.jpeg\",\"datePublished\":\"2022-12-17T20:06:06+00:00\",\"dateModified\":\"2023-12-11T20:51:47+00:00\",\"description\":\"Iva je benjam\u00ednkem v organiza\u010dn\u00edm t\u00fdmu, ale v\u016fbec byste to nepoznali, proto\u017ee je i ost\u0159\u00edlenou hosteskou. Na starosti m\u00e1 n\u011bmecky mluv\u00edc\u00ed t\u00fdmy.\",\"breadcrumb\":{\"@id\":\"https:\/\/praguesbarrel.eu\/cs\/clanky\/iva-pragues-barrel-is-not-work-to-me-its-a-vacation\/#breadcrumb\"},\"inLanguage\":\"cs\",\"potentialAction\":[{\"@type\":\"ReadAction\",\"target\":[\"https:\/\/praguesbarrel.eu\/cs\/clanky\/iva-pragues-barrel-is-not-work-to-me-its-a-vacation\/\"]}]},{\"@type\":\"ImageObject\",\"inLanguage\":\"cs\",\"@id\":\"https:\/\/praguesbarrel.eu\/cs\/clanky\/iva-pragues-barrel-is-not-work-to-me-its-a-vacation\/#primaryimage\",\"url\":\"https:\/\/praguesbarrel.eu\/y0OH9L\/uploads\/2022\/12\/bowling-torneo-101-300x200-1.jpeg\",\"contentUrl\":\"https:\/\/praguesbarrel.eu\/y0OH9L\/uploads\/2022\/12\/bowling-torneo-101-300x200-1.jpeg\",\"width\":300,\"height\":200},{\"@type\":\"BreadcrumbList\",\"@id\":\"https:\/\/praguesbarrel.eu\/cs\/clanky\/iva-pragues-barrel-is-not-work-to-me-its-a-vacation\/#breadcrumb\",\"itemListElement\":[{\"@type\":\"ListItem\",\"position\":1,\"name\":\"Dom\u016f\",\"item\":\"https:\/\/praguesbarrel.eu\/cs\/\"},{\"@type\":\"ListItem\",\"position\":2,\"name\":\"\u010cl\u00e1nky\",\"item\":\"https:\/\/praguesbarrel.eu\/cs\/clanky\/\"},{\"@type\":\"ListItem\",\"position\":3,\"name\":\"Iva\"}]},{\"@type\":\"WebSite\",\"@id\":\"https:\/\/praguesbarrel.eu\/#website\",\"url\":\"https:\/\/praguesbarrel.eu\/\",\"name\":\"Prague&#039;s Barrel\",\"description\":\"Tournaments\",\"potentialAction\":[{\"@type\":\"SearchAction\",\"target\":{\"@type\":\"EntryPoint\",\"urlTemplate\":\"https:\/\/praguesbarrel.eu\/?s={search_term_string}\"},\"query-input\":\"required name=search_term_string\"}],\"inLanguage\":\"cs\"}]}<\/script>\n<!-- \/ Yoast SEO plugin. -->","yoast_head_json":{"title":"Iva - Prague&#039;s Barrel","description":"Iva je benjam\u00ednkem v organiza\u010dn\u00edm t\u00fdmu, ale v\u016fbec byste to nepoznali, proto\u017ee je i ost\u0159\u00edlenou hosteskou. Na starosti m\u00e1 n\u011bmecky mluv\u00edc\u00ed t\u00fdmy.","robots":{"index":"index","follow":"follow","max-snippet":"max-snippet:-1","max-image-preview":"max-image-preview:large","max-video-preview":"max-video-preview:-1"},"canonical":"https:\/\/praguesbarrel.eu\/cs\/clanky\/iva-pragues-barrel-is-not-work-to-me-its-a-vacation\/","og_locale":"cs_CZ","og_type":"article","og_title":"Iva - Prague&#039;s Barrel","og_description":"Iva je benjam\u00ednkem v organiza\u010dn\u00edm t\u00fdmu, ale v\u016fbec byste to nepoznali, proto\u017ee je i ost\u0159\u00edlenou hosteskou. Na starosti m\u00e1 n\u011bmecky mluv\u00edc\u00ed t\u00fdmy.","og_url":"https:\/\/praguesbarrel.eu\/cs\/clanky\/iva-pragues-barrel-is-not-work-to-me-its-a-vacation\/","og_site_name":"Prague&#039;s Barrel","article_modified_time":"2023-12-11T20:51:47+00:00","og_image":[{"width":300,"height":200,"url":"http:\/\/praguesbarrel.eu\/y0OH9L\/uploads\/2022\/12\/bowling-torneo-101-300x200-1.jpeg","type":"image\/jpeg"}],"twitter_card":"summary_large_image","twitter_misc":{"Odhadovan\u00e1 doba \u010dten\u00ed":"4 minuty"},"schema":{"@context":"https:\/\/schema.org","@graph":[{"@type":"WebPage","@id":"https:\/\/praguesbarrel.eu\/cs\/clanky\/iva-pragues-barrel-is-not-work-to-me-its-a-vacation\/","url":"https:\/\/praguesbarrel.eu\/cs\/clanky\/iva-pragues-barrel-is-not-work-to-me-its-a-vacation\/","name":"Iva - Prague&#039;s Barrel","isPartOf":{"@id":"https:\/\/praguesbarrel.eu\/#website"},"primaryImageOfPage":{"@id":"https:\/\/praguesbarrel.eu\/cs\/clanky\/iva-pragues-barrel-is-not-work-to-me-its-a-vacation\/#primaryimage"},"image":{"@id":"https:\/\/praguesbarrel.eu\/cs\/clanky\/iva-pragues-barrel-is-not-work-to-me-its-a-vacation\/#primaryimage"},"thumbnailUrl":"https:\/\/praguesbarrel.eu\/y0OH9L\/uploads\/2022\/12\/bowling-torneo-101-300x200-1.jpeg","datePublished":"2022-12-17T20:06:06+00:00","dateModified":"2023-12-11T20:51:47+00:00","description":"Iva je benjam\u00ednkem v organiza\u010dn\u00edm t\u00fdmu, ale v\u016fbec byste to nepoznali, proto\u017ee je i ost\u0159\u00edlenou hosteskou. Na starosti m\u00e1 n\u011bmecky mluv\u00edc\u00ed t\u00fdmy.","breadcrumb":{"@id":"https:\/\/praguesbarrel.eu\/cs\/clanky\/iva-pragues-barrel-is-not-work-to-me-its-a-vacation\/#breadcrumb"},"inLanguage":"cs","potentialAction":[{"@type":"ReadAction","target":["https:\/\/praguesbarrel.eu\/cs\/clanky\/iva-pragues-barrel-is-not-work-to-me-its-a-vacation\/"]}]},{"@type":"ImageObject","inLanguage":"cs","@id":"https:\/\/praguesbarrel.eu\/cs\/clanky\/iva-pragues-barrel-is-not-work-to-me-its-a-vacation\/#primaryimage","url":"https:\/\/praguesbarrel.eu\/y0OH9L\/uploads\/2022\/12\/bowling-torneo-101-300x200-1.jpeg","contentUrl":"https:\/\/praguesbarrel.eu\/y0OH9L\/uploads\/2022\/12\/bowling-torneo-101-300x200-1.jpeg","width":300,"height":200},{"@type":"BreadcrumbList","@id":"https:\/\/praguesbarrel.eu\/cs\/clanky\/iva-pragues-barrel-is-not-work-to-me-its-a-vacation\/#breadcrumb","itemListElement":[{"@type":"ListItem","position":1,"name":"Dom\u016f","item":"https:\/\/praguesbarrel.eu\/cs\/"},{"@type":"ListItem","position":2,"name":"\u010cl\u00e1nky","item":"https:\/\/praguesbarrel.eu\/cs\/clanky\/"},{"@type":"ListItem","position":3,"name":"Iva"}]},{"@type":"WebSite","@id":"https:\/\/praguesbarrel.eu\/#website","url":"https:\/\/praguesbarrel.eu\/","name":"Prague&#039;s Barrel","description":"Tournaments","potentialAction":[{"@type":"SearchAction","target":{"@type":"EntryPoint","urlTemplate":"https:\/\/praguesbarrel.eu\/?s={search_term_string}"},"query-input":"required name=search_term_string"}],"inLanguage":"cs"}]}},"_links":{"self":[{"href":"https:\/\/praguesbarrel.eu\/cs\/wp-json\/wp\/v2\/pages\/150"}],"collection":[{"href":"https:\/\/praguesbarrel.eu\/cs\/wp-json\/wp\/v2\/pages"}],"about":[{"href":"https:\/\/praguesbarrel.eu\/cs\/wp-json\/wp\/v2\/types\/page"}],"author":[{"embeddable":true,"href":"https:\/\/praguesbarrel.eu\/cs\/wp-json\/wp\/v2\/users\/3"}],"replies":[{"embeddable":true,"href":"https:\/\/praguesbarrel.eu\/cs\/wp-json\/wp\/v2\/comments?post=150"}],"version-history":[{"count":6,"href":"https:\/\/praguesbarrel.eu\/cs\/wp-json\/wp\/v2\/pages\/150\/revisions"}],"predecessor-version":[{"id":741,"href":"https:\/\/praguesbarrel.eu\/cs\/wp-json\/wp\/v2\/pages\/150\/revisions\/741"}],"up":[{"embeddable":true,"href":"https:\/\/praguesbarrel.eu\/cs\/wp-json\/wp\/v2\/pages\/113"}],"wp:featuredmedia":[{"embeddable":true,"href":"https:\/\/praguesbarrel.eu\/cs\/wp-json\/wp\/v2\/media\/151"}],"wp:attachment":[{"href":"https:\/\/praguesbarrel.eu\/cs\/wp-json\/wp\/v2\/media?parent=150"}],"curies":[{"name":"wp","href":"https:\/\/api.w.org\/{rel}","templated":true}]}}