{"id":15,"date":"2016-08-10T22:29:08","date_gmt":"2016-08-10T21:29:08","guid":{"rendered":"http:\/\/volleyball.praguesbarrel.eu\/?page_id=15"},"modified":"2025-07-28T20:27:05","modified_gmt":"2025-07-28T19:27:05","slug":"kontakt","status":"publish","type":"page","link":"https:\/\/praguesbarrel.eu\/cs\/kontakt\/","title":{"rendered":"Kontakt"},"content":{"rendered":"<p>M\u00e1me r\u00e1di pivo, lidi a fotbal, hokej i bowling. Z tohoto spojen\u00ed vznikl turnaj O pra\u017esk\u00fd soudek: v\u00edkend pln\u00fd sportu, osv\u011b\u017euj\u00edc\u00edho piva a vesel\u00fdch lid\u00ed z r\u016fzn\u00fdch kout\u016f Evropy i sv\u011bta. Na\u0161\u00edm c\u00edlem je, abyste ze sebe za tento v\u00edkend set\u0159epali z\u00e1t\u011b\u017e v\u0161edn\u00edch dn\u00ed, zasportovali, pobavili se a nemuseli se o nic starat \u2013 od toho jsme tu my. \ud83d\ude42<\/p>\n<p>M\u00e1te jak\u00e9koliv ot\u00e1zky? <a href=\"mailto:info@praguesbarrel.eu\">Nev\u00e1hejte n\u00e1s kontaktovat<\/a>!<\/p>\n<p><img loading=\"lazy\" decoding=\"async\" class=\"size-large wp-image-48711 aligncenter\" src=\"http:\/\/praguesbarrel.eu\/y0OH9L\/uploads\/2024\/09\/tym2024.jpg\" alt=\"\" width=\"640\" height=\"427\" \/><\/p>\n<p>&nbsp;<\/p>\n<p style=\"text-align: center;\"><a href=\"https:\/\/www.facebook.com\/PraguesBarrelTournaments\"><img loading=\"lazy\" decoding=\"async\" class=\"alignnone wp-image-61595\" src=\"https:\/\/praguesbarrel.eu\/y0OH9L\/themes\/praguesbarrel\/img\/fb-ico.png\" alt=\"\" width=\"50\" height=\"50\" \/><\/a> <a href=\"https:\/\/www.instagram.com\/praguesbarrel\/\"><img loading=\"lazy\" decoding=\"async\" class=\"alignnone wp-image-61595\" src=\"http:\/\/praguesbarrel.eu\/y0OH9L\/uploads\/2022\/08\/Instagram-ikona.png\" alt=\"\" width=\"50\" height=\"50\" \/><\/a> <a href=\"https:\/\/www.youtube.com\/user\/PraguesBarrelTV\"><img loading=\"lazy\" decoding=\"async\" class=\"alignnone wp-image-61601\" src=\"http:\/\/praguesbarrel.eu\/y0OH9L\/uploads\/2022\/09\/2018_social_media_popular_app_logo_youtube-1024.webp\" alt=\"\" width=\"50\" height=\"50\" \/><\/a> \u00a0<a href=\"https:\/\/whatsapp.com\/channel\/0029VaTXl94FXUui3S9que2U\"><img loading=\"lazy\" decoding=\"async\" class=\"alignnone wp-image-61601\" src=\"http:\/\/praguesbarrel.eu\/y0OH9L\/uploads\/2024\/03\/whatsapp.png\" alt=\"\" width=\"50\" height=\"50\" \/><\/a> <a href=\"https:\/\/www.tiktok.com\/@pragues.barrel\"> <img loading=\"lazy\" decoding=\"async\" class=\"alignnone wp-image-61601\" src=\"https:\/\/hockey.praguesbarrel.eu\/wp-content\/uploads\/2024\/12\/tiktok.png\" alt=\"\" width=\"50\" height=\"50\" \/><\/a><\/p>\n","protected":false},"excerpt":{"rendered":"<p>M\u00e1me r\u00e1di pivo, lidi a fotbal, hokej i bowling. Z tohoto spojen\u00ed vznikl turnaj O pra\u017esk\u00fd soudek: v\u00edkend pln\u00fd sportu, osv\u011b\u017euj\u00edc\u00edho piva a vesel\u00fdch lid\u00ed z r\u016fzn\u00fdch kout\u016f Evropy i sv\u011bta. Na\u0161\u00edm c\u00edlem je, abyste ze sebe za tento v\u00edkend set\u0159epali z\u00e1t\u011b\u017e v\u0161edn\u00edch dn\u00ed, zasportovali, pobavili se a nemuseli se o nic starat \u2013 od&#8230;<\/p>\n","protected":false},"author":3,"featured_media":863,"parent":0,"menu_order":0,"comment_status":"closed","ping_status":"closed","template":"templates\/with-sidebar.php","meta":{"footnotes":""},"yoast_head":"<!-- This site is optimized with the Yoast SEO plugin v22.5 - https:\/\/yoast.com\/wordpress\/plugins\/seo\/ -->\n<title>Kontakt - Prague&#039;s Barrel<\/title>\n<meta name=\"description\" content=\"M\u00e1te jak\u00e9koliv ot\u00e1zky ohledn\u011b turnaj\u016f Pra\u017esk\u00fd soudek? Nev\u00e1hejte n\u00e1s kontaktovat!\" \/>\n<meta name=\"robots\" content=\"index, follow, max-snippet:-1, max-image-preview:large, max-video-preview:-1\" \/>\n<link rel=\"canonical\" href=\"https:\/\/praguesbarrel.eu\/cs\/kontakt\/\" \/>\n<meta property=\"og:locale\" content=\"cs_CZ\" \/>\n<meta property=\"og:type\" content=\"article\" \/>\n<meta property=\"og:title\" content=\"Kontakt - Prague&#039;s Barrel\" \/>\n<meta property=\"og:description\" content=\"M\u00e1te jak\u00e9koliv ot\u00e1zky ohledn\u011b turnaj\u016f Pra\u017esk\u00fd soudek? Nev\u00e1hejte n\u00e1s kontaktovat!\" \/>\n<meta property=\"og:url\" content=\"https:\/\/praguesbarrel.eu\/cs\/kontakt\/\" \/>\n<meta property=\"og:site_name\" content=\"Prague&#039;s Barrel\" \/>\n<meta property=\"article:modified_time\" content=\"2025-07-28T19:27:05+00:00\" \/>\n<meta property=\"og:image\" content=\"http:\/\/praguesbarrel.eu\/y0OH9L\/uploads\/2024\/09\/tym2024.jpg\" \/>\n\t<meta property=\"og:image:width\" content=\"1832\" \/>\n\t<meta property=\"og:image:height\" content=\"1224\" \/>\n\t<meta property=\"og:image:type\" content=\"image\/jpeg\" \/>\n<meta name=\"twitter:card\" content=\"summary_large_image\" \/>\n<meta name=\"twitter:label1\" content=\"Odhadovan\u00e1 doba \u010dten\u00ed\" \/>\n\t<meta name=\"twitter:data1\" content=\"2 minuty\" \/>\n<script type=\"application\/ld+json\" class=\"yoast-schema-graph\">{\"@context\":\"https:\/\/schema.org\",\"@graph\":[{\"@type\":\"WebPage\",\"@id\":\"https:\/\/praguesbarrel.eu\/cs\/kontakt\/\",\"url\":\"https:\/\/praguesbarrel.eu\/cs\/kontakt\/\",\"name\":\"Kontakt - Prague&#039;s Barrel\",\"isPartOf\":{\"@id\":\"https:\/\/praguesbarrel.eu\/#website\"},\"primaryImageOfPage\":{\"@id\":\"https:\/\/praguesbarrel.eu\/cs\/kontakt\/#primaryimage\"},\"image\":{\"@id\":\"https:\/\/praguesbarrel.eu\/cs\/kontakt\/#primaryimage\"},\"thumbnailUrl\":\"https:\/\/praguesbarrel.eu\/y0OH9L\/uploads\/2024\/09\/tym2024.jpg\",\"datePublished\":\"2016-08-10T21:29:08+00:00\",\"dateModified\":\"2025-07-28T19:27:05+00:00\",\"description\":\"M\u00e1te jak\u00e9koliv ot\u00e1zky ohledn\u011b turnaj\u016f Pra\u017esk\u00fd soudek? Nev\u00e1hejte n\u00e1s kontaktovat!\",\"breadcrumb\":{\"@id\":\"https:\/\/praguesbarrel.eu\/cs\/kontakt\/#breadcrumb\"},\"inLanguage\":\"cs\",\"potentialAction\":[{\"@type\":\"ReadAction\",\"target\":[\"https:\/\/praguesbarrel.eu\/cs\/kontakt\/\"]}]},{\"@type\":\"ImageObject\",\"inLanguage\":\"cs\",\"@id\":\"https:\/\/praguesbarrel.eu\/cs\/kontakt\/#primaryimage\",\"url\":\"https:\/\/praguesbarrel.eu\/y0OH9L\/uploads\/2024\/09\/tym2024.jpg\",\"contentUrl\":\"https:\/\/praguesbarrel.eu\/y0OH9L\/uploads\/2024\/09\/tym2024.jpg\",\"width\":1832,\"height\":1224},{\"@type\":\"BreadcrumbList\",\"@id\":\"https:\/\/praguesbarrel.eu\/cs\/kontakt\/#breadcrumb\",\"itemListElement\":[{\"@type\":\"ListItem\",\"position\":1,\"name\":\"Dom\u016f\",\"item\":\"https:\/\/praguesbarrel.eu\/cs\/\"},{\"@type\":\"ListItem\",\"position\":2,\"name\":\"Kontakt\"}]},{\"@type\":\"WebSite\",\"@id\":\"https:\/\/praguesbarrel.eu\/#website\",\"url\":\"https:\/\/praguesbarrel.eu\/\",\"name\":\"Prague&#039;s Barrel\",\"description\":\"Tournaments\",\"potentialAction\":[{\"@type\":\"SearchAction\",\"target\":{\"@type\":\"EntryPoint\",\"urlTemplate\":\"https:\/\/praguesbarrel.eu\/?s={search_term_string}\"},\"query-input\":\"required name=search_term_string\"}],\"inLanguage\":\"cs\"}]}<\/script>\n<!-- \/ Yoast SEO plugin. -->","yoast_head_json":{"title":"Kontakt - Prague&#039;s Barrel","description":"M\u00e1te jak\u00e9koliv ot\u00e1zky ohledn\u011b turnaj\u016f Pra\u017esk\u00fd soudek? Nev\u00e1hejte n\u00e1s kontaktovat!","robots":{"index":"index","follow":"follow","max-snippet":"max-snippet:-1","max-image-preview":"max-image-preview:large","max-video-preview":"max-video-preview:-1"},"canonical":"https:\/\/praguesbarrel.eu\/cs\/kontakt\/","og_locale":"cs_CZ","og_type":"article","og_title":"Kontakt - Prague&#039;s Barrel","og_description":"M\u00e1te jak\u00e9koliv ot\u00e1zky ohledn\u011b turnaj\u016f Pra\u017esk\u00fd soudek? Nev\u00e1hejte n\u00e1s kontaktovat!","og_url":"https:\/\/praguesbarrel.eu\/cs\/kontakt\/","og_site_name":"Prague&#039;s Barrel","article_modified_time":"2025-07-28T19:27:05+00:00","og_image":[{"width":1832,"height":1224,"url":"http:\/\/praguesbarrel.eu\/y0OH9L\/uploads\/2024\/09\/tym2024.jpg","type":"image\/jpeg"}],"twitter_card":"summary_large_image","twitter_misc":{"Odhadovan\u00e1 doba \u010dten\u00ed":"2 minuty"},"schema":{"@context":"https:\/\/schema.org","@graph":[{"@type":"WebPage","@id":"https:\/\/praguesbarrel.eu\/cs\/kontakt\/","url":"https:\/\/praguesbarrel.eu\/cs\/kontakt\/","name":"Kontakt - Prague&#039;s Barrel","isPartOf":{"@id":"https:\/\/praguesbarrel.eu\/#website"},"primaryImageOfPage":{"@id":"https:\/\/praguesbarrel.eu\/cs\/kontakt\/#primaryimage"},"image":{"@id":"https:\/\/praguesbarrel.eu\/cs\/kontakt\/#primaryimage"},"thumbnailUrl":"https:\/\/praguesbarrel.eu\/y0OH9L\/uploads\/2024\/09\/tym2024.jpg","datePublished":"2016-08-10T21:29:08+00:00","dateModified":"2025-07-28T19:27:05+00:00","description":"M\u00e1te jak\u00e9koliv ot\u00e1zky ohledn\u011b turnaj\u016f Pra\u017esk\u00fd soudek? Nev\u00e1hejte n\u00e1s kontaktovat!","breadcrumb":{"@id":"https:\/\/praguesbarrel.eu\/cs\/kontakt\/#breadcrumb"},"inLanguage":"cs","potentialAction":[{"@type":"ReadAction","target":["https:\/\/praguesbarrel.eu\/cs\/kontakt\/"]}]},{"@type":"ImageObject","inLanguage":"cs","@id":"https:\/\/praguesbarrel.eu\/cs\/kontakt\/#primaryimage","url":"https:\/\/praguesbarrel.eu\/y0OH9L\/uploads\/2024\/09\/tym2024.jpg","contentUrl":"https:\/\/praguesbarrel.eu\/y0OH9L\/uploads\/2024\/09\/tym2024.jpg","width":1832,"height":1224},{"@type":"BreadcrumbList","@id":"https:\/\/praguesbarrel.eu\/cs\/kontakt\/#breadcrumb","itemListElement":[{"@type":"ListItem","position":1,"name":"Dom\u016f","item":"https:\/\/praguesbarrel.eu\/cs\/"},{"@type":"ListItem","position":2,"name":"Kontakt"}]},{"@type":"WebSite","@id":"https:\/\/praguesbarrel.eu\/#website","url":"https:\/\/praguesbarrel.eu\/","name":"Prague&#039;s Barrel","description":"Tournaments","potentialAction":[{"@type":"SearchAction","target":{"@type":"EntryPoint","urlTemplate":"https:\/\/praguesbarrel.eu\/?s={search_term_string}"},"query-input":"required name=search_term_string"}],"inLanguage":"cs"}]}},"_links":{"self":[{"href":"https:\/\/praguesbarrel.eu\/cs\/wp-json\/wp\/v2\/pages\/15"}],"collection":[{"href":"https:\/\/praguesbarrel.eu\/cs\/wp-json\/wp\/v2\/pages"}],"about":[{"href":"https:\/\/praguesbarrel.eu\/cs\/wp-json\/wp\/v2\/types\/page"}],"author":[{"embeddable":true,"href":"https:\/\/praguesbarrel.eu\/cs\/wp-json\/wp\/v2\/users\/3"}],"replies":[{"embeddable":true,"href":"https:\/\/praguesbarrel.eu\/cs\/wp-json\/wp\/v2\/comments?post=15"}],"version-history":[{"count":22,"href":"https:\/\/praguesbarrel.eu\/cs\/wp-json\/wp\/v2\/pages\/15\/revisions"}],"predecessor-version":[{"id":1056,"href":"https:\/\/praguesbarrel.eu\/cs\/wp-json\/wp\/v2\/pages\/15\/revisions\/1056"}],"wp:featuredmedia":[{"embeddable":true,"href":"https:\/\/praguesbarrel.eu\/cs\/wp-json\/wp\/v2\/media\/863"}],"wp:attachment":[{"href":"https:\/\/praguesbarrel.eu\/cs\/wp-json\/wp\/v2\/media?parent=15"}],"curies":[{"name":"wp","href":"https:\/\/api.w.org\/{rel}","templated":true}]}}