{"id":113,"date":"2022-12-16T21:03:04","date_gmt":"2022-12-16T20:03:04","guid":{"rendered":"https:\/\/praguesbarrel.eu\/?page_id=113"},"modified":"2024-12-20T12:36:05","modified_gmt":"2024-12-20T11:36:05","slug":"clanky","status":"publish","type":"page","link":"https:\/\/praguesbarrel.eu\/cs\/clanky\/","title":{"rendered":"\u010cl\u00e1nky"},"content":{"rendered":"<p>Chcete o na\u0161ich turnaj\u00edch v\u011bd\u011bt v\u00edce? Jak prob\u00edhaj\u00ed, jak\u00e9 jsou na\u0161e zku\u0161enosti a tak\u00e9 zaj\u00edmavosti ze z\u00e1kulis\u00ed? Pono\u0159te se do rozhovor\u016f s na\u0161imi organiz\u00e1tory, hosteskami a do dal\u0161\u00edch \u010dl\u00e1nk\u016f, kter\u00e9 jsme pro v\u00e1s p\u0159ipravili.<\/p>\n<p>Tak\u00e9 d\u011bkujeme za skv\u011bl\u00e9 \u010dl\u00e1nky, kter\u00e9 o n\u00e1s vy\u0161ly v Belgii (<a href=\"http:\/\/praguesbarrel.eu\/y0OH9L\/uploads\/2021\/09\/20210903_La-Derniere-Heure-Liege_p-27.pdf\">Li\u00e8ge<\/a>, <a href=\"http:\/\/praguesbarrel.eu\/y0OH9L\/uploads\/2021\/09\/20210831_Sud-Presse_p-26.pdf\">Sud Presse<\/a>), <a href=\"https:\/\/www.lechodemaskinonge.com\/infolettre\/une-experience-inoubliable-pour-des-hockeyeurs-de-saint-boniface\/\">Kanad\u011b<\/a>, <a href=\"https:\/\/mypovazska.sme.sk\/c\/20791133\/suboj-s-rusmi-ukoncil-utok-na-rozhodcu.html\">na Slovensku<\/a> a v It\u00e1lii (<a href=\"http:\/\/www.hockeytime.net\/2015\/11\/22\/trionfo-russo-nel-primo-round-del-barile-praghese-2016\/\">Hockeytime 2015<\/a>, <a href=\"http:\/\/www.hockeytime.net\/2014\/11\/18\/il-barile-praghese-fa-poker-al-via-il-primo-round\/\">2014<\/a>, <a href=\"https:\/\/www.fanoinforma.it\/calcio-e-birra-i-fanesi-della-top-argento-secondi-al-pragues-barrel-di-praga\/\">Fano in Forma<\/a>).<\/p>\n<p><img loading=\"lazy\" decoding=\"async\" class=\"alignnone size-large wp-image-461\" src=\"http:\/\/praguesbarrel.eu\/y0OH9L\/uploads\/2023\/01\/PBT2_ceremony-103-1-1024x683.jpeg\" alt=\"\" width=\"640\" height=\"427\" srcset=\"https:\/\/praguesbarrel.eu\/y0OH9L\/uploads\/2023\/01\/PBT2_ceremony-103-1-1024x683.jpeg 1024w, https:\/\/praguesbarrel.eu\/y0OH9L\/uploads\/2023\/01\/PBT2_ceremony-103-1-300x200.jpeg 300w, https:\/\/praguesbarrel.eu\/y0OH9L\/uploads\/2023\/01\/PBT2_ceremony-103-1-768x512.jpeg 768w, https:\/\/praguesbarrel.eu\/y0OH9L\/uploads\/2023\/01\/PBT2_ceremony-103-1-1536x1024.jpeg 1536w, https:\/\/praguesbarrel.eu\/y0OH9L\/uploads\/2023\/01\/PBT2_ceremony-103-1.jpeg 1698w\" sizes=\"(max-width: 640px) 100vw, 640px\" \/><\/p>\n","protected":false},"excerpt":{"rendered":"<p>Chcete o na\u0161ich turnaj\u00edch v\u011bd\u011bt v\u00edce? Jak prob\u00edhaj\u00ed, jak\u00e9 jsou na\u0161e zku\u0161enosti a tak\u00e9 zaj\u00edmavosti ze z\u00e1kulis\u00ed? Pono\u0159te se do rozhovor\u016f s na\u0161imi organiz\u00e1tory, hosteskami a do dal\u0161\u00edch \u010dl\u00e1nk\u016f, kter\u00e9 jsme pro v\u00e1s p\u0159ipravili. Tak\u00e9 d\u011bkujeme za skv\u011bl\u00e9 \u010dl\u00e1nky, kter\u00e9 o n\u00e1s vy\u0161ly v Belgii (Li\u00e8ge, Sud Presse), Kanad\u011b, na Slovensku a v It\u00e1lii (Hockeytime&#8230;<\/p>\n","protected":false},"author":3,"featured_media":285,"parent":0,"menu_order":0,"comment_status":"closed","ping_status":"closed","template":"templates\/with-sidebar.php","meta":{"footnotes":""},"yoast_head":"<!-- This site is optimized with the Yoast SEO plugin v22.5 - https:\/\/yoast.com\/wordpress\/plugins\/seo\/ -->\n<title>\u010cl\u00e1nky - Prague&#039;s Barrel<\/title>\n<meta name=\"description\" content=\"Jak prob\u00edhaj\u00ed na\u0161e turnaje, jak\u00e9 jsou zaj\u00edmavosti ze z\u00e1kulis\u00ed? Pono\u0159te se do rozhovor\u016f s na\u0161imi organiz\u00e1tory, hosteskami a do dal\u0161\u00edch \u010dl\u00e1nk\u016f.\" \/>\n<meta name=\"robots\" content=\"index, follow, max-snippet:-1, max-image-preview:large, max-video-preview:-1\" \/>\n<link rel=\"canonical\" href=\"https:\/\/praguesbarrel.eu\/cs\/clanky\/\" \/>\n<meta property=\"og:locale\" content=\"cs_CZ\" \/>\n<meta property=\"og:type\" content=\"article\" \/>\n<meta property=\"og:title\" content=\"\u010cl\u00e1nky - Prague&#039;s Barrel\" \/>\n<meta property=\"og:description\" content=\"Jak prob\u00edhaj\u00ed na\u0161e turnaje, jak\u00e9 jsou zaj\u00edmavosti ze z\u00e1kulis\u00ed? Pono\u0159te se do rozhovor\u016f s na\u0161imi organiz\u00e1tory, hosteskami a do dal\u0161\u00edch \u010dl\u00e1nk\u016f.\" \/>\n<meta property=\"og:url\" content=\"https:\/\/praguesbarrel.eu\/cs\/clanky\/\" \/>\n<meta property=\"og:site_name\" content=\"Prague&#039;s Barrel\" \/>\n<meta property=\"article:modified_time\" content=\"2024-12-20T11:36:05+00:00\" \/>\n<meta property=\"og:image\" content=\"http:\/\/praguesbarrel.eu\/y0OH9L\/uploads\/2022\/12\/MG_3597-300x200-1.jpg\" \/>\n\t<meta property=\"og:image:width\" content=\"300\" \/>\n\t<meta property=\"og:image:height\" content=\"200\" \/>\n\t<meta property=\"og:image:type\" content=\"image\/jpeg\" \/>\n<meta name=\"twitter:card\" content=\"summary_large_image\" \/>\n<meta name=\"twitter:label1\" content=\"Odhadovan\u00e1 doba \u010dten\u00ed\" \/>\n\t<meta name=\"twitter:data1\" content=\"1 minuta\" \/>\n<script type=\"application\/ld+json\" class=\"yoast-schema-graph\">{\"@context\":\"https:\/\/schema.org\",\"@graph\":[{\"@type\":\"WebPage\",\"@id\":\"https:\/\/praguesbarrel.eu\/cs\/clanky\/\",\"url\":\"https:\/\/praguesbarrel.eu\/cs\/clanky\/\",\"name\":\"\u010cl\u00e1nky - Prague&#039;s Barrel\",\"isPartOf\":{\"@id\":\"https:\/\/praguesbarrel.eu\/#website\"},\"primaryImageOfPage\":{\"@id\":\"https:\/\/praguesbarrel.eu\/cs\/clanky\/#primaryimage\"},\"image\":{\"@id\":\"https:\/\/praguesbarrel.eu\/cs\/clanky\/#primaryimage\"},\"thumbnailUrl\":\"https:\/\/praguesbarrel.eu\/y0OH9L\/uploads\/2022\/12\/MG_3597-300x200-1.jpg\",\"datePublished\":\"2022-12-16T20:03:04+00:00\",\"dateModified\":\"2024-12-20T11:36:05+00:00\",\"description\":\"Jak prob\u00edhaj\u00ed na\u0161e turnaje, jak\u00e9 jsou zaj\u00edmavosti ze z\u00e1kulis\u00ed? Pono\u0159te se do rozhovor\u016f s na\u0161imi organiz\u00e1tory, hosteskami a do dal\u0161\u00edch \u010dl\u00e1nk\u016f.\",\"breadcrumb\":{\"@id\":\"https:\/\/praguesbarrel.eu\/cs\/clanky\/#breadcrumb\"},\"inLanguage\":\"cs\",\"potentialAction\":[{\"@type\":\"ReadAction\",\"target\":[\"https:\/\/praguesbarrel.eu\/cs\/clanky\/\"]}]},{\"@type\":\"ImageObject\",\"inLanguage\":\"cs\",\"@id\":\"https:\/\/praguesbarrel.eu\/cs\/clanky\/#primaryimage\",\"url\":\"https:\/\/praguesbarrel.eu\/y0OH9L\/uploads\/2022\/12\/MG_3597-300x200-1.jpg\",\"contentUrl\":\"https:\/\/praguesbarrel.eu\/y0OH9L\/uploads\/2022\/12\/MG_3597-300x200-1.jpg\",\"width\":300,\"height\":200},{\"@type\":\"BreadcrumbList\",\"@id\":\"https:\/\/praguesbarrel.eu\/cs\/clanky\/#breadcrumb\",\"itemListElement\":[{\"@type\":\"ListItem\",\"position\":1,\"name\":\"Dom\u016f\",\"item\":\"https:\/\/praguesbarrel.eu\/cs\/\"},{\"@type\":\"ListItem\",\"position\":2,\"name\":\"\u010cl\u00e1nky\"}]},{\"@type\":\"WebSite\",\"@id\":\"https:\/\/praguesbarrel.eu\/#website\",\"url\":\"https:\/\/praguesbarrel.eu\/\",\"name\":\"Prague&#039;s Barrel\",\"description\":\"Tournaments\",\"potentialAction\":[{\"@type\":\"SearchAction\",\"target\":{\"@type\":\"EntryPoint\",\"urlTemplate\":\"https:\/\/praguesbarrel.eu\/?s={search_term_string}\"},\"query-input\":\"required name=search_term_string\"}],\"inLanguage\":\"cs\"}]}<\/script>\n<!-- \/ Yoast SEO plugin. -->","yoast_head_json":{"title":"\u010cl\u00e1nky - Prague&#039;s Barrel","description":"Jak prob\u00edhaj\u00ed na\u0161e turnaje, jak\u00e9 jsou zaj\u00edmavosti ze z\u00e1kulis\u00ed? Pono\u0159te se do rozhovor\u016f s na\u0161imi organiz\u00e1tory, hosteskami a do dal\u0161\u00edch \u010dl\u00e1nk\u016f.","robots":{"index":"index","follow":"follow","max-snippet":"max-snippet:-1","max-image-preview":"max-image-preview:large","max-video-preview":"max-video-preview:-1"},"canonical":"https:\/\/praguesbarrel.eu\/cs\/clanky\/","og_locale":"cs_CZ","og_type":"article","og_title":"\u010cl\u00e1nky - Prague&#039;s Barrel","og_description":"Jak prob\u00edhaj\u00ed na\u0161e turnaje, jak\u00e9 jsou zaj\u00edmavosti ze z\u00e1kulis\u00ed? Pono\u0159te se do rozhovor\u016f s na\u0161imi organiz\u00e1tory, hosteskami a do dal\u0161\u00edch \u010dl\u00e1nk\u016f.","og_url":"https:\/\/praguesbarrel.eu\/cs\/clanky\/","og_site_name":"Prague&#039;s Barrel","article_modified_time":"2024-12-20T11:36:05+00:00","og_image":[{"width":300,"height":200,"url":"http:\/\/praguesbarrel.eu\/y0OH9L\/uploads\/2022\/12\/MG_3597-300x200-1.jpg","type":"image\/jpeg"}],"twitter_card":"summary_large_image","twitter_misc":{"Odhadovan\u00e1 doba \u010dten\u00ed":"1 minuta"},"schema":{"@context":"https:\/\/schema.org","@graph":[{"@type":"WebPage","@id":"https:\/\/praguesbarrel.eu\/cs\/clanky\/","url":"https:\/\/praguesbarrel.eu\/cs\/clanky\/","name":"\u010cl\u00e1nky - Prague&#039;s Barrel","isPartOf":{"@id":"https:\/\/praguesbarrel.eu\/#website"},"primaryImageOfPage":{"@id":"https:\/\/praguesbarrel.eu\/cs\/clanky\/#primaryimage"},"image":{"@id":"https:\/\/praguesbarrel.eu\/cs\/clanky\/#primaryimage"},"thumbnailUrl":"https:\/\/praguesbarrel.eu\/y0OH9L\/uploads\/2022\/12\/MG_3597-300x200-1.jpg","datePublished":"2022-12-16T20:03:04+00:00","dateModified":"2024-12-20T11:36:05+00:00","description":"Jak prob\u00edhaj\u00ed na\u0161e turnaje, jak\u00e9 jsou zaj\u00edmavosti ze z\u00e1kulis\u00ed? Pono\u0159te se do rozhovor\u016f s na\u0161imi organiz\u00e1tory, hosteskami a do dal\u0161\u00edch \u010dl\u00e1nk\u016f.","breadcrumb":{"@id":"https:\/\/praguesbarrel.eu\/cs\/clanky\/#breadcrumb"},"inLanguage":"cs","potentialAction":[{"@type":"ReadAction","target":["https:\/\/praguesbarrel.eu\/cs\/clanky\/"]}]},{"@type":"ImageObject","inLanguage":"cs","@id":"https:\/\/praguesbarrel.eu\/cs\/clanky\/#primaryimage","url":"https:\/\/praguesbarrel.eu\/y0OH9L\/uploads\/2022\/12\/MG_3597-300x200-1.jpg","contentUrl":"https:\/\/praguesbarrel.eu\/y0OH9L\/uploads\/2022\/12\/MG_3597-300x200-1.jpg","width":300,"height":200},{"@type":"BreadcrumbList","@id":"https:\/\/praguesbarrel.eu\/cs\/clanky\/#breadcrumb","itemListElement":[{"@type":"ListItem","position":1,"name":"Dom\u016f","item":"https:\/\/praguesbarrel.eu\/cs\/"},{"@type":"ListItem","position":2,"name":"\u010cl\u00e1nky"}]},{"@type":"WebSite","@id":"https:\/\/praguesbarrel.eu\/#website","url":"https:\/\/praguesbarrel.eu\/","name":"Prague&#039;s Barrel","description":"Tournaments","potentialAction":[{"@type":"SearchAction","target":{"@type":"EntryPoint","urlTemplate":"https:\/\/praguesbarrel.eu\/?s={search_term_string}"},"query-input":"required name=search_term_string"}],"inLanguage":"cs"}]}},"_links":{"self":[{"href":"https:\/\/praguesbarrel.eu\/cs\/wp-json\/wp\/v2\/pages\/113"}],"collection":[{"href":"https:\/\/praguesbarrel.eu\/cs\/wp-json\/wp\/v2\/pages"}],"about":[{"href":"https:\/\/praguesbarrel.eu\/cs\/wp-json\/wp\/v2\/types\/page"}],"author":[{"embeddable":true,"href":"https:\/\/praguesbarrel.eu\/cs\/wp-json\/wp\/v2\/users\/3"}],"replies":[{"embeddable":true,"href":"https:\/\/praguesbarrel.eu\/cs\/wp-json\/wp\/v2\/comments?post=113"}],"version-history":[{"count":6,"href":"https:\/\/praguesbarrel.eu\/cs\/wp-json\/wp\/v2\/pages\/113\/revisions"}],"predecessor-version":[{"id":1035,"href":"https:\/\/praguesbarrel.eu\/cs\/wp-json\/wp\/v2\/pages\/113\/revisions\/1035"}],"wp:featuredmedia":[{"embeddable":true,"href":"https:\/\/praguesbarrel.eu\/cs\/wp-json\/wp\/v2\/media\/285"}],"wp:attachment":[{"href":"https:\/\/praguesbarrel.eu\/cs\/wp-json\/wp\/v2\/media?parent=113"}],"curies":[{"name":"wp","href":"https:\/\/api.w.org\/{rel}","templated":true}]}}